{"id":11557,"date":"2025-10-02T13:53:08","date_gmt":"2025-10-02T11:53:08","guid":{"rendered":"https:\/\/vanfittery.de\/?page_id=11557"},"modified":"2026-02-04T16:51:42","modified_gmt":"2026-02-04T15:51:42","slug":"prostorove-pojmy","status":"publish","type":"page","link":"https:\/\/vanfittery.de\/cs\/raumkonzepte\/","title":{"rendered":"Koncepty m\u00edstnost\u00ed"},"content":{"rendered":"<div data-elementor-type=\"wp-page\" data-elementor-id=\"11557\" class=\"elementor elementor-11557\" data-elementor-post-type=\"page\">\n\t\t\t\t<div class=\"elementor-element elementor-element-8e79f7d gp e-flex e-con-boxed e-con e-parent\" data-id=\"8e79f7d\" data-element_type=\"container\" data-e-type=\"container\" data-settings=\"{&quot;background_background&quot;:&quot;classic&quot;}\">\n\t\t\t\t\t<div class=\"e-con-inner\">\n\t\t\t\t<div class=\"elementor-element elementor-element-3dab2d9 elementor-widget elementor-widget-heading\" data-id=\"3dab2d9\" data-element_type=\"widget\" data-e-type=\"widget\" data-widget_type=\"heading.default\">\n\t\t\t\t<div class=\"elementor-widget-container\">\n\t\t\t\t\t<h1 class=\"elementor-heading-title elementor-size-default\">Koncepce m\u00edstnost\u00ed podle typu vozidla<\/h1>\t\t\t\t<\/div>\n\t\t\t\t<\/div>\n\t\t\t\t\t<\/div>\n\t\t\t\t<\/div>\n\t\t<div class=\"elementor-element elementor-element-f3db645 e-flex e-con-boxed e-con e-parent\" data-id=\"f3db645\" data-element_type=\"container\" data-e-type=\"container\" data-settings=\"{&quot;background_background&quot;:&quot;classic&quot;}\">\n\t\t\t\t\t<div class=\"e-con-inner\">\n\t\t\t\t<div class=\"elementor-element elementor-element-d4bb740 elementor-widget elementor-widget-text-editor\" data-id=\"d4bb740\" data-element_type=\"widget\" data-e-type=\"widget\" data-widget_type=\"text-editor.default\">\n\t\t\t\t<div class=\"elementor-widget-container\">\n\t\t\t\t\t\t\t\t\t<p><strong>Zde vyberte typ vozidla a zobraz\u00ed se vhodn\u00e9 koncepty m\u00edstnost\u00ed.<\/strong><\/p>\t\t\t\t\t\t\t\t<\/div>\n\t\t\t\t<\/div>\n\t\t<div class=\"elementor-element elementor-element-400d38c e-grid e-con-full sektion-fzt e-con e-child\" data-id=\"400d38c\" data-element_type=\"container\" data-e-type=\"container\">\n\t\t\t\t<div class=\"elementor-element elementor-element-fe0f153 box-fzt no-shadow elementor-position-top elementor-widget elementor-widget-image-box\" data-id=\"fe0f153\" data-element_type=\"widget\" data-e-type=\"widget\" data-widget_type=\"image-box.default\">\n\t\t\t\t<div class=\"elementor-widget-container\">\n\t\t\t\t\t<div class=\"elementor-image-box-wrapper\"><figure class=\"elementor-image-box-img\"><a href=\"https:\/\/vanfittery.de\/cs\/raumkonzepte\/hochdachkombis-kr\/\" tabindex=\"-1\"><img fetchpriority=\"high\" decoding=\"async\" width=\"384\" height=\"160\" src=\"https:\/\/vanfittery.de\/wp-content\/uploads\/2024\/12\/Hochdachkombi-KR-Grafik.png\" class=\"attachment-full size-full wp-image-1062\" alt=\"Kombi s vysokou st\u0159echou a kr\u00e1tk\u00fdm rozvorem\" srcset=\"https:\/\/vanfittery.de\/wp-content\/uploads\/2024\/12\/Hochdachkombi-KR-Grafik.png 384w, https:\/\/vanfittery.de\/wp-content\/uploads\/2024\/12\/Hochdachkombi-KR-Grafik-300x125.png 300w\" sizes=\"(max-width: 384px) 100vw, 384px\" \/><\/a><\/figure><div class=\"elementor-image-box-content\"><p class=\"elementor-image-box-title\"><a href=\"https:\/\/vanfittery.de\/cs\/raumkonzepte\/hochdachkombis-kr\/\">Kombi s vysokou st\u0159echou (KR)<\/a><\/p><p class=\"elementor-image-box-description\">Kr\u00e1tk\u00fd rozvor (nap\u0159. VW Caddy)<\/p><\/div><\/div>\t\t\t\t<\/div>\n\t\t\t\t<\/div>\n\t\t\t\t<div class=\"elementor-element elementor-element-7ddc018 box-fzt no-shadow elementor-position-top elementor-widget elementor-widget-image-box\" data-id=\"7ddc018\" data-element_type=\"widget\" data-e-type=\"widget\" data-widget_type=\"image-box.default\">\n\t\t\t\t<div class=\"elementor-widget-container\">\n\t\t\t\t\t<div class=\"elementor-image-box-wrapper\"><figure class=\"elementor-image-box-img\"><a href=\"https:\/\/vanfittery.de\/cs\/raumkonzepte\/hochdachkombis-lr\/\" hochdachkombis-lr=\"test\" tabindex=\"-1\"><img decoding=\"async\" width=\"384\" height=\"160\" src=\"https:\/\/vanfittery.de\/wp-content\/uploads\/2024\/12\/Hochdachkombi-LR-Grafik.png\" class=\"attachment-full size-full wp-image-1063\" alt=\"Kombi s vysokou st\u0159echou a dlouh\u00fdm rozvorem\" srcset=\"https:\/\/vanfittery.de\/wp-content\/uploads\/2024\/12\/Hochdachkombi-LR-Grafik.png 384w, https:\/\/vanfittery.de\/wp-content\/uploads\/2024\/12\/Hochdachkombi-LR-Grafik-300x125.png 300w\" sizes=\"(max-width: 384px) 100vw, 384px\" \/><\/a><\/figure><div class=\"elementor-image-box-content\"><p class=\"elementor-image-box-title\"><a href=\"https:\/\/vanfittery.de\/cs\/raumkonzepte\/hochdachkombis-lr\/\" hochdachkombis-lr=\"test\">Kombi s vysokou st\u0159echou (LR)<\/a><\/p><p class=\"elementor-image-box-description\">Dlouh\u00fd rozvor (nap\u0159. VW Caddy Maxi)<\/p><\/div><\/div>\t\t\t\t<\/div>\n\t\t\t\t<\/div>\n\t\t\t\t<div class=\"elementor-element elementor-element-0270130 box-fzt no-shadow elementor-position-top elementor-widget elementor-widget-image-box\" data-id=\"0270130\" data-element_type=\"widget\" data-e-type=\"widget\" data-widget_type=\"image-box.default\">\n\t\t\t\t<div class=\"elementor-widget-container\">\n\t\t\t\t\t<div class=\"elementor-image-box-wrapper\"><figure class=\"elementor-image-box-img\"><a href=\"https:\/\/vanfittery.de\/cs\/raumkonzepte\/kleintransporter\/\" tabindex=\"-1\"><img decoding=\"async\" width=\"384\" height=\"160\" src=\"https:\/\/vanfittery.de\/wp-content\/uploads\/2024\/12\/Kleintransporter-Grafik.png\" class=\"attachment-full size-full wp-image-1064\" alt=\"Vans\" srcset=\"https:\/\/vanfittery.de\/wp-content\/uploads\/2024\/12\/Kleintransporter-Grafik.png 384w, https:\/\/vanfittery.de\/wp-content\/uploads\/2024\/12\/Kleintransporter-Grafik-300x125.png 300w\" sizes=\"(max-width: 384px) 100vw, 384px\" \/><\/a><\/figure><div class=\"elementor-image-box-content\"><p class=\"elementor-image-box-title\"><a href=\"https:\/\/vanfittery.de\/cs\/raumkonzepte\/kleintransporter\/\">Vans<\/a><\/p><p class=\"elementor-image-box-description\">(nap\u0159. Ford Tourneo)<\/p><\/div><\/div>\t\t\t\t<\/div>\n\t\t\t\t<\/div>\n\t\t\t\t<div class=\"elementor-element elementor-element-290b4ea box-fzt no-shadow elementor-position-top elementor-widget elementor-widget-image-box\" data-id=\"290b4ea\" data-element_type=\"widget\" data-e-type=\"widget\" data-widget_type=\"image-box.default\">\n\t\t\t\t<div class=\"elementor-widget-container\">\n\t\t\t\t\t<div class=\"elementor-image-box-wrapper\"><figure class=\"elementor-image-box-img\"><a href=\"https:\/\/vanfittery.de\/cs\/raumkonzepte\/grossraumtransporter\/\" tabindex=\"-1\"><img loading=\"lazy\" decoding=\"async\" width=\"384\" height=\"160\" src=\"https:\/\/vanfittery.de\/wp-content\/uploads\/2024\/12\/Grossraumtransporter-Grafik.png\" class=\"attachment-full size-full wp-image-1061\" alt=\"Vysokokapacitn\u00ed transport\u00e9r\" srcset=\"https:\/\/vanfittery.de\/wp-content\/uploads\/2024\/12\/Grossraumtransporter-Grafik.png 384w, https:\/\/vanfittery.de\/wp-content\/uploads\/2024\/12\/Grossraumtransporter-Grafik-300x125.png 300w\" sizes=\"(max-width: 384px) 100vw, 384px\" \/><\/a><\/figure><div class=\"elementor-image-box-content\"><p class=\"elementor-image-box-title\"><a href=\"https:\/\/vanfittery.de\/cs\/raumkonzepte\/grossraumtransporter\/\">Vysokokapacitn\u00ed transport\u00e9r<\/a><\/p><p class=\"elementor-image-box-description\">(nap\u0159. MAN TGE)<\/p><\/div><\/div>\t\t\t\t<\/div>\n\t\t\t\t<\/div>\n\t\t\t\t<\/div>\n\t\t\t\t<div class=\"elementor-element elementor-element-0622946 elementor-widget elementor-widget-text-editor\" data-id=\"0622946\" data-element_type=\"widget\" data-e-type=\"widget\" data-widget_type=\"text-editor.default\">\n\t\t\t\t<div class=\"elementor-widget-container\">\n\t\t\t\t\t\t\t\t\t<p>Nejste si jisti, kter\u00fd typ vozidla je pro v\u00e1s vhodn\u00fd? Zde najdete na\u0161e <a href=\"\/cs\/prehled-typu-vozidel\/\" target=\"_blank\" rel=\"noopener\">P\u0159ehled vozidel<\/a>.<\/p>\t\t\t\t\t\t\t\t<\/div>\n\t\t\t\t<\/div>\n\t\t\t\t\t<\/div>\n\t\t\t\t<\/div>\n\t\t<div class=\"elementor-element elementor-element-f2cf09a sgp e-flex e-con-boxed e-con e-parent\" data-id=\"f2cf09a\" data-element_type=\"container\" data-e-type=\"container\">\n\t\t\t\t\t<div class=\"e-con-inner\">\n\t\t<div class=\"elementor-element elementor-element-28fe932 e-con-full sw e-flex e-con e-child\" data-id=\"28fe932\" data-element_type=\"container\" data-e-type=\"container\">\n\t\t\t\t<div class=\"elementor-element elementor-element-654aff7 elementor-widget elementor-widget-heading\" data-id=\"654aff7\" data-element_type=\"widget\" data-e-type=\"widget\" data-widget_type=\"heading.default\">\n\t\t\t\t<div class=\"elementor-widget-container\">\n\t\t\t\t\t<h2 class=\"elementor-heading-title elementor-size-default\">N\u00e1\u0161 koncept: nov\u00fd pohled na p\u0159estavby obytn\u00fdch voz\u016f\n<\/h2>\t\t\t\t<\/div>\n\t\t\t\t<\/div>\n\t\t\t\t<div class=\"elementor-element elementor-element-da3b792 elementor-widget elementor-widget-text-editor\" data-id=\"da3b792\" data-element_type=\"widget\" data-e-type=\"widget\" data-widget_type=\"text-editor.default\">\n\t\t\t\t<div class=\"elementor-widget-container\">\n\t\t\t\t\t\t\t\t\t<p>B\u011b\u017en\u00e9 obytn\u00e9 vozy jsou \u010dasto drah\u00e9, t\u011b\u017ek\u00e9 a odoln\u00e9. Koncept VANFITTERY nab\u00edz\u00ed flexibiln\u00ed alternativu: na\u0161e modul\u00e1rn\u00ed kempinkov\u00e1 \u0159e\u0161en\u00ed se hod\u00ed do r\u016fzn\u00fdch typ\u016f vozidel. K dispozici jsou nap\u0159\u00edklad moduly pro dod\u00e1vky s vysokou st\u0159echou - a\u0165 u\u017e jde o VW Caddy nebo Fiat Doblo. Nam\u00edsto pevn\u00e9 n\u00e1stavby obdr\u017e\u00edte prefabrikovan\u00e9 moduly, kter\u00e9 jsou vybaveny na m\u00edru \u0161it\u00fdmi prvky. <strong data-start=\"514\" data-end=\"525\">Mont\u00e1\u017e<\/strong> p\u0159esn\u011b odpov\u00eddat va\u0161emu vozidlu.<\/p>\t\t\t\t\t\t\t\t<\/div>\n\t\t\t\t<\/div>\n\t\t\t\t<div class=\"elementor-element elementor-element-9e15ba4 elementor-widget elementor-widget-text-editor\" data-id=\"9e15ba4\" data-element_type=\"widget\" data-e-type=\"widget\" data-widget_type=\"text-editor.default\">\n\t\t\t\t<div class=\"elementor-widget-container\">\n\t\t\t\t\t\t\t\t\t<p data-start=\"572\" data-end=\"985\">Podobn\u011b jako v IKEA si m\u016f\u017eete flexibiln\u011b sestavit sestavu z modul\u016f na span\u00ed, kuchyn\u011b a \u00falo\u017en\u00fdch prostor. Vrchol: moduly se jednodu\u0161e upev\u0148uj\u00ed pomoc\u00ed stahovac\u00edch p\u00e1sk\u016f - <strong data-start=\"741\" data-end=\"772\">Bez \u0161roub\u016f, bez vrt\u00e1n\u00ed<\/strong>. D\u00edky tomu m\u016f\u017eete sv\u00e9 vozidlo b\u011bhem n\u011bkolika minut p\u0159estav\u011bt na obytn\u00fd v\u016fz a stejn\u011b rychle ho zase p\u0159estav\u011bt zp\u011bt. Ide\u00e1ln\u00ed pro ka\u017ed\u00e9ho, kdo svou dod\u00e1vku pou\u017e\u00edv\u00e1 denn\u011b a o v\u00edkendu chce vyrazit za dobrodru\u017estv\u00edm.<\/p><p data-start=\"987\" data-end=\"1220\">D\u00edky d\u016fsledn\u011b lehk\u00e9 konstrukci z\u016fst\u00e1v\u00e1 va\u0161e vozidlo v\u00fdkonn\u00e9 a obratn\u00e9. Moduly si m\u016f\u017eete individu\u00e1ln\u011b nakonfigurovat v na\u0161em obchod\u011b a realizovat sv\u016fj DIY projekt spole\u010dn\u011b s na\u0161\u00edm p\u0159\u00edslu\u0161enstv\u00edm - pro maxim\u00e1ln\u00ed svobodu p\u0159i p\u0159estavb\u011b va\u0161eho obytn\u00e9ho vozu.<\/p>\t\t\t\t\t\t\t\t<\/div>\n\t\t\t\t<\/div>\n\t\t\t\t<div class=\"elementor-element elementor-element-fe0a517 elementor--v-position-bottom smt elementor--h-position-center elementor-arrows-position-inside elementor-pagination-position-inside elementor-widget elementor-widget-slides\" data-id=\"fe0a517\" data-element_type=\"widget\" data-e-type=\"widget\" data-settings=\"{&quot;navigation&quot;:&quot;both&quot;,&quot;infinite&quot;:&quot;yes&quot;,&quot;transition&quot;:&quot;slide&quot;,&quot;transition_speed&quot;:500}\" data-widget_type=\"slides.default\">\n\t\t\t\t<div class=\"elementor-widget-container\">\n\t\t\t\t\t\t\t\t\t<div class=\"elementor-swiper\">\n\t\t\t\t\t<div class=\"elementor-slides-wrapper elementor-main-swiper swiper\" role=\"region\" aria-roledescription=\"carousel\" aria-label=\"Posuvn\u00edk\" dir=\"ltr\" data-animation=\"fadeInDown\">\n\t\t\t\t<div class=\"swiper-wrapper elementor-slides\">\n\t\t\t\t\t\t\t\t\t\t<div class=\"elementor-repeater-item-1a7e671 swiper-slide\" role=\"group\" aria-roledescription=\"slide\"><div class=\"swiper-slide-bg\" role=\"img\" aria-label=\"Usm\u011bvav\u00fd \u010dlov\u011bk sed\u00ed u otev\u0159en\u00fdch dve\u0159\u00ed karavanu a u\u017e\u00edv\u00e1 si p\u0159\u00edrody.\"><\/div><div class=\"elementor-background-overlay\"><\/div><div class=\"swiper-slide-inner\" ><div class=\"swiper-slide-contents\"><\/div><\/div><\/div><div class=\"elementor-repeater-item-6abc6b4 swiper-slide\" role=\"group\" aria-roledescription=\"slide\"><div class=\"swiper-slide-bg\" role=\"img\" aria-label=\"Interi\u00e9r kempinkov\u00e9ho vozidla se spac\u00edm syst\u00e9mem a \u00falo\u017en\u00fdm prostorem pro kempinkov\u00fd n\u00e1bytek a j\u00edzdn\u00ed kolo ve vozidle.\"><\/div><div class=\"elementor-background-overlay\"><\/div><div class=\"swiper-slide-inner\" ><div class=\"swiper-slide-contents\"><\/div><\/div><\/div><div class=\"elementor-repeater-item-03b3d13 swiper-slide\" role=\"group\" aria-roledescription=\"slide\"><div class=\"swiper-slide-bg\" role=\"img\" aria-label=\"Modern\u00ed kempinkov\u00e1 kuchyn\u011b v interi\u00e9ru dod\u00e1vky s d\u0159ev\u011bnou pracovn\u00ed deskou, \u00falo\u017en\u00fdm prostorem a v\u00fdhledem na jezero v pozad\u00ed.\"><\/div><div class=\"elementor-background-overlay\"><\/div><div class=\"swiper-slide-inner\" ><div class=\"swiper-slide-contents\"><\/div><\/div><\/div><div class=\"elementor-repeater-item-47e44b0 swiper-slide\" role=\"group\" aria-roledescription=\"slide\"><div class=\"swiper-slide-bg\" role=\"img\" aria-label=\"Kempinkov\u00e9 vozidlo s rozkl\u00e1dac\u00edm kuchy\u0148sk\u00fdm modulem a spac\u00edm syst\u00e9mem v interi\u00e9ru, ide\u00e1ln\u00ed pro venkovn\u00ed dobrodru\u017estv\u00ed.\"><\/div><div class=\"elementor-background-overlay\"><\/div><div class=\"swiper-slide-inner\" ><div class=\"swiper-slide-contents\"><\/div><\/div><\/div>\t\t\t\t<\/div>\n\t\t\t\t\t\t\t\t\t\t\t\t\t\t\t<div class=\"elementor-swiper-button elementor-swiper-button-prev\" role=\"button\" tabindex=\"0\" aria-label=\"P\u0159edchoz\u00ed sn\u00edmek\">\n\t\t\t\t\t\t\t<svg aria-hidden=\"true\" class=\"e-font-icon-svg e-eicon-chevron-left\" viewbox=\"0 0 1000 1000\" xmlns=\"http:\/\/www.w3.org\/2000\/svg\"><path d=\"M646 125C629 125 613 133 604 142L308 442C296 454 292 471 292 487 292 504 296 521 308 533L604 854C617 867 629 875 646 875 663 875 679 871 692 858 704 846 713 829 713 812 713 796 708 779 692 767L438 487 692 225C700 217 708 204 708 187 708 171 704 154 692 142 675 129 663 125 646 125Z\"><\/path><\/svg>\t\t\t\t\t\t<\/div>\n\t\t\t\t\t\t<div class=\"elementor-swiper-button elementor-swiper-button-next\" role=\"button\" tabindex=\"0\" aria-label=\"Dal\u0161\u00ed sn\u00edmek\">\n\t\t\t\t\t\t\t<svg aria-hidden=\"true\" class=\"e-font-icon-svg e-eicon-chevron-right\" viewbox=\"0 0 1000 1000\" xmlns=\"http:\/\/www.w3.org\/2000\/svg\"><path d=\"M696 533C708 521 713 504 713 487 713 471 708 454 696 446L400 146C388 133 375 125 354 125 338 125 325 129 313 142 300 154 292 171 292 187 292 204 296 221 308 233L563 492 304 771C292 783 288 800 288 817 288 833 296 850 308 863 321 871 338 875 354 875 371 875 388 867 400 854L696 533Z\"><\/path><\/svg>\t\t\t\t\t\t<\/div>\n\t\t\t\t\t\t\t\t\t\t\t\t\t\t\t\t<div class=\"swiper-pagination\"><\/div>\n\t\t\t\t\t\t\t\t\t\t\t\t<\/div>\n\t\t\t\t<\/div>\n\t\t\t\t\t\t\t\t<\/div>\n\t\t\t\t<\/div>\n\t\t\t\t<\/div>\n\t\t\t\t\t<\/div>\n\t\t\t\t<\/div>\n\t\t\t\t<\/div>","protected":false},"excerpt":{"rendered":"<p>Raumkonzepte nach Fahrzeugtyp W\u00e4hle hier deinen Fahrzeugtyp aus, um passende Raumkonzepte\u200b anzuzeigen. Hochdachkombi (KR) Kurzer Radstand (z.\u00a0B. VW Caddy) Hochdachkombi (LR) Langer Radstand (z.\u00a0B. VW Caddy Maxi) Kleintransporter (z.\u00a0B. Ford Tourneo) Gro\u00dfraum&shy;transporter (z. B. MAN TGE) Nicht sicher, welcher Fahrzeugtyp der richtige ist? Hier findest du unsere Fahrzeug-\u00dcbersicht. Unser Konzept: Camperausbau neu gedacht Herk\u00f6mmliche Camperausbauten [&hellip;]<\/p>\n","protected":false},"author":5,"featured_media":0,"parent":0,"menu_order":0,"comment_status":"closed","ping_status":"closed","template":"","meta":{"_acf_changed":false,"iawp_total_views":5997,"footnotes":""},"class_list":["post-11557","page","type-page","status-publish","hentry"],"acf":[],"_links":{"self":[{"href":"https:\/\/vanfittery.de\/cs\/wp-json\/wp\/v2\/pages\/11557","targetHints":{"allow":["GET"]}}],"collection":[{"href":"https:\/\/vanfittery.de\/cs\/wp-json\/wp\/v2\/pages"}],"about":[{"href":"https:\/\/vanfittery.de\/cs\/wp-json\/wp\/v2\/types\/page"}],"author":[{"embeddable":true,"href":"https:\/\/vanfittery.de\/cs\/wp-json\/wp\/v2\/users\/5"}],"replies":[{"embeddable":true,"href":"https:\/\/vanfittery.de\/cs\/wp-json\/wp\/v2\/comments?post=11557"}],"version-history":[{"count":0,"href":"https:\/\/vanfittery.de\/cs\/wp-json\/wp\/v2\/pages\/11557\/revisions"}],"wp:attachment":[{"href":"https:\/\/vanfittery.de\/cs\/wp-json\/wp\/v2\/media?parent=11557"}],"curies":[{"name":"wp","href":"https:\/\/api.w.org\/{rel}","templated":true}]}}