{"id":1523,"date":"2025-01-06T15:39:07","date_gmt":"2025-01-06T14:39:07","guid":{"rendered":"https:\/\/vanfittery.de\/impressum\/"},"modified":"2026-01-23T16:49:25","modified_gmt":"2026-01-23T15:49:25","slug":"otisk","status":"publish","type":"page","link":"https:\/\/vanfittery.de\/cs\/impressum\/","title":{"rendered":"Otisk"},"content":{"rendered":"<h1 class=\"wp-block-heading\">Otisk<\/h1>\n\n\n\n<p>VANFITTERY - CzoppikEngineering GmbH<br>Hlavn\u00ed ulice 40<br>84103 Postau<\/p>\n\n\n\n<p>Veden\u00ed: Tobias Czoppik<\/p>\n\n\n\n<p>Telefonn\u00ed \u010d\u00edslo: +49 (0) 1512 \/ 412 42 96<br>E-mailov\u00e1 adresa: info@vanfittery.de<\/p>\n\n\n\n<p>Rejst\u0159\u00edkov\u00fd soud a \u010d\u00edslo rejst\u0159\u00edku: M\u00edstn\u00ed soud Landshut: HRB 14444<\/p>\n\n\n\n<p>Identifika\u010dn\u00ed \u010d\u00edslo pro da\u0148 z prodeje: DE 369 567 330<\/p>\n\n\n\n<p>Odpov\u011bdn\u00fd za obsah: Tobias Czoppik, adresa uvedena v\u00fd\u0161e.<\/p>\n\n\n\n<p>Nejsme ochotni ani povinni \u00fa\u010dastnit se \u0159\u00edzen\u00ed o \u0159e\u0161en\u00ed spor\u016f p\u0159ed spot\u0159ebitelskou rozhod\u010d\u00ed komis\u00ed.<\/p>","protected":false},"excerpt":{"rendered":"<p>Tir\u00e1\u017e VANFITTERY - CzoppikEngineering GmbHHauptstra\u00dfe 4084103 Postau Veden\u00ed: Tobias Czoppik Telefonn\u00ed \u010d\u00edslo: +49 (0) 1512 \/ 412 42 96E-mailov\u00e1 adresa: info@vanfittery.de Rejst\u0159\u00edkov\u00fd soud a \u010d\u00edslo rejst\u0159\u00edku: Landshut M\u00edstn\u00ed soud: HRB 14444 DI\u010c: DE 369 567 330 Odpov\u011bdn\u00fd za obsah: Tobias Czoppik, adresa, jak je uvedeno v\u00fd\u0161e. Nejsme ochotni a ani povinni \u00fa\u010dastnit se \u0159\u00edzen\u00ed o \u0159e\u0161en\u00ed sporu p\u0159ed rozhod\u010d\u00ed komis\u00ed pro spot\u0159ebitelsk\u00e9 spory.<\/p>","protected":false},"author":5,"featured_media":0,"parent":0,"menu_order":0,"comment_status":"closed","ping_status":"closed","template":"","meta":{"_acf_changed":false,"iawp_total_views":945,"footnotes":""},"class_list":["post-1523","page","type-page","status-publish","hentry"],"acf":[],"_links":{"self":[{"href":"https:\/\/vanfittery.de\/cs\/wp-json\/wp\/v2\/pages\/1523","targetHints":{"allow":["GET"]}}],"collection":[{"href":"https:\/\/vanfittery.de\/cs\/wp-json\/wp\/v2\/pages"}],"about":[{"href":"https:\/\/vanfittery.de\/cs\/wp-json\/wp\/v2\/types\/page"}],"author":[{"embeddable":true,"href":"https:\/\/vanfittery.de\/cs\/wp-json\/wp\/v2\/users\/5"}],"replies":[{"embeddable":true,"href":"https:\/\/vanfittery.de\/cs\/wp-json\/wp\/v2\/comments?post=1523"}],"version-history":[{"count":0,"href":"https:\/\/vanfittery.de\/cs\/wp-json\/wp\/v2\/pages\/1523\/revisions"}],"wp:attachment":[{"href":"https:\/\/vanfittery.de\/cs\/wp-json\/wp\/v2\/media?parent=1523"}],"curies":[{"name":"wp","href":"https:\/\/api.w.org\/{rel}","templated":true}]}}