{"id":880,"date":"2024-12-16T11:15:04","date_gmt":"2024-12-16T10:15:04","guid":{"rendered":"https:\/\/vanfittery.de\/warenkorb\/"},"modified":"2026-02-03T18:32:02","modified_gmt":"2026-02-03T17:32:02","slug":"nakupni-kosik","status":"publish","type":"page","link":"https:\/\/vanfittery.de\/cs\/warenkorb\/","title":{"rendered":"N\u00e1kupn\u00ed ko\u0161\u00edk"},"content":{"rendered":"<div data-elementor-type=\"wp-page\" data-elementor-id=\"880\" class=\"elementor elementor-880\" data-elementor-post-type=\"page\">\n\t\t\t\t<div class=\"elementor-element elementor-element-a082341 sgp e-flex e-con-boxed e-con e-parent\" data-id=\"a082341\" data-element_type=\"container\" data-e-type=\"container\">\n\t\t\t\t\t<div class=\"e-con-inner\">\n\t\t<div class=\"elementor-element elementor-element-dab6da0 e-con-full e-flex e-con e-child\" data-id=\"dab6da0\" data-element_type=\"container\" data-e-type=\"container\">\n\t\t\t\t<div class=\"elementor-element elementor-element-fc8ddb4 elementor-widget elementor-widget-heading\" data-id=\"fc8ddb4\" data-element_type=\"widget\" data-e-type=\"widget\" data-widget_type=\"heading.default\">\n\t\t\t\t<div class=\"elementor-widget-container\">\n\t\t\t\t\t<h1 class=\"elementor-heading-title elementor-size-default\">V\u00e1\u0161 n\u00e1kupn\u00ed ko\u0161\u00edk<\/h1>\t\t\t\t<\/div>\n\t\t\t\t<\/div>\n\t\t\t\t<\/div>\n\t\t<div class=\"elementor-element elementor-element-a083f8f e-con-full e-flex e-con e-child\" data-id=\"a083f8f\" data-element_type=\"container\" data-e-type=\"container\">\n\t\t\t\t<div class=\"elementor-element elementor-element-381ec50 elementor-alert-info elementor-widget elementor-widget-alert\" data-id=\"381ec50\" data-element_type=\"widget\" data-e-type=\"widget\" data-widget_type=\"alert.default\">\n\t\t\t\t<div class=\"elementor-widget-container\">\n\t\t\t\t\t\t\t<div class=\"elementor-alert\" role=\"alert\">\n\n\t\t\t\t\t\t<span class=\"elementor-alert-title\">Up\u0159\u00edmn\u00e9 slovo o na\u0161ich p\u0159epravn\u00edch n\u00e1kladech<\/span>\n\t\t\t\n\t\t\t\t\t\t<span class=\"elementor-alert-description\">U n\u00e1s neexistuj\u00ed \u017e\u00e1dn\u00e9 skryt\u00e9 n\u00e1klady. Z\u00e1m\u011brn\u011b jsme se rozhodli upustit od modelu neviditeln\u00e9ho p\u0159i\u010d\u00edt\u00e1n\u00ed n\u00e1klad\u016f na dopravu k cen\u00e1m produkt\u016f, abychom mohli inzerovat \u201edopravu zdarma\u201c. Logistika je slu\u017eba, kter\u00e1 spot\u0159ebov\u00e1v\u00e1 zdroje - ekonomicky i ekologicky. Mysl\u00edme si to: Tato pr\u00e1ce by m\u011bla b\u00fdt viditeln\u00e1 a akceptovan\u00e1.\n\nRozhoduj\u00edc\u00ed rozd\u00edl: Na rozd\u00edl od mnoha v\u00fdrobc\u016f nezas\u00edl\u00e1me na\u0161e moduly jako stavebnici pro vlastn\u00ed mont\u00e1\u017e. V\u00e1\u0161 modul doraz\u00ed kompletn\u011b smontovan\u00fd a kvalitn\u011b otestovan\u00fd spedi\u010dn\u00ed firmou a\u017e k va\u0161emu obrubn\u00edku. D\u00edky tomu v\u00e1m m\u016f\u017eeme nab\u00eddnout maxim\u00e1ln\u00ed kvalitu a pohodl\u00ed. A\u010dkoli to stoj\u00ed o n\u011bco v\u00edce ne\u017e standardn\u00ed bal\u00ed\u010dek, u\u0161et\u0159\u00ed v\u00e1m to drahocenn\u00fd \u010das a nervy. Vybal\u00edte, nainstalujete - a v\u0161e se vejde.<\/span>\n\t\t\t\n\t\t\t\t\t\t<button type=\"button\" class=\"elementor-alert-dismiss\" aria-label=\"Zav\u0159\u00edt toto upozorn\u011bn\u00ed.\">\n\t\t\t\t\t\t\t\t\t<span aria-hidden=\"true\">\u00d7<\/span>\n\t\t\t\t\t\t\t<\/button>\n\t\t\t\n\t\t<\/div>\n\t\t\t\t\t\t<\/div>\n\t\t\t\t<\/div>\n\t\t\t\t<\/div>\n\t\t\t\t\t<\/div>\n\t\t\t\t<\/div>\n\t\t\t\t<\/div>","protected":false},"excerpt":{"rendered":"<p>Dein Warenkorb Artikel entfernen Vorschaubild Produkt Preis Anzahl Zwischensumme &times; Fahrzeug Filz dehnbar (ab 1 m\u00b2) Lieferzeit: ca. 2-3 Werktage 13,90&nbsp;&euro; Fahrzeug Filz dehnbar (ab 1 m\u00b2) Menge 13,90&nbsp;&euro;Inkl. 2,22&nbsp;&euro; MwSt. (19%) Hier erf\u00e4hrst du mehr zu den Versandkosten, Zahlungsweisen und unserer Widerrufsbelehrung. Gutscheincode anwenden \u00dcbersicht Zwischensumme 13,90&nbsp;&euro; Versand Versandkostenpauschale (DE): 8,90&nbsp;&euro;Inkl. 1,42&nbsp;&euro; MwSt. (19%) [&hellip;]<\/p>\n","protected":false},"author":5,"featured_media":0,"parent":0,"menu_order":0,"comment_status":"closed","ping_status":"closed","template":"","meta":{"_acf_changed":false,"iawp_total_views":3938,"footnotes":""},"class_list":["post-880","page","type-page","status-publish","hentry"],"acf":[],"_links":{"self":[{"href":"https:\/\/vanfittery.de\/cs\/wp-json\/wp\/v2\/pages\/880","targetHints":{"allow":["GET"]}}],"collection":[{"href":"https:\/\/vanfittery.de\/cs\/wp-json\/wp\/v2\/pages"}],"about":[{"href":"https:\/\/vanfittery.de\/cs\/wp-json\/wp\/v2\/types\/page"}],"author":[{"embeddable":true,"href":"https:\/\/vanfittery.de\/cs\/wp-json\/wp\/v2\/users\/5"}],"replies":[{"embeddable":true,"href":"https:\/\/vanfittery.de\/cs\/wp-json\/wp\/v2\/comments?post=880"}],"version-history":[{"count":0,"href":"https:\/\/vanfittery.de\/cs\/wp-json\/wp\/v2\/pages\/880\/revisions"}],"wp:attachment":[{"href":"https:\/\/vanfittery.de\/cs\/wp-json\/wp\/v2\/media?parent=880"}],"curies":[{"name":"wp","href":"https:\/\/api.w.org\/{rel}","templated":true}]}}