{"id":14352,"date":"2026-04-03T13:44:49","date_gmt":"2026-04-03T11:44:49","guid":{"rendered":"https:\/\/vanfittery.de\/?post_type=product&#038;p=14352"},"modified":"2026-04-03T13:46:21","modified_gmt":"2026-04-03T11:46:21","slug":"drzak-varice-solo","status":"publish","type":"product","link":"https:\/\/vanfittery.de\/cs\/produkt\/kocherhalterung-solo\/","title":{"rendered":"Dr\u017e\u00e1k va\u0159i\u010de Solo"},"content":{"rendered":"<h2>N\u00e1\u0161 dr\u017e\u00e1k spor\u00e1ku (bez plynov\u00e9ho spor\u00e1ku)<\/h2>\n<p>N\u00e1\u0161 obl\u00edben\u00fd dr\u017e\u00e1k va\u0159i\u010de lze p\u0159ipevnit t\u00e9m\u011b\u0159 k jak\u00e9mukoli modulu. Bez va\u0159i\u010de lze dr\u017e\u00e1k pou\u017e\u00edt tak\u00e9 jako mal\u00fd z\u00e1v\u011bsn\u00fd stolek, podstavec pro vlastn\u00ed v\u00fdtvory a podobn\u011b. V reakci na obl\u00edbenou popt\u00e1vku nyn\u00ed nab\u00edz\u00edme tak\u00e9 dr\u017e\u00e1k bez va\u0159i\u010de.<\/p>\n<p><strong>Upozorn\u011bn\u00ed:<\/strong><br \/>\nRozm\u011bry, upevn\u011bn\u00ed a konstrukce dr\u017e\u00e1ku pro na\u0161e moduly funguj\u00ed perfektn\u011b. <u>pouze<\/u> s va\u0159i\u010dem, kter\u00fd nab\u00edz\u00edme! Pokud ji\u017e spor\u00e1k m\u00e1te a chcete jej namontovat na dr\u017e\u00e1k: jste v\u00edt\u00e1ni!<\/p>\n<p>R\u00e1di bychom v\u0161ak znovu upozornili, \u017ee t\u00e9m\u011b\u0159 v\u0161echny plynov\u00e9 spor\u00e1ky jsou si vizu\u00e1ln\u011b podobn\u00e9, ale maj\u00ed r\u016fzn\u00e9 rozm\u011bry a mont\u00e1\u017en\u00ed otvory.<\/p>\n<p>Dr\u017e\u00e1k v\u010detn\u011b plynov\u00e9ho va\u0159i\u010de najdete zde: <a href=\"\/cs\/produkt\/drzak-sporaku-vcetne-plynoveho-sporaku\/\" target=\"_blank\" rel=\"noopener\">Dr\u017e\u00e1k spor\u00e1ku v\u010detn\u011b plynov\u00e9ho spor\u00e1ku<\/a>.<\/p>\n<p><strong>Rozm\u011bry:<\/strong><br \/>\n<a href=\"https:\/\/vanfittery.de\/wp-content\/uploads\/2026\/04\/Vanfittery-Kocherhalter-solo-Masse.png\" target=\"_blank\" rel=\"noopener\"><img fetchpriority=\"high\" decoding=\"async\" class=\"alignnone wp-image-14357 size-large\" src=\"https:\/\/vanfittery.de\/wp-content\/uploads\/2026\/04\/Vanfittery-Kocherhalter-solo-Masse-1024x768.png\" alt=\"\" width=\"800\" height=\"600\" srcset=\"https:\/\/vanfittery.de\/wp-content\/uploads\/2026\/04\/Vanfittery-Kocherhalter-solo-Masse-1024x768.png 1024w, https:\/\/vanfittery.de\/wp-content\/uploads\/2026\/04\/Vanfittery-Kocherhalter-solo-Masse-300x225.png 300w, https:\/\/vanfittery.de\/wp-content\/uploads\/2026\/04\/Vanfittery-Kocherhalter-solo-Masse-768x576.png 768w, https:\/\/vanfittery.de\/wp-content\/uploads\/2026\/04\/Vanfittery-Kocherhalter-solo-Masse-1536x1152.png 1536w, https:\/\/vanfittery.de\/wp-content\/uploads\/2026\/04\/Vanfittery-Kocherhalter-solo-Masse-16x12.png 16w, https:\/\/vanfittery.de\/wp-content\/uploads\/2026\/04\/Vanfittery-Kocherhalter-solo-Masse-600x450.png 600w, https:\/\/vanfittery.de\/wp-content\/uploads\/2026\/04\/Vanfittery-Kocherhalter-solo-Masse-800x600.png 800w, https:\/\/vanfittery.de\/wp-content\/uploads\/2026\/04\/Vanfittery-Kocherhalter-solo-Masse.png 2000w\" sizes=\"(max-width: 800px) 100vw, 800px\" \/><\/a><\/p>","protected":false},"excerpt":{"rendered":"<p><strong><span style=\"color: #dca54a;\">\u2714<\/span>\u00a0 <\/strong>Dr\u017e\u00e1k na va\u0159i\u010d (bez plynov\u00e9ho va\u0159i\u010de) k zav\u011b\u0161en\u00ed do z\u00e1suvky<br \/>\n<strong><span style=\"color: #dca54a;\">\u2714<\/span>\u00a0 <\/strong>Vhodn\u00e9 pro ka\u017ed\u00fd z na\u0161ich modul\u016f<br \/>\n<strong><span style=\"color: #dca54a;\">\u2714<\/span> \u00a0<\/strong>Lze pou\u017e\u00edt jako z\u00e1v\u011bsn\u00fd stolek nebo jako podstavec pro vlastn\u00ed v\u00fdtvory.<\/p>","protected":false},"featured_media":14355,"template":"","meta":{"_acf_changed":false,"iawp_total_views":8},"product_brand":[],"product_cat":[59,57,58,55],"product_tag":[],"class_list":{"0":"post-14352","1":"product","2":"type-product","3":"status-publish","4":"has-post-thumbnail","6":"product_cat-grossraumtransporter","7":"product_cat-hochdachkombi","8":"product_cat-kleintransporter","9":"product_cat-zubehoer","10":"product_shipping_class-paketversand","12":"first","13":"instock","14":"taxable","15":"shipping-taxable","16":"purchasable","17":"product-type-variable"},"acf":[],"_links":{"self":[{"href":"https:\/\/vanfittery.de\/cs\/wp-json\/wp\/v2\/product\/14352","targetHints":{"allow":["GET"]}}],"collection":[{"href":"https:\/\/vanfittery.de\/cs\/wp-json\/wp\/v2\/product"}],"about":[{"href":"https:\/\/vanfittery.de\/cs\/wp-json\/wp\/v2\/types\/product"}],"version-history":[{"count":6,"href":"https:\/\/vanfittery.de\/cs\/wp-json\/wp\/v2\/product\/14352\/revisions"}],"predecessor-version":[{"id":14367,"href":"https:\/\/vanfittery.de\/cs\/wp-json\/wp\/v2\/product\/14352\/revisions\/14367"}],"wp:featuredmedia":[{"embeddable":true,"href":"https:\/\/vanfittery.de\/cs\/wp-json\/wp\/v2\/media\/14355"}],"wp:attachment":[{"href":"https:\/\/vanfittery.de\/cs\/wp-json\/wp\/v2\/media?parent=14352"}],"wp:term":[{"taxonomy":"product_brand","embeddable":true,"href":"https:\/\/vanfittery.de\/cs\/wp-json\/wp\/v2\/product_brand?post=14352"},{"taxonomy":"product_cat","embeddable":true,"href":"https:\/\/vanfittery.de\/cs\/wp-json\/wp\/v2\/product_cat?post=14352"},{"taxonomy":"product_tag","embeddable":true,"href":"https:\/\/vanfittery.de\/cs\/wp-json\/wp\/v2\/product_tag?post=14352"}],"curies":[{"name":"wp","href":"https:\/\/api.w.org\/{rel}","templated":true}]}}