{"id":14373,"date":"2026-04-10T15:02:10","date_gmt":"2026-04-10T13:02:10","guid":{"rendered":"https:\/\/vanfittery.de\/?post_type=product&#038;p=14373"},"modified":"2026-04-10T15:02:10","modified_gmt":"2026-04-10T13:02:10","slug":"velkokapacitni-transporter-2","status":"publish","type":"product","link":"https:\/\/vanfittery.de\/cs\/produkt\/haengeschrank-grossraumtransporter\/","title":{"rendered":"Horn\u00ed sk\u0159\u00ed\u0148ka pro velk\u00e9 dod\u00e1vky"},"content":{"rendered":"<h2>Modul\u00e1rn\u00ed n\u00e1st\u011bnn\u00e1 sk\u0159\u00ed\u0148 pro obytn\u00e9 vozy - maxim\u00e1ln\u00ed organizace pro va\u0161i velkou dod\u00e1vku<\/h2>\n<p>Vytvo\u0159te si ve sv\u00e9m obytn\u00e9m voze cenn\u00fd \u00falo\u017en\u00fd prostor! Na\u0161e modul\u00e1rn\u00ed n\u00e1st\u011bnn\u00e1 sk\u0159\u00ed\u0148 byla vyvinuta speci\u00e1ln\u011b pro p\u0159estavbu velk\u00fdch obytn\u00fdch voz\u016f. D\u00edky sv\u00e9mu nad\u010dasov\u00e9mu designu a robustn\u00ed konstrukci se dokonale hod\u00ed do ka\u017ed\u00e9ho interi\u00e9ru - a\u0165 u\u017e nad kuchy\u0148skou linku, nebo do prostoru na span\u00ed.<\/p>\n<p>Tato sk\u0159\u00ed\u0148ka nen\u00ed ur\u010dena pro konkr\u00e9tn\u00ed vozidlo. D\u00edky tomu je univerz\u00e1ln\u00ed pro r\u016fzn\u00e9 modely dod\u00e1vek (nap\u0159. Sprinter, Ducato, Crafter). Montuje se pomoc\u00ed upev\u0148ovac\u00ed li\u0161ty na strop a na zadn\u00ed st\u011bnu. Syst\u00e9m lze libovoln\u011b roz\u0161i\u0159ovat: lze se\u0161roubovat a kombinovat libovoln\u00fd po\u010det sk\u0159\u00edn\u00ed.<\/p>\n<p><strong>Upozorn\u011bn\u00ed: Je nutn\u00e9 individu\u00e1ln\u00ed p\u0159izp\u016fsoben\u00ed!<\/strong><br \/>\nM\u016f\u017ee b\u00fdt nutn\u00e9 p\u0159izp\u016fsobit jej va\u0161emu vozidlu (proto\u017ee ka\u017ed\u00e1 st\u011bna vozidla m\u00e1 jin\u00e9 zak\u0159iven\u00ed).<\/p>\n<p><strong>Rozm\u011bry:<br \/>\n<\/strong>D\u00e9lka cca 60 cm<br \/>\nHloubka p\u0159ibli\u017en\u011b 34 cm<br \/>\nV\u00fd\u0161ka p\u0159ibli\u017en\u011b 38 cm<\/p>\n<p><strong>Dod\u00e1n\u00ed a rozsah odesl\u00e1n\u00ed:<br \/>\n<\/strong>Cena se vztahuje na jednu n\u00e1st\u011bnnou jednotku. Na fotografi\u00edch produktu jsou zobrazeny dv\u011b n\u00e1st\u011bnn\u00e9 jednotky, kter\u00e9 byly se\u0161roubov\u00e1ny dohromady.<br \/>\nN\u00e1st\u011bnn\u00e1 jednotka se dod\u00e1v\u00e1 kompletn\u011b smontovan\u00e1. Sou\u010d\u00e1st\u00ed dod\u00e1vky je sada koncov\u00fdch panel\u016f (pro konce \u0159ady sk\u0159\u00edn\u011bk).<br \/>\nUpev\u0148ovac\u00ed materi\u00e1l pro mont\u00e1\u017e li\u0161t na vozidlo (\u0161rouby\/nity) je sou\u010d\u00e1st\u00ed dod\u00e1vky. <span style=\"text-decoration: underline;\">Nen\u00ed zahrnuto v rozsahu dod\u00e1vky<\/span> (vol\u00ed se individu\u00e1ln\u011b v z\u00e1vislosti na stavu st\u011bny).<\/p>","protected":false},"excerpt":{"rendered":"<p><strong><span style=\"color: #dca54a;\">\u2714<\/span> Modul\u00e1rn\u00ed a roz\u0161i\u0159iteln\u00fd: <\/strong>Sk\u0159\u00ed\u0148ky lze bez probl\u00e9m\u016f se\u0161roubovat.<br \/>\n<strong><span style=\"color: #dca54a;\">\u2714<\/span> Tlakov\u00e1 klapka plynu: <\/strong>Klapka se otev\u00edr\u00e1 jemn\u011b a z\u016fst\u00e1v\u00e1 bezpe\u010dn\u011b naho\u0159e.<br \/>\n<strong><span style=\"color: #dca54a;\">\u2714<\/span> Bezpe\u010dn\u00e9 uzav\u0159en\u00ed: <\/strong>Zaklap\u00e1vac\u00ed uz\u00e1v\u011br se zapu\u0161t\u011bnou rukojet\u00ed<br \/>\n<strong><span style=\"color: #dca54a;\">\u2714<\/span> Flexibiln\u00ed vyu\u017eit\u00ed: <\/strong>St\u0159edovou polici lze vyjmout<\/p>","protected":false},"featured_media":14372,"template":"","meta":{"_acf_changed":false,"iawp_total_views":5},"product_brand":[],"product_cat":[59,55],"product_tag":[],"class_list":{"0":"post-14373","1":"product","2":"type-product","3":"status-publish","4":"has-post-thumbnail","6":"product_cat-grossraumtransporter","7":"product_cat-zubehoer","8":"product_shipping_class-paketversand-xl","10":"first","11":"instock","12":"taxable","13":"shipping-taxable","14":"purchasable","15":"product-type-variable"},"acf":[],"_links":{"self":[{"href":"https:\/\/vanfittery.de\/cs\/wp-json\/wp\/v2\/product\/14373","targetHints":{"allow":["GET"]}}],"collection":[{"href":"https:\/\/vanfittery.de\/cs\/wp-json\/wp\/v2\/product"}],"about":[{"href":"https:\/\/vanfittery.de\/cs\/wp-json\/wp\/v2\/types\/product"}],"version-history":[{"count":10,"href":"https:\/\/vanfittery.de\/cs\/wp-json\/wp\/v2\/product\/14373\/revisions"}],"predecessor-version":[{"id":14415,"href":"https:\/\/vanfittery.de\/cs\/wp-json\/wp\/v2\/product\/14373\/revisions\/14415"}],"wp:featuredmedia":[{"embeddable":true,"href":"https:\/\/vanfittery.de\/cs\/wp-json\/wp\/v2\/media\/14372"}],"wp:attachment":[{"href":"https:\/\/vanfittery.de\/cs\/wp-json\/wp\/v2\/media?parent=14373"}],"wp:term":[{"taxonomy":"product_brand","embeddable":true,"href":"https:\/\/vanfittery.de\/cs\/wp-json\/wp\/v2\/product_brand?post=14373"},{"taxonomy":"product_cat","embeddable":true,"href":"https:\/\/vanfittery.de\/cs\/wp-json\/wp\/v2\/product_cat?post=14373"},{"taxonomy":"product_tag","embeddable":true,"href":"https:\/\/vanfittery.de\/cs\/wp-json\/wp\/v2\/product_tag?post=14373"}],"curies":[{"name":"wp","href":"https:\/\/api.w.org\/{rel}","templated":true}]}}