{"id":1903,"date":"2025-01-13T14:20:56","date_gmt":"2025-01-13T13:20:56","guid":{"rendered":"https:\/\/vanfittery.de\/?post_type=product&#038;p=1903"},"modified":"2026-03-17T11:24:44","modified_gmt":"2026-03-17T10:24:44","slug":"podhled-stropu-pro-vw-t5-t6-transporter","status":"publish","type":"product","link":"https:\/\/vanfittery.de\/cs\/produkt\/dachhimmel-fuer-vw-t5-t6-transporter\/","title":{"rendered":"Podhled stropu pro VW T5\/T6 Transporter"},"content":{"rendered":"<h2>Vysoce kvalitn\u00ed podhled s LED reflektory a dotykov\u00fdm stm\u00edva\u010dem<\/h2>\n<p>Na\u0161e \u010daloun\u011bn\u00ed hlavy odstran\u00ed z va\u0161eho vozu VW T5 nebo T6 pocit nudn\u00e9 dod\u00e1vky. Energeticky \u00fasporn\u00e9 LED reflektory zal\u00e9vaj\u00ed interi\u00e9r p\u0159\u00edjemn\u00fdm tepl\u00fdm sv\u011btlem.<\/p>\n<p>\u0160ed\u00e9 oblo\u017een\u00ed je jednodu\u0161e nahrazeno oblo\u017een\u00edm z naolejovan\u00e9ho prav\u00e9ho d\u0159eva. Na str\u00e1nk\u00e1ch\u00a0<b>Lamelov\u00fd design zv\u011bt\u0161uje m\u00edstnost<\/b>\u00a0a tepl\u00e9 d\u0159evo prom\u011bn\u00ed n\u00e1kladov\u00fd prostor v \u00fatuln\u00fd obytn\u00fd prostor.<\/p>\n<p><img fetchpriority=\"high\" decoding=\"async\" class=\"alignnone wp-image-1980 size-medium\" src=\"https:\/\/vanfittery.de\/wp-content\/uploads\/2025\/01\/KR-Laengsnuten-klar-geoelt-1-300x300.jpg\" alt=\"\" width=\"300\" height=\"300\" srcset=\"https:\/\/vanfittery.de\/wp-content\/uploads\/2025\/01\/KR-Laengsnuten-klar-geoelt-1-300x300.jpg 300w, https:\/\/vanfittery.de\/wp-content\/uploads\/2025\/01\/KR-Laengsnuten-klar-geoelt-1-100x100.jpg 100w, https:\/\/vanfittery.de\/wp-content\/uploads\/2025\/01\/KR-Laengsnuten-klar-geoelt-1-800x800.jpg 800w, https:\/\/vanfittery.de\/wp-content\/uploads\/2025\/01\/KR-Laengsnuten-klar-geoelt-1-1024x1024.jpg 1024w, https:\/\/vanfittery.de\/wp-content\/uploads\/2025\/01\/KR-Laengsnuten-klar-geoelt-1-150x150.jpg 150w, https:\/\/vanfittery.de\/wp-content\/uploads\/2025\/01\/KR-Laengsnuten-klar-geoelt-1-768x768.jpg 768w, https:\/\/vanfittery.de\/wp-content\/uploads\/2025\/01\/KR-Laengsnuten-klar-geoelt-1.jpg 1200w\" sizes=\"(max-width: 300px) 100vw, 300px\" \/><\/p>\n<p>Na str\u00e1nk\u00e1ch\u00a0<strong>Osv\u011btlen\u00ed<\/strong>\u00a0lze p\u0159istupovat prost\u0159ednictv\u00edm\u00a0<strong>Dotykov\u00fd stm\u00edva\u010d pro plynul\u00e9 nastaven\u00ed jasu<\/strong>\u00a0od sv\u00ed\u010dek po osv\u011btlen\u00ed stadionu!<\/p>\n<p>Del\u0161\u00ed klipy, kter\u00e9 jsou sou\u010d\u00e1st\u00ed dod\u00e1vky, slou\u017e\u00ed k upevn\u011bn\u00ed \u010daloun\u011bn\u00ed ke st\u00e1vaj\u00edc\u00edm mont\u00e1\u017en\u00edm otvor\u016fm stejn\u011b jako p\u016fvodn\u00ed \u010daloun\u011bn\u00ed - nen\u00ed nutn\u00e9 vrtat! Alternativn\u011b lze \u010daloun\u011bn\u00ed p\u0159ipevnit tak\u00e9 t\u00e9m\u011b\u0159 neviditeln\u011b pomoc\u00ed n\u00fdtovac\u00edch matic a \u0161roub\u016f - pokud si to p\u0159ejete, uve\u010fte to pros\u00edm v n\u00e1kupn\u00edm ko\u0161\u00edku do pole pro pozn\u00e1mky!<\/p>\n<p>Chcete jin\u00fd design? Po\u0161lete n\u00e1m zpr\u00e1vu a my se r\u00e1di pod\u00edv\u00e1me, co je mo\u017en\u00e9!<\/p>\n<p>Rozsah dod\u00e1vky: jednod\u00edln\u00e9 \u010daloun\u011bn\u00ed hlavy pro VW T5, T6 a T6.1 z prav\u00e9ho d\u0159eva, naolejovan\u00e9, osv\u011btlen\u00e9, kabelov\u00e9, p\u0159ipraven\u00e9 k p\u0159ipojen\u00ed v\u010detn\u011b del\u0161\u00edch spon.<\/p>","protected":false},"excerpt":{"rendered":"<p>Hochwertiger Dachhimmel mit LED-Spots &amp; Touchdimmer Unser Dachhimmel vertreibt das schn\u00f6de Transporter-Feeling aus deinem VW T5 bzw. T6. Die stromsparenden LED-Spots h\u00fcllen den Innenraum in ein gem\u00fctlich warmes Licht. Die grauen Verkleidungen werden einfach durch die ge\u00f6lte Echtholzverkleidung ersetzt. Das\u00a0Lamellendesign l\u00e4sst den Raum optisch gr\u00f6\u00dfer wirken\u00a0und das warme Holz macht aus dem Laderaum einen muckeligen [&hellip;]<\/p>\n","protected":false},"featured_media":1982,"template":"","meta":{"_acf_changed":false,"iawp_total_views":2971},"product_brand":[],"product_cat":[58,55],"product_tag":[],"class_list":{"0":"post-1903","1":"product","2":"type-product","3":"status-publish","4":"has-post-thumbnail","6":"product_cat-kleintransporter","7":"product_cat-zubehoer","8":"product_shipping_class-spedition-l","10":"first","11":"instock","12":"taxable","13":"shipping-taxable","14":"purchasable","15":"product-type-variable"},"acf":[],"_links":{"self":[{"href":"https:\/\/vanfittery.de\/cs\/wp-json\/wp\/v2\/product\/1903","targetHints":{"allow":["GET"]}}],"collection":[{"href":"https:\/\/vanfittery.de\/cs\/wp-json\/wp\/v2\/product"}],"about":[{"href":"https:\/\/vanfittery.de\/cs\/wp-json\/wp\/v2\/types\/product"}],"version-history":[{"count":1,"href":"https:\/\/vanfittery.de\/cs\/wp-json\/wp\/v2\/product\/1903\/revisions"}],"predecessor-version":[{"id":13906,"href":"https:\/\/vanfittery.de\/cs\/wp-json\/wp\/v2\/product\/1903\/revisions\/13906"}],"wp:featuredmedia":[{"embeddable":true,"href":"https:\/\/vanfittery.de\/cs\/wp-json\/wp\/v2\/media\/1982"}],"wp:attachment":[{"href":"https:\/\/vanfittery.de\/cs\/wp-json\/wp\/v2\/media?parent=1903"}],"wp:term":[{"taxonomy":"product_brand","embeddable":true,"href":"https:\/\/vanfittery.de\/cs\/wp-json\/wp\/v2\/product_brand?post=1903"},{"taxonomy":"product_cat","embeddable":true,"href":"https:\/\/vanfittery.de\/cs\/wp-json\/wp\/v2\/product_cat?post=1903"},{"taxonomy":"product_tag","embeddable":true,"href":"https:\/\/vanfittery.de\/cs\/wp-json\/wp\/v2\/product_tag?post=1903"}],"curies":[{"name":"wp","href":"https:\/\/api.w.org\/{rel}","templated":true}]}}