{"id":2017,"date":"2025-01-14T15:10:16","date_gmt":"2025-01-14T14:10:16","guid":{"rendered":"https:\/\/vanfittery.de\/?post_type=product&#038;p=2017"},"modified":"2026-03-17T11:24:21","modified_gmt":"2026-03-17T10:24:21","slug":"montazni-ram-montazni-adapter-reproduktor-t5-t6-transporter-zadni-cast","status":"publish","type":"product","link":"https:\/\/vanfittery.de\/cs\/produkt\/einbaurahmen-einbauadapter-lautsprecher-t5-t6-transporter-hinten\/","title":{"rendered":"Instala\u010dn\u00ed adapt\u00e9r reproduktoru T5 \/ T6 Transporter"},"content":{"rendered":"<h2>Optim\u00e1ln\u00ed poloha reproduktor\u016f pro dokonal\u00fd zvuk v T5\/T6<\/h2>\n<p>Ka\u017ed\u00fd, kdo m\u00e1 ve sv\u00e9m voze r\u00e1d jemn\u00fd zvuk, zn\u00e1 probl\u00e9m Transporteru T5 nebo T6: prakticky neexistuje vhodn\u00e1 mont\u00e1\u017en\u00ed poloha pro zadn\u00ed reproduktory. Pokud reproduktory instalujete do zadn\u00edch dve\u0159\u00ed, jsou um\u00edst\u011bny p\u0159\u00edli\u0161 n\u00edzko a nen\u00ed zde t\u00e9m\u011b\u0159 \u017e\u00e1dn\u00e1 mont\u00e1\u017en\u00ed hloubka. Pokud je nainstalujete do bo\u010dn\u00edho oblo\u017een\u00ed, m\u016f\u017eete s velk\u00fdm \u00fasil\u00edm dos\u00e1hnout stabiln\u00ed instalace, ale reproduktory pak hraj\u00ed velmi nep\u0159\u00edzniv\u00fdm sm\u011brem. V\u00fdsledek je v\u0161echno, jen ne \u201chi-fi\u201d.<\/p>\n<p>Na\u0161e mont\u00e1\u017en\u00ed adapt\u00e9ry pro Transporter T5 \/ T6 tento probl\u00e9m \u0159e\u0161\u00ed: jsou navr\u017eeny v syst\u00e9mu CAD, dokonale se p\u0159izp\u016fsobuj\u00ed tvar\u016fm vozidla a umo\u017e\u0148uj\u00ed\u00a0<strong>P\u0159esn\u011b v \u00farovni u\u0161\u00ed v prostoru pro cestuj\u00edc\u00ed.<\/strong>!<\/p>\n<p>Adapt\u00e9ry jsou k dispozici pro reproduktory o pr\u016fm\u011bru 13 cm a 16,5 cm a jsou k t\u011blu t\u0159ikr\u00e1t p\u0159i\u0161roubov\u00e1ny nebo v p\u0159\u00edpad\u011b pot\u0159eby p\u0159ilepeny lepidlem na \u010deln\u00ed sklo.<\/p>\n<h3>Rozm\u011bry 13 cm<\/h3>\n<p>Vn\u011bj\u0161\u00ed pr\u016fm\u011br: 150 mm<\/p>\n<p>Pr\u016fm\u011br mont\u00e1\u017en\u00edho otvoru: 116 mm<\/p>\n<p>D\u00e9lka: 145 mm<\/p>\n<p>Pr\u016fm\u011br upev\u0148ovac\u00edho \u0161roubu: 134 mm<\/p>\n<h3>Rozm\u011bry 16,5 cm<\/h3>\n<p>Vn\u011bj\u0161\u00ed pr\u016fm\u011br: 167 mm<\/p>\n<p>Pr\u016fm\u011br mont\u00e1\u017en\u00edho otvoru: 145 mm<\/p>\n<p>D\u00e9lka: 180 mm<\/p>\n<p>Pr\u016fm\u011br upev\u0148ovac\u00edho \u0161roubu: 157 mm<\/p>\n<p>&nbsp;<\/p>\n<p><strong>Rozsah dod\u00e1vky:<\/strong> 1 sada (lev\u00e1 a prav\u00e1) mont\u00e1\u017en\u00edch adapt\u00e9r\u016f pro D-sloupek VW T5 \/ T6 Transporter. 3D ti\u0161t\u011bn\u00e9 d\u00edly z PETG. Povrch m\u016f\u017ee m\u00edt drobn\u00e9 nedokonalosti typick\u00e9 pro 3D tisk.<\/p>\n<p>Vezm\u011bte pros\u00edm na v\u011bdom\u00ed, \u017ee dodac\u00ed lh\u016fta \u010din\u00ed p\u0159ibli\u017en\u011b 1-2 t\u00fddny v z\u00e1vislosti na aktu\u00e1ln\u00edm vyt\u00ed\u017een\u00ed kapacity 3D tisk\u00e1ren. \u010cist\u00e1 doba tisku jedn\u00e9 sady je p\u0159ibli\u017en\u011b 32 hodin!<\/p>","protected":false},"excerpt":{"rendered":"<p><strong><span style=\"color: #dca54a;\">\u2714<\/span>\u00a0 Dokonal\u00e9 um\u00edst\u011bn\u00ed<\/strong><br \/>\nAdapt\u00e9r pro reproduktory VW T5 \/ T6, optim\u00e1ln\u011b p\u0159izp\u016fsoben\u00fd v\u00fd\u0161ce u\u0161\u00ed (vhodn\u00fd pro reproduktory 13 cm a 16,5 cm).<\/p>\n<p><strong><span style=\"color: #dca54a;\">\u2714<\/span>\u00a0 P\u0159esn\u00e9 uchycen\u00ed a stabilita<br \/>\n<\/strong>N\u00e1vrh CAD, p\u0159esn\u00e9 p\u0159izp\u016fsoben\u00ed kontur\u00e1m vozidla, snadn\u00e1 mont\u00e1\u017e pomoc\u00ed \u0161roub\u016f nebo lepidla na \u010deln\u00ed sklo.<\/p>","protected":false},"featured_media":2025,"template":"","meta":{"_acf_changed":false,"iawp_total_views":1344},"product_brand":[],"product_cat":[58,55],"product_tag":[],"class_list":{"0":"post-2017","1":"product","2":"type-product","3":"status-publish","4":"has-post-thumbnail","6":"product_cat-kleintransporter","7":"product_cat-zubehoer","8":"product_shipping_class-paketversand","10":"first","11":"instock","12":"taxable","13":"shipping-taxable","14":"purchasable","15":"product-type-variable"},"acf":[],"_links":{"self":[{"href":"https:\/\/vanfittery.de\/cs\/wp-json\/wp\/v2\/product\/2017","targetHints":{"allow":["GET"]}}],"collection":[{"href":"https:\/\/vanfittery.de\/cs\/wp-json\/wp\/v2\/product"}],"about":[{"href":"https:\/\/vanfittery.de\/cs\/wp-json\/wp\/v2\/types\/product"}],"version-history":[{"count":1,"href":"https:\/\/vanfittery.de\/cs\/wp-json\/wp\/v2\/product\/2017\/revisions"}],"predecessor-version":[{"id":13903,"href":"https:\/\/vanfittery.de\/cs\/wp-json\/wp\/v2\/product\/2017\/revisions\/13903"}],"wp:featuredmedia":[{"embeddable":true,"href":"https:\/\/vanfittery.de\/cs\/wp-json\/wp\/v2\/media\/2025"}],"wp:attachment":[{"href":"https:\/\/vanfittery.de\/cs\/wp-json\/wp\/v2\/media?parent=2017"}],"wp:term":[{"taxonomy":"product_brand","embeddable":true,"href":"https:\/\/vanfittery.de\/cs\/wp-json\/wp\/v2\/product_brand?post=2017"},{"taxonomy":"product_cat","embeddable":true,"href":"https:\/\/vanfittery.de\/cs\/wp-json\/wp\/v2\/product_cat?post=2017"},{"taxonomy":"product_tag","embeddable":true,"href":"https:\/\/vanfittery.de\/cs\/wp-json\/wp\/v2\/product_tag?post=2017"}],"curies":[{"name":"wp","href":"https:\/\/api.w.org\/{rel}","templated":true}]}}