{"id":6646,"date":"2025-02-10T13:18:24","date_gmt":"2025-02-10T12:18:24","guid":{"rendered":"https:\/\/vanfittery.de\/?post_type=product&#038;p=6646"},"modified":"2026-03-17T11:21:58","modified_gmt":"2026-03-17T10:21:58","slug":"vozidlo-citil-roztazitelne","status":"publish","type":"product","link":"https:\/\/vanfittery.de\/cs\/produkt\/fahrzeug-filz-dehnbar\/","title":{"rendered":"Natahovac\u00ed pls\u0165 pro vozidla (od 1 m\u00b2)"},"content":{"rendered":"<h2>Flexibiln\u00ed, robustn\u00ed, vyzkou\u0161en\u00fd a osv\u011bd\u010den\u00fd - perfektn\u00ed pls\u0165 pro va\u0161e roz\u0161\u00ed\u0159en\u00ed!<\/h2>\n<p>U\u017e to nen\u00ed zasv\u011bcen\u00fd tip: plst\u011bn\u00ed d\u011bl\u00e1\u00a0<strong>\u00fatuln\u00fd hol\u00fd plech, sni\u017euje hlu\u010dnost v interi\u00e9ru a izoluje.<\/strong>\u00a0trochu proti tepeln\u00e9mu nebo studen\u00e9mu z\u00e1\u0159en\u00ed.<\/p>\n<p>I kdy\u017e n\u011bkte\u0159\u00ed dodavatel\u00e9 p\u0159edst\u00edraj\u00ed, \u017ee jejich pls\u0165 je n\u011bco velmi speci\u00e1ln\u00edho: \u201especi\u00e1ln\u011b\u201c vyvinut\u00e1 pro p\u0159estavby dod\u00e1vek, ozna\u010den\u00e1 fanatick\u00fdmi jm\u00e9ny a samoz\u0159ejm\u011b dostupn\u00e1 pouze exkluzivn\u011b... je to a z\u016fst\u00e1v\u00e1 pls\u0165, nikoliv pl\u00e1tkov\u00e9 zlato.<\/p>\n<p>Pou\u017e\u00edv\u00e1me pls\u0165 od evropsk\u00e9ho dodavatele, kter\u00fd se specializuje na <strong>podle na\u0161ich zku\u0161enost\u00ed vynikaj\u00edc\u00ed zpracov\u00e1n\u00ed<\/strong>\u00a0je p\u0159\u00edjemn\u00fd na dotek a osv\u011bd\u010dil se jako robustn\u00ed. M\u00e1me\u00a0<strong>ji\u017e j\u00edm vybavila \u0159adu vozidel.<\/strong>\u00a0a kupovat je po rol\u00edch. M\u016f\u017eete si ji u n\u00e1s koupit v b\u011b\u017en\u00e9m spot\u0159ebitelsk\u00e9m mno\u017estv\u00ed za p\u0159\u00edznivou cenu.<\/p>\n<p>Plst m\u016f\u017ee b\u00fdt\u00a0<strong>jednodu\u0161e t\u00e1hn\u011bte nebo natahujte ve v\u0161ech sm\u011brech<\/strong>, To znamen\u00e1, \u017ee i neprofesion\u00e1lov\u00e9 mohou rychle dos\u00e1hnout atraktivn\u00edch v\u00fdsledk\u016f, a\u010dkoli je k tomu zapot\u0159eb\u00ed ur\u010dit\u00e1 manu\u00e1ln\u00ed zru\u010dnost. Filc se nejl\u00e9pe aplikuje pomoc\u00ed lepidla ve spreji, kter\u00e9 je u n\u00e1s tak\u00e9 k dost\u00e1n\u00ed.<\/p>\n<p>Jedna strana je trochu nad\u00fdchan\u011bj\u0161\u00ed, druh\u00e1 trochu hlad\u0161\u00ed. Ob\u011b strany lze pou\u017e\u00edt jako viditelnou stranu.<\/p>\n<p>Barva: antracitov\u00e1<br \/>\n\u0160\u00ed\u0159ka role: 2 m, tj. 1 metr \u010dtvere\u010dn\u00ed je 0,5 x 2 m, 2 metry \u010dtvere\u010dn\u00ed jsou 1 x 2 m atd.<\/p>\n<p>P\u0159i objedn\u00e1vce uve\u010fte po\u017eadovan\u00e9 mno\u017estv\u00ed <strong>v metrech \u010dtvere\u010dn\u00edch<\/strong> up\u0159esnit.<\/p>","protected":false},"excerpt":{"rendered":"<p>11,90 \u20ac za 1 m\u00b2<\/p>\n<p><strong><span style=\"color: #dca54a;\">\u2714<\/span><\/strong> Plst z\u00fatul\u0148uje hol\u00fd plech<strong><br \/>\n<span style=\"color: #dca54a;\">\u2714<\/span> <\/strong>Sni\u017euje hladinu hluku v interi\u00e9ru<strong><br \/>\n<span style=\"color: #dca54a;\">\u2714<\/span><\/strong> do jist\u00e9 m\u00edry izoluje proti tepeln\u00e9mu nebo chladn\u00e9mu z\u00e1\u0159en\u00ed<strong><br \/>\n<span style=\"color: #dca54a;\">\u2714<\/span> <\/strong>Jedna strana je trochu nad\u00fdchan\u011bj\u0161\u00ed, druh\u00e1 trochu hlad\u0161\u00ed.<strong><br \/>\n<\/strong><\/p>","protected":false},"featured_media":6655,"template":"","meta":{"_acf_changed":false,"iawp_total_views":1199},"product_brand":[],"product_cat":[57,58,55],"product_tag":[],"class_list":{"0":"post-6646","1":"product","2":"type-product","3":"status-publish","4":"has-post-thumbnail","6":"product_cat-hochdachkombi","7":"product_cat-kleintransporter","8":"product_cat-zubehoer","9":"product_shipping_class-paketversand","11":"first","12":"instock","13":"taxable","14":"shipping-taxable","15":"purchasable","16":"product-type-simple"},"acf":[],"_links":{"self":[{"href":"https:\/\/vanfittery.de\/cs\/wp-json\/wp\/v2\/product\/6646","targetHints":{"allow":["GET"]}}],"collection":[{"href":"https:\/\/vanfittery.de\/cs\/wp-json\/wp\/v2\/product"}],"about":[{"href":"https:\/\/vanfittery.de\/cs\/wp-json\/wp\/v2\/types\/product"}],"version-history":[{"count":1,"href":"https:\/\/vanfittery.de\/cs\/wp-json\/wp\/v2\/product\/6646\/revisions"}],"predecessor-version":[{"id":13875,"href":"https:\/\/vanfittery.de\/cs\/wp-json\/wp\/v2\/product\/6646\/revisions\/13875"}],"wp:featuredmedia":[{"embeddable":true,"href":"https:\/\/vanfittery.de\/cs\/wp-json\/wp\/v2\/media\/6655"}],"wp:attachment":[{"href":"https:\/\/vanfittery.de\/cs\/wp-json\/wp\/v2\/media?parent=6646"}],"wp:term":[{"taxonomy":"product_brand","embeddable":true,"href":"https:\/\/vanfittery.de\/cs\/wp-json\/wp\/v2\/product_brand?post=6646"},{"taxonomy":"product_cat","embeddable":true,"href":"https:\/\/vanfittery.de\/cs\/wp-json\/wp\/v2\/product_cat?post=6646"},{"taxonomy":"product_tag","embeddable":true,"href":"https:\/\/vanfittery.de\/cs\/wp-json\/wp\/v2\/product_tag?post=6646"}],"curies":[{"name":"wp","href":"https:\/\/api.w.org\/{rel}","templated":true}]}}