{"id":6673,"date":"2025-02-10T13:36:58","date_gmt":"2025-02-10T12:36:58","guid":{"rendered":"https:\/\/vanfittery.de\/?post_type=product&#038;p=6673"},"modified":"2026-04-03T13:43:37","modified_gmt":"2026-04-03T11:43:37","slug":"drzak-sporaku-vcetne-plynoveho-sporaku","status":"publish","type":"product","link":"https:\/\/vanfittery.de\/cs\/produkt\/kocherhalterung-inkl-gaskocher\/","title":{"rendered":"Dr\u017e\u00e1k spor\u00e1ku v\u010detn\u011b plynov\u00e9ho spor\u00e1ku"},"content":{"rendered":"<div data-elementor-type=\"product-post\" data-elementor-id=\"6673\" class=\"elementor elementor-6673\" data-elementor-post-type=\"product\">\n\t\t\t\t<div class=\"elementor-element elementor-element-5d1e79c e-flex e-con-boxed e-con e-parent\" data-id=\"5d1e79c\" data-element_type=\"container\" data-e-type=\"container\">\n\t\t\t\t\t<div class=\"e-con-inner\">\n\t\t\t\t<div class=\"elementor-element elementor-element-dab51b3 elementor-widget elementor-widget-text-editor\" data-id=\"dab51b3\" data-element_type=\"widget\" data-e-type=\"widget\" data-widget_type=\"text-editor.default\">\n\t\t\t\t<div class=\"elementor-widget-container\">\n\t\t\t\t\t\t\t\t\t<p>Voliteln\u00fd plynov\u00fd va\u0159i\u010d v\u010detn\u011b dr\u017e\u00e1ku lze p\u0159ipevnit t\u00e9m\u011b\u0159 kamkoli. Dr\u017e\u00e1k je navr\u017een tak, aby d\u00edky jednotn\u00e9 tlou\u0161\u0165ce materi\u00e1lu bezpe\u010dn\u011b a stabiln\u011b sed\u011bl na ka\u017ed\u00e9m z na\u0161ich modul\u016f.<\/p><p>Po pou\u017eit\u00ed lze celou jednotku bezpe\u010dn\u011b a prostorov\u011b \u00fasporn\u011b ulo\u017eit do z\u00e1suvky. Velikost odpov\u00edd\u00e1 11litrov\u00e9mu boxu.<\/p><p>S dr\u017e\u00e1kem na spor\u00e1k lze zadn\u00ed v\u00fdsuvnou sk\u0159\u00ed\u0148ku roz\u0161\u00ed\u0159it na plnohodnotnou zadn\u00ed kuchy\u0148. Lze ji kombinovat nap\u0159\u00edklad s chladic\u00edm boxem kompresoru a z\u00e1v\u011bsn\u00fdm stolkem.<\/p>\t\t\t\t\t\t\t\t<\/div>\n\t\t\t\t<\/div>\n\t\t\t\t<div class=\"elementor-element elementor-element-9098eba elementor-widget__width-initial elementor-arrows-position-inside elementor-pagination-position-outside elementor-widget elementor-widget-image-carousel\" data-id=\"9098eba\" data-element_type=\"widget\" data-e-type=\"widget\" data-settings=\"{&quot;slides_to_show&quot;:&quot;1&quot;,&quot;navigation&quot;:&quot;both&quot;,&quot;autoplay&quot;:&quot;yes&quot;,&quot;pause_on_hover&quot;:&quot;yes&quot;,&quot;pause_on_interaction&quot;:&quot;yes&quot;,&quot;autoplay_speed&quot;:5000,&quot;infinite&quot;:&quot;yes&quot;,&quot;effect&quot;:&quot;slide&quot;,&quot;speed&quot;:500}\" data-widget_type=\"image-carousel.default\">\n\t\t\t\t<div class=\"elementor-widget-container\">\n\t\t\t\t\t\t\t<div class=\"elementor-image-carousel-wrapper swiper\" role=\"region\" aria-roledescription=\"carousel\" aria-label=\"Obr\u00e1zkov\u00fd koloto\u010d\" dir=\"ltr\">\n\t\t\t<div class=\"elementor-image-carousel swiper-wrapper\" aria-live=\"off\">\n\t\t\t\t\t\t\t\t<div class=\"swiper-slide\" role=\"group\" aria-roledescription=\"slide\" aria-label=\"1 z 5\"><a data-elementor-open-lightbox=\"yes\" data-elementor-lightbox-slideshow=\"9098eba\" data-e-action-hash=\"#elementor-action%3Aaction%3Dlightbox%26settings%3DeyJpZCI6MzU4NywidXJsIjoiaHR0cHM6XC9cL3ZhbmZpdHRlcnkuZGVcL3dwLWNvbnRlbnRcL3VwbG9hZHNcLzIwMjVcLzAxXC9DYW1waW5nQm94LUNsYXNzaWMtS29jaGVyaGFsdGVyLW1pdC1LYWZmZWUtRGV0YWlsLTEuanBnIiwic2xpZGVzaG93IjoiOTA5OGViYSJ9\" href=\"https:\/\/vanfittery.de\/wp-content\/uploads\/2025\/01\/CampingBox-Classic-Kocherhalter-mit-Kaffee-Detail-1.jpg\"><figure class=\"swiper-slide-inner\"><img decoding=\"async\" class=\"swiper-slide-image\" src=\"https:\/\/vanfittery.de\/wp-content\/uploads\/2025\/01\/CampingBox-Classic-Kocherhalter-mit-Kaffee-Detail-1.jpg\" alt=\"Kempinkov\u00fd va\u0159i\u010d s konvic\u00ed na k\u00e1vu stoj\u00ed na v\u00fdsuvn\u00e9m stolku um\u00edst\u011bn\u00e9m na zadn\u00ed \u010d\u00e1sti vozidla a nab\u00edz\u00ed praktick\u00e9 \u0159e\u0161en\u00ed pro va\u0159en\u00ed v p\u0159\u00edrod\u011b.\" \/><\/figure><\/a><\/div><div class=\"swiper-slide\" role=\"group\" aria-roledescription=\"slide\" aria-label=\"2 z 5\"><a data-elementor-open-lightbox=\"yes\" data-elementor-lightbox-slideshow=\"9098eba\" data-e-action-hash=\"#elementor-action%3Aaction%3Dlightbox%26settings%3DeyJpZCI6MzU4NiwidXJsIjoiaHR0cHM6XC9cL3ZhbmZpdHRlcnkuZGVcL3dwLWNvbnRlbnRcL3VwbG9hZHNcLzIwMjVcLzAxXC9DYW1waW5nQm94LUNsYXNzaWMtS2FmZmVrb2NoZW4uanBnIiwic2xpZGVzaG93IjoiOTA5OGViYSJ9\" href=\"https:\/\/vanfittery.de\/wp-content\/uploads\/2025\/01\/CampingBox-Classic-Kaffekochen.jpg\"><figure class=\"swiper-slide-inner\"><img decoding=\"async\" class=\"swiper-slide-image\" src=\"https:\/\/vanfittery.de\/wp-content\/uploads\/2025\/01\/CampingBox-Classic-Kaffekochen.jpg\" alt=\"Osoba p\u0159ipravuje k\u00e1vu na kempinkov\u00e9m va\u0159i\u010di u mobiln\u00edho kuchy\u0148sk\u00e9ho modulu pou\u017e\u00edvan\u00e9ho p\u0159i kempov\u00e1n\u00ed.\" \/><\/figure><\/a><\/div><div class=\"swiper-slide\" role=\"group\" aria-roledescription=\"slide\" aria-label=\"3 z 5\"><a data-elementor-open-lightbox=\"yes\" data-elementor-lightbox-slideshow=\"9098eba\" data-e-action-hash=\"#elementor-action%3Aaction%3Dlightbox%26settings%3DeyJpZCI6MzE2MSwidXJsIjoiaHR0cHM6XC9cL3ZhbmZpdHRlcnkuZGVcL3dwLWNvbnRlbnRcL3VwbG9hZHNcLzIwMjVcLzAxXC9DYW1waW5nQm94LVByby1IZWNrYXVzenVnLWhvY2gtcmVjaHRzLVp1YmVob2VyLmpwZyIsInNsaWRlc2hvdyI6IjkwOThlYmEifQ%3D%3D\" href=\"https:\/\/vanfittery.de\/wp-content\/uploads\/2025\/01\/CampingBox-Pro-Heckauszug-hoch-rechts-Zubehoer.jpg\"><figure class=\"swiper-slide-inner\"><img decoding=\"async\" class=\"swiper-slide-image\" src=\"https:\/\/vanfittery.de\/wp-content\/uploads\/2025\/01\/CampingBox-Pro-Heckauszug-hoch-rechts-Zubehoer.jpg\" alt=\"Rozkl\u00e1dac\u00ed modul kempinkov\u00e9ho stolu s va\u0159i\u010dem a hrnkem stoj\u00ed v zadn\u00ed \u010d\u00e1sti dod\u00e1vky a je ide\u00e1ln\u00ed pro p\u0159\u00edpravu j\u00eddel p\u0159i kempov\u00e1n\u00ed.\" \/><figcaption class=\"elementor-image-carousel-caption\">Dr\u017e\u00e1k va\u0159i\u010de pro n\u00e1\u0161 CampingBox \"Pro\"<\/figcaption><\/figure><\/a><\/div><div class=\"swiper-slide\" role=\"group\" aria-roledescription=\"slide\" aria-label=\"4 z 5\"><a data-elementor-open-lightbox=\"yes\" data-elementor-lightbox-slideshow=\"9098eba\" data-e-action-hash=\"#elementor-action%3Aaction%3Dlightbox%26settings%3DeyJpZCI6MjM2OSwidXJsIjoiaHR0cHM6XC9cL3ZhbmZpdHRlcnkuZGVcL3dwLWNvbnRlbnRcL3VwbG9hZHNcLzIwMjVcLzAxXC9LVl96d2VpdGUtS29jaHN0ZWxsZS1taXQtS29jaGVyaGFsdGVyLmpwZyIsInNsaWRlc2hvdyI6IjkwOThlYmEifQ%3D%3D\" href=\"https:\/\/vanfittery.de\/wp-content\/uploads\/2025\/01\/KV_zweite-Kochstelle-mit-Kocherhalter.jpg\"><figure class=\"swiper-slide-inner\"><img decoding=\"async\" class=\"swiper-slide-image\" src=\"https:\/\/vanfittery.de\/wp-content\/uploads\/2025\/01\/KV_zweite-Kochstelle-mit-Kocherhalter.jpg\" alt=\"Modern\u00ed modul kempinkov\u00e9 kuchyn\u011b se dv\u011bma plynov\u00fdmi plot\u00fdnkami a nerezovou p\u00e1nv\u00ed, ide\u00e1ln\u00ed pro p\u0159\u00edpravu j\u00eddel v p\u0159\u00edrod\u011b.\" \/><\/figure><\/a><\/div><div class=\"swiper-slide\" role=\"group\" aria-roledescription=\"slide\" aria-label=\"5 z 5\"><a data-elementor-open-lightbox=\"yes\" data-elementor-lightbox-slideshow=\"9098eba\" data-e-action-hash=\"#elementor-action%3Aaction%3Dlightbox%26settings%3DeyJpZCI6MjA2NywidXJsIjoiaHR0cHM6XC9cL3ZhbmZpdHRlcnkuZGVcL3dwLWNvbnRlbnRcL3VwbG9hZHNcLzIwMjVcLzAxXC9CUUFfSGVja2F1c3p1Zy1taXQtS29jaGVyaGFsdGVydW5nLmpwZyIsInNsaWRlc2hvdyI6IjkwOThlYmEifQ%3D%3D\" href=\"https:\/\/vanfittery.de\/wp-content\/uploads\/2025\/01\/BQA_Heckauszug-mit-Kocherhalterung.jpg\"><figure class=\"swiper-slide-inner\"><img decoding=\"async\" class=\"swiper-slide-image\" src=\"https:\/\/vanfittery.de\/wp-content\/uploads\/2025\/01\/BQA_Heckauszug-mit-Kocherhalterung.jpg\" alt=\"Praktick\u00fd kuchy\u0148sk\u00fd modul pro kempinkov\u00e1 vozidla, kter\u00fd nab\u00edz\u00ed v\u00fdsuvnou varnou stanici a odkl\u00e1dac\u00ed plochu.\" \/><figcaption class=\"elementor-image-carousel-caption\">Zadn\u00ed v\u00fdsuv s dr\u017e\u00e1kem va\u0159i\u010de na \"k\u0159\u00ed\u017eov\u00e9m v\u00fdsuvu postele\"<\/figcaption><\/figure><\/a><\/div>\t\t\t<\/div>\n\t\t\t\t\t\t\t\t\t\t\t\t<div class=\"elementor-swiper-button elementor-swiper-button-prev\" role=\"button\" tabindex=\"0\">\n\t\t\t\t\t\t<svg aria-hidden=\"true\" class=\"e-font-icon-svg e-eicon-chevron-left\" viewbox=\"0 0 1000 1000\" xmlns=\"http:\/\/www.w3.org\/2000\/svg\"><path d=\"M646 125C629 125 613 133 604 142L308 442C296 454 292 471 292 487 292 504 296 521 308 533L604 854C617 867 629 875 646 875 663 875 679 871 692 858 704 846 713 829 713 812 713 796 708 779 692 767L438 487 692 225C700 217 708 204 708 187 708 171 704 154 692 142 675 129 663 125 646 125Z\"><\/path><\/svg>\t\t\t\t\t<\/div>\n\t\t\t\t\t<div class=\"elementor-swiper-button elementor-swiper-button-next\" role=\"button\" tabindex=\"0\">\n\t\t\t\t\t\t<svg aria-hidden=\"true\" class=\"e-font-icon-svg e-eicon-chevron-right\" viewbox=\"0 0 1000 1000\" xmlns=\"http:\/\/www.w3.org\/2000\/svg\"><path d=\"M696 533C708 521 713 504 713 487 713 471 708 454 696 446L400 146C388 133 375 125 354 125 338 125 325 129 313 142 300 154 292 171 292 187 292 204 296 221 308 233L563 492 304 771C292 783 288 800 288 817 288 833 296 850 308 863 321 871 338 875 354 875 371 875 388 867 400 854L696 533Z\"><\/path><\/svg>\t\t\t\t\t<\/div>\n\t\t\t\t\n\t\t\t\t\t\t\t\t\t<div class=\"swiper-pagination\"><\/div>\n\t\t\t\t\t\t\t\t\t<\/div>\n\t\t\t\t\t\t<\/div>\n\t\t\t\t<\/div>\n\t\t\t\t\t<\/div>\n\t\t\t\t<\/div>\n\t\t\t\t<\/div>","protected":false},"excerpt":{"rendered":"<p><strong><span style=\"color: #dca54a;\">\u2714<\/span>\u00a0 <\/strong>Dr\u017e\u00e1k na va\u0159i\u010d k zav\u011b\u0161en\u00ed do z\u00e1suvky<br \/>\n<strong><span style=\"color: #dca54a;\">\u2714<\/span>\u00a0 <\/strong>Plynov\u00fd spor\u00e1k v\u010detn\u011b bezpe\u010dnostn\u00edho pilota<br \/>\n<strong><span style=\"color: #dca54a;\">\u2714<\/span>\u00a0 <\/strong>Vhodn\u00e9 pro ka\u017ed\u00fd z na\u0161ich modul\u016f<\/p>","protected":false},"featured_media":3335,"template":"","meta":{"_acf_changed":false,"iawp_total_views":1044},"product_brand":[],"product_cat":[59,57,58,55],"product_tag":[],"class_list":{"0":"post-6673","1":"product","2":"type-product","3":"status-publish","4":"has-post-thumbnail","6":"product_cat-grossraumtransporter","7":"product_cat-hochdachkombi","8":"product_cat-kleintransporter","9":"product_cat-zubehoer","10":"product_shipping_class-paketversand","12":"first","13":"instock","14":"taxable","15":"shipping-taxable","16":"purchasable","17":"product-type-variable"},"acf":[],"_links":{"self":[{"href":"https:\/\/vanfittery.de\/cs\/wp-json\/wp\/v2\/product\/6673","targetHints":{"allow":["GET"]}}],"collection":[{"href":"https:\/\/vanfittery.de\/cs\/wp-json\/wp\/v2\/product"}],"about":[{"href":"https:\/\/vanfittery.de\/cs\/wp-json\/wp\/v2\/types\/product"}],"version-history":[{"count":1,"href":"https:\/\/vanfittery.de\/cs\/wp-json\/wp\/v2\/product\/6673\/revisions"}],"predecessor-version":[{"id":13873,"href":"https:\/\/vanfittery.de\/cs\/wp-json\/wp\/v2\/product\/6673\/revisions\/13873"}],"wp:featuredmedia":[{"embeddable":true,"href":"https:\/\/vanfittery.de\/cs\/wp-json\/wp\/v2\/media\/3335"}],"wp:attachment":[{"href":"https:\/\/vanfittery.de\/cs\/wp-json\/wp\/v2\/media?parent=6673"}],"wp:term":[{"taxonomy":"product_brand","embeddable":true,"href":"https:\/\/vanfittery.de\/cs\/wp-json\/wp\/v2\/product_brand?post=6673"},{"taxonomy":"product_cat","embeddable":true,"href":"https:\/\/vanfittery.de\/cs\/wp-json\/wp\/v2\/product_cat?post=6673"},{"taxonomy":"product_tag","embeddable":true,"href":"https:\/\/vanfittery.de\/cs\/wp-json\/wp\/v2\/product_tag?post=6673"}],"curies":[{"name":"wp","href":"https:\/\/api.w.org\/{rel}","templated":true}]}}