{"id":6680,"date":"2025-02-10T13:45:15","date_gmt":"2025-02-10T12:45:15","guid":{"rendered":"https:\/\/vanfittery.de\/?post_type=product&#038;p=6680"},"modified":"2026-04-19T23:59:17","modified_gmt":"2026-04-19T21:59:17","slug":"zesilene-narazniky-zadnich-dveri-vw-caddy","status":"publish","type":"product","link":"https:\/\/vanfittery.de\/cs\/produkt\/verstaerkte-heckklappendaempfer-vw-caddy\/","title":{"rendered":"Zes\u00edlen\u00e9 tlumi\u010de zadn\u00edch dve\u0159\u00ed pro VW Caddy"},"content":{"rendered":"<h2>V\u011bt\u0161\u00ed stabilita pro va\u0161e zadn\u00ed dve\u0159e - i s nosi\u010dem zavazadel!<\/h2>\n<p>Na\u0161e zes\u00edlen\u00e9 tlumi\u010de zadn\u00edch dve\u0159\u00ed pro VW Caddy a Caddy Maxi (model 2K a SA, modelov\u00e9 roky 2003-2020) <strong>spolehliv\u011b udr\u017e\u00ed zadn\u00ed dve\u0159e otev\u0159en\u00e9<\/strong>, pokud nap\u0159\u00edklad\u00a0<strong>Nosi\u010d j\u00edzdn\u00edch kol, zadn\u00ed nosi\u010d nebo jin\u00e9 p\u0159\u00edslu\u0161enstv\u00ed na zadn\u00edch dve\u0159\u00edch<\/strong>\u00a0je namontov\u00e1n.<\/p>\n<p>V\u00fdsuvn\u00e1 s\u00edla tlumi\u010de zadn\u00edch dve\u0159\u00ed je 1180 N; to odpov\u00edd\u00e1 p\u0159\u00eddr\u017en\u00e9 s\u00edle na zav\u00edrac\u00ed rukojeti p\u0159ibli\u017en\u011b 21 kg (pozn\u00e1mka: tato hodnota se m\u016f\u017ee u r\u016fzn\u00fdch verz\u00ed nebo p\u0159i r\u016fzn\u00fdch teplot\u00e1ch li\u0161it). D\u00edky p\u00e1kov\u00fdm pom\u011br\u016fm udr\u017e\u00ed zadn\u00ed dve\u0159e otev\u0159en\u00e9 i podstatn\u011b t\u011b\u017e\u0161\u00ed b\u0159emena, pokud je jejich t\u011b\u017ei\u0161t\u011b \u201ev\u00fd\u0161e\u201c ne\u017e klika zav\u00edr\u00e1n\u00ed. To je p\u0159\u00edpad v\u011bt\u0161iny nosi\u010d\u016f j\u00edzdn\u00edch kol nebo zavazadel (viz p\u0159\u00edkladov\u00e9 fotografie).<\/p>\n<p>Kdy\u017e jsou zadn\u00ed dve\u0159e nezat\u00ed\u017een\u00e9, doch\u00e1z\u00ed ke zv\u00fd\u0161en\u00ed zav\u00edrac\u00ed s\u00edly.<\/p>\n<p>Instalaci zvl\u00e1dne b\u011bhem n\u011bkolika minut i neprofesion\u00e1l. Tlumi\u010de se jednodu\u0161e vym\u011bn\u00ed za p\u016fvodn\u00ed. Jedin\u00fdm pot\u0159ebn\u00fdm n\u00e1strojem je ploch\u00fd \u0161roubov\u00e1k.<\/p>\n<p>Instala\u010dn\u00ed video najdete zde:<\/p>\n<p><iframe hcb-fetch-image-from=\"https:\/\/youtu.be\/WC47f7qNW1Q\" title=\"Mont\u00e1\u017e zes\u00edlen\u00fdch tlumi\u010d\u016f zadn\u00edch dve\u0159\u00ed \/ plynov\u00fdch vzp\u011br na VW Caddy Camper, nap\u0159. pro nosi\u010de j\u00edzdn\u00edch kol\" width=\"800\" height=\"450\" src=\"https:\/\/www.youtube.com\/embed\/WC47f7qNW1Q?feature=oembed\" frameborder=\"0\" allow=\"accelerometer; autoplay; clipboard-write; encrypted-media; gyroscope; picture-in-picture; web-share\" referrerpolicy=\"strict-origin-when-cross-origin\" allowfullscreen><\/iframe><\/p>\n<p>Tlumi\u010de jsou vyr\u00e1b\u011bny p\u0159\u00edmo pro n\u00e1s podle specifikace. V\u00fdrobce: STABILUS, vyrobeno v N\u011bmecku.<\/p>\n<p>Cena za sadu (= 2 kusy), co\u017e znamen\u00e1, \u017ee pro jedno vozidlo je nutn\u00e9 objednat mno\u017estv\u00ed \u201e1\u201c.<\/p>","protected":false},"excerpt":{"rendered":"<p><strong><span style=\"color: #dca54a;\">\u2714<\/span><\/strong> Udr\u017euje zadn\u00ed dve\u0159e spolehliv\u011b otev\u0159en\u00e9<strong><br \/>\n<span style=\"color: #dca54a;\">\u2714 <\/span><\/strong>Jednoduch\u00e1 instalace b\u011bhem n\u011bkolika minut<strong><br \/>\n<span style=\"color: #dca54a;\">\u2714<\/span><\/strong> Vyrobeno v N\u011bmecku<strong><br \/>\n<span style=\"color: #dca54a;\">\u2714 <\/span><\/strong>Perfektn\u011b se hod\u00ed pro VW Caddy (2003-2020)<\/p>","protected":false},"featured_media":9546,"template":"","meta":{"_acf_changed":false,"iawp_total_views":2836},"product_brand":[],"product_cat":[57,55],"product_tag":[],"class_list":{"0":"post-6680","1":"product","2":"type-product","3":"status-publish","4":"has-post-thumbnail","6":"product_cat-hochdachkombi","7":"product_cat-zubehoer","8":"product_shipping_class-paketversand","10":"first","11":"instock","12":"sale","13":"taxable","14":"shipping-taxable","15":"purchasable","16":"product-type-simple"},"acf":[],"_links":{"self":[{"href":"https:\/\/vanfittery.de\/cs\/wp-json\/wp\/v2\/product\/6680","targetHints":{"allow":["GET"]}}],"collection":[{"href":"https:\/\/vanfittery.de\/cs\/wp-json\/wp\/v2\/product"}],"about":[{"href":"https:\/\/vanfittery.de\/cs\/wp-json\/wp\/v2\/types\/product"}],"version-history":[{"count":3,"href":"https:\/\/vanfittery.de\/cs\/wp-json\/wp\/v2\/product\/6680\/revisions"}],"predecessor-version":[{"id":14012,"href":"https:\/\/vanfittery.de\/cs\/wp-json\/wp\/v2\/product\/6680\/revisions\/14012"}],"wp:featuredmedia":[{"embeddable":true,"href":"https:\/\/vanfittery.de\/cs\/wp-json\/wp\/v2\/media\/9546"}],"wp:attachment":[{"href":"https:\/\/vanfittery.de\/cs\/wp-json\/wp\/v2\/media?parent=6680"}],"wp:term":[{"taxonomy":"product_brand","embeddable":true,"href":"https:\/\/vanfittery.de\/cs\/wp-json\/wp\/v2\/product_brand?post=6680"},{"taxonomy":"product_cat","embeddable":true,"href":"https:\/\/vanfittery.de\/cs\/wp-json\/wp\/v2\/product_cat?post=6680"},{"taxonomy":"product_tag","embeddable":true,"href":"https:\/\/vanfittery.de\/cs\/wp-json\/wp\/v2\/product_tag?post=6680"}],"curies":[{"name":"wp","href":"https:\/\/api.w.org\/{rel}","templated":true}]}}