{"id":8817,"date":"2025-03-31T10:41:45","date_gmt":"2025-03-31T08:41:45","guid":{"rendered":"https:\/\/vanfittery.de\/?post_type=product&#038;p=8817"},"modified":"2026-03-17T11:21:11","modified_gmt":"2026-03-17T10:21:11","slug":"podlahovy-panel-peugeot-traveller-l2-opel-zafira-live-renault-traffic-toyota-proace-verso-citroen-spacetourer","status":"publish","type":"product","link":"https:\/\/vanfittery.de\/cs\/produkt\/bodenplatte-peugeot-traveller-l2-opel-zafira-live-renault-traffic-toyota-proace-verso-citroen-spacetourer\/","title":{"rendered":"Podlahov\u00fd panel Peugeot Traveller L2, Opel Zafira Live, Renault Traffic, Toyota ProAce Verso, Citroen Spacetourer"},"content":{"rendered":"<p>N\u00e1\u0161 podlahov\u00fd panel pro vozidla skupiny PSA se skl\u00e1d\u00e1 ze 2 \u010d\u00e1st\u00ed.<\/p>\n<p>Na str\u00e1nk\u00e1ch <strong>V\u00fdpl\u0148ov\u00fd panel<\/strong> vyrovn\u00e1v\u00e1 nerovnosti podlahy a<strong> p\u016fvodn\u00ed koberec je ve stejn\u00e9 v\u00fd\u0161ce jako kolejnice.<\/strong>. To znamen\u00e1, \u017ee moduly lze um\u00edstit na rovn\u00fd povrch a st\u00e1le lze pou\u017e\u00edvat p\u016fvodn\u00ed syst\u00e9m kolejnic. Skl\u00e1d\u00e1 se z 12 mm siln\u00e9 b\u0159ezov\u00e9 desky multiplex.<\/p>\n<p><a href=\"https:\/\/vanfittery.de\/wp-content\/uploads\/2025\/03\/Fuellplatte-1.jpg\"><img fetchpriority=\"high\" decoding=\"async\" class=\"aligncenter wp-image-8821 size-medium\" src=\"https:\/\/vanfittery.de\/wp-content\/uploads\/2025\/03\/Fuellplatte-1-225x300.jpg\" alt=\"\" width=\"225\" height=\"300\" srcset=\"https:\/\/vanfittery.de\/wp-content\/uploads\/2025\/03\/Fuellplatte-1-225x300.jpg 225w, https:\/\/vanfittery.de\/wp-content\/uploads\/2025\/03\/Fuellplatte-1-768x1024.jpg 768w, https:\/\/vanfittery.de\/wp-content\/uploads\/2025\/03\/Fuellplatte-1-1152x1536.jpg 1152w, https:\/\/vanfittery.de\/wp-content\/uploads\/2025\/03\/Fuellplatte-1-800x1067.jpg 800w, https:\/\/vanfittery.de\/wp-content\/uploads\/2025\/03\/Fuellplatte-1.jpg 1156w\" sizes=\"(max-width: 225px) 100vw, 225px\" \/><\/a><\/p>\n<p>Upozorn\u011bn\u00ed: vzhledem k dlouh\u00fdm a \u00fazk\u00fdm d\u0159ev\u011bn\u00fdm li\u0161t\u00e1m mezi kolejnicemi a oblo\u017een\u00edm nemus\u00ed v\u00fdpl\u0148ov\u00fd panel le\u017eet 100% na podlaze rovn\u011b nebo vzd\u00e1lenost od vn\u011bj\u0161\u00ed kolejnice nemus\u00ed b\u00fdt 100% konstantn\u00ed - z principu to jinak nen\u00ed mo\u017en\u00e9.<\/p>\n<p>&nbsp;<\/p>\n<p>Na str\u00e1nk\u00e1ch <strong>Kryc\u00ed deska<\/strong> le\u017e\u00ed nad kolejnicemi, \u010d\u00edm\u017e se z n\u00e1kladov\u00e9ho prostoru st\u00e1v\u00e1 <strong>Zcela uzav\u0159en\u00fd a rovn\u00fd povrch<\/strong>. Skl\u00e1d\u00e1 se z 9 mm siln\u00e9 b\u0159ezov\u00e9 desky multiplex.<\/p>\n<p>&nbsp;<\/p>\n<p><a href=\"https:\/\/vanfittery.de\/wp-content\/uploads\/2025\/03\/Deckplatte-1-scaled.jpg\"><img decoding=\"async\" class=\"aligncenter wp-image-8820 size-medium\" src=\"https:\/\/vanfittery.de\/wp-content\/uploads\/2025\/03\/Deckplatte-1-225x300.jpg\" alt=\"\" width=\"225\" height=\"300\" srcset=\"https:\/\/vanfittery.de\/wp-content\/uploads\/2025\/03\/Deckplatte-1-225x300.jpg 225w, https:\/\/vanfittery.de\/wp-content\/uploads\/2025\/03\/Deckplatte-1-768x1024.jpg 768w, https:\/\/vanfittery.de\/wp-content\/uploads\/2025\/03\/Deckplatte-1-1152x1536.jpg 1152w, https:\/\/vanfittery.de\/wp-content\/uploads\/2025\/03\/Deckplatte-1-1536x2048.jpg 1536w, https:\/\/vanfittery.de\/wp-content\/uploads\/2025\/03\/Deckplatte-1-800x1067.jpg 800w, https:\/\/vanfittery.de\/wp-content\/uploads\/2025\/03\/Deckplatte-1-scaled.jpg 1920w\" sizes=\"(max-width: 225px) 100vw, 225px\" \/><\/a><\/p>\n<p>Oba panely lze se\u0161roubovat a vytvo\u0159it tak jeden celek.<\/p>\n<p>Proto\u017ee podlahov\u00e1 deska nen\u00ed k vozidlu p\u0159i\u0161roubov\u00e1na, doporu\u010dujeme moduly p\u0159ipevnit k p\u016fvodn\u00edm kolejnic\u00edm sedadel pomoc\u00ed adapt\u00e9r\u016f\/roubovan\u00fdch matic.<\/p>","protected":false},"excerpt":{"rendered":"<p>Unsere Bodenplatte f\u00fcr Fahrzeuge des PSA Konzerns besteht aus 2 Teilen. Die F\u00fcllplatte gleicht den unebenen Boden aus und bringt den originalen Teppichboden mit den Schienen auf eine H\u00f6he. Damit k\u00f6nnen Module auf eine ebene Fl\u00e4che gestellt werden und gleichzeitig das originale Schienensystem weiter verwendet werden. Sie besteht aus einer 12mm starken Birken-Multiplexplatte. Bitte beachte: [&hellip;]<\/p>\n","protected":false},"featured_media":8820,"template":"","meta":{"_acf_changed":false,"iawp_total_views":852},"product_brand":[],"product_cat":[58,55],"product_tag":[],"class_list":{"0":"post-8817","1":"product","2":"type-product","3":"status-publish","4":"has-post-thumbnail","6":"product_cat-kleintransporter","7":"product_cat-zubehoer","8":"product_shipping_class-spedition-l","10":"first","11":"instock","12":"taxable","13":"shipping-taxable","14":"purchasable","15":"product-type-variable"},"acf":[],"_links":{"self":[{"href":"https:\/\/vanfittery.de\/cs\/wp-json\/wp\/v2\/product\/8817","targetHints":{"allow":["GET"]}}],"collection":[{"href":"https:\/\/vanfittery.de\/cs\/wp-json\/wp\/v2\/product"}],"about":[{"href":"https:\/\/vanfittery.de\/cs\/wp-json\/wp\/v2\/types\/product"}],"version-history":[{"count":1,"href":"https:\/\/vanfittery.de\/cs\/wp-json\/wp\/v2\/product\/8817\/revisions"}],"predecessor-version":[{"id":13867,"href":"https:\/\/vanfittery.de\/cs\/wp-json\/wp\/v2\/product\/8817\/revisions\/13867"}],"wp:featuredmedia":[{"embeddable":true,"href":"https:\/\/vanfittery.de\/cs\/wp-json\/wp\/v2\/media\/8820"}],"wp:attachment":[{"href":"https:\/\/vanfittery.de\/cs\/wp-json\/wp\/v2\/media?parent=8817"}],"wp:term":[{"taxonomy":"product_brand","embeddable":true,"href":"https:\/\/vanfittery.de\/cs\/wp-json\/wp\/v2\/product_brand?post=8817"},{"taxonomy":"product_cat","embeddable":true,"href":"https:\/\/vanfittery.de\/cs\/wp-json\/wp\/v2\/product_cat?post=8817"},{"taxonomy":"product_tag","embeddable":true,"href":"https:\/\/vanfittery.de\/cs\/wp-json\/wp\/v2\/product_tag?post=8817"}],"curies":[{"name":"wp","href":"https:\/\/api.w.org\/{rel}","templated":true}]}}