{"id":11557,"date":"2025-10-02T13:53:08","date_gmt":"2025-10-02T11:53:08","guid":{"rendered":"https:\/\/vanfittery.de\/?page_id=11557"},"modified":"2026-02-04T16:51:42","modified_gmt":"2026-02-04T15:51:42","slug":"rumlige-begreber","status":"publish","type":"page","link":"https:\/\/vanfittery.de\/da\/raumkonzepte\/","title":{"rendered":"Koncepter for v\u00e6relser"},"content":{"rendered":"<div data-elementor-type=\"wp-page\" data-elementor-id=\"11557\" class=\"elementor elementor-11557\" data-elementor-post-type=\"page\">\n\t\t\t\t<div class=\"elementor-element elementor-element-8e79f7d gp e-flex e-con-boxed e-con e-parent\" data-id=\"8e79f7d\" data-element_type=\"container\" data-e-type=\"container\" data-settings=\"{&quot;background_background&quot;:&quot;classic&quot;}\">\n\t\t\t\t\t<div class=\"e-con-inner\">\n\t\t\t\t<div class=\"elementor-element elementor-element-3dab2d9 elementor-widget elementor-widget-heading\" data-id=\"3dab2d9\" data-element_type=\"widget\" data-e-type=\"widget\" data-widget_type=\"heading.default\">\n\t\t\t\t<div class=\"elementor-widget-container\">\n\t\t\t\t\t<h1 class=\"elementor-heading-title elementor-size-default\">Rumkoncepter i henhold til k\u00f8ret\u00f8jstype<\/h1>\t\t\t\t<\/div>\n\t\t\t\t<\/div>\n\t\t\t\t\t<\/div>\n\t\t\t\t<\/div>\n\t\t<div class=\"elementor-element elementor-element-f3db645 e-flex e-con-boxed e-con e-parent\" data-id=\"f3db645\" data-element_type=\"container\" data-e-type=\"container\" data-settings=\"{&quot;background_background&quot;:&quot;classic&quot;}\">\n\t\t\t\t\t<div class=\"e-con-inner\">\n\t\t\t\t<div class=\"elementor-element elementor-element-d4bb740 elementor-widget elementor-widget-text-editor\" data-id=\"d4bb740\" data-element_type=\"widget\" data-e-type=\"widget\" data-widget_type=\"text-editor.default\">\n\t\t\t\t<div class=\"elementor-widget-container\">\n\t\t\t\t\t\t\t\t\t<p><strong>V\u00e6lg din k\u00f8ret\u00f8jstype her for at f\u00e5 vist passende rumkoncepter.<\/strong><\/p>\t\t\t\t\t\t\t\t<\/div>\n\t\t\t\t<\/div>\n\t\t<div class=\"elementor-element elementor-element-400d38c e-grid e-con-full sektion-fzt e-con e-child\" data-id=\"400d38c\" data-element_type=\"container\" data-e-type=\"container\">\n\t\t\t\t<div class=\"elementor-element elementor-element-fe0f153 box-fzt no-shadow elementor-position-top elementor-widget elementor-widget-image-box\" data-id=\"fe0f153\" data-element_type=\"widget\" data-e-type=\"widget\" data-widget_type=\"image-box.default\">\n\t\t\t\t<div class=\"elementor-widget-container\">\n\t\t\t\t\t<div class=\"elementor-image-box-wrapper\"><figure class=\"elementor-image-box-img\"><a href=\"https:\/\/vanfittery.de\/da\/raumkonzepte\/hochdachkombis-kr\/\" tabindex=\"-1\"><img fetchpriority=\"high\" decoding=\"async\" width=\"384\" height=\"160\" src=\"https:\/\/vanfittery.de\/wp-content\/uploads\/2024\/12\/Hochdachkombi-KR-Grafik.png\" class=\"attachment-full size-full wp-image-1062\" alt=\"Stationcar med h\u00f8jt tag og kort akselafstand\" srcset=\"https:\/\/vanfittery.de\/wp-content\/uploads\/2024\/12\/Hochdachkombi-KR-Grafik.png 384w, https:\/\/vanfittery.de\/wp-content\/uploads\/2024\/12\/Hochdachkombi-KR-Grafik-300x125.png 300w\" sizes=\"(max-width: 384px) 100vw, 384px\" \/><\/a><\/figure><div class=\"elementor-image-box-content\"><p class=\"elementor-image-box-title\"><a href=\"https:\/\/vanfittery.de\/da\/raumkonzepte\/hochdachkombis-kr\/\">Kombi med h\u00f8jt tag (KR)<\/a><\/p><p class=\"elementor-image-box-description\">Kort akselafstand (f.eks. VW Caddy)<\/p><\/div><\/div>\t\t\t\t<\/div>\n\t\t\t\t<\/div>\n\t\t\t\t<div class=\"elementor-element elementor-element-7ddc018 box-fzt no-shadow elementor-position-top elementor-widget elementor-widget-image-box\" data-id=\"7ddc018\" data-element_type=\"widget\" data-e-type=\"widget\" data-widget_type=\"image-box.default\">\n\t\t\t\t<div class=\"elementor-widget-container\">\n\t\t\t\t\t<div class=\"elementor-image-box-wrapper\"><figure class=\"elementor-image-box-img\"><a href=\"https:\/\/vanfittery.de\/da\/raumkonzepte\/hochdachkombis-lr\/\" hochdachkombis-lr=\"test\" tabindex=\"-1\"><img decoding=\"async\" width=\"384\" height=\"160\" src=\"https:\/\/vanfittery.de\/wp-content\/uploads\/2024\/12\/Hochdachkombi-LR-Grafik.png\" class=\"attachment-full size-full wp-image-1063\" alt=\"Stationcar med h\u00f8jt tag og lang akselafstand\" srcset=\"https:\/\/vanfittery.de\/wp-content\/uploads\/2024\/12\/Hochdachkombi-LR-Grafik.png 384w, https:\/\/vanfittery.de\/wp-content\/uploads\/2024\/12\/Hochdachkombi-LR-Grafik-300x125.png 300w\" sizes=\"(max-width: 384px) 100vw, 384px\" \/><\/a><\/figure><div class=\"elementor-image-box-content\"><p class=\"elementor-image-box-title\"><a href=\"https:\/\/vanfittery.de\/da\/raumkonzepte\/hochdachkombis-lr\/\" hochdachkombis-lr=\"test\">Kombi med h\u00f8jt tag (LR)<\/a><\/p><p class=\"elementor-image-box-description\">Lang akselafstand (f.eks. VW Caddy Maxi)<\/p><\/div><\/div>\t\t\t\t<\/div>\n\t\t\t\t<\/div>\n\t\t\t\t<div class=\"elementor-element elementor-element-0270130 box-fzt no-shadow elementor-position-top elementor-widget elementor-widget-image-box\" data-id=\"0270130\" data-element_type=\"widget\" data-e-type=\"widget\" data-widget_type=\"image-box.default\">\n\t\t\t\t<div class=\"elementor-widget-container\">\n\t\t\t\t\t<div class=\"elementor-image-box-wrapper\"><figure class=\"elementor-image-box-img\"><a href=\"https:\/\/vanfittery.de\/da\/raumkonzepte\/kleintransporter\/\" tabindex=\"-1\"><img decoding=\"async\" width=\"384\" height=\"160\" src=\"https:\/\/vanfittery.de\/wp-content\/uploads\/2024\/12\/Kleintransporter-Grafik.png\" class=\"attachment-full size-full wp-image-1064\" alt=\"Varevogne\" srcset=\"https:\/\/vanfittery.de\/wp-content\/uploads\/2024\/12\/Kleintransporter-Grafik.png 384w, https:\/\/vanfittery.de\/wp-content\/uploads\/2024\/12\/Kleintransporter-Grafik-300x125.png 300w\" sizes=\"(max-width: 384px) 100vw, 384px\" \/><\/a><\/figure><div class=\"elementor-image-box-content\"><p class=\"elementor-image-box-title\"><a href=\"https:\/\/vanfittery.de\/da\/raumkonzepte\/kleintransporter\/\">Varevogne<\/a><\/p><p class=\"elementor-image-box-description\">(f.eks. Ford Tourneo)<\/p><\/div><\/div>\t\t\t\t<\/div>\n\t\t\t\t<\/div>\n\t\t\t\t<div class=\"elementor-element elementor-element-290b4ea box-fzt no-shadow elementor-position-top elementor-widget elementor-widget-image-box\" data-id=\"290b4ea\" data-element_type=\"widget\" data-e-type=\"widget\" data-widget_type=\"image-box.default\">\n\t\t\t\t<div class=\"elementor-widget-container\">\n\t\t\t\t\t<div class=\"elementor-image-box-wrapper\"><figure class=\"elementor-image-box-img\"><a href=\"https:\/\/vanfittery.de\/da\/raumkonzepte\/grossraumtransporter\/\" tabindex=\"-1\"><img loading=\"lazy\" decoding=\"async\" width=\"384\" height=\"160\" src=\"https:\/\/vanfittery.de\/wp-content\/uploads\/2024\/12\/Grossraumtransporter-Grafik.png\" class=\"attachment-full size-full wp-image-1061\" alt=\"Transport\u00f8r med h\u00f8j kapacitet\" srcset=\"https:\/\/vanfittery.de\/wp-content\/uploads\/2024\/12\/Grossraumtransporter-Grafik.png 384w, https:\/\/vanfittery.de\/wp-content\/uploads\/2024\/12\/Grossraumtransporter-Grafik-300x125.png 300w\" sizes=\"(max-width: 384px) 100vw, 384px\" \/><\/a><\/figure><div class=\"elementor-image-box-content\"><p class=\"elementor-image-box-title\"><a href=\"https:\/\/vanfittery.de\/da\/raumkonzepte\/grossraumtransporter\/\">Transport\u00f8r med h\u00f8j kapacitet<\/a><\/p><p class=\"elementor-image-box-description\">(f.eks. MAN TGE)<\/p><\/div><\/div>\t\t\t\t<\/div>\n\t\t\t\t<\/div>\n\t\t\t\t<\/div>\n\t\t\t\t<div class=\"elementor-element elementor-element-0622946 elementor-widget elementor-widget-text-editor\" data-id=\"0622946\" data-element_type=\"widget\" data-e-type=\"widget\" data-widget_type=\"text-editor.default\">\n\t\t\t\t<div class=\"elementor-widget-container\">\n\t\t\t\t\t\t\t\t\t<p>Er du ikke sikker p\u00e5, hvilken k\u00f8ret\u00f8jstype der er den rigtige for dig? Her kan du finde vores <a href=\"\/da\/oversigt-over-koretojstyper\/\" target=\"_blank\" rel=\"noopener\">Oversigt over k\u00f8ret\u00f8jer<\/a>.<\/p>\t\t\t\t\t\t\t\t<\/div>\n\t\t\t\t<\/div>\n\t\t\t\t\t<\/div>\n\t\t\t\t<\/div>\n\t\t<div class=\"elementor-element elementor-element-f2cf09a sgp e-flex e-con-boxed e-con e-parent\" data-id=\"f2cf09a\" data-element_type=\"container\" data-e-type=\"container\">\n\t\t\t\t\t<div class=\"e-con-inner\">\n\t\t<div class=\"elementor-element elementor-element-28fe932 e-con-full sw e-flex e-con e-child\" data-id=\"28fe932\" data-element_type=\"container\" data-e-type=\"container\">\n\t\t\t\t<div class=\"elementor-element elementor-element-654aff7 elementor-widget elementor-widget-heading\" data-id=\"654aff7\" data-element_type=\"widget\" data-e-type=\"widget\" data-widget_type=\"heading.default\">\n\t\t\t\t<div class=\"elementor-widget-container\">\n\t\t\t\t\t<h2 class=\"elementor-heading-title elementor-size-default\">Vores koncept: et nyt syn p\u00e5 ombygning af autocampere\n<\/h2>\t\t\t\t<\/div>\n\t\t\t\t<\/div>\n\t\t\t\t<div class=\"elementor-element elementor-element-da3b792 elementor-widget elementor-widget-text-editor\" data-id=\"da3b792\" data-element_type=\"widget\" data-e-type=\"widget\" data-widget_type=\"text-editor.default\">\n\t\t\t\t<div class=\"elementor-widget-container\">\n\t\t\t\t\t\t\t\t\t<p>Konventionelle ombygninger af autocampere er ofte dyre, tunge og holdbare. VANFITTERY-konceptet tilbyder et fleksibelt alternativ: Vores modul\u00e6re campingl\u00f8sninger passer ind i forskellige k\u00f8ret\u00f8jstyper. For eksempel er der moduler til varevogne med h\u00f8jt tag - uanset om det er VW Caddy eller Fiat Doblo. I stedet for en fast udbygning f\u00e5r du pr\u00e6fabrikerede moduler, der er udstyret med en specialtilpasset <strong data-start=\"514\" data-end=\"525\">Tilpasning<\/strong> v\u00e6re tilpasset pr\u00e6cis til dit k\u00f8ret\u00f8j.<\/p>\t\t\t\t\t\t\t\t<\/div>\n\t\t\t\t<\/div>\n\t\t\t\t<div class=\"elementor-element elementor-element-9e15ba4 elementor-widget elementor-widget-text-editor\" data-id=\"9e15ba4\" data-element_type=\"widget\" data-e-type=\"widget\" data-widget_type=\"text-editor.default\">\n\t\t\t\t<div class=\"elementor-widget-container\">\n\t\t\t\t\t\t\t\t\t<p data-start=\"572\" data-end=\"985\">Ligesom i IKEA kan du fleksibelt sammens\u00e6tte dit setup af sove-, k\u00f8kken- og opbevaringsmoduler. H\u00f8jdepunktet: Modulerne fastg\u00f8res ganske enkelt med sp\u00e6ndeb\u00e5nd. <strong data-start=\"741\" data-end=\"772\">Uden skruer, uden at bore<\/strong>. Det giver dig mulighed for at omdanne dit k\u00f8ret\u00f8j til en autocamper p\u00e5 f\u00e5 minutter og g\u00f8re det om igen lige s\u00e5 hurtigt. Perfekt til alle, der bruger deres varevogn til daglig og gerne vil ud p\u00e5 eventyr i weekenden.<\/p><p data-start=\"987\" data-end=\"1220\">Takket v\u00e6re den konsekvente letv\u00e6gtskonstruktion forbliver dit k\u00f8ret\u00f8j effektivt og man\u00f8vredygtigt. Du kan konfigurere dine moduler individuelt i vores butik og realisere dit DIY-projekt sammen med vores tilbeh\u00f8r - for maksimal frihed i din camperombygning.<\/p>\t\t\t\t\t\t\t\t<\/div>\n\t\t\t\t<\/div>\n\t\t\t\t<div class=\"elementor-element elementor-element-fe0a517 elementor--v-position-bottom smt elementor--h-position-center elementor-arrows-position-inside elementor-pagination-position-inside elementor-widget elementor-widget-slides\" data-id=\"fe0a517\" data-element_type=\"widget\" data-e-type=\"widget\" data-settings=\"{&quot;navigation&quot;:&quot;both&quot;,&quot;infinite&quot;:&quot;yes&quot;,&quot;transition&quot;:&quot;slide&quot;,&quot;transition_speed&quot;:500}\" data-widget_type=\"slides.default\">\n\t\t\t\t<div class=\"elementor-widget-container\">\n\t\t\t\t\t\t\t\t\t<div class=\"elementor-swiper\">\n\t\t\t\t\t<div class=\"elementor-slides-wrapper elementor-main-swiper swiper\" role=\"region\" aria-roledescription=\"carousel\" aria-label=\"Slider\" dir=\"ltr\" data-animation=\"fadeInDown\">\n\t\t\t\t<div class=\"swiper-wrapper elementor-slides\">\n\t\t\t\t\t\t\t\t\t\t<div class=\"elementor-repeater-item-1a7e671 swiper-slide\" role=\"group\" aria-roledescription=\"slide\"><div class=\"swiper-slide-bg\" role=\"img\" aria-label=\"En smilende person sidder ved den \u00e5bne d\u00f8r til en autocamper og nyder naturen.\"><\/div><div class=\"elementor-background-overlay\"><\/div><div class=\"swiper-slide-inner\" ><div class=\"swiper-slide-contents\"><\/div><\/div><\/div><div class=\"elementor-repeater-item-6abc6b4 swiper-slide\" role=\"group\" aria-roledescription=\"slide\"><div class=\"swiper-slide-bg\" role=\"img\" aria-label=\"Interi\u00f8ret i et campingk\u00f8ret\u00f8j med sovesystem og opbevaringsplads til campingm\u00f8bler samt en cykel i k\u00f8ret\u00f8jet.\"><\/div><div class=\"elementor-background-overlay\"><\/div><div class=\"swiper-slide-inner\" ><div class=\"swiper-slide-contents\"><\/div><\/div><\/div><div class=\"elementor-repeater-item-03b3d13 swiper-slide\" role=\"group\" aria-roledescription=\"slide\"><div class=\"swiper-slide-bg\" role=\"img\" aria-label=\"Moderne campingk\u00f8kken i en varevogn med tr\u00e6bordplade, opbevaringsplads og udsigt til en s\u00f8 i baggrunden.\"><\/div><div class=\"elementor-background-overlay\"><\/div><div class=\"swiper-slide-inner\" ><div class=\"swiper-slide-contents\"><\/div><\/div><\/div><div class=\"elementor-repeater-item-47e44b0 swiper-slide\" role=\"group\" aria-roledescription=\"slide\"><div class=\"swiper-slide-bg\" role=\"img\" aria-label=\"Et campingk\u00f8ret\u00f8j med et udfoldeligt k\u00f8kkenmodul og et sovesystem indvendigt, ideelt til udend\u00f8rs eventyr.\"><\/div><div class=\"elementor-background-overlay\"><\/div><div class=\"swiper-slide-inner\" ><div class=\"swiper-slide-contents\"><\/div><\/div><\/div>\t\t\t\t<\/div>\n\t\t\t\t\t\t\t\t\t\t\t\t\t\t\t<div class=\"elementor-swiper-button elementor-swiper-button-prev\" role=\"button\" tabindex=\"0\" aria-label=\"Forrige slide\">\n\t\t\t\t\t\t\t<svg aria-hidden=\"true\" class=\"e-font-icon-svg e-eicon-chevron-left\" viewbox=\"0 0 1000 1000\" xmlns=\"http:\/\/www.w3.org\/2000\/svg\"><path d=\"M646 125C629 125 613 133 604 142L308 442C296 454 292 471 292 487 292 504 296 521 308 533L604 854C617 867 629 875 646 875 663 875 679 871 692 858 704 846 713 829 713 812 713 796 708 779 692 767L438 487 692 225C700 217 708 204 708 187 708 171 704 154 692 142 675 129 663 125 646 125Z\"><\/path><\/svg>\t\t\t\t\t\t<\/div>\n\t\t\t\t\t\t<div class=\"elementor-swiper-button elementor-swiper-button-next\" role=\"button\" tabindex=\"0\" aria-label=\"N\u00e6ste slide\">\n\t\t\t\t\t\t\t<svg aria-hidden=\"true\" class=\"e-font-icon-svg e-eicon-chevron-right\" viewbox=\"0 0 1000 1000\" xmlns=\"http:\/\/www.w3.org\/2000\/svg\"><path d=\"M696 533C708 521 713 504 713 487 713 471 708 454 696 446L400 146C388 133 375 125 354 125 338 125 325 129 313 142 300 154 292 171 292 187 292 204 296 221 308 233L563 492 304 771C292 783 288 800 288 817 288 833 296 850 308 863 321 871 338 875 354 875 371 875 388 867 400 854L696 533Z\"><\/path><\/svg>\t\t\t\t\t\t<\/div>\n\t\t\t\t\t\t\t\t\t\t\t\t\t\t\t\t<div class=\"swiper-pagination\"><\/div>\n\t\t\t\t\t\t\t\t\t\t\t\t<\/div>\n\t\t\t\t<\/div>\n\t\t\t\t\t\t\t\t<\/div>\n\t\t\t\t<\/div>\n\t\t\t\t<\/div>\n\t\t\t\t\t<\/div>\n\t\t\t\t<\/div>\n\t\t\t\t<\/div>","protected":false},"excerpt":{"rendered":"<p>Raumkonzepte nach Fahrzeugtyp W\u00e4hle hier deinen Fahrzeugtyp aus, um passende Raumkonzepte\u200b anzuzeigen. Hochdachkombi (KR) Kurzer Radstand (z.\u00a0B. VW Caddy) Hochdachkombi (LR) Langer Radstand (z.\u00a0B. VW Caddy Maxi) Kleintransporter (z.\u00a0B. Ford Tourneo) Gro\u00dfraum&shy;transporter (z. B. MAN TGE) Nicht sicher, welcher Fahrzeugtyp der richtige ist? Hier findest du unsere Fahrzeug-\u00dcbersicht. Unser Konzept: Camperausbau neu gedacht Herk\u00f6mmliche Camperausbauten [&hellip;]<\/p>\n","protected":false},"author":5,"featured_media":0,"parent":0,"menu_order":0,"comment_status":"closed","ping_status":"closed","template":"","meta":{"_acf_changed":false,"iawp_total_views":6049,"footnotes":""},"class_list":["post-11557","page","type-page","status-publish","hentry"],"acf":[],"_links":{"self":[{"href":"https:\/\/vanfittery.de\/da\/wp-json\/wp\/v2\/pages\/11557","targetHints":{"allow":["GET"]}}],"collection":[{"href":"https:\/\/vanfittery.de\/da\/wp-json\/wp\/v2\/pages"}],"about":[{"href":"https:\/\/vanfittery.de\/da\/wp-json\/wp\/v2\/types\/page"}],"author":[{"embeddable":true,"href":"https:\/\/vanfittery.de\/da\/wp-json\/wp\/v2\/users\/5"}],"replies":[{"embeddable":true,"href":"https:\/\/vanfittery.de\/da\/wp-json\/wp\/v2\/comments?post=11557"}],"version-history":[{"count":0,"href":"https:\/\/vanfittery.de\/da\/wp-json\/wp\/v2\/pages\/11557\/revisions"}],"wp:attachment":[{"href":"https:\/\/vanfittery.de\/da\/wp-json\/wp\/v2\/media?parent=11557"}],"curies":[{"name":"wp","href":"https:\/\/api.w.org\/{rel}","templated":true}]}}