{"id":14605,"date":"2026-05-07T20:54:59","date_gmt":"2026-05-07T18:54:59","guid":{"rendered":"https:\/\/vanfittery.de\/?page_id=14605"},"modified":"2026-05-11T12:53:46","modified_gmt":"2026-05-11T10:53:46","slug":"schweiz","status":"publish","type":"page","link":"https:\/\/vanfittery.de\/da\/versand__lieferung\/schweiz\/","title":{"rendered":"Info om schweiziske ordrer (forsendelse og skat)"},"content":{"rendered":"<h1 class=\"wp-block-heading\">Info til schweiziske ordrer: Forsendelse, afhentning, betaling og skat<\/h1>\n\n\n\n<p>Hvis du bestiller hos os fra Schweiz, har du to muligheder for, hvordan dine varer bliver leveret til dig, og hvordan skattebehandlingen foreg\u00e5r. <\/p>\n\n\n\n<figure class=\"wp-block-table\"><table class=\"has-fixed-layout\"><thead><tr><th class=\"has-text-align-left\" data-align=\"left\">Funktion<\/th><th class=\"has-text-align-left\" data-align=\"left\">Mulighed 1: Direkte forsendelse (behandling via MeinEinkauf)<\/th><th class=\"has-text-align-left\" data-align=\"left\">Mulighed 2: Egen import (afhentning\/gr\u00e6nsehandel)<\/th><\/tr><\/thead><tbody><tr><td class=\"has-text-align-left\" data-align=\"left\"><strong>Leveringsadresse<\/strong><\/td><td class=\"has-text-align-left\" data-align=\"left\">Din adresse i Schweiz (<strong>Ingen registrering hos MeinEinkauf n\u00f8dvendig!<\/strong>)<\/td><td class=\"has-text-align-left\" data-align=\"left\">Adresse i Tyskland (pakkeshop\/afhentning)<\/td><\/tr><tr><td class=\"has-text-align-left\" data-align=\"left\"><strong>Procedure<\/strong><\/td><td class=\"has-text-align-left\" data-align=\"left\">Bestil med en schweizisk adresse \u2192 Tag imod pakken ved hovedd\u00f8ren. Ingen ekstra omkostninger, ingen ekstra indsats.<\/td><td class=\"has-text-align-left\" data-align=\"left\">Bestil med tysk leveringsadresse \u2192 afhent selv i DE \u2192 stempl i tolden \u2192 send kvittering til os med posten.<\/td><\/tr><tr><td class=\"has-text-align-left\" data-align=\"left\"><strong>Moms i butikken<\/strong><\/td><td class=\"has-text-align-left\" data-align=\"left\">8.1 % (schweizisk s\u00e6t)<\/td><td class=\"has-text-align-left\" data-align=\"left\">19 % (tysk s\u00e6t)<\/td><\/tr><tr><td class=\"has-text-align-left\" data-align=\"left\"><strong>Told<\/strong><\/td><td class=\"has-text-align-left\" data-align=\"left\">Inkluderet i den faste forsendelsespris<\/td><td class=\"has-text-align-left\" data-align=\"left\">Selvst\u00e6ndig toldbehandling<\/td><\/tr><tr><td class=\"has-text-align-left\" data-align=\"left\"><strong>Tilbagebetaling af moms<\/strong><\/td><td class=\"has-text-align-left\" data-align=\"left\">Ingen (da 8.1 % importafgift opkr\u00e6ves direkte)<\/td><td class=\"has-text-align-left\" data-align=\"left\">Ja, efter manuelt bevis for eksport (minus vores behandlingsgebyr p\u00e5 \u20ac150)<\/td><\/tr><tr><td class=\"has-text-align-left\" data-align=\"left\"><strong>Din ekstra indsats<\/strong><\/td><td class=\"has-text-align-left\" data-align=\"left\">Ingen (som normal ordre)<\/td><td class=\"has-text-align-left\" data-align=\"left\">H\u00f8j (afhentning af varer, fortoldning og kvittering for postforsendelse)<\/td><\/tr><tr><td class=\"has-text-align-left\" data-align=\"left\"><strong>Anbefaling<\/strong><\/td><td class=\"has-text-align-left\" data-align=\"left\">Ideel til bekvem hjemmelevering uden bureaukratisk besv\u00e6r.<\/td><td class=\"has-text-align-left\" data-align=\"left\">Kun for kunder, der ikke er bange for den ekstra indsats.<\/td><\/tr><tr><td class=\"has-text-align-left\" data-align=\"left\"><strong>Betaling<\/strong><\/td><td class=\"has-text-align-left\" data-align=\"left\">Ingen begr\u00e6nsninger.<\/td><td class=\"has-text-align-left\" data-align=\"left\">Vi anbefaler betaling med PayPal eller forudbetaling, da betaling med kreditkort eller f.eks. Klarna nogle gange afvises, hvis telefonnummerets omr\u00e5dekode ikke stemmer overens med leveringsadressens land.<\/td><\/tr><\/tbody><\/table><\/figure>\n\n\n\n<h2 class=\"wp-block-heading\">Mulighed 1: Direkte forsendelse til Schweiz (via MeinEinkauf)<\/h2>\n\n\n\n<p>Dette er standardl\u00f8sningen for direkte forsendelse til Schweiz, hvis du \u00f8nsker at f\u00e5 din ordre leveret direkte til dit hjem.<\/p>\n\n\n\n<p><strong>S\u00e5 enkelt er det:<\/strong> <br>Du bestiller som normalt i vores butik og indtaster din schweiziske leveringsadresse. <span style=\"text-decoration: underline;\">Du skal <strong>ikke <\/strong>Registrer dig p\u00e5 forh\u00e5nd p\u00e5 MeinEinkauf.ch og f\u00e5 brug for <strong>ingen <\/strong>separat konto hos MeinEinkauf.<\/span> Hele processen k\u00f8rer helt automatisk for dig i baggrunden.<\/p>\n\n\n\n<p>Den schweiziske moms (8.1 %) og forsendelsesomkostninger vises direkte i vores butik. <strong>Alle omkostninger til fortoldning og behandling er allerede inkluderet i vores faste forsendelsesgebyr.<\/strong> <strong>Der venter dig ingen ekstra omkostninger, og du har ingen manuel indsats.<\/strong><\/p>\n\n\n\n<p>MeinEinkauf.ch tager sig af fortoldning og betaling af schweizisk importskat (8.1 %) for dig. Du vil modtage fakturaen fra MeinEinkauf AG pr\u00e6cis som du betalte den ved vores kasse. Efterf\u00f8lgende refusion af tysk moms fra os er ikke mulig med denne mulighed.<\/p>\n\n\n\n<h2 class=\"wp-block-heading\">Mulighed 2: Egen import med momsrefusion<\/h2>\n\n\n\n<p>Hvis du selv eksporterer varerne til Schweiz, kan du f\u00e5 den tyske moms (19 %) tilbage fra os. Vi tilbyder to m\u00e5der at g\u00f8re det p\u00e5. <\/p>\n\n\n\n<blockquote class=\"wp-block-quote is-layout-flow wp-block-quote-is-layout-flow\">\n<p><\/p>\n<\/blockquote>\n\n\n\n<p class=\"has-border-color has-background\" style=\"border-color:#dca54a;border-width:2px;border-top-left-radius:10px;border-top-right-radius:10px;border-bottom-left-radius:10px;border-bottom-right-radius:10px;background-color:#fff7eb\">For denne service opkr\u00e6ver vi et gebyr for schweiziske faktureringsadresser. <strong>Behandlings- og risikogebyr p\u00e5 \u20ac 150,00<\/strong> (netto). Dette bel\u00f8b tr\u00e6kkes direkte fra det momsbel\u00f8b, der skal tilbagebetales.<\/p>\n\n\n\n<h3 class=\"wp-block-heading\">2.1 Afhentning direkte fra VANFITTERY<\/h3>\n\n\n\n<p>Du v\u00e6lger \u201eAfhentning\u201c i kassen og modtager dine varer direkte p\u00e5 vores lokation i Tyskland.<\/p>\n\n\n\n<h3 class=\"wp-block-heading\">2.2 Levering til en tysk gr\u00e6nsepakkeshop<\/h3>\n\n\n\n<p>Du f\u00e5r din ordre leveret til en pakkeshop ved den tyske gr\u00e6nse (f.eks. i L\u00f6rrach, Konstanz eller Weil am Rhein).<\/p>\n\n\n\n<h3 class=\"wp-block-heading\">Refusionsprocessen (for egen import)<\/h3>\n\n\n\n<p>F\u00f8lgende procedure skal f\u00f8lges, s\u00e5 vi kan refundere momsen til dig p\u00e5 en juridisk sikker m\u00e5de, efter at du selv har importeret varerne:<\/p>\n\n\n\n<ol class=\"wp-block-list\">\n<li><strong>Bestilling og betaling:<\/strong> Du bestiller med din schweiziske faktureringsadresse og v\u00e6lger en tysk leveringsadresse eller afhentning. Du betaler f\u00f8rst det fulde tyske bruttobel\u00f8b (inkl. 19 % moms).<br><\/li>\n\n\n\n<li><strong>Gr\u00e6nseovergang:<\/strong> N\u00e5r du forlader Tyskland, skal du returnere varerne til <strong>Tyske skikke<\/strong> demonstrere eksporten. Du har registreret eksporten p\u00e5 den originale faktura eller en eksportkvittering med en <strong>Originalt servicestempel<\/strong> (eksport i forbindelse med ikke-kommercielle rejser).<br><\/li>\n\n\n\n<li><strong>Postforsendelse af kvitteringen:<\/strong> Du sender os den <strong>Original kvittering med det fysiske toldstempel med posten<\/strong> til. Scanninger, fotos eller e-mails anerkendes ikke af skattev\u00e6senet som bevis for eksport.<br><\/li>\n\n\n\n<li><strong>Revision og refusion:<\/strong> N\u00e5r vi har modtaget og kontrolleret den originale kvittering, annullerer vi den oprindelige faktura og udsteder en ny faktura for en afgiftsfri eksportlevering. Vi refunderer momsen minus vores engangsbel\u00f8b til dit oprindelige betalingsmiddel.<\/li>\n<\/ol>\n\n\n\n<h3 class=\"wp-block-heading\">Behandlings- og risikogebyr<\/h3>\n\n\n\n<p>Den manuelle skattebehandling af eksporttransaktioner, annullering og genskabelse af kvitteringer og den lovmedholdelige arkivering af de originale dokumenter betyder en betydelig m\u00e6ngde ekstra administrativt arbejde for os. Som virksomhed b\u00e6rer vi ogs\u00e5 den \u00f8konomiske risiko for skattemyndighedernes eventuelle afvisning af beviser.<\/p>\n\n\n\n<p>For denne service opkr\u00e6ver vi et gebyr for schweiziske faktureringsadresser. <strong>Behandlings- og risikogebyr p\u00e5 \u20ac 150,00<\/strong>. Dette bel\u00f8b tr\u00e6kkes direkte fra det momsbel\u00f8b, der skal tilbagebetales.<\/p>\n\n\n\n<h3 class=\"wp-block-heading\">Vigtig juridisk information<\/h3>\n\n\n\n<ul class=\"wp-block-list\">\n<li><strong>Deadlines:<\/strong> Bevis for eksport skal sendes til os inden for tre m\u00e5neder efter k\u00f8bet.<br><\/li>\n\n\n\n<li><strong>Schweizisk importafgift:<\/strong> Bem\u00e6rk, at du ved import til Schweiz skal betale schweizisk moms (8.1 %) og eventuelle toldafgifter direkte til de schweiziske myndigheder. Dette er uafh\u00e6ngigt af vores refusion af den tyske skat.<br><\/li>\n\n\n\n<li><strong>Betalingsmetoder:<\/strong> Vi anbefaler betaling med <strong>PayPal eller forudbetaling<\/strong>, da betaling med kreditkort eller Klarna f.eks. nogle gange afvises, hvis telefonnummerets omr\u00e5dekode ikke stemmer overens med leveringsadressens land.<\/li>\n<\/ul>\n\n\n\n<p><\/p>","protected":false},"excerpt":{"rendered":"<p>Infos f\u00fcr Schweizer Bestellungen: Versand, Abholung, Zahlung &amp; Steuer Wenn du aus der Schweiz bei uns bestellst, hast du zwei M\u00f6glichkeiten, wie deine Ware zu dir kommt und wie die steuerliche Abwicklung erfolgt. Merkmal Option 1: Direktversand (Abwicklung \u00fcber MeinEinkauf) Option 2: Eigenimport (Abholung\/Grenzshop) Lieferadresse Deine Adresse in der Schweiz (keine Registrierung bei MeinEinkauf notwendig!) [&hellip;]<\/p>\n","protected":false},"author":5,"featured_media":0,"parent":1524,"menu_order":0,"comment_status":"closed","ping_status":"closed","template":"","meta":{"_acf_changed":false,"iawp_total_views":3,"footnotes":""},"class_list":["post-14605","page","type-page","status-publish","hentry"],"acf":[],"_links":{"self":[{"href":"https:\/\/vanfittery.de\/da\/wp-json\/wp\/v2\/pages\/14605","targetHints":{"allow":["GET"]}}],"collection":[{"href":"https:\/\/vanfittery.de\/da\/wp-json\/wp\/v2\/pages"}],"about":[{"href":"https:\/\/vanfittery.de\/da\/wp-json\/wp\/v2\/types\/page"}],"author":[{"embeddable":true,"href":"https:\/\/vanfittery.de\/da\/wp-json\/wp\/v2\/users\/5"}],"replies":[{"embeddable":true,"href":"https:\/\/vanfittery.de\/da\/wp-json\/wp\/v2\/comments?post=14605"}],"version-history":[{"count":10,"href":"https:\/\/vanfittery.de\/da\/wp-json\/wp\/v2\/pages\/14605\/revisions"}],"predecessor-version":[{"id":14666,"href":"https:\/\/vanfittery.de\/da\/wp-json\/wp\/v2\/pages\/14605\/revisions\/14666"}],"up":[{"embeddable":true,"href":"https:\/\/vanfittery.de\/da\/wp-json\/wp\/v2\/pages\/1524"}],"wp:attachment":[{"href":"https:\/\/vanfittery.de\/da\/wp-json\/wp\/v2\/media?parent=14605"}],"curies":[{"name":"wp","href":"https:\/\/api.w.org\/{rel}","templated":true}]}}