{"id":1530,"date":"2025-01-06T15:39:07","date_gmt":"2025-01-06T14:39:07","guid":{"rendered":"https:\/\/vanfittery.de\/allgemeine_geschaeftsbedingungen\/"},"modified":"2026-04-29T11:21:48","modified_gmt":"2026-04-29T09:21:48","slug":"generelle_vilkar_og_betingelser","status":"publish","type":"page","link":"https:\/\/vanfittery.de\/da\/allgemeine_geschaeftsbedingungen\/","title":{"rendered":"Generelle vilk\u00e5r og betingelser med kundeinformation"},"content":{"rendered":"<h1 class=\"wp-block-heading\">Generelle vilk\u00e5r og betingelser med kundeinformation<\/h1>\n\n\n\n<p>1. Anvendelsesomr\u00e5de<br>2. Tilbud og servicebeskrivelser<br>3. Bestillingsproces og indg\u00e5else af kontrakt<br>4. Priser og forsendelsesomkostninger<br>5. Levering, tilg\u00e6ngelighed af varer<br>6. Betalingsmetoder<br>7. Forbehold for ejendomsret<br>8. Kundekonto<br>9 Garanti for materialefejl og garanti<br>10. Ansvar<br>11. Opbevaring af kontraktteksten<br>12. Afsluttende bestemmelser<\/p>\n\n\n\n<p><strong>1. Anvendelsesomr\u00e5de<\/strong><br>1.1 Forretningsforholdet mellem VANFITTERY - CzoppikEngineering GmbH, Hauptstra\u00dfe 40, 84103 Postau (i det f\u00f8lgende ben\u00e6vnt \u201es\u00e6lger\u201c) og kunden (i det f\u00f8lgende ben\u00e6vnt \u201ekunden\u201c) reguleres udelukkende af de f\u00f8lgende generelle vilk\u00e5r og betingelser i den version, der er g\u00e6ldende p\u00e5 ordretidspunktet.<\/p>\n\n\n\n<p>1.2 En forbruger i henhold til disse GTC er enhver fysisk person, der indg\u00e5r en juridisk transaktion til et form\u00e5l, der ikke prim\u00e6rt kan tilskrives deres kommercielle eller uafh\u00e6ngige professionelle aktivitet. En iv\u00e6rks\u00e6tter er en fysisk eller juridisk person eller et partnerskab med juridisk kapacitet, der, n\u00e5r de indg\u00e5r en juridisk transaktion, handler under ud\u00f8velse af deres kommercielle eller uafh\u00e6ngige professionelle aktivitet.<\/p>\n\n\n\n<p>1.3 Afvigende vilk\u00e5r og betingelser fra kunden anerkendes ikke, medmindre s\u00e6lger udtrykkeligt accepterer deres gyldighed.<\/p>\n\n\n\n<p><strong>2. Tilbud og servicebeskrivelser<\/strong><br>2.1 Pr\u00e6sentationen af produkterne i webshoppen udg\u00f8r ikke et juridisk bindende tilbud, men en opfordring til at afgive en ordre. Servicebeskrivelser i kataloger og p\u00e5 s\u00e6lgers hjemmesider har ikke karakter af en forsikring eller garanti.<\/p>\n\n\n\n<p>2.2 Alle tilbud g\u00e6lder \u201es\u00e5 l\u00e6nge lager haves\u201c, medmindre andet er angivet for produkterne. Der tages forbehold for fejl.<\/p>\n\n\n\n<p><strong>3. Bestillingsproces og indg\u00e5else af kontrakt<\/strong><br>3.1 Kunden kan uforpligtende v\u00e6lge produkter fra s\u00e6lgers sortiment og samle dem i en s\u00e5kaldt indk\u00f8bskurv ved hj\u00e6lp af knappen \u201eTILF\u00d8J TIL KURV\u201c. Inden for indk\u00f8bskurven kan produktvalget \u00e6ndres, f.eks. slettes. Kunden kan derefter forts\u00e6tte med at afslutte bestillingsprocessen i indk\u00f8bskurven ved at klikke p\u00e5 knappen \u201eFORTS\u00c6T TIL KASSEN\u201c.<\/p>\n\n\n\n<p>3.2 Kunden afgiver en bindende anmodning om at k\u00f8be varerne i indk\u00f8bskurven via knappen \u201eBESTIL FOR EN OMKOSTNING\u201c. Inden ordren afgives, kan kunden til enhver tid \u00e6ndre og se dataene og bruge browserfunktionen \u201etilbage\u201c til at vende tilbage til indk\u00f8bskurven eller annullere ordreprocessen helt. N\u00f8dvendige oplysninger er markeret med en stjerne (*).<\/p>\n\n\n\n<p>3.3 S\u00e6lgeren sender derefter kunden en automatisk bekr\u00e6ftelse p\u00e5 modtagelsen via e-mail, hvor kundens ordre igen er anf\u00f8rt, og som kunden kan udskrive ved hj\u00e6lp af funktionen \u201eUdskriv\u201c (ordrebekr\u00e6ftelse). Den automatiske bekr\u00e6ftelse af modtagelsen dokumenterer blot, at kundens ordre er modtaget af s\u00e6lgeren, og udg\u00f8r ikke en accept af ordren. K\u00f8bsaftalen er f\u00f8rst indg\u00e5et, n\u00e5r s\u00e6lgeren har afsendt eller udleveret det bestilte produkt til kunden inden for 2 dage eller har bekr\u00e6ftet afsendelsen til kunden inden for 2 dage med en anden e-mail, udtrykkelig ordrebekr\u00e6ftelse eller afsendelse af fakturaen. Accept kan ogs\u00e5 ske ved en betalingsanmodning, som s\u00e6lgeren sender til kunden, og senest ved gennemf\u00f8relse af betalingstransaktionen. I tilf\u00e6lde af flere acceptprocesser er det tidligste tidspunkt for accept afg\u00f8rende. Hvis s\u00e6lgeren ikke accepterer kundens tilbud inden for acceptperioden, er der ikke indg\u00e5et nogen kontrakt, og kunden er ikke l\u00e6ngere bundet af sit tilbud.<\/p>\n\n\n\n<p>3.4 For kunder, der er virksomheder, er den ovenn\u00e6vnte frist for afsendelse, overdragelse eller ordrebekr\u00e6ftelse syv dage i stedet for to.<\/p>\n\n\n\n<p>3.5 Hvis s\u00e6lgeren tillader betaling p\u00e5 forh\u00e5nd, indg\u00e5s kontrakten med levering af bankoplysninger og anmodning om betaling. Hvis betalingen ikke er modtaget af s\u00e6lgeren inden for 10 kalenderdage efter ordrebekr\u00e6ftelsen er sendt, p\u00e5 trods af forfaldsdatoen, selv efter en yderligere anmodning, tr\u00e6kker s\u00e6lgeren sig fra kontrakten med det resultat, at ordren bortfalder, og s\u00e6lgeren har ingen forpligtelse til at levere. Ordren annulleres derefter uden yderligere konsekvenser for k\u00f8ber og s\u00e6lger. En reservation af varen til forudbetalinger foretages derfor i maksimalt 10 kalenderdage.<\/p>\n\n\n\n<p>3.6 Ved levering til Schweiz indg\u00e5s k\u00f8bskontrakten mellem k\u00f8ber og MeinEinkauf AG, St. Gallen (CHE-331.561.017 VAT). Sidstn\u00e6vnte tager sig ogs\u00e5 af fortoldning, fakturering og levering i Schweiz. Denne service er inkluderet i k\u00f8bsprisen og de opkr\u00e6vede forsendelsesomkostninger. For at sikre en problemfri levering til Schweiz vil vi af hensyn til gennemsigtigheden gerne informere dig om, at MeinEinkauf GmbH i DE-Konstanz (DE285677365) ogs\u00e5 er involveret i detailk\u00e6den. Dette vil ikke medf\u00f8re yderligere omkostninger for k\u00f8beren.<\/p>\n\n\n\n<p><strong>4. Priser og forsendelsesomkostninger<\/strong><br>4.1 Alle priser, der er angivet p\u00e5 S\u00e6lgers hjemmeside, er inklusive den g\u00e6ldende lovpligtige moms.<\/p>\n\n\n\n<p>4.2 Ud over de angivne priser opkr\u00e6ver s\u00e6lgeren forsendelsesomkostninger for levering. Forsendelsesomkostningerne kommunikeres tydeligt til k\u00f8beren p\u00e5 en separat informationsside og under bestillingsprocessen.<\/p>\n\n\n\n<p><strong>5. Levering, tilg\u00e6ngelighed af varer<\/strong><br>5.1 Hvis der er aftalt forudbetaling, skal levering ske efter modtagelse af fakturabel\u00f8bet.<\/p>\n\n\n\n<p>5.2 Hvis leveringen af varerne mislykkes p\u00e5 grund af k\u00f8berens skyld p\u00e5 trods af tre leveringsfors\u00f8g, kan s\u00e6lgeren tr\u00e6kke sig ud af kontrakten. Eventuelle betalinger vil blive refunderet til kunden med det samme.<\/p>\n\n\n\n<p>5.3 Hvis det bestilte produkt ikke er tilg\u00e6ngeligt, fordi s\u00e6lgeren ikke f\u00e5r leveret dette produkt af sin leverand\u00f8r uden egen skyld, kan s\u00e6lgeren tr\u00e6kke sig ud af kontrakten. I dette tilf\u00e6lde vil s\u00e6lgeren straks informere kunden og om n\u00f8dvendigt foresl\u00e5 levering af et sammenligneligt produkt. Hvis der ikke findes et sammenligneligt produkt, eller hvis kunden ikke \u00f8nsker at f\u00e5 leveret et sammenligneligt produkt, skal s\u00e6lgeren straks tilbagebetale eventuelle allerede foretagne betalinger til kunden.<\/p>\n\n\n\n<p>5.4 Kunder vil blive informeret om leveringstider og leveringsbegr\u00e6nsninger (f.eks. begr\u00e6nsning af leverancer til visse lande) p\u00e5 en separat informationsside eller i den respektive produktbeskrivelse.<\/p>\n\n\n\n<p>5.5 For kunder, der er virksomheder, overg\u00e5r risikoen for h\u00e6ndeligt tab og h\u00e6ndelig forringelse af varerne til k\u00f8ber, s\u00e5 snart s\u00e6lger har leveret varerne til spedit\u00f8ren, transport\u00f8ren eller den person eller organisation, der p\u00e5 anden m\u00e5de er udpeget til at udf\u00f8re forsendelsen; de angivne leveringsdatoer og -frister er ikke faste datoer, medmindre andet er lovet eller aftalt.<\/p>\n\n\n\n<p>5.6 S\u00e6lger er ikke ansvarlig for forsinkelse af levering og ydelse p\u00e5 grund af force majeure og p\u00e5 grund af uforudsigelige begivenheder, der g\u00f8r levering v\u00e6sentligt vanskeligere eller umulig for s\u00e6lger, selv i tilf\u00e6lde af bindende aftalte frister og datoer. S\u00e6lger er i s\u00e5 fald berettiget til at udskyde leveringen eller ydelsen i hindringens varighed med till\u00e6g af en rimelig opstartsperiode. Retten til at udskyde fristen g\u00e6lder ogs\u00e5 for kunder, der er iv\u00e6rks\u00e6ttere, i tilf\u00e6lde af uforudsigelige begivenheder, der p\u00e5virker driften af en upstream-leverand\u00f8r, og som hverken leverand\u00f8ren eller s\u00e6lgeren er ansvarlig for. S\u00e5 l\u00e6nge denne hindring varer, er kunden ogs\u00e5 fritaget for sine kontraktlige forpligtelser, is\u00e6r betaling. Hvis forsinkelsen er urimelig for kunden, kan kunden tr\u00e6de tilbage fra kontrakten ved skriftlig erkl\u00e6ring efter en rimelig periode, der skal fasts\u00e6ttes af kunden eller efter f\u00e6lles aftale med s\u00e6lgeren.<\/p>\n\n\n\n<p><strong>6. Betalingsmetoder<\/strong><br>6.1 Kunden kan v\u00e6lge mellem de tilg\u00e6ngelige betalingsmetoder under og f\u00f8r afslutningen af ordreprocessen. Kunderne informeres om de tilg\u00e6ngelige betalingsmidler p\u00e5 en separat informationsside.<\/p>\n\n\n\n<p>6.2 Hvis betaling med faktura er mulig, skal betaling ske inden for 30 dage efter modtagelse af varerne og fakturaen. Ved alle andre betalingsmetoder skal betaling ske forud uden fradrag.<\/p>\n\n\n\n<p>6.3 Hvis tredjepartsleverand\u00f8rer er bestilt med betalingsbehandling, f.eks. Paypal, g\u00e6lder deres generelle vilk\u00e5r og betingelser.<\/p>\n\n\n\n<p>6.4 Hvis forfaldsdatoen for betaling er bestemt af kalenderen, er kunden allerede i misligholdelse ved at overskride fristen. I dette tilf\u00e6lde skal kunden betale de lovbestemte morarenter.<\/p>\n\n\n\n<p>6.5 Kundens forpligtelse til at betale morarenter udelukker ikke p\u00e5ber\u00e5belse af yderligere skader for\u00e5rsaget af s\u00e6lgers misligholdelse.<\/p>\n\n\n\n<p>6.6 Kunden har kun ret til modregning, hvis hans modkrav er retligt fastsl\u00e5et eller anerkendt af s\u00e6lgeren. Kunden kan kun ud\u00f8ve en tilbageholdelsesret, hvis kravene stammer fra samme kontraktforhold.<\/p>\n\n\n\n<p><strong>7. Forbehold for ejendomsret<\/strong><br>De leverede varer forbliver s\u00e6lgers ejendom, indtil fuld betaling har fundet sted.<br>For kunder, der er iv\u00e6rks\u00e6ttere, g\u00e6lder ogs\u00e5 f\u00f8lgende: S\u00e6lgeren forbeholder sig ejendomsretten til varerne, indtil alle krav fra et igangv\u00e6rende forretningsforhold er fuldt ud afviklet; k\u00f8beren er forpligtet til at behandle den k\u00f8bte vare med omhu, s\u00e5 l\u00e6nge ejerskabet endnu ikke er overf\u00f8rt til ham. Is\u00e6r er han forpligtet til for egen regning at forsikre dem tilstr\u00e6kkeligt mod tyveri, brand og vandskader til genanskaffelsesv\u00e6rdien, for s\u00e5 vidt som dette er passende eller s\u00e6dvanligt i branchen. Hvis der skal udf\u00f8res vedligeholdelses- og inspektionsarbejde, skal k\u00f8beren udf\u00f8re dette i god tid for egen regning. Kundens bearbejdning eller ombygning af forbeholdsvaren skal altid ske for s\u00e6lgers regning. Forarbejdes forbeholdsvaren med andre varer, der ikke tilh\u00f8rer s\u00e6lger, erhverver s\u00e6lger medejendomsret til den nye vare i forholdet mellem forbeholdsvarens v\u00e6rdi og de \u00f8vrige forarbejdede varers v\u00e6rdi p\u00e5 forarbejdningstidspunktet. I alle andre henseender g\u00e6lder det samme for den ved forarbejdning opst\u00e5ede vare som for forbeholdsvaren. Kunden overdrager ogs\u00e5 kravet for at sikre de krav mod ham, der opst\u00e5r mod en tredjepart gennem kombinationen af de reserverede varer med en ejendom. Kunden skal straks underrette os om tredjeparts beslagl\u00e6ggelse af de varer, som s\u00e6lgeren ejer eller er medejer af. Kunden afholder de omkostninger, der opst\u00e5r ved s\u00e5danne indgreb i forbindelse med et tredjemandss\u00f8gsm\u00e5l eller omkostninger til en udenretslig frigivelse. Kunden er bemyndiget til at videres\u00e6lge varerne med ejendomsforbehold i det almindelige forretningsforl\u00f8b. Som sikkerhed overdrager kunden s\u00e6lgeren alle krav, der opst\u00e5r i forbindelse med videresalg eller andre retsgrundlag med hensyn til forbeholdsvarerne (herunder alle saldokrav i forbindelse med en l\u00f8bende konto). S\u00e6lgeren giver kunden en tilbagekaldelig tilladelse til at inddrive de fordringer, der er overdraget til s\u00e6lgeren, for dennes regning og i eget navn. Denne tilladelse til direkte debitering kan tilbagekaldes, hvis kunden ikke opfylder sine betalingsforpligtelser korrekt. S\u00e6lger forpligter sig til at frigive de v\u00e6rdipapirer, som s\u00e6lger har ret til, p\u00e5 kundens anmodning, hvis deres samlede salgsv\u00e6rdi overstiger summen af alle s\u00e6lgers udest\u00e5ende fordringer fra forretningsforbindelsen med mere end 10% (med mere end 50%, hvis der er en realisationsrisiko). Udv\u00e6lgelsen af de sikkerheder, der skal frigives, p\u00e5hviler s\u00e6lgeren. Ejendomsretten til de varer, der er omfattet af ejendomsforbeholdet, og de overdragne fordringer overg\u00e5r til k\u00f8ber, n\u00e5r alle s\u00e6lgers fordringer fra leveringstransaktioner er afviklet. Valget af de sikkerheder, der skal frigives, p\u00e5hviler s\u00e6lgeren.<\/p>\n\n\n\n<p><strong>8. Kundekonto<\/strong><\/p>\n\n\n\n<p>8.1 S\u00e6lgeren forsyner kunden med en kundekonto. Inden for kundekontoen f\u00e5r kunderne oplysninger om ordrerne og deres kundedata, der er gemt hos s\u00e6lgeren. De oplysninger, der er gemt p\u00e5 kundekontoen, er ikke offentlige.<\/p>\n\n\n\n<p>8.2 Kunder kan ogs\u00e5 afgive en ordre som g\u00e6st uden at skulle oprette en kundekonto.<\/p>\n\n\n\n<p>8.3 Kunderne er forpligtet til at give sandf\u00e6rdige oplysninger p\u00e5 kundekontoen og til at tilpasse oplysningerne til \u00e6ndringer i de faktiske forhold, i det omfang det er n\u00f8dvendigt (f.eks. den \u00e6ndrede e-mailadresse i tilf\u00e6lde af en \u00e6ndring eller den \u00e6ndrede postadresse forud for en ordre). Kunden er ansvarlig for eventuelle ulemper som f\u00f8lge af ukorrekte oplysninger.<\/p>\n\n\n\n<p>8.4 Kundekontoen m\u00e5 kun bruges i overensstemmelse med de g\u00e6ldende lovbestemmelser, is\u00e6r bestemmelserne om beskyttelse af tredjeparts rettigheder, og i overensstemmelse med s\u00e6lgerens generelle forretningsbetingelser ved hj\u00e6lp af de adgangsmasker og andre tekniske adgangsmuligheder, som s\u00e6lgeren stiller til r\u00e5dighed. Enhver anden form for brug, is\u00e6r af ekstern software som f.eks. bots eller crawlere, er forbudt.<\/p>\n\n\n\n<p>8.5 I det omfang kunder gemmer, angiver eller p\u00e5 anden m\u00e5de l\u00e6gger indhold eller information (i det f\u00f8lgende ben\u00e6vnt \u201eindhold\u201c) p\u00e5 kundekontoen, er kunderne ansvarlige for denne information. S\u00e6lgeren overtager ikke kundens indhold som sit eget. S\u00e6lgeren forbeholder sig dog ret til at tr\u00e6ffe passende foranstaltninger afh\u00e6ngigt af graden af risiko for overtr\u00e6delse, som indholdet udg\u00f8r, is\u00e6r risikoen for tredjeparter. Foranstaltninger, der tager hensyn til kriterierne for n\u00f8dvendighed, hensigtsm\u00e6ssighed, omhu, objektivitet og rimelighed og alle involverede parters interesser, is\u00e6r kundernes grundl\u00e6ggende rettigheder, kan omfatte (delvis) sletning af indhold, anmodninger om handling og forklaringer, advarsler og advarsler samt forbud.<\/p>\n\n\n\n<p>8.6 Kunder kan til enhver tid opsige deres kundekonto. S\u00e6lgeren kan til enhver tid opsige kundekontoen med et rimeligt varsel, som normalt er to uger. Opsigelsen skal v\u00e6re rimelig for kunden. S\u00e6lgeren forbeholder sig ret til at annullere af ekstraordin\u00e6re \u00e5rsager.<\/p>\n\n\n\n<p>8.7 Fra opsigelsestidspunktet er kundekontoen og de oplysninger, der er gemt p\u00e5 kundekontoen, ikke l\u00e6ngere tilg\u00e6ngelige for kunden. Det er kundens ansvar at sikkerhedskopiere sine data, n\u00e5r kundekontoen annulleres.<\/p>\n\n\n\n<p><strong>9 Garanti for materialefejl og garanti<\/strong><br>9.1 Med forbehold af de f\u00f8lgende bestemmelser er garantien (ansvar for mangler) underlagt lovbestemmelser.<\/p>\n\n\n\n<p>9.2 De varer, der leveres af s\u00e6lgeren, er kun d\u00e6kket af en garanti, hvis dette udtrykkeligt er givet. Kunderne vil blive informeret om garantibetingelserne, f\u00f8r de p\u00e5begynder ordreprocessen.<\/p>\n\n\n\n<p>9.3 Hvis kunden er erhvervsdrivende, skal han uagtet lovbestemte reklamationspligter straks unders\u00f8ge varen og straks og senest inden for to uger efter levering skriftligt meddele leverand\u00f8ren erkendelige materialefejl og senest inden for to uger efter opdagelsen ikke-erkendelige materialefejl. Afvigelser i kvalitet, v\u00e6gt, st\u00f8rrelse, tykkelse, bredde, finish, m\u00f8nster og farve, som er s\u00e6dvanlige i branchen og tilladelige eller mindre i overensstemmelse med kvalitetsstandarder, udg\u00f8r ikke mangler.<\/p>\n\n\n\n<p>9.4 Hvis kunden er en iv\u00e6rks\u00e6tter, skal valget mellem afhj\u00e6lpning eller efterlevering af mangelfulde varer foretages af s\u00e6lgeren.<\/p>\n\n\n\n<p>9.5 Uden at det ber\u00f8rer ansvarsbestemmelserne i disse vilk\u00e5r og betingelser, for\u00e6ldes v\u00e6sentlige mangler generelt et \u00e5r efter risikoovergangen for kunder, der er iv\u00e6rks\u00e6ttere, medmindre l\u00e6ngere perioder er foreskrevet ved lov, is\u00e6r i tilf\u00e6lde af s\u00e6rlige bestemmelser for iv\u00e6rks\u00e6tterens regres. I tilf\u00e6lde af brugte varer er garantien for kunder, der er iv\u00e6rks\u00e6ttere, udelukket.<\/p>\n\n\n\n<p>9.6 Hvis kunden, der er erhvervsdrivende, har installeret den defekte genstand i henhold til \u00a7 439 (3) BGB i en anden genstand eller fastgjort den til en anden genstand i overensstemmelse med dens type og tilsigtede anvendelse, er s\u00e6lgeren ikke forpligtet til at godtg\u00f8re kunden for de n\u00f8dvendige udgifter til fjernelse af den defekte genstand og installation eller fastg\u00f8relse af den reparerede eller leverede mangelfrie genstand inden for rammerne af efterf\u00f8lgende opfyldelse, medmindre der er indg\u00e5et en udtrykkelig aftale og med forbehold af de \u00f8vrige garantiforpligtelser. S\u00e6lger er derfor heller ikke forpligtet til at godtg\u00f8re udgifter til fjernelse af den defekte vare og installation eller montering af den reparerede eller leverede mangelfrie vare i forbindelse med kundens regres inden for forsyningsk\u00e6den (dvs. mellem kunden og dennes kunder).<\/p>\n\n\n\n<p><strong>10. Ansvar<\/strong><br>10.1 F\u00f8lgende ansvarsfraskrivelser og -begr\u00e6nsninger g\u00e6lder for s\u00e6lgers erstatningsansvar, uanset de \u00f8vrige lovbestemte krav.<\/p>\n\n\n\n<p>10.2 S\u00e6lger er ansvarlig uden begr\u00e6nsning, s\u00e5fremt \u00e5rsagen til skaden er baseret p\u00e5 fors\u00e6t eller grov uagtsomhed.<\/p>\n\n\n\n<p>10.3 S\u00e6lger er desuden ansvarlig for let uagtsom overtr\u00e6delse af v\u00e6sentlige forpligtelser, hvis overtr\u00e6delse bringer opfyldelsen af kontraktens form\u00e5l i fare, eller for overtr\u00e6delse af forpligtelser, hvis opfyldelse er afg\u00f8rende for kontraktens korrekte opfyldelse, og hvis overholdelse kunden regelm\u00e6ssigt stoler p\u00e5. I dette tilf\u00e6lde er s\u00e6lgeren dog kun ansvarlig for forudsigelige skader, der er typiske for kontrakten. S\u00e6lger er ikke ansvarlig for let uagtsom overtr\u00e6delse af andre forpligtelser end dem, der er n\u00e6vnt i de foreg\u00e5ende s\u00e6tninger.<\/p>\n\n\n\n<p>10.4 Ovenst\u00e5ende ansvarsbegr\u00e6nsninger g\u00e6lder ikke i tilf\u00e6lde af skader p\u00e5 liv, legeme eller helbred, for en mangel efter overtagelse af en garanti for produktets kvalitet og i tilf\u00e6lde af svigagtigt skjulte mangler. Ansvaret i henhold til produktansvarsloven forbliver up\u00e5virket.<\/p>\n\n\n\n<p>10.5 I det omfang s\u00e6lgers ansvar er udelukket eller begr\u00e6nset, g\u00e6lder dette ogs\u00e5 for medarbejderes, repr\u00e6sentanters og medhj\u00e6lperes personlige ansvar.<\/p>\n\n\n\n<p><strong>11. Opbevaring af kontraktteksten<\/strong><br>11.1 Kunden kan udskrive kontraktens tekst, f\u00f8r han sender ordren til s\u00e6lgeren ved at bruge udskrivningsfunktionen i sin browser i det sidste trin i ordren.<\/p>\n\n\n\n<p>11.2 S\u00e6lgeren sender ogs\u00e5 kunden en ordrebekr\u00e6ftelse med alle ordredata til den e-mailadresse, som kunden har angivet. Sammen med ordrebekr\u00e6ftelsen, men senest ved levering af varerne, modtager kunden ogs\u00e5 en kopi af de generelle vilk\u00e5r og betingelser sammen med annulleringspolitikken og oplysningerne om forsendelsesomkostninger og leverings- og betalingsbetingelser. Hvis du har registreret dig i vores butik, kan du se de ordrer, du har afgivet, i dit profilomr\u00e5de. Vi gemmer ogs\u00e5 kontraktteksten, men g\u00f8r den ikke tilg\u00e6ngelig p\u00e5 internettet.<\/p>\n\n\n\n<p>11.3 Kunder, der er iv\u00e6rks\u00e6ttere, kan modtage kontraktdokumenterne via e-mail, skriftligt eller ved at henvise til en online kilde.<\/p>\n\n\n\n<p><strong>12. Afsluttende bestemmelser<\/strong><br>12.1 Hvis k\u00f8ber er erhvervsdrivende, er opfyldelsesstedet, med forbehold af andre aftaler eller ufravigelige lovbestemmelser, s\u00e6lgers hjemsted, mens v\u00e6rnetinget er s\u00e6lgers hjemsted, hvis kunden er erhvervsdrivende, en offentligretlig juridisk person eller en offentligretlig specialfond, eller hvis k\u00f8ber ikke har et almindeligt v\u00e6rneting i det land, hvor s\u00e6lgers hjemsted er beliggende. S\u00e6lger forbeholder sig ret til at v\u00e6lge et andet tilladt v\u00e6rneting.<\/p>\n\n\n\n<p>12.2 I tilf\u00e6lde af iv\u00e6rks\u00e6ttere g\u00e6lder lovgivningen i Forbundsrepublikken Tyskland med undtagelse af FN's konvention om aftaler om internationale varek\u00f8b, forudsat at dette ikke er i strid med ufravigelige lovbestemmelser.<\/p>\n\n\n\n<p>12.3 Kontraktsproget er tysk.<\/p>\n\n\n\n<p>12.4 Vi er ikke villige og ikke forpligtede til at deltage i en tvistbil\u00e6ggelsesprocedure ved et forbrugervoldgiftsn\u00e6vn.<\/p>","protected":false},"excerpt":{"rendered":"<p>Allgemeine Gesch\u00e4ftsbedingungen mit Kundeninformationen 1. Geltungsbereich2. Angebote und Leistungsbeschreibungen3. Bestellvorgang und Vertragsabschluss4. Preise und Versandkosten5. Lieferung, Warenverf\u00fcgbarkeit6. Zahlungsmodalit\u00e4ten7. Eigentumsvorbehalt8. Kundenkonto9. Sachm\u00e4ngelgew\u00e4hrleistung und Garantie10. Haftung11. Speicherung des Vertragstextes12. Schlussbestimmungen 1. Geltungsbereich1.1. F\u00fcr die Gesch\u00e4ftsbeziehung zwischen VANFITTERY &#8211; CzoppikEngineering GmbH, Hauptstra\u00dfe 40, 84103 Postau (nachfolgend \u201eVerk\u00e4ufer\u201c) und dem Kunden (nachfolgend \u201eKunde\u201c) gelten ausschlie\u00dflich die nachfolgenden Allgemeinen Gesch\u00e4ftsbedingungen [&hellip;]<\/p>\n","protected":false},"author":5,"featured_media":0,"parent":0,"menu_order":0,"comment_status":"closed","ping_status":"closed","template":"","meta":{"_acf_changed":false,"iawp_total_views":108,"footnotes":""},"class_list":["post-1530","page","type-page","status-publish","hentry"],"acf":[],"_links":{"self":[{"href":"https:\/\/vanfittery.de\/da\/wp-json\/wp\/v2\/pages\/1530","targetHints":{"allow":["GET"]}}],"collection":[{"href":"https:\/\/vanfittery.de\/da\/wp-json\/wp\/v2\/pages"}],"about":[{"href":"https:\/\/vanfittery.de\/da\/wp-json\/wp\/v2\/types\/page"}],"author":[{"embeddable":true,"href":"https:\/\/vanfittery.de\/da\/wp-json\/wp\/v2\/users\/5"}],"replies":[{"embeddable":true,"href":"https:\/\/vanfittery.de\/da\/wp-json\/wp\/v2\/comments?post=1530"}],"version-history":[{"count":1,"href":"https:\/\/vanfittery.de\/da\/wp-json\/wp\/v2\/pages\/1530\/revisions"}],"predecessor-version":[{"id":14523,"href":"https:\/\/vanfittery.de\/da\/wp-json\/wp\/v2\/pages\/1530\/revisions\/14523"}],"wp:attachment":[{"href":"https:\/\/vanfittery.de\/da\/wp-json\/wp\/v2\/media?parent=1530"}],"curies":[{"name":"wp","href":"https:\/\/api.w.org\/{rel}","templated":true}]}}