{"id":13281,"date":"2026-02-17T19:31:43","date_gmt":"2026-02-17T18:31:43","guid":{"rendered":"https:\/\/vanfittery.de\/?post_type=product&#038;p=13281"},"modified":"2026-03-17T11:09:12","modified_gmt":"2026-03-17T10:09:12","slug":"campingbox-mika","status":"publish","type":"product","link":"https:\/\/vanfittery.de\/da\/produkt\/campingbox-mika\/","title":{"rendered":"CampingBox Mika"},"content":{"rendered":"<h2>\u201eCampingBox Mika\u201c - perfekt til alle, der rejser med en hund!<\/h2>\n<p>Da vi gentagne gange er blevet spurgt, hvordan man bedst kan kombinere en hundeboks med vores moduler, er \u201eCampingBox Mika\u201c vores svar. Vi er i gang med at videreudvikle modulet, og der vil v\u00e6re mange flere muligheder, end der er p\u00e5 nuv\u00e6rende tidspunkt. Vi kan f.eks. forestille os f\u00f8lgende konfigurationer:<\/p>\n<ul>\n<li>Et udtr\u00e6k bagtil i fuld l\u00e6ngde<\/li>\n<li>Forskellige st\u00f8rrelser af hundekasse (halveret\/p\u00e5 tv\u00e6rs af hele bredden)<\/li>\n<li>To hundekasser ved siden af hinanden (s\u00e5 ville skufferne v\u00e6re helt udeladt)<\/li>\n<li>Forskellige h\u00f8jder p\u00e5 CampingBoxen<\/li>\n<\/ul>\n<p>Hvis du har specifikke \u00f8nsker eller ideer, <a href=\"\/da\/kontakt\/\">Send os venligst en e-mail<\/a>! Vi har allerede indsamlet feedback, men er altid \u00e5bne for nye ideer.<\/p>\n<h3>Campingboksens dimensioner<\/h3>\n<p>Kassen er 127 cm lang, n\u00e5r den er skubbet ind, kroppen er 110 cm bred, og bagpanelet m\u00e5ler 120 cm i bredden. Lamelrammen er 73 cm over gulvet. Liggefladen er 120 cm bred uden udtr\u00e6k og 155 cm bred med udtr\u00e6k. N\u00e5r kassen er forl\u00e6nget, er den 199 cm lang.<\/p>\n<p><a href=\"https:\/\/vanfittery.de\/wp-content\/uploads\/2026\/02\/CampingBox-Mika-eingeklappt.jpg\" target=\"_blank\" rel=\"noopener\"><img fetchpriority=\"high\" decoding=\"async\" class=\"no-shadow alignnone wp-image-13611 size-medium\" src=\"https:\/\/vanfittery.de\/wp-content\/uploads\/2026\/02\/CampingBox-Mika-eingeklappt-300x225.jpg\" alt=\"\" width=\"300\" height=\"225\" srcset=\"https:\/\/vanfittery.de\/wp-content\/uploads\/2026\/02\/CampingBox-Mika-eingeklappt-300x225.jpg 300w, https:\/\/vanfittery.de\/wp-content\/uploads\/2026\/02\/CampingBox-Mika-eingeklappt-1024x768.jpg 1024w, https:\/\/vanfittery.de\/wp-content\/uploads\/2026\/02\/CampingBox-Mika-eingeklappt-768x576.jpg 768w, https:\/\/vanfittery.de\/wp-content\/uploads\/2026\/02\/CampingBox-Mika-eingeklappt-1536x1152.jpg 1536w, https:\/\/vanfittery.de\/wp-content\/uploads\/2026\/02\/CampingBox-Mika-eingeklappt-16x12.jpg 16w, https:\/\/vanfittery.de\/wp-content\/uploads\/2026\/02\/CampingBox-Mika-eingeklappt-600x450.jpg 600w, https:\/\/vanfittery.de\/wp-content\/uploads\/2026\/02\/CampingBox-Mika-eingeklappt-800x600.jpg 800w, https:\/\/vanfittery.de\/wp-content\/uploads\/2026\/02\/CampingBox-Mika-eingeklappt.jpg 1800w\" sizes=\"(max-width: 300px) 100vw, 300px\" \/><\/a> \u00a0\u00a0 \u00a0\u00a0<a href=\"https:\/\/vanfittery.de\/wp-content\/uploads\/2026\/02\/CampingBox-Mika-ausgeklappt.jpg\" target=\"_blank\" rel=\"noopener\"><img decoding=\"async\" class=\"no-shadow alignnone wp-image-13612 size-medium\" src=\"https:\/\/vanfittery.de\/wp-content\/uploads\/2026\/02\/CampingBox-Mika-ausgeklappt-300x225.jpg\" alt=\"\" width=\"300\" height=\"225\" srcset=\"https:\/\/vanfittery.de\/wp-content\/uploads\/2026\/02\/CampingBox-Mika-ausgeklappt-300x225.jpg 300w, https:\/\/vanfittery.de\/wp-content\/uploads\/2026\/02\/CampingBox-Mika-ausgeklappt-1024x768.jpg 1024w, https:\/\/vanfittery.de\/wp-content\/uploads\/2026\/02\/CampingBox-Mika-ausgeklappt-768x576.jpg 768w, https:\/\/vanfittery.de\/wp-content\/uploads\/2026\/02\/CampingBox-Mika-ausgeklappt-1536x1152.jpg 1536w, https:\/\/vanfittery.de\/wp-content\/uploads\/2026\/02\/CampingBox-Mika-ausgeklappt-16x12.jpg 16w, https:\/\/vanfittery.de\/wp-content\/uploads\/2026\/02\/CampingBox-Mika-ausgeklappt-600x450.jpg 600w, https:\/\/vanfittery.de\/wp-content\/uploads\/2026\/02\/CampingBox-Mika-ausgeklappt-800x600.jpg 800w, https:\/\/vanfittery.de\/wp-content\/uploads\/2026\/02\/CampingBox-Mika-ausgeklappt.jpg 1800w\" sizes=\"(max-width: 300px) 100vw, 300px\" \/><\/a><\/p>\n<h3><\/h3>\n<p>&nbsp;<\/p>","protected":false},"excerpt":{"rendered":"<p><strong><span style=\"color: #dca54a;\">\u2714<\/span><\/strong> Rummelig hundekasse med adgang foran og bagp\u00e5<strong><br \/>\n<span style=\"color: #dca54a;\">\u2714 <\/span><\/strong>4 store heavy-duty udtr\u00e6k (2 foran og 2 bagp\u00e5)<br \/>\n<strong><span style=\"color: #dca54a;\">\u2714<\/span><\/strong> Op til 155 cm bred liggeflade<strong><br \/>\n<span style=\"color: #dca54a;\">\u2714<\/span><\/strong> Selvb\u00e6rende sengeforl\u00e6ngelse kan tr\u00e6kkes over et sammenklappet s\u00e6de<\/p>\n<p><em>Bem\u00e6rk: Indstillingen \u201eingen madras\u201c vises i \u00f8jeblikket endnu ikke korrekt (madrassen er i \u00f8jeblikket stadig synlig i alle varianter). Vi uploader de manglende fotos s\u00e5 hurtigt som muligt.<\/em><\/p>","protected":false},"featured_media":13286,"template":"","meta":{"_acf_changed":false,"iawp_total_views":646},"product_brand":[],"product_cat":[80],"product_tag":[],"class_list":{"0":"post-13281","1":"product","2":"type-product","3":"status-publish","4":"has-post-thumbnail","6":"product_cat-module","8":"first","9":"instock","10":"sale","11":"taxable","12":"shipping-taxable","13":"purchasable","14":"product-type-variable","15":"has-default-attributes"},"acf":[],"_links":{"self":[{"href":"https:\/\/vanfittery.de\/da\/wp-json\/wp\/v2\/product\/13281","targetHints":{"allow":["GET"]}}],"collection":[{"href":"https:\/\/vanfittery.de\/da\/wp-json\/wp\/v2\/product"}],"about":[{"href":"https:\/\/vanfittery.de\/da\/wp-json\/wp\/v2\/types\/product"}],"version-history":[{"count":2,"href":"https:\/\/vanfittery.de\/da\/wp-json\/wp\/v2\/product\/13281\/revisions"}],"predecessor-version":[{"id":13826,"href":"https:\/\/vanfittery.de\/da\/wp-json\/wp\/v2\/product\/13281\/revisions\/13826"}],"wp:featuredmedia":[{"embeddable":true,"href":"https:\/\/vanfittery.de\/da\/wp-json\/wp\/v2\/media\/13286"}],"wp:attachment":[{"href":"https:\/\/vanfittery.de\/da\/wp-json\/wp\/v2\/media?parent=13281"}],"wp:term":[{"taxonomy":"product_brand","embeddable":true,"href":"https:\/\/vanfittery.de\/da\/wp-json\/wp\/v2\/product_brand?post=13281"},{"taxonomy":"product_cat","embeddable":true,"href":"https:\/\/vanfittery.de\/da\/wp-json\/wp\/v2\/product_cat?post=13281"},{"taxonomy":"product_tag","embeddable":true,"href":"https:\/\/vanfittery.de\/da\/wp-json\/wp\/v2\/product_tag?post=13281"}],"curies":[{"name":"wp","href":"https:\/\/api.w.org\/{rel}","templated":true}]}}