{"id":1845,"date":"2025-01-10T10:38:46","date_gmt":"2025-01-10T09:38:46","guid":{"rendered":"https:\/\/vanfittery.de\/?post_type=product&#038;p=1845"},"modified":"2026-03-17T11:24:52","modified_gmt":"2026-03-17T10:24:52","slug":"bundplade-til-dacia-dokker","status":"publish","type":"product","link":"https:\/\/vanfittery.de\/da\/produkt\/bodenplatte-fuer-dacia-dokker\/","title":{"rendered":"Gulvpanel til Dacia Dokker"},"content":{"rendered":"<p>Vores gulvpanel til Dacia Dokker\u00a0<strong>Forst\u00e6rker det originale k\u00f8ret\u00f8jsgulv<\/strong>\u00a0og g\u00f8r den til en\u00a0<strong>flad overflade<\/strong>. Det g\u00f8r det muligt\u00a0<strong>Campingudvidelser skrues ganske enkelt fast p\u00e5 bundpladen<\/strong>\u00a0kan bruges. Den boltes fast p\u00e5 de originale surrings\u00f8glers gevind.<\/p>\n<p>Det bageste gulvpanel kan forblive p\u00e5 plads, selv n\u00e5r bags\u00e6deb\u00e6nken er installeret.<\/p>\n<p>Det forreste gulvpanel er i 2 dele og monteres i stedet for den originale bags\u00e6deb\u00e6nk. Det boltes fast til bags\u00e6deb\u00e6nkens fastg\u00f8relsespunkter. P\u00e5 grund af\u00a0<strong>Gulvpanelet er ekstremt stabilt takket v\u00e6re st\u00f8tterne p\u00e5 karosseriet.\u00a0<\/strong>Panelerne er forbundet i midten med en strimmel.<\/p>\n<p>F\u00e5s i birkemultiplex 12 mm (BB) til eget design eller i birkemultiplex med robust phenolharpiksbel\u00e6gning (\u201cserigrafisk plade\u201d).<\/p>","protected":false},"excerpt":{"rendered":"<p>Vores gulvpanel til Dacia Dokker\u00a0<strong>Forst\u00e6rker det originale k\u00f8ret\u00f8jsgulv<\/strong>\u00a0og g\u00f8r den til en\u00a0<strong>flad overflade<\/strong>.<\/p>","protected":false},"featured_media":1841,"template":"","meta":{"_acf_changed":false,"iawp_total_views":1020},"product_brand":[],"product_cat":[57,55],"product_tag":[],"class_list":{"0":"post-1845","1":"product","2":"type-product","3":"status-publish","4":"has-post-thumbnail","6":"product_cat-hochdachkombi","7":"product_cat-zubehoer","8":"product_shipping_class-spedition-l","10":"first","11":"instock","12":"taxable","13":"shipping-taxable","14":"purchasable","15":"product-type-variable"},"acf":[],"_links":{"self":[{"href":"https:\/\/vanfittery.de\/da\/wp-json\/wp\/v2\/product\/1845","targetHints":{"allow":["GET"]}}],"collection":[{"href":"https:\/\/vanfittery.de\/da\/wp-json\/wp\/v2\/product"}],"about":[{"href":"https:\/\/vanfittery.de\/da\/wp-json\/wp\/v2\/types\/product"}],"version-history":[{"count":1,"href":"https:\/\/vanfittery.de\/da\/wp-json\/wp\/v2\/product\/1845\/revisions"}],"predecessor-version":[{"id":13907,"href":"https:\/\/vanfittery.de\/da\/wp-json\/wp\/v2\/product\/1845\/revisions\/13907"}],"wp:featuredmedia":[{"embeddable":true,"href":"https:\/\/vanfittery.de\/da\/wp-json\/wp\/v2\/media\/1841"}],"wp:attachment":[{"href":"https:\/\/vanfittery.de\/da\/wp-json\/wp\/v2\/media?parent=1845"}],"wp:term":[{"taxonomy":"product_brand","embeddable":true,"href":"https:\/\/vanfittery.de\/da\/wp-json\/wp\/v2\/product_brand?post=1845"},{"taxonomy":"product_cat","embeddable":true,"href":"https:\/\/vanfittery.de\/da\/wp-json\/wp\/v2\/product_cat?post=1845"},{"taxonomy":"product_tag","embeddable":true,"href":"https:\/\/vanfittery.de\/da\/wp-json\/wp\/v2\/product_tag?post=1845"}],"curies":[{"name":"wp","href":"https:\/\/api.w.org\/{rel}","templated":true}]}}