{"id":1903,"date":"2025-01-13T14:20:56","date_gmt":"2025-01-13T13:20:56","guid":{"rendered":"https:\/\/vanfittery.de\/?post_type=product&#038;p=1903"},"modified":"2026-03-17T11:24:44","modified_gmt":"2026-03-17T10:24:44","slug":"loftsbeklaedning-til-vw-t5-t6-transporter","status":"publish","type":"product","link":"https:\/\/vanfittery.de\/da\/produkt\/dachhimmel-fuer-vw-t5-t6-transporter\/","title":{"rendered":"Kaleche til VW T5\/T6 Transporter"},"content":{"rendered":"<h2>Loftsbekl\u00e6dning i h\u00f8j kvalitet med LED-spotlights og touch-d\u00e6mper<\/h2>\n<p>Vores loftsbekl\u00e6dning fjerner den kedelige varevognsf\u00f8lelse fra din VW T5 eller T6. De energibesparende LED-spots bader interi\u00f8ret i et hyggeligt, varmt lys.<\/p>\n<p>De gr\u00e5 paneler er simpelthen erstattet af olierede \u00e6gte tr\u00e6paneler. Den\u00a0<b>Spaltedesign f\u00e5r rummet til at virke st\u00f8rre<\/b>\u00a0og det varme tr\u00e6 forvandler lastrummet til et hyggeligt opholdsrum.<\/p>\n<p><img fetchpriority=\"high\" decoding=\"async\" class=\"alignnone wp-image-1980 size-medium\" src=\"https:\/\/vanfittery.de\/wp-content\/uploads\/2025\/01\/KR-Laengsnuten-klar-geoelt-1-300x300.jpg\" alt=\"\" width=\"300\" height=\"300\" srcset=\"https:\/\/vanfittery.de\/wp-content\/uploads\/2025\/01\/KR-Laengsnuten-klar-geoelt-1-300x300.jpg 300w, https:\/\/vanfittery.de\/wp-content\/uploads\/2025\/01\/KR-Laengsnuten-klar-geoelt-1-100x100.jpg 100w, https:\/\/vanfittery.de\/wp-content\/uploads\/2025\/01\/KR-Laengsnuten-klar-geoelt-1-800x800.jpg 800w, https:\/\/vanfittery.de\/wp-content\/uploads\/2025\/01\/KR-Laengsnuten-klar-geoelt-1-1024x1024.jpg 1024w, https:\/\/vanfittery.de\/wp-content\/uploads\/2025\/01\/KR-Laengsnuten-klar-geoelt-1-150x150.jpg 150w, https:\/\/vanfittery.de\/wp-content\/uploads\/2025\/01\/KR-Laengsnuten-klar-geoelt-1-768x768.jpg 768w, https:\/\/vanfittery.de\/wp-content\/uploads\/2025\/01\/KR-Laengsnuten-klar-geoelt-1.jpg 1200w\" sizes=\"(max-width: 300px) 100vw, 300px\" \/><\/p>\n<p>Den\u00a0<strong>Belysning<\/strong>\u00a0kan tilg\u00e5s via en\u00a0<strong>Ber\u00f8ringsd\u00e6mper til trinl\u00f8s justering af lysstyrken<\/strong>\u00a0fra levende lys til stadionbelysning!<\/p>\n<p>De l\u00e6ngere clips, der er inkluderet i leveringsomfanget, bruges til at fastg\u00f8re loftsbekl\u00e6dningen til de eksisterende monteringshuller ligesom originalen - ingen boring er n\u00f8dvendig! Alternativt kan loftsbekl\u00e6dningen ogs\u00e5 fastg\u00f8res n\u00e6sten usynligt ved hj\u00e6lp af nittem\u00f8trikker og skruer - angiv dette i kommentarfeltet i indk\u00f8bskurven, hvis du \u00f8nsker det!<\/p>\n<p>Vil du have et andet design? Send os en besked, s\u00e5 ser vi gerne, hvad der er muligt!<\/p>\n<p>Leveringsomfang: loftsbekl\u00e6dning i \u00e9t stykke til VW T5, T6 og T6.1 af \u00e6gte tr\u00e6, olieret, belysning, klar til tilslutning inkl. l\u00e6ngere clips<\/p>","protected":false},"excerpt":{"rendered":"<p>Hochwertiger Dachhimmel mit LED-Spots &amp; Touchdimmer Unser Dachhimmel vertreibt das schn\u00f6de Transporter-Feeling aus deinem VW T5 bzw. T6. Die stromsparenden LED-Spots h\u00fcllen den Innenraum in ein gem\u00fctlich warmes Licht. Die grauen Verkleidungen werden einfach durch die ge\u00f6lte Echtholzverkleidung ersetzt. Das\u00a0Lamellendesign l\u00e4sst den Raum optisch gr\u00f6\u00dfer wirken\u00a0und das warme Holz macht aus dem Laderaum einen muckeligen [&hellip;]<\/p>\n","protected":false},"featured_media":1982,"template":"","meta":{"_acf_changed":false,"iawp_total_views":2944},"product_brand":[],"product_cat":[58,55],"product_tag":[],"class_list":{"0":"post-1903","1":"product","2":"type-product","3":"status-publish","4":"has-post-thumbnail","6":"product_cat-kleintransporter","7":"product_cat-zubehoer","8":"product_shipping_class-spedition-l","10":"first","11":"instock","12":"taxable","13":"shipping-taxable","14":"purchasable","15":"product-type-variable"},"acf":[],"_links":{"self":[{"href":"https:\/\/vanfittery.de\/da\/wp-json\/wp\/v2\/product\/1903","targetHints":{"allow":["GET"]}}],"collection":[{"href":"https:\/\/vanfittery.de\/da\/wp-json\/wp\/v2\/product"}],"about":[{"href":"https:\/\/vanfittery.de\/da\/wp-json\/wp\/v2\/types\/product"}],"version-history":[{"count":1,"href":"https:\/\/vanfittery.de\/da\/wp-json\/wp\/v2\/product\/1903\/revisions"}],"predecessor-version":[{"id":13906,"href":"https:\/\/vanfittery.de\/da\/wp-json\/wp\/v2\/product\/1903\/revisions\/13906"}],"wp:featuredmedia":[{"embeddable":true,"href":"https:\/\/vanfittery.de\/da\/wp-json\/wp\/v2\/media\/1982"}],"wp:attachment":[{"href":"https:\/\/vanfittery.de\/da\/wp-json\/wp\/v2\/media?parent=1903"}],"wp:term":[{"taxonomy":"product_brand","embeddable":true,"href":"https:\/\/vanfittery.de\/da\/wp-json\/wp\/v2\/product_brand?post=1903"},{"taxonomy":"product_cat","embeddable":true,"href":"https:\/\/vanfittery.de\/da\/wp-json\/wp\/v2\/product_cat?post=1903"},{"taxonomy":"product_tag","embeddable":true,"href":"https:\/\/vanfittery.de\/da\/wp-json\/wp\/v2\/product_tag?post=1903"}],"curies":[{"name":"wp","href":"https:\/\/api.w.org\/{rel}","templated":true}]}}