{"id":1992,"date":"2025-01-14T14:47:49","date_gmt":"2025-01-14T13:47:49","guid":{"rendered":"https:\/\/vanfittery.de\/?post_type=product&#038;p=1992"},"modified":"2026-03-17T11:24:25","modified_gmt":"2026-03-17T10:24:25","slug":"loftsbeklaedning-vw-caddy-inkl-belysning","status":"publish","type":"product","link":"https:\/\/vanfittery.de\/da\/produkt\/designhimmel-vw-caddy-inkl-beleuchtung\/","title":{"rendered":"Design loftsbekl\u00e6dning VW Caddy inkl. belysning"},"content":{"rendered":"<h2>Forvandl din VW Caddy til en hyggelig MicroCamper!<\/h2>\n<p>Vores designer-tagbekl\u00e6dning forvandler din VW Caddy til en hyggelig MicroCamper - hver og en unik!<\/p>\n<p>Baldakinen i \u00e6gte tr\u00e6 er CNC-fr\u00e6set og derefter f\u00e6rdigbehandlet i\u00a0<strong>6 trin raffineret i h\u00e5nden<\/strong>. Olieringen sker med f\u00f8devaregodkendt leget\u00f8jsolie til b\u00f8rn - s\u00e5 opholdsrummet forbliver fri for skadelige stoffer.<\/p>\n<p>Han vil\u00a0<strong>simpelthen erstattet med den originale bekl\u00e6dning<\/strong>Fjern clipsene fra den originale bekl\u00e6dning, og monter vores loftsbekl\u00e6dning i \u00e9t stykke ved hj\u00e6lp af de medf\u00f8lgende l\u00e6ngere clips - f\u00e6rdig! Det er ikke n\u00f8dvendigt at bore i karrosseriet.<\/p>\n<p>Den<strong>\u00a0Integreret belysning<\/strong>\u00a0kan justeres i lysstyrke med ber\u00f8ringsd\u00e6mperen\u00a0<strong>Fra stearinlys til stadionlys <\/strong>kan justeres. Et kort tryk: belysning t\u00e6ndt\/slukket, langt tryk: Lysstyrken bliver kontinuerligt lysere eller m\u00f8rkere. Kablet kan ganske enkelt tilsluttes kablet til den eksisterende baglygte eller f.eks. til 12 V-cigarett\u00e6nderen.<\/p>\n<p>Kalechen er lavet i \u00e9t stykke af 6,5 mm tynd krydsfiner. Det g\u00f8r den let og giver ingen knirkelyde som de fer- og notplader, der ofte bruges.<\/p>\n<p>Velegnet til<\/p>\n<ul>\n<li>VW Caddy kassevogn (alle)<\/li>\n<li>VW Caddy stationcar (modelbetegnelser: 2K, Caddy Life, Trendline<\/li>\n<li>Ikke egnet til k\u00f8ret\u00f8jer med formst\u00f8bt loftsbekl\u00e6dning<\/li>\n<li>Ikke egnet til Caddy MAXI<\/li>\n<\/ul>\n<p>Hvis du har sp\u00f8rgsm\u00e5l, skal du blot sende os en e-mail med et billede af din bils interi\u00f8r.<\/p>","protected":false},"excerpt":{"rendered":"<p><strong><span style=\"color: #dca54a;\">\u2714<\/span> CNC-fr\u00e6set \u00e6gte tr\u00e6 og h\u00e5ndlavet<br \/>\n<\/strong>Hver enkelt headliner er CNC-fr\u00e6set og derefter f\u00e6rdiggjort i h\u00e5nden.<\/p>\n<p><strong><span style=\"color: #dca54a;\">\u2714<\/span> Enkel montering<br \/>\n<\/strong>Erstatter den originale bekl\u00e6dning uden at bore.<\/p>\n<p><strong><span style=\"color: #dca54a;\">\u2714<\/span> Integreret LED-belysning med ber\u00f8ringsd\u00e6mper<br \/>\n<\/strong>Lysstyrken kan justeres trinl\u00f8st.<\/p>\n<p><strong><span style=\"color: #dca54a;\">\u2714<\/span> Let og lydl\u00f8s<br \/>\n<\/strong>Ingen irriterende knirken som med br\u00e6dder med fer og not.<\/p>","protected":false},"featured_media":1965,"template":"","meta":{"_acf_changed":false,"iawp_total_views":847},"product_brand":[],"product_cat":[57,55],"product_tag":[],"class_list":{"0":"post-1992","1":"product","2":"type-product","3":"status-publish","4":"has-post-thumbnail","6":"product_cat-hochdachkombi","7":"product_cat-zubehoer","8":"product_shipping_class-spedition-l","10":"first","11":"instock","12":"taxable","13":"shipping-taxable","14":"purchasable","15":"product-type-simple"},"acf":[],"_links":{"self":[{"href":"https:\/\/vanfittery.de\/da\/wp-json\/wp\/v2\/product\/1992","targetHints":{"allow":["GET"]}}],"collection":[{"href":"https:\/\/vanfittery.de\/da\/wp-json\/wp\/v2\/product"}],"about":[{"href":"https:\/\/vanfittery.de\/da\/wp-json\/wp\/v2\/types\/product"}],"version-history":[{"count":1,"href":"https:\/\/vanfittery.de\/da\/wp-json\/wp\/v2\/product\/1992\/revisions"}],"predecessor-version":[{"id":13905,"href":"https:\/\/vanfittery.de\/da\/wp-json\/wp\/v2\/product\/1992\/revisions\/13905"}],"wp:featuredmedia":[{"embeddable":true,"href":"https:\/\/vanfittery.de\/da\/wp-json\/wp\/v2\/media\/1965"}],"wp:attachment":[{"href":"https:\/\/vanfittery.de\/da\/wp-json\/wp\/v2\/media?parent=1992"}],"wp:term":[{"taxonomy":"product_brand","embeddable":true,"href":"https:\/\/vanfittery.de\/da\/wp-json\/wp\/v2\/product_brand?post=1992"},{"taxonomy":"product_cat","embeddable":true,"href":"https:\/\/vanfittery.de\/da\/wp-json\/wp\/v2\/product_cat?post=1992"},{"taxonomy":"product_tag","embeddable":true,"href":"https:\/\/vanfittery.de\/da\/wp-json\/wp\/v2\/product_tag?post=1992"}],"curies":[{"name":"wp","href":"https:\/\/api.w.org\/{rel}","templated":true}]}}