{"id":6646,"date":"2025-02-10T13:18:24","date_gmt":"2025-02-10T12:18:24","guid":{"rendered":"https:\/\/vanfittery.de\/?post_type=product&#038;p=6646"},"modified":"2026-03-17T11:21:58","modified_gmt":"2026-03-17T10:21:58","slug":"koretojsfilt-straekbar","status":"publish","type":"product","link":"https:\/\/vanfittery.de\/da\/produkt\/fahrzeug-filz-dehnbar\/","title":{"rendered":"K\u00f8ret\u00f8jsfilt, der kan str\u00e6kkes (fra 1 m\u00b2)"},"content":{"rendered":"<h2>Fleksibel, robust, afpr\u00f8vet og testet - den perfekte filt til din tilbygning!<\/h2>\n<p>Det er ikke l\u00e6ngere et insidertip: Filtning g\u00f8r\u00a0<strong>hyggeligt bart metal, reducerer st\u00f8jniveauet i kabinen og isolerer<\/strong>\u00a0lidt mod varme- eller kuldestr\u00e5ling.<\/p>\n<p>Selv om nogle leverand\u00f8rer foregiver, at deres filt er noget helt s\u00e6rligt: \u201especielt\u201c udviklet til ombygning af varevogne, m\u00e6rket med fanatiske navne og selvf\u00f8lgelig kun tilg\u00e6ngelig eksklusivt ... s\u00e5 er og bliver det filt og ikke bladguld.<\/p>\n<p>Vi bruger filt fra en europ\u00e6isk leverand\u00f8r, der er specialiseret i <strong>vores erfaring er fremragende forarbejdning<\/strong>\u00a0behagelig at r\u00f8re ved og har vist sig at v\u00e6re robust. Vi har\u00a0<strong>allerede udstyret adskillige k\u00f8ret\u00f8jer med det<\/strong>\u00a0og k\u00f8be det i ruller. Du kan k\u00f8be det hos os i almindelige forbrugerm\u00e6ngder til en rimelig pris.<\/p>\n<p>Filten kan v\u00e6re\u00a0<strong>Du skal blot tr\u00e6kke eller str\u00e6kke i alle retninger<\/strong>, Det betyder, at selv ikke-professionelle hurtigt kan opn\u00e5 flotte resultater, selv om det kr\u00e6ver en vis fingerf\u00e6rdighed. Filten p\u00e5f\u00f8res bedst med spraylim, som ogs\u00e5 f\u00e5s hos os.<\/p>\n<p>Den ene side er lidt mere luftig, den anden lidt glattere. Begge sider kan bruges som en synlig side.<\/p>\n<p>Farve: antracit<br \/>\nRullebredde: 2 m, dvs. 1 kvadratmeter er 0,5 x 2 m, 2 kvadratmeter er 1 x 2 m osv.<\/p>\n<p>Ved bestilling bedes du angive det \u00f8nskede antal <strong>i kvadratmeter<\/strong> specificere.<\/p>","protected":false},"excerpt":{"rendered":"<p>11,90 \u20ac pr. 1 m\u00b2<\/p>\n<p><strong><span style=\"color: #dca54a;\">\u2714<\/span><\/strong> Filt g\u00f8r n\u00f8gne metalplader hyggelige<strong><br \/>\n<span style=\"color: #dca54a;\">\u2714<\/span> <\/strong>Reducerer st\u00f8jniveauet i kabinen<strong><br \/>\n<span style=\"color: #dca54a;\">\u2714<\/span><\/strong> Isolerer en smule mod varme- eller kuldestr\u00e5ling<strong><br \/>\n<span style=\"color: #dca54a;\">\u2714<\/span> <\/strong>Den ene side er lidt mere luftig, den anden lidt glattere<strong><br \/>\n<\/strong><\/p>","protected":false},"featured_media":6655,"template":"","meta":{"_acf_changed":false,"iawp_total_views":1114},"product_brand":[],"product_cat":[57,58,55],"product_tag":[],"class_list":{"0":"post-6646","1":"product","2":"type-product","3":"status-publish","4":"has-post-thumbnail","6":"product_cat-hochdachkombi","7":"product_cat-kleintransporter","8":"product_cat-zubehoer","9":"product_shipping_class-paketversand","11":"first","12":"instock","13":"taxable","14":"shipping-taxable","15":"purchasable","16":"product-type-simple"},"acf":[],"_links":{"self":[{"href":"https:\/\/vanfittery.de\/da\/wp-json\/wp\/v2\/product\/6646","targetHints":{"allow":["GET"]}}],"collection":[{"href":"https:\/\/vanfittery.de\/da\/wp-json\/wp\/v2\/product"}],"about":[{"href":"https:\/\/vanfittery.de\/da\/wp-json\/wp\/v2\/types\/product"}],"version-history":[{"count":1,"href":"https:\/\/vanfittery.de\/da\/wp-json\/wp\/v2\/product\/6646\/revisions"}],"predecessor-version":[{"id":13875,"href":"https:\/\/vanfittery.de\/da\/wp-json\/wp\/v2\/product\/6646\/revisions\/13875"}],"wp:featuredmedia":[{"embeddable":true,"href":"https:\/\/vanfittery.de\/da\/wp-json\/wp\/v2\/media\/6655"}],"wp:attachment":[{"href":"https:\/\/vanfittery.de\/da\/wp-json\/wp\/v2\/media?parent=6646"}],"wp:term":[{"taxonomy":"product_brand","embeddable":true,"href":"https:\/\/vanfittery.de\/da\/wp-json\/wp\/v2\/product_brand?post=6646"},{"taxonomy":"product_cat","embeddable":true,"href":"https:\/\/vanfittery.de\/da\/wp-json\/wp\/v2\/product_cat?post=6646"},{"taxonomy":"product_tag","embeddable":true,"href":"https:\/\/vanfittery.de\/da\/wp-json\/wp\/v2\/product_tag?post=6646"}],"curies":[{"name":"wp","href":"https:\/\/api.w.org\/{rel}","templated":true}]}}