{"id":6664,"date":"2025-02-10T13:29:03","date_gmt":"2025-02-10T12:29:03","guid":{"rendered":"https:\/\/vanfittery.de\/?post_type=product&#038;p=6664"},"modified":"2026-03-17T11:21:56","modified_gmt":"2026-03-17T10:21:56","slug":"holder-til-gardinstang","status":"publish","type":"product","link":"https:\/\/vanfittery.de\/da\/produkt\/halter-gardinenstange\/","title":{"rendered":"Holder til gardinstang"},"content":{"rendered":"<h2>Enkel og stabil fastg\u00f8relse til din gardinstang<\/h2>\n<p>Vores beslag til gardinstangen kan simpelthen limes p\u00e5 kroppen med dobbeltkl\u00e6bende tape eller skrues p\u00e5 plads med en selvsk\u00e6rende skrue. Det betyder, at gardinstangen kan fastg\u00f8res i n\u00e6sten enhver position.<\/p>\n<p>Du kan simpelthen bruge 10 mm aluminiumsr\u00f8r eller 10 mm tr\u00e6rundst\u00e6nger som gardinst\u00e6nger og sk\u00e6re dem til i den \u00f8nskede l\u00e6ngde.<\/p>\n<p>&nbsp;<\/p>\n<p>Materiale: PLA<\/p>\n<p>Leveringsomfang: 1 s\u00e6t (2 stk.) inkl. selvsk\u00e6rende skruer<\/p>","protected":false},"excerpt":{"rendered":"<p><strong><span style=\"color: #dca54a;\">\u2714<\/span><\/strong> Enkel montering<br \/>\n<strong><span style=\"color: #dca54a;\">\u2714<\/span><\/strong> Universelt anvendelig - til 10 mm rundjern af aluminium eller tr\u00e6<br \/>\n<strong><span style=\"color: #dca54a;\">\u2714<\/span><\/strong> Leveringsomfang: 1 s\u00e6t (2 stk.) inkl. skruer<\/p>","protected":false},"featured_media":6663,"template":"","meta":{"_acf_changed":false,"iawp_total_views":612},"product_brand":[],"product_cat":[57,58,55],"product_tag":[],"class_list":{"0":"post-6664","1":"product","2":"type-product","3":"status-publish","4":"has-post-thumbnail","6":"product_cat-hochdachkombi","7":"product_cat-kleintransporter","8":"product_cat-zubehoer","9":"product_shipping_class-paketversand","11":"first","12":"instock","13":"taxable","14":"shipping-taxable","15":"purchasable","16":"product-type-variable"},"acf":[],"_links":{"self":[{"href":"https:\/\/vanfittery.de\/da\/wp-json\/wp\/v2\/product\/6664","targetHints":{"allow":["GET"]}}],"collection":[{"href":"https:\/\/vanfittery.de\/da\/wp-json\/wp\/v2\/product"}],"about":[{"href":"https:\/\/vanfittery.de\/da\/wp-json\/wp\/v2\/types\/product"}],"version-history":[{"count":1,"href":"https:\/\/vanfittery.de\/da\/wp-json\/wp\/v2\/product\/6664\/revisions"}],"predecessor-version":[{"id":13874,"href":"https:\/\/vanfittery.de\/da\/wp-json\/wp\/v2\/product\/6664\/revisions\/13874"}],"wp:featuredmedia":[{"embeddable":true,"href":"https:\/\/vanfittery.de\/da\/wp-json\/wp\/v2\/media\/6663"}],"wp:attachment":[{"href":"https:\/\/vanfittery.de\/da\/wp-json\/wp\/v2\/media?parent=6664"}],"wp:term":[{"taxonomy":"product_brand","embeddable":true,"href":"https:\/\/vanfittery.de\/da\/wp-json\/wp\/v2\/product_brand?post=6664"},{"taxonomy":"product_cat","embeddable":true,"href":"https:\/\/vanfittery.de\/da\/wp-json\/wp\/v2\/product_cat?post=6664"},{"taxonomy":"product_tag","embeddable":true,"href":"https:\/\/vanfittery.de\/da\/wp-json\/wp\/v2\/product_tag?post=6664"}],"curies":[{"name":"wp","href":"https:\/\/api.w.org\/{rel}","templated":true}]}}