{"id":6673,"date":"2025-02-10T13:36:58","date_gmt":"2025-02-10T12:36:58","guid":{"rendered":"https:\/\/vanfittery.de\/?post_type=product&#038;p=6673"},"modified":"2026-04-03T13:43:37","modified_gmt":"2026-04-03T11:43:37","slug":"komfurholder-inkl-gaskomfur","status":"publish","type":"product","link":"https:\/\/vanfittery.de\/da\/produkt\/kocherhalterung-inkl-gaskocher\/","title":{"rendered":"Komfurholder inkl. gaskomfur"},"content":{"rendered":"<div data-elementor-type=\"product-post\" data-elementor-id=\"6673\" class=\"elementor elementor-6673\" data-elementor-post-type=\"product\">\n\t\t\t\t<div class=\"elementor-element elementor-element-5d1e79c e-flex e-con-boxed e-con e-parent\" data-id=\"5d1e79c\" data-element_type=\"container\" data-e-type=\"container\">\n\t\t\t\t\t<div class=\"e-con-inner\">\n\t\t\t\t<div class=\"elementor-element elementor-element-dab51b3 elementor-widget elementor-widget-text-editor\" data-id=\"dab51b3\" data-element_type=\"widget\" data-e-type=\"widget\" data-widget_type=\"text-editor.default\">\n\t\t\t\t<div class=\"elementor-widget-container\">\n\t\t\t\t\t\t\t\t\t<p>Det valgfrie gaskomfur inkl. holder kan fastg\u00f8res n\u00e6sten overalt. Beslaget er designet p\u00e5 en s\u00e5dan m\u00e5de, at det sidder sikkert og stabilt p\u00e5 hvert af vores moduler takket v\u00e6re den ensartede materialetykkelse.<\/p><p>Efter brug kan hele enheden opbevares sikkert og pladsbesparende i skuffen. St\u00f8rrelsen svarer til en 11-liters kasse.<\/p><p>Med komfurholderen kan bagudtr\u00e6kket opgraderes til et fuldt udbygget bagk\u00f8kken. Det kan f.eks. kombineres med en kompressork\u00f8leboks og et h\u00e6ngebord.<\/p>\t\t\t\t\t\t\t\t<\/div>\n\t\t\t\t<\/div>\n\t\t\t\t<div class=\"elementor-element elementor-element-9098eba elementor-widget__width-initial elementor-arrows-position-inside elementor-pagination-position-outside elementor-widget elementor-widget-image-carousel\" data-id=\"9098eba\" data-element_type=\"widget\" data-e-type=\"widget\" data-settings=\"{&quot;slides_to_show&quot;:&quot;1&quot;,&quot;navigation&quot;:&quot;both&quot;,&quot;autoplay&quot;:&quot;yes&quot;,&quot;pause_on_hover&quot;:&quot;yes&quot;,&quot;pause_on_interaction&quot;:&quot;yes&quot;,&quot;autoplay_speed&quot;:5000,&quot;infinite&quot;:&quot;yes&quot;,&quot;effect&quot;:&quot;slide&quot;,&quot;speed&quot;:500}\" data-widget_type=\"image-carousel.default\">\n\t\t\t\t<div class=\"elementor-widget-container\">\n\t\t\t\t\t\t\t<div class=\"elementor-image-carousel-wrapper swiper\" role=\"region\" aria-roledescription=\"carousel\" aria-label=\"Billedkarrusel\" dir=\"ltr\">\n\t\t\t<div class=\"elementor-image-carousel swiper-wrapper\" aria-live=\"off\">\n\t\t\t\t\t\t\t\t<div class=\"swiper-slide\" role=\"group\" aria-roledescription=\"slide\" aria-label=\"1 af 5\"><a data-elementor-open-lightbox=\"yes\" data-elementor-lightbox-slideshow=\"9098eba\" data-e-action-hash=\"#elementor-action%3Aaction%3Dlightbox%26settings%3DeyJpZCI6MzU4NywidXJsIjoiaHR0cHM6XC9cL3ZhbmZpdHRlcnkuZGVcL3dwLWNvbnRlbnRcL3VwbG9hZHNcLzIwMjVcLzAxXC9DYW1waW5nQm94LUNsYXNzaWMtS29jaGVyaGFsdGVyLW1pdC1LYWZmZWUtRGV0YWlsLTEuanBnIiwic2xpZGVzaG93IjoiOTA5OGViYSJ9\" href=\"https:\/\/vanfittery.de\/wp-content\/uploads\/2025\/01\/CampingBox-Classic-Kocherhalter-mit-Kaffee-Detail-1.jpg\"><figure class=\"swiper-slide-inner\"><img decoding=\"async\" class=\"swiper-slide-image\" src=\"https:\/\/vanfittery.de\/wp-content\/uploads\/2025\/01\/CampingBox-Classic-Kocherhalter-mit-Kaffee-Detail-1.jpg\" alt=\"Et campingkomfur med kaffekande st\u00e5r p\u00e5 et udtr\u00e6kkeligt bord monteret bag p\u00e5 et k\u00f8ret\u00f8j og er en praktisk l\u00f8sning til udend\u00f8rs madlavning.\" \/><\/figure><\/a><\/div><div class=\"swiper-slide\" role=\"group\" aria-roledescription=\"slide\" aria-label=\"2 af 5\"><a data-elementor-open-lightbox=\"yes\" data-elementor-lightbox-slideshow=\"9098eba\" data-e-action-hash=\"#elementor-action%3Aaction%3Dlightbox%26settings%3DeyJpZCI6MzU4NiwidXJsIjoiaHR0cHM6XC9cL3ZhbmZpdHRlcnkuZGVcL3dwLWNvbnRlbnRcL3VwbG9hZHNcLzIwMjVcLzAxXC9DYW1waW5nQm94LUNsYXNzaWMtS2FmZmVrb2NoZW4uanBnIiwic2xpZGVzaG93IjoiOTA5OGViYSJ9\" href=\"https:\/\/vanfittery.de\/wp-content\/uploads\/2025\/01\/CampingBox-Classic-Kaffekochen.jpg\"><figure class=\"swiper-slide-inner\"><img decoding=\"async\" class=\"swiper-slide-image\" src=\"https:\/\/vanfittery.de\/wp-content\/uploads\/2025\/01\/CampingBox-Classic-Kaffekochen.jpg\" alt=\"En person laver kaffe p\u00e5 et campingkomfur, mens han st\u00e5r ved et mobilt k\u00f8kkenmodul, der bruges p\u00e5 en campingtur.\" \/><\/figure><\/a><\/div><div class=\"swiper-slide\" role=\"group\" aria-roledescription=\"slide\" aria-label=\"3 af 5\"><a data-elementor-open-lightbox=\"yes\" data-elementor-lightbox-slideshow=\"9098eba\" data-e-action-hash=\"#elementor-action%3Aaction%3Dlightbox%26settings%3DeyJpZCI6MzE2MSwidXJsIjoiaHR0cHM6XC9cL3ZhbmZpdHRlcnkuZGVcL3dwLWNvbnRlbnRcL3VwbG9hZHNcLzIwMjVcLzAxXC9DYW1waW5nQm94LVByby1IZWNrYXVzenVnLWhvY2gtcmVjaHRzLVp1YmVob2VyLmpwZyIsInNsaWRlc2hvdyI6IjkwOThlYmEifQ%3D%3D\" href=\"https:\/\/vanfittery.de\/wp-content\/uploads\/2025\/01\/CampingBox-Pro-Heckauszug-hoch-rechts-Zubehoer.jpg\"><figure class=\"swiper-slide-inner\"><img decoding=\"async\" class=\"swiper-slide-image\" src=\"https:\/\/vanfittery.de\/wp-content\/uploads\/2025\/01\/CampingBox-Pro-Heckauszug-hoch-rechts-Zubehoer.jpg\" alt=\"Et udfoldeligt campingbordsmodul med komfur og kop st\u00e5r bag p\u00e5 en varevogn og er ideelt til at tilberede m\u00e5ltider p\u00e5 camping.\" \/><figcaption class=\"elementor-image-carousel-caption\">Komfurholder til vores CampingBox \"Pro\"<\/figcaption><\/figure><\/a><\/div><div class=\"swiper-slide\" role=\"group\" aria-roledescription=\"slide\" aria-label=\"4 af 5\"><a data-elementor-open-lightbox=\"yes\" data-elementor-lightbox-slideshow=\"9098eba\" data-e-action-hash=\"#elementor-action%3Aaction%3Dlightbox%26settings%3DeyJpZCI6MjM2OSwidXJsIjoiaHR0cHM6XC9cL3ZhbmZpdHRlcnkuZGVcL3dwLWNvbnRlbnRcL3VwbG9hZHNcLzIwMjVcLzAxXC9LVl96d2VpdGUtS29jaHN0ZWxsZS1taXQtS29jaGVyaGFsdGVyLmpwZyIsInNsaWRlc2hvdyI6IjkwOThlYmEifQ%3D%3D\" href=\"https:\/\/vanfittery.de\/wp-content\/uploads\/2025\/01\/KV_zweite-Kochstelle-mit-Kocherhalter.jpg\"><figure class=\"swiper-slide-inner\"><img decoding=\"async\" class=\"swiper-slide-image\" src=\"https:\/\/vanfittery.de\/wp-content\/uploads\/2025\/01\/KV_zweite-Kochstelle-mit-Kocherhalter.jpg\" alt=\"Et moderne campingk\u00f8kkenmodul med to gaskogeplader og en gryde i rustfrit st\u00e5l, ideelt til at tilberede m\u00e5ltider udend\u00f8rs.\" \/><\/figure><\/a><\/div><div class=\"swiper-slide\" role=\"group\" aria-roledescription=\"slide\" aria-label=\"5 af 5\"><a data-elementor-open-lightbox=\"yes\" data-elementor-lightbox-slideshow=\"9098eba\" data-e-action-hash=\"#elementor-action%3Aaction%3Dlightbox%26settings%3DeyJpZCI6MjA2NywidXJsIjoiaHR0cHM6XC9cL3ZhbmZpdHRlcnkuZGVcL3dwLWNvbnRlbnRcL3VwbG9hZHNcLzIwMjVcLzAxXC9CUUFfSGVja2F1c3p1Zy1taXQtS29jaGVyaGFsdGVydW5nLmpwZyIsInNsaWRlc2hvdyI6IjkwOThlYmEifQ%3D%3D\" href=\"https:\/\/vanfittery.de\/wp-content\/uploads\/2025\/01\/BQA_Heckauszug-mit-Kocherhalterung.jpg\"><figure class=\"swiper-slide-inner\"><img decoding=\"async\" class=\"swiper-slide-image\" src=\"https:\/\/vanfittery.de\/wp-content\/uploads\/2025\/01\/BQA_Heckauszug-mit-Kocherhalterung.jpg\" alt=\"Praktisk k\u00f8kkenmodul til campingvogne med udtr\u00e6kkelig kogestation og opbevaringsflade.\" \/><figcaption class=\"elementor-image-carousel-caption\">Udtr\u00e6k bagtil med komfurholder p\u00e5 \"sengekrydsudtr\u00e6kket\"<\/figcaption><\/figure><\/a><\/div>\t\t\t<\/div>\n\t\t\t\t\t\t\t\t\t\t\t\t<div class=\"elementor-swiper-button elementor-swiper-button-prev\" role=\"button\" tabindex=\"0\">\n\t\t\t\t\t\t<svg aria-hidden=\"true\" class=\"e-font-icon-svg e-eicon-chevron-left\" viewbox=\"0 0 1000 1000\" xmlns=\"http:\/\/www.w3.org\/2000\/svg\"><path d=\"M646 125C629 125 613 133 604 142L308 442C296 454 292 471 292 487 292 504 296 521 308 533L604 854C617 867 629 875 646 875 663 875 679 871 692 858 704 846 713 829 713 812 713 796 708 779 692 767L438 487 692 225C700 217 708 204 708 187 708 171 704 154 692 142 675 129 663 125 646 125Z\"><\/path><\/svg>\t\t\t\t\t<\/div>\n\t\t\t\t\t<div class=\"elementor-swiper-button elementor-swiper-button-next\" role=\"button\" tabindex=\"0\">\n\t\t\t\t\t\t<svg aria-hidden=\"true\" class=\"e-font-icon-svg e-eicon-chevron-right\" viewbox=\"0 0 1000 1000\" xmlns=\"http:\/\/www.w3.org\/2000\/svg\"><path d=\"M696 533C708 521 713 504 713 487 713 471 708 454 696 446L400 146C388 133 375 125 354 125 338 125 325 129 313 142 300 154 292 171 292 187 292 204 296 221 308 233L563 492 304 771C292 783 288 800 288 817 288 833 296 850 308 863 321 871 338 875 354 875 371 875 388 867 400 854L696 533Z\"><\/path><\/svg>\t\t\t\t\t<\/div>\n\t\t\t\t\n\t\t\t\t\t\t\t\t\t<div class=\"swiper-pagination\"><\/div>\n\t\t\t\t\t\t\t\t\t<\/div>\n\t\t\t\t\t\t<\/div>\n\t\t\t\t<\/div>\n\t\t\t\t\t<\/div>\n\t\t\t\t<\/div>\n\t\t\t\t<\/div>","protected":false},"excerpt":{"rendered":"<p><strong><span style=\"color: #dca54a;\">\u2714<\/span>\u00a0 <\/strong>Komfurholder til at h\u00e6nge i skuffen<br \/>\n<strong><span style=\"color: #dca54a;\">\u2714<\/span>\u00a0 <\/strong>Gaskomfur inkl. sikkerhedspilot<br \/>\n<strong><span style=\"color: #dca54a;\">\u2714<\/span>\u00a0 <\/strong>Passer til alle vores moduler<\/p>","protected":false},"featured_media":3335,"template":"","meta":{"_acf_changed":false,"iawp_total_views":1045},"product_brand":[],"product_cat":[59,57,58,55],"product_tag":[],"class_list":{"0":"post-6673","1":"product","2":"type-product","3":"status-publish","4":"has-post-thumbnail","6":"product_cat-grossraumtransporter","7":"product_cat-hochdachkombi","8":"product_cat-kleintransporter","9":"product_cat-zubehoer","10":"product_shipping_class-paketversand","12":"first","13":"instock","14":"taxable","15":"shipping-taxable","16":"purchasable","17":"product-type-variable"},"acf":[],"_links":{"self":[{"href":"https:\/\/vanfittery.de\/da\/wp-json\/wp\/v2\/product\/6673","targetHints":{"allow":["GET"]}}],"collection":[{"href":"https:\/\/vanfittery.de\/da\/wp-json\/wp\/v2\/product"}],"about":[{"href":"https:\/\/vanfittery.de\/da\/wp-json\/wp\/v2\/types\/product"}],"version-history":[{"count":1,"href":"https:\/\/vanfittery.de\/da\/wp-json\/wp\/v2\/product\/6673\/revisions"}],"predecessor-version":[{"id":13873,"href":"https:\/\/vanfittery.de\/da\/wp-json\/wp\/v2\/product\/6673\/revisions\/13873"}],"wp:featuredmedia":[{"embeddable":true,"href":"https:\/\/vanfittery.de\/da\/wp-json\/wp\/v2\/media\/3335"}],"wp:attachment":[{"href":"https:\/\/vanfittery.de\/da\/wp-json\/wp\/v2\/media?parent=6673"}],"wp:term":[{"taxonomy":"product_brand","embeddable":true,"href":"https:\/\/vanfittery.de\/da\/wp-json\/wp\/v2\/product_brand?post=6673"},{"taxonomy":"product_cat","embeddable":true,"href":"https:\/\/vanfittery.de\/da\/wp-json\/wp\/v2\/product_cat?post=6673"},{"taxonomy":"product_tag","embeddable":true,"href":"https:\/\/vanfittery.de\/da\/wp-json\/wp\/v2\/product_tag?post=6673"}],"curies":[{"name":"wp","href":"https:\/\/api.w.org\/{rel}","templated":true}]}}