{"id":6680,"date":"2025-02-10T13:45:15","date_gmt":"2025-02-10T12:45:15","guid":{"rendered":"https:\/\/vanfittery.de\/?post_type=product&#038;p=6680"},"modified":"2026-04-19T23:59:17","modified_gmt":"2026-04-19T21:59:17","slug":"forstaerkede-bagklapskofangere-vw-caddy","status":"publish","type":"product","link":"https:\/\/vanfittery.de\/da\/produkt\/verstaerkte-heckklappendaempfer-vw-caddy\/","title":{"rendered":"Forst\u00e6rkede bagklapd\u00e6mpere til VW Caddy"},"content":{"rendered":"<h2>Mere stabilitet til din bagklap - selv med et bagageb\u00e6rer!<\/h2>\n<p>Vores forst\u00e6rkede bagklapd\u00e6mpere til VW Caddy og Caddy Maxi (model 2K og SA, model\u00e5r 2003-2020) <strong>holder p\u00e5lideligt bagklappen \u00e5ben<\/strong>, hvis for eksempel en\u00a0<strong>Cykelholder, bagageb\u00e6rer eller andet tilbeh\u00f8r p\u00e5 bagklappen<\/strong>\u00a0er monteret.<\/p>\n<p>Bagklappens udtr\u00e6kskraft er 1180 N; det svarer til en holdekraft p\u00e5 ca. 21 kg p\u00e5 lukkeh\u00e5ndtaget (bem\u00e6rk: denne v\u00e6rdi kan variere med forskellige versioner eller forskellige temperaturer). P\u00e5 grund af h\u00e5ndtagsforholdene holdes bagklappen ogs\u00e5 \u00e5ben af betydeligt tungere belastninger, forudsat at deres tyngdepunkt er \u201eh\u00f8jere\u201c end lukkeh\u00e5ndtaget. Dette er tilf\u00e6ldet med de fleste cykel- eller bagageb\u00e6rere (se eksempelbilleder).<\/p>\n<p>N\u00e5r bagklappen er ubelastet, opst\u00e5r der \u00f8gede lukkekr\u00e6fter.<\/p>\n<p>Installationen kan klares p\u00e5 f\u00e5 minutter, selv af ikke-professionelle. Spj\u00e6ldene udskiftes ganske enkelt med de originale. Det eneste v\u00e6rkt\u00f8j, der kr\u00e6ves, er en flad skruetr\u00e6kker.<\/p>\n<p>Du kan finde installationsvideoen her:<\/p>\n<p><iframe hcb-fetch-image-from=\"https:\/\/youtu.be\/WC47f7qNW1Q\" title=\"Montering af de forst\u00e6rkede bagklapd\u00e6mpere \/ gasfjedre p\u00e5 VW Caddy Camper, f.eks. til cykelholdere\" width=\"800\" height=\"450\" src=\"https:\/\/www.youtube.com\/embed\/WC47f7qNW1Q?feature=oembed\" frameborder=\"0\" allow=\"accelerometer; autoplay; clipboard-write; encrypted-media; gyroscope; picture-in-picture; web-share\" referrerpolicy=\"strict-origin-when-cross-origin\" allowfullscreen><\/iframe><\/p>\n<p>Spj\u00e6ldene er fremstillet specielt til os i henhold til specifikationerne. Producent: STABILUS, fremstillet i Tyskland.<\/p>\n<p>Pris pr. s\u00e6t (= 2 stk.), hvilket betyder, at der kr\u00e6ves bestillingsm\u00e6ngde \u201e1\u201c for et k\u00f8ret\u00f8j.<\/p>","protected":false},"excerpt":{"rendered":"<p><strong><span style=\"color: #dca54a;\">\u2714<\/span><\/strong> Holder bagklappen p\u00e5lideligt \u00e5ben<strong><br \/>\n<span style=\"color: #dca54a;\">\u2714 <\/span><\/strong>Enkel installation p\u00e5 f\u00e5 minutter<strong><br \/>\n<span style=\"color: #dca54a;\">\u2714<\/span><\/strong> Fremstillet i Tyskland<strong><br \/>\n<span style=\"color: #dca54a;\">\u2714 <\/span><\/strong>Passer perfekt til VW Caddy (2003-2020)<\/p>","protected":false},"featured_media":9546,"template":"","meta":{"_acf_changed":false,"iawp_total_views":2836},"product_brand":[],"product_cat":[57,55],"product_tag":[],"class_list":{"0":"post-6680","1":"product","2":"type-product","3":"status-publish","4":"has-post-thumbnail","6":"product_cat-hochdachkombi","7":"product_cat-zubehoer","8":"product_shipping_class-paketversand","10":"first","11":"instock","12":"sale","13":"taxable","14":"shipping-taxable","15":"purchasable","16":"product-type-simple"},"acf":[],"_links":{"self":[{"href":"https:\/\/vanfittery.de\/da\/wp-json\/wp\/v2\/product\/6680","targetHints":{"allow":["GET"]}}],"collection":[{"href":"https:\/\/vanfittery.de\/da\/wp-json\/wp\/v2\/product"}],"about":[{"href":"https:\/\/vanfittery.de\/da\/wp-json\/wp\/v2\/types\/product"}],"version-history":[{"count":3,"href":"https:\/\/vanfittery.de\/da\/wp-json\/wp\/v2\/product\/6680\/revisions"}],"predecessor-version":[{"id":14012,"href":"https:\/\/vanfittery.de\/da\/wp-json\/wp\/v2\/product\/6680\/revisions\/14012"}],"wp:featuredmedia":[{"embeddable":true,"href":"https:\/\/vanfittery.de\/da\/wp-json\/wp\/v2\/media\/9546"}],"wp:attachment":[{"href":"https:\/\/vanfittery.de\/da\/wp-json\/wp\/v2\/media?parent=6680"}],"wp:term":[{"taxonomy":"product_brand","embeddable":true,"href":"https:\/\/vanfittery.de\/da\/wp-json\/wp\/v2\/product_brand?post=6680"},{"taxonomy":"product_cat","embeddable":true,"href":"https:\/\/vanfittery.de\/da\/wp-json\/wp\/v2\/product_cat?post=6680"},{"taxonomy":"product_tag","embeddable":true,"href":"https:\/\/vanfittery.de\/da\/wp-json\/wp\/v2\/product_tag?post=6680"}],"curies":[{"name":"wp","href":"https:\/\/api.w.org\/{rel}","templated":true}]}}