{"id":8994,"date":"2025-05-29T19:41:04","date_gmt":"2025-05-29T17:41:04","guid":{"rendered":"https:\/\/vanfittery.de\/?post_type=product&#038;p=8994"},"modified":"2026-04-14T22:31:42","modified_gmt":"2026-04-14T20:31:42","slug":"bambusbord-til-eurobox-60x40cm","status":"publish","type":"product","link":"https:\/\/vanfittery.de\/da\/produkt\/bambus-tisch-fuer-eurobox-60x40cm\/","title":{"rendered":"Bambusbord til Eurobox 60x40cm"},"content":{"rendered":"<div data-elementor-type=\"product-post\" data-elementor-id=\"8994\" class=\"elementor elementor-8994\" data-elementor-post-type=\"product\">\n\t\t\t\t<div class=\"elementor-element elementor-element-6e5fa72b e-flex e-con-boxed e-con e-parent\" data-id=\"6e5fa72b\" data-element_type=\"container\" data-e-type=\"container\">\n\t\t\t\t\t<div class=\"e-con-inner\">\n\t\t\t\t<div class=\"elementor-element elementor-element-790031d1 elementor-widget elementor-widget-text-editor\" data-id=\"790031d1\" data-element_type=\"widget\" data-e-type=\"widget\" data-widget_type=\"text-editor.default\">\n\t\t\t\t<div class=\"elementor-widget-container\">\n\t\t\t\t\t\t\t\t\t<h2>Allrounderen til EuroBox!<\/h2><p>De er ofte <strong>De sm\u00e5 gadgets<\/strong> som g\u00f8r forskellen, n\u00e5r man camperer!<\/p><p>Den kan bruges som l\u00e5g p\u00e5 en EuroBox sammen med andre Euroboxe <strong>Bruges som s\u00e6de eller bord<\/strong> blive. Med en fejende bev\u00e6gelse <strong>alle f\u00f8dder foldes ud p\u00e5 samme tid<\/strong> og l\u00e5get bliver til et solidt bord!<\/p><p><strong>Uanset om det er som et lille snackbord, som et f\u00f8rste bord til de sm\u00e5 eller som et sidebord til gaskomfuret eller grillen...<\/strong><\/p>\t\t\t\t\t\t\t\t<\/div>\n\t\t\t\t<\/div>\n\t\t\t\t<div class=\"elementor-element elementor-element-319dab6 elementor-widget__width-initial elementor-arrows-position-inside elementor-pagination-position-outside elementor-widget elementor-widget-image-carousel\" data-id=\"319dab6\" data-element_type=\"widget\" data-e-type=\"widget\" data-settings=\"{&quot;slides_to_show&quot;:&quot;1&quot;,&quot;navigation&quot;:&quot;both&quot;,&quot;autoplay&quot;:&quot;yes&quot;,&quot;pause_on_hover&quot;:&quot;yes&quot;,&quot;pause_on_interaction&quot;:&quot;yes&quot;,&quot;autoplay_speed&quot;:5000,&quot;infinite&quot;:&quot;yes&quot;,&quot;effect&quot;:&quot;slide&quot;,&quot;speed&quot;:500}\" data-widget_type=\"image-carousel.default\">\n\t\t\t\t<div class=\"elementor-widget-container\">\n\t\t\t\t\t\t\t<div class=\"elementor-image-carousel-wrapper swiper\" role=\"region\" aria-roledescription=\"carousel\" aria-label=\"Billedkarrusel\" dir=\"ltr\">\n\t\t\t<div class=\"elementor-image-carousel swiper-wrapper\" aria-live=\"off\">\n\t\t\t\t\t\t\t\t<div class=\"swiper-slide\" role=\"group\" aria-roledescription=\"slide\" aria-label=\"1 af 5\"><a data-elementor-open-lightbox=\"yes\" data-elementor-lightbox-slideshow=\"319dab6\" data-e-action-hash=\"#elementor-action%3Aaction%3Dlightbox%26settings%3DeyJpZCI6OTAwNywidXJsIjoiaHR0cHM6XC9cL3ZhbmZpdHRlcnkuZGVcL3dwLWNvbnRlbnRcL3VwbG9hZHNcLzIwMjVcLzA1XC9UaXNjaC1mdWVyLUV1cm9Cb3gtNjB4NDAtU3RhbmRBbG9uZS1zY2FsZWQuanBnIiwic2xpZGVzaG93IjoiMzE5ZGFiNiJ9\" href=\"https:\/\/vanfittery.de\/wp-content\/uploads\/2025\/05\/Tisch-fuer-EuroBox-60x40-StandAlone-scaled.jpg\"><figure class=\"swiper-slide-inner\"><img decoding=\"async\" class=\"swiper-slide-image\" src=\"https:\/\/vanfittery.de\/wp-content\/uploads\/2025\/05\/Tisch-fuer-EuroBox-60x40-StandAlone-scaled.jpg\" alt=\"Bord til EuroBox 60x40cm\" \/><figcaption class=\"elementor-image-carousel-caption\">Toppen er lavet af 16 mm bambus og har en f\u00f8devaregodkendt, olieret finish.<\/figcaption><\/figure><\/a><\/div><div class=\"swiper-slide\" role=\"group\" aria-roledescription=\"slide\" aria-label=\"2 af 5\"><a data-elementor-open-lightbox=\"yes\" data-elementor-lightbox-slideshow=\"319dab6\" data-e-action-hash=\"#elementor-action%3Aaction%3Dlightbox%26settings%3DeyJpZCI6OTAwMCwidXJsIjoiaHR0cHM6XC9cL3ZhbmZpdHRlcnkuZGVcL3dwLWNvbnRlbnRcL3VwbG9hZHNcLzIwMjVcLzA1XC9UaXNjaC1mdWVyLUV1cm9ib3gtNjB4NDAtYXVmLUV1cm9ib3gtNjB4NDAtMS1zY2FsZWQuanBnIiwic2xpZGVzaG93IjoiMzE5ZGFiNiJ9\" href=\"https:\/\/vanfittery.de\/wp-content\/uploads\/2025\/05\/Tisch-fuer-Eurobox-60x40-auf-Eurobox-60x40-1-scaled.jpg\"><figure class=\"swiper-slide-inner\"><img decoding=\"async\" class=\"swiper-slide-image\" src=\"https:\/\/vanfittery.de\/wp-content\/uploads\/2025\/05\/Tisch-fuer-Eurobox-60x40-auf-Eurobox-60x40-1-scaled.jpg\" alt=\"Bord til EuroBox 60x40cm med l\u00e5g\" \/><figcaption class=\"elementor-image-carousel-caption\">Fire gummipinde centrerer bordet p\u00e5 almindelige Euroboxe...<\/figcaption><\/figure><\/a><\/div><div class=\"swiper-slide\" role=\"group\" aria-roledescription=\"slide\" aria-label=\"3 af 5\"><a data-elementor-open-lightbox=\"yes\" data-elementor-lightbox-slideshow=\"319dab6\" data-e-action-hash=\"#elementor-action%3Aaction%3Dlightbox%26settings%3DeyJpZCI6ODk5OSwidXJsIjoiaHR0cHM6XC9cL3ZhbmZpdHRlcnkuZGVcL3dwLWNvbnRlbnRcL3VwbG9hZHNcLzIwMjVcLzA1XC9UaXNjaC1mdWVyLUV1cm9Cb3gtNjB4NDAtYmVpbS1XZWdoZWJlbi1zY2FsZWQuanBnIiwic2xpZGVzaG93IjoiMzE5ZGFiNiJ9\" href=\"https:\/\/vanfittery.de\/wp-content\/uploads\/2025\/05\/Tisch-fuer-EuroBox-60x40-beim-Wegheben-scaled.jpg\"><figure class=\"swiper-slide-inner\"><img decoding=\"async\" class=\"swiper-slide-image\" src=\"https:\/\/vanfittery.de\/wp-content\/uploads\/2025\/05\/Tisch-fuer-EuroBox-60x40-beim-Wegheben-scaled.jpg\" alt=\"Bord til EuroBox 60x40cm med l\u00e5g\" \/><figcaption class=\"elementor-image-carousel-caption\">... og s\u00f8rg for, at den ikke kan glide p\u00e5 kassen.<\/figcaption><\/figure><\/a><\/div><div class=\"swiper-slide\" role=\"group\" aria-roledescription=\"slide\" aria-label=\"4 af 5\"><a data-elementor-open-lightbox=\"yes\" data-elementor-lightbox-slideshow=\"319dab6\" data-e-action-hash=\"#elementor-action%3Aaction%3Dlightbox%26settings%3DeyJpZCI6ODk5OCwidXJsIjoiaHR0cHM6XC9cL3ZhbmZpdHRlcnkuZGVcL3dwLWNvbnRlbnRcL3VwbG9hZHNcLzIwMjVcLzA1XC9UaXNjaC1mdWVyLUV1cm9Cb3gtNjB4NDAtYWxzLUtpbmRlcnRpc2NoLXNjYWxlZC5qcGciLCJzbGlkZXNob3ciOiIzMTlkYWI2In0%3D\" href=\"https:\/\/vanfittery.de\/wp-content\/uploads\/2025\/05\/Tisch-fuer-EuroBox-60x40-als-Kindertisch-scaled.jpg\"><figure class=\"swiper-slide-inner\"><img decoding=\"async\" class=\"swiper-slide-image\" src=\"https:\/\/vanfittery.de\/wp-content\/uploads\/2025\/05\/Tisch-fuer-EuroBox-60x40-als-Kindertisch-scaled.jpg\" alt=\"Bord til EuroBox 60x40cm i aktion\" \/><figcaption class=\"elementor-image-carousel-caption\">Bordet til alle hobbyister og opdagelsesrejsende<\/figcaption><\/figure><\/a><\/div><div class=\"swiper-slide\" role=\"group\" aria-roledescription=\"slide\" aria-label=\"5 af 5\"><a data-elementor-open-lightbox=\"yes\" data-elementor-lightbox-slideshow=\"319dab6\" data-e-action-hash=\"#elementor-action%3Aaction%3Dlightbox%26settings%3DeyJpZCI6OTAwMSwidXJsIjoiaHR0cHM6XC9cL3ZhbmZpdHRlcnkuZGVcL3dwLWNvbnRlbnRcL3VwbG9hZHNcLzIwMjVcLzA1XC9UaXNjaC1mdWVyLUV1cm9Cb3gtNjB4NDAtaW0tRWluc2F0ei5qcGciLCJzbGlkZXNob3ciOiIzMTlkYWI2In0%3D\" href=\"https:\/\/vanfittery.de\/wp-content\/uploads\/2025\/05\/Tisch-fuer-EuroBox-60x40-im-Einsatz.jpg\"><figure class=\"swiper-slide-inner\"><img decoding=\"async\" class=\"swiper-slide-image\" src=\"https:\/\/vanfittery.de\/wp-content\/uploads\/2025\/05\/Tisch-fuer-EuroBox-60x40-im-Einsatz.jpg\" alt=\"Bord til EuroBox 60x40cm\" \/><figcaption class=\"elementor-image-carousel-caption\">Det kunne n\u00e6sten ikke v\u00e6re k\u00f8ligere \ud83d\ude42 .<\/figcaption><\/figure><\/a><\/div>\t\t\t<\/div>\n\t\t\t\t\t\t\t\t\t\t\t\t<div class=\"elementor-swiper-button elementor-swiper-button-prev\" role=\"button\" tabindex=\"0\">\n\t\t\t\t\t\t<svg aria-hidden=\"true\" class=\"e-font-icon-svg e-eicon-chevron-left\" viewbox=\"0 0 1000 1000\" xmlns=\"http:\/\/www.w3.org\/2000\/svg\"><path d=\"M646 125C629 125 613 133 604 142L308 442C296 454 292 471 292 487 292 504 296 521 308 533L604 854C617 867 629 875 646 875 663 875 679 871 692 858 704 846 713 829 713 812 713 796 708 779 692 767L438 487 692 225C700 217 708 204 708 187 708 171 704 154 692 142 675 129 663 125 646 125Z\"><\/path><\/svg>\t\t\t\t\t<\/div>\n\t\t\t\t\t<div class=\"elementor-swiper-button elementor-swiper-button-next\" role=\"button\" tabindex=\"0\">\n\t\t\t\t\t\t<svg aria-hidden=\"true\" class=\"e-font-icon-svg e-eicon-chevron-right\" viewbox=\"0 0 1000 1000\" xmlns=\"http:\/\/www.w3.org\/2000\/svg\"><path d=\"M696 533C708 521 713 504 713 487 713 471 708 454 696 446L400 146C388 133 375 125 354 125 338 125 325 129 313 142 300 154 292 171 292 187 292 204 296 221 308 233L563 492 304 771C292 783 288 800 288 817 288 833 296 850 308 863 321 871 338 875 354 875 371 875 388 867 400 854L696 533Z\"><\/path><\/svg>\t\t\t\t\t<\/div>\n\t\t\t\t\n\t\t\t\t\t\t\t\t\t<div class=\"swiper-pagination\"><\/div>\n\t\t\t\t\t\t\t\t\t<\/div>\n\t\t\t\t\t\t<\/div>\n\t\t\t\t<\/div>\n\t\t\t\t<div class=\"elementor-element elementor-element-fcb1e6e elementor-widget elementor-widget-text-editor\" data-id=\"fcb1e6e\" data-element_type=\"widget\" data-e-type=\"widget\" data-widget_type=\"text-editor.default\">\n\t\t\t\t<div class=\"elementor-widget-container\">\n\t\t\t\t\t\t\t\t\t<p>Passer til konventionelle EuroBoxe med 60x40 cm. H\u00f8jde med udfoldede f\u00f8dder: 44 cm. Fire gummif\u00f8dder i hj\u00f8rnerne centrerer bordet p\u00e5 Euroboxen. Maks. belastningskapacitet 40 kg<\/p>\t\t\t\t\t\t\t\t<\/div>\n\t\t\t\t<\/div>\n\t\t\t\t\t<\/div>\n\t\t\t\t<\/div>\n\t\t\t\t<\/div>","protected":false},"excerpt":{"rendered":"<p><span style=\"color: #dca54a;\"><strong>\u2714<\/strong> <\/span>Multifunktionel: l\u00e5g og solidt bord i \u00e9t<br \/>\n<span style=\"color: #dca54a;\"><strong>\u2714<\/strong> <\/span>Foldes og udfoldes p\u00e5 f\u00e5 sekunder<br \/>\n<span style=\"color: #dca54a;\"><strong>\u2714<\/strong> <\/span>Robust og stilfuld fremstillet af bambus<br \/>\n<span style=\"color: #dca54a;\"><strong>\u2714<\/strong> <\/span>Stabilt greb p\u00e5 standard Euroboxe (60 x 40 cm)<\/p>","protected":false},"featured_media":8997,"template":"","meta":{"_acf_changed":false,"iawp_total_views":620},"product_brand":[],"product_cat":[55],"product_tag":[],"class_list":{"0":"post-8994","1":"product","2":"type-product","3":"status-publish","4":"has-post-thumbnail","6":"product_cat-zubehoer","7":"product_shipping_class-paketversand","9":"first","10":"instock","11":"taxable","12":"shipping-taxable","13":"purchasable","14":"product-type-simple"},"acf":[],"_links":{"self":[{"href":"https:\/\/vanfittery.de\/da\/wp-json\/wp\/v2\/product\/8994","targetHints":{"allow":["GET"]}}],"collection":[{"href":"https:\/\/vanfittery.de\/da\/wp-json\/wp\/v2\/product"}],"about":[{"href":"https:\/\/vanfittery.de\/da\/wp-json\/wp\/v2\/types\/product"}],"version-history":[{"count":1,"href":"https:\/\/vanfittery.de\/da\/wp-json\/wp\/v2\/product\/8994\/revisions"}],"predecessor-version":[{"id":13866,"href":"https:\/\/vanfittery.de\/da\/wp-json\/wp\/v2\/product\/8994\/revisions\/13866"}],"wp:featuredmedia":[{"embeddable":true,"href":"https:\/\/vanfittery.de\/da\/wp-json\/wp\/v2\/media\/8997"}],"wp:attachment":[{"href":"https:\/\/vanfittery.de\/da\/wp-json\/wp\/v2\/media?parent=8994"}],"wp:term":[{"taxonomy":"product_brand","embeddable":true,"href":"https:\/\/vanfittery.de\/da\/wp-json\/wp\/v2\/product_brand?post=8994"},{"taxonomy":"product_cat","embeddable":true,"href":"https:\/\/vanfittery.de\/da\/wp-json\/wp\/v2\/product_cat?post=8994"},{"taxonomy":"product_tag","embeddable":true,"href":"https:\/\/vanfittery.de\/da\/wp-json\/wp\/v2\/product_tag?post=8994"}],"curies":[{"name":"wp","href":"https:\/\/api.w.org\/{rel}","templated":true}]}}