{"id":9045,"date":"2025-06-02T15:48:11","date_gmt":"2025-06-02T13:48:11","guid":{"rendered":"https:\/\/vanfittery.de\/?post_type=product&#038;p=9045"},"modified":"2026-03-17T11:20:44","modified_gmt":"2026-03-17T10:20:44","slug":"bagtilbygning-til-nissan-primastar-seaside-by-dethleffs","status":"publish","type":"product","link":"https:\/\/vanfittery.de\/da\/produkt\/heckauszug-fuer-nissan-primastar-seaside-by-dethleffs\/","title":{"rendered":"Bageste forl\u00e6ngelse til Nissan Primastar Seaside fra Dethleffs"},"content":{"rendered":"<div data-elementor-type=\"product-post\" data-elementor-id=\"9045\" class=\"elementor elementor-9045\" data-elementor-post-type=\"product\">\n\t\t\t\t<div class=\"elementor-element elementor-element-1ff188b6 e-flex e-con-boxed e-con e-parent\" data-id=\"1ff188b6\" data-element_type=\"container\" data-e-type=\"container\">\n\t\t\t\t\t<div class=\"e-con-inner\">\n\t\t\t\t<div class=\"elementor-element elementor-element-14047b83 elementor-widget elementor-widget-text-editor\" data-id=\"14047b83\" data-element_type=\"widget\" data-e-type=\"widget\" data-widget_type=\"text-editor.default\">\n\t\t\t\t<div class=\"elementor-widget-container\">\n\t\t\t\t\t\t\t\t\t<p>Vores <strong>Udvidelse af bagenden til Nissan Primastar Seaside<\/strong> er n\u00f8jagtig den samme som den oprindeligt tilg\u00e6ngelige bageste udvidelse <strong>matchet med Euroboxes.<\/strong><\/p><p>Den passer til <strong>2 Euroboxe med 40x30cm <span style=\"text-decoration: underline;\">og<\/span> 2 Euroboxe med 60x40 cm, der suges ind i skuffen.<\/strong> <span style=\"font-size: 1rem; text-align: var(--text-align);\">Den anvendelige h\u00f8jde er 52 cm, s\u00e5 den passer pr\u00e6cis <strong>en 32 cm og en 20 cm h\u00f8j EuroBox oven p\u00e5 hinanden.\u00a0<\/strong><\/span><\/p><p>\u00a0<\/p>\t\t\t\t\t\t\t\t<\/div>\n\t\t\t\t<\/div>\n\t\t\t\t\t<\/div>\n\t\t\t\t<\/div>\n\t\t<div class=\"elementor-element elementor-element-e4ce55a e-flex e-con-boxed e-con e-parent\" data-id=\"e4ce55a\" data-element_type=\"container\" data-e-type=\"container\">\n\t\t\t\t\t<div class=\"e-con-inner\">\n\t\t\t\t<div class=\"elementor-element elementor-element-cc889ef elementor-widget__width-initial elementor-arrows-position-inside elementor-pagination-position-outside elementor-widget elementor-widget-image-carousel\" data-id=\"cc889ef\" data-element_type=\"widget\" data-e-type=\"widget\" data-settings=\"{&quot;slides_to_show&quot;:&quot;1&quot;,&quot;navigation&quot;:&quot;both&quot;,&quot;autoplay&quot;:&quot;yes&quot;,&quot;pause_on_hover&quot;:&quot;yes&quot;,&quot;pause_on_interaction&quot;:&quot;yes&quot;,&quot;autoplay_speed&quot;:5000,&quot;infinite&quot;:&quot;yes&quot;,&quot;effect&quot;:&quot;slide&quot;,&quot;speed&quot;:500}\" data-widget_type=\"image-carousel.default\">\n\t\t\t\t<div class=\"elementor-widget-container\">\n\t\t\t\t\t\t\t<div class=\"elementor-image-carousel-wrapper swiper\" role=\"region\" aria-roledescription=\"carousel\" aria-label=\"Billedkarrusel\" dir=\"ltr\">\n\t\t\t<div class=\"elementor-image-carousel swiper-wrapper\" aria-live=\"off\">\n\t\t\t\t\t\t\t\t<div class=\"swiper-slide\" role=\"group\" aria-roledescription=\"slide\" aria-label=\"1 af 6\"><a data-elementor-open-lightbox=\"yes\" data-elementor-lightbox-slideshow=\"cc889ef\" data-e-action-hash=\"#elementor-action%3Aaction%3Dlightbox%26settings%3DeyJpZCI6OTA0OCwidXJsIjoiaHR0cHM6XC9cL3ZhbmZpdHRlcnkuZGVcL3dwLWNvbnRlbnRcL3VwbG9hZHNcLzIwMjVcLzA2XC9JTUdfNjQ5Mi1zY2FsZWQuanBnIiwic2xpZGVzaG93IjoiY2M4ODllZiJ9\" href=\"https:\/\/vanfittery.de\/wp-content\/uploads\/2025\/06\/IMG_6492-scaled.jpg\"><figure class=\"swiper-slide-inner\"><img decoding=\"async\" class=\"swiper-slide-image\" src=\"https:\/\/vanfittery.de\/wp-content\/uploads\/2025\/06\/IMG_6492-scaled.jpg\" alt=\"Udtr\u00e6kkelige kasser bagp\u00e5\" \/><figcaption class=\"elementor-image-carousel-caption\">Det bageste udtr\u00e6k udnytter den tilg\u00e6ngelige plads optimalt...<\/figcaption><\/figure><\/a><\/div><div class=\"swiper-slide\" role=\"group\" aria-roledescription=\"slide\" aria-label=\"2 af 6\"><a data-elementor-open-lightbox=\"yes\" data-elementor-lightbox-slideshow=\"cc889ef\" data-e-action-hash=\"#elementor-action%3Aaction%3Dlightbox%26settings%3DeyJpZCI6OTA0NywidXJsIjoiaHR0cHM6XC9cL3ZhbmZpdHRlcnkuZGVcL3dwLWNvbnRlbnRcL3VwbG9hZHNcLzIwMjVcLzA2XC9JTUdfNjQ5MS1zY2FsZWQuanBnIiwic2xpZGVzaG93IjoiY2M4ODllZiJ9\" href=\"https:\/\/vanfittery.de\/wp-content\/uploads\/2025\/06\/IMG_6491-scaled.jpg\"><figure class=\"swiper-slide-inner\"><img decoding=\"async\" class=\"swiper-slide-image\" src=\"https:\/\/vanfittery.de\/wp-content\/uploads\/2025\/06\/IMG_6491-scaled.jpg\" alt=\"Udtr\u00e6kkelige kasser bagp\u00e5\" \/><figcaption class=\"elementor-image-carousel-caption\">... og s\u00e6ttes blot fast p\u00e5 de originale flyskinner.<\/figcaption><\/figure><\/a><\/div><div class=\"swiper-slide\" role=\"group\" aria-roledescription=\"slide\" aria-label=\"3 af 6\"><a data-elementor-open-lightbox=\"yes\" data-elementor-lightbox-slideshow=\"cc889ef\" data-e-action-hash=\"#elementor-action%3Aaction%3Dlightbox%26settings%3DeyJpZCI6OTA0OSwidXJsIjoiaHR0cHM6XC9cL3ZhbmZpdHRlcnkuZGVcL3dwLWNvbnRlbnRcL3VwbG9hZHNcLzIwMjVcLzA2XC9JTUdfNjQ5NC1zY2FsZWQuanBnIiwic2xpZGVzaG93IjoiY2M4ODllZiJ9\" href=\"https:\/\/vanfittery.de\/wp-content\/uploads\/2025\/06\/IMG_6494-scaled.jpg\"><figure class=\"swiper-slide-inner\"><img decoding=\"async\" class=\"swiper-slide-image\" src=\"https:\/\/vanfittery.de\/wp-content\/uploads\/2025\/06\/IMG_6494-scaled.jpg\" alt=\"Udtr\u00e6kkelige kasser bagp\u00e5\" \/><figcaption class=\"elementor-image-carousel-caption\">To Euroboxe p\u00e5 30x40 cm og to p\u00e5 60x40 cm passer pr\u00e6cis ind i rummene.<\/figcaption><\/figure><\/a><\/div><div class=\"swiper-slide\" role=\"group\" aria-roledescription=\"slide\" aria-label=\"4 af 6\"><a data-elementor-open-lightbox=\"yes\" data-elementor-lightbox-slideshow=\"cc889ef\" data-e-action-hash=\"#elementor-action%3Aaction%3Dlightbox%26settings%3DeyJpZCI6OTA1MCwidXJsIjoiaHR0cHM6XC9cL3ZhbmZpdHRlcnkuZGVcL3dwLWNvbnRlbnRcL3VwbG9hZHNcLzIwMjVcLzA2XC9JTUdfNjQ5Ni1zY2FsZWQuanBnIiwic2xpZGVzaG93IjoiY2M4ODllZiJ9\" href=\"https:\/\/vanfittery.de\/wp-content\/uploads\/2025\/06\/IMG_6496-scaled.jpg\"><figure class=\"swiper-slide-inner\"><img decoding=\"async\" class=\"swiper-slide-image\" src=\"https:\/\/vanfittery.de\/wp-content\/uploads\/2025\/06\/IMG_6496-scaled.jpg\" alt=\"Udtr\u00e6kkelige kasser bagp\u00e5\" \/><figcaption class=\"elementor-image-carousel-caption\">Med hensyn til h\u00f8jden passer en 32 cm og en 20 cm h\u00f8j Eurobox pr\u00e6cis oven p\u00e5 hinanden. <\/figcaption><\/figure><\/a><\/div><div class=\"swiper-slide\" role=\"group\" aria-roledescription=\"slide\" aria-label=\"5 af 6\"><a data-elementor-open-lightbox=\"yes\" data-elementor-lightbox-slideshow=\"cc889ef\" data-e-action-hash=\"#elementor-action%3Aaction%3Dlightbox%26settings%3DeyJpZCI6OTA1MywidXJsIjoiaHR0cHM6XC9cL3ZhbmZpdHRlcnkuZGVcL3dwLWNvbnRlbnRcL3VwbG9hZHNcLzIwMjVcLzA2XC9JTUdfNjUwNC1zY2FsZWQuanBnIiwic2xpZGVzaG93IjoiY2M4ODllZiJ9\" href=\"https:\/\/vanfittery.de\/wp-content\/uploads\/2025\/06\/IMG_6504-scaled.jpg\"><figure class=\"swiper-slide-inner\"><img decoding=\"async\" class=\"swiper-slide-image\" src=\"https:\/\/vanfittery.de\/wp-content\/uploads\/2025\/06\/IMG_6504-scaled.jpg\" alt=\"Udtr\u00e6kkelige kasser bagp\u00e5\" \/><figcaption class=\"elementor-image-carousel-caption\">P\u00e5 den m\u00e5de udnyttes den tilg\u00e6ngelige plads optimalt.<\/figcaption><\/figure><\/a><\/div><div class=\"swiper-slide\" role=\"group\" aria-roledescription=\"slide\" aria-label=\"6 af 6\"><a data-elementor-open-lightbox=\"yes\" data-elementor-lightbox-slideshow=\"cc889ef\" data-e-action-hash=\"#elementor-action%3Aaction%3Dlightbox%26settings%3DeyJpZCI6OTA1NCwidXJsIjoiaHR0cHM6XC9cL3ZhbmZpdHRlcnkuZGVcL3dwLWNvbnRlbnRcL3VwbG9hZHNcLzIwMjVcLzA2XC9JTUdfNjUwNi1zY2FsZWQuanBnIiwic2xpZGVzaG93IjoiY2M4ODllZiJ9\" href=\"https:\/\/vanfittery.de\/wp-content\/uploads\/2025\/06\/IMG_6506-scaled.jpg\"><figure class=\"swiper-slide-inner\"><img decoding=\"async\" class=\"swiper-slide-image\" src=\"https:\/\/vanfittery.de\/wp-content\/uploads\/2025\/06\/IMG_6506-scaled.jpg\" alt=\"Udtr\u00e6kkelige kasser bagp\u00e5\" \/><figcaption class=\"elementor-image-carousel-caption\">Kasserne kan fastg\u00f8res med en surringsstrop, hvis det er n\u00f8dvendigt.<\/figcaption><\/figure><\/a><\/div>\t\t\t<\/div>\n\t\t\t\t\t\t\t\t\t\t\t\t<div class=\"elementor-swiper-button elementor-swiper-button-prev\" role=\"button\" tabindex=\"0\">\n\t\t\t\t\t\t<svg aria-hidden=\"true\" class=\"e-font-icon-svg e-eicon-chevron-left\" viewbox=\"0 0 1000 1000\" xmlns=\"http:\/\/www.w3.org\/2000\/svg\"><path d=\"M646 125C629 125 613 133 604 142L308 442C296 454 292 471 292 487 292 504 296 521 308 533L604 854C617 867 629 875 646 875 663 875 679 871 692 858 704 846 713 829 713 812 713 796 708 779 692 767L438 487 692 225C700 217 708 204 708 187 708 171 704 154 692 142 675 129 663 125 646 125Z\"><\/path><\/svg>\t\t\t\t\t<\/div>\n\t\t\t\t\t<div class=\"elementor-swiper-button elementor-swiper-button-next\" role=\"button\" tabindex=\"0\">\n\t\t\t\t\t\t<svg aria-hidden=\"true\" class=\"e-font-icon-svg e-eicon-chevron-right\" viewbox=\"0 0 1000 1000\" xmlns=\"http:\/\/www.w3.org\/2000\/svg\"><path d=\"M696 533C708 521 713 504 713 487 713 471 708 454 696 446L400 146C388 133 375 125 354 125 338 125 325 129 313 142 300 154 292 171 292 187 292 204 296 221 308 233L563 492 304 771C292 783 288 800 288 817 288 833 296 850 308 863 321 871 338 875 354 875 371 875 388 867 400 854L696 533Z\"><\/path><\/svg>\t\t\t\t\t<\/div>\n\t\t\t\t\n\t\t\t\t\t\t\t\t\t<div class=\"swiper-pagination\"><\/div>\n\t\t\t\t\t\t\t\t\t<\/div>\n\t\t\t\t\t\t<\/div>\n\t\t\t\t<\/div>\n\t\t\t\t<div class=\"elementor-element elementor-element-d26dbbf elementor-widget elementor-widget-text-editor\" data-id=\"d26dbbf\" data-element_type=\"widget\" data-e-type=\"widget\" data-widget_type=\"text-editor.default\">\n\t\t\t\t<div class=\"elementor-widget-container\">\n\t\t\t\t\t\t\t\t\t<p><span style=\"font-size: 1rem; text-align: var(--text-align);\">I overensstemmelse med de st\u00f8rre indl\u00e6sningsmuligheder er <strong>Skinner til en nyttelast p\u00e5 180 kg<\/strong> i den bageste tilbygning. <\/span><span style=\"font-size: 1rem; text-align: var(--text-align);\">Der findes riller, hvorigennem <strong>Kasserne er fastgjort med en konventionel surringsstrop<\/strong> kan realiseres.<\/span><\/p><p>Materiale: birk multiplex 12 mm med lysegr\u00e5 phenolharpiksbel\u00e6gning. F\u00e5s ogs\u00e5 i sort, hvid eller naturfarve.<\/p><p>Leveringsomfang: Bagudtr\u00e6k fuldt monteret, inkl. fastg\u00f8relsesmateriale, ekskl. eurobokse<\/p>\t\t\t\t\t\t\t\t<\/div>\n\t\t\t\t<\/div>\n\t\t\t\t\t<\/div>\n\t\t\t\t<\/div>\n\t\t\t\t<\/div>","protected":false},"excerpt":{"rendered":"<p><span style=\"color: #dca54a;\"><strong>\u2714<\/strong> <\/span> Dimensioner tilpasset til brug med EuroBoxe<br \/>\n<span style=\"color: #dca54a;\"><strong>\u2714<\/strong> <\/span> Nyttelast p\u00e5 bageste udtr\u00e6k 180 kg<br \/>\n<span style=\"color: #dca54a;\"><strong>\u2714<\/strong> <\/span> Fastg\u00f8relse til de originale flyskinner<br \/>\n<span style=\"color: #dca54a;\"><strong>\u2714<\/strong> <\/span> Maksimal tilbeh\u00f8rskompatibilitet takket v\u00e6re Eurobox-gitteret<\/p>","protected":false},"featured_media":9052,"template":"","meta":{"_acf_changed":false,"iawp_total_views":1026},"product_brand":[],"product_cat":[58,55],"product_tag":[],"class_list":{"0":"post-9045","1":"product","2":"type-product","3":"status-publish","4":"has-post-thumbnail","6":"product_cat-kleintransporter","7":"product_cat-zubehoer","8":"product_shipping_class-spedition-l","10":"first","11":"instock","12":"taxable","13":"shipping-taxable","14":"purchasable","15":"product-type-variable"},"acf":[],"_links":{"self":[{"href":"https:\/\/vanfittery.de\/da\/wp-json\/wp\/v2\/product\/9045","targetHints":{"allow":["GET"]}}],"collection":[{"href":"https:\/\/vanfittery.de\/da\/wp-json\/wp\/v2\/product"}],"about":[{"href":"https:\/\/vanfittery.de\/da\/wp-json\/wp\/v2\/types\/product"}],"version-history":[{"count":1,"href":"https:\/\/vanfittery.de\/da\/wp-json\/wp\/v2\/product\/9045\/revisions"}],"predecessor-version":[{"id":13862,"href":"https:\/\/vanfittery.de\/da\/wp-json\/wp\/v2\/product\/9045\/revisions\/13862"}],"wp:featuredmedia":[{"embeddable":true,"href":"https:\/\/vanfittery.de\/da\/wp-json\/wp\/v2\/media\/9052"}],"wp:attachment":[{"href":"https:\/\/vanfittery.de\/da\/wp-json\/wp\/v2\/media?parent=9045"}],"wp:term":[{"taxonomy":"product_brand","embeddable":true,"href":"https:\/\/vanfittery.de\/da\/wp-json\/wp\/v2\/product_brand?post=9045"},{"taxonomy":"product_cat","embeddable":true,"href":"https:\/\/vanfittery.de\/da\/wp-json\/wp\/v2\/product_cat?post=9045"},{"taxonomy":"product_tag","embeddable":true,"href":"https:\/\/vanfittery.de\/da\/wp-json\/wp\/v2\/product_tag?post=9045"}],"curies":[{"name":"wp","href":"https:\/\/api.w.org\/{rel}","templated":true}]}}