{"id":9547,"date":"2025-07-09T13:18:48","date_gmt":"2025-07-09T11:18:48","guid":{"rendered":"https:\/\/vanfittery.de\/?post_type=product&#038;p=9547"},"modified":"2026-03-17T11:20:38","modified_gmt":"2026-03-17T10:20:38","slug":"bundplade-vw-id-buzz-gtx-lwb","status":"publish","type":"product","link":"https:\/\/vanfittery.de\/da\/produkt\/bodenplatte-vw-id-buzz-gtx-lwb\/","title":{"rendered":"Gulvpanel VW ID Buzz GTX LWB"},"content":{"rendered":"<p>VW ID Buzz bliver stadig mere popul\u00e6r som campingvogn.<\/p>\n<p>K\u00f8ret\u00f8jet har ikke et plant lastgulv i sin oprindelige tilstand. S\u00e6deforankringerne og trinnet i gulvet mod passagerkabinen g\u00f8r det n\u00e6sten umuligt at s\u00e6tte en CampingBox op.<\/p>\n<p>Vores lastgulv udj\u00e6vner alle uj\u00e6vnheder og n\u00e5r helt op til bags\u00e6derne. H\u00f8jdeforskydningen i gulvet udlignes af store st\u00f8tteflader. Hvis det er n\u00f8dvendigt, kan gulvpanelet sikres mod at glide ved hj\u00e6lp af to skruer p\u00e5 Multiflexboardets gevind.<\/p>\n<p>Takket v\u00e6re materialetykkelsen p\u00e5 12 mm og basismaterialet af birkekrydsfiner er pladen meget stabil.<\/p>\n<p>Den 12 mm sortlakerede version har en glat overflade og kan d\u00e6kkes med en skridsikker m\u00e5tte, hvis det er n\u00f8dvendigt; den 12 mm sk\u00e6rmtrykte version er r\u00f8dbrun og har en skridsikker overflade, som f.eks. bruges p\u00e5 trailere.<\/p>\n<p>Is\u00e6r til ID Buzz (GTX) LWB i bilversionen - ikke egnet til Cargo!<\/p>","protected":false},"excerpt":{"rendered":"<p><span style=\"color: #dca54a;\"><strong>\u2714<\/strong> <\/span> Skaber en j\u00e6vn l\u00e6sseflade<br \/>\n<span style=\"color: #dca54a;\"><strong>\u2714<\/strong> <\/span> Beskytter den originale bagagerumsbund<br \/>\n<span style=\"color: #dca54a;\"><strong>\u2714<\/strong> <\/span> Er fastgjort til originale gevind med 2 skruer<br \/>\n<span style=\"color: #dca54a;\"><strong>\u2714<\/strong> <\/span> f.eks. til brug med CampingBoxe<\/p>","protected":false},"featured_media":9552,"template":"","meta":{"_acf_changed":false,"iawp_total_views":871},"product_brand":[],"product_cat":[58,55],"product_tag":[],"class_list":{"0":"post-9547","1":"product","2":"type-product","3":"status-publish","4":"has-post-thumbnail","6":"product_cat-kleintransporter","7":"product_cat-zubehoer","8":"product_shipping_class-spedition-l","10":"first","11":"instock","12":"taxable","13":"shipping-taxable","14":"purchasable","15":"product-type-variable"},"acf":[],"_links":{"self":[{"href":"https:\/\/vanfittery.de\/da\/wp-json\/wp\/v2\/product\/9547","targetHints":{"allow":["GET"]}}],"collection":[{"href":"https:\/\/vanfittery.de\/da\/wp-json\/wp\/v2\/product"}],"about":[{"href":"https:\/\/vanfittery.de\/da\/wp-json\/wp\/v2\/types\/product"}],"version-history":[{"count":1,"href":"https:\/\/vanfittery.de\/da\/wp-json\/wp\/v2\/product\/9547\/revisions"}],"predecessor-version":[{"id":13861,"href":"https:\/\/vanfittery.de\/da\/wp-json\/wp\/v2\/product\/9547\/revisions\/13861"}],"wp:featuredmedia":[{"embeddable":true,"href":"https:\/\/vanfittery.de\/da\/wp-json\/wp\/v2\/media\/9552"}],"wp:attachment":[{"href":"https:\/\/vanfittery.de\/da\/wp-json\/wp\/v2\/media?parent=9547"}],"wp:term":[{"taxonomy":"product_brand","embeddable":true,"href":"https:\/\/vanfittery.de\/da\/wp-json\/wp\/v2\/product_brand?post=9547"},{"taxonomy":"product_cat","embeddable":true,"href":"https:\/\/vanfittery.de\/da\/wp-json\/wp\/v2\/product_cat?post=9547"},{"taxonomy":"product_tag","embeddable":true,"href":"https:\/\/vanfittery.de\/da\/wp-json\/wp\/v2\/product_tag?post=9547"}],"curies":[{"name":"wp","href":"https:\/\/api.w.org\/{rel}","templated":true}]}}