{"id":9753,"date":"2025-07-15T12:28:39","date_gmt":"2025-07-15T10:28:39","guid":{"rendered":"https:\/\/vanfittery.de\/?post_type=product&#038;p=9753"},"modified":"2026-03-17T11:20:28","modified_gmt":"2026-03-17T10:20:28","slug":"bundplade-kun-til-citroen-berlingo-xl-peugeot-rifter-opel-combo-og-fiat-doblo-lang-version","status":"publish","type":"product","link":"https:\/\/vanfittery.de\/da\/produkt\/bodenplatte-fuer-citroen-berlingo-xl-peugeot-rifter-opel-combo-und-fiat-doblo-nur-langversion\/","title":{"rendered":"Gulvpanel til Citroen Berlingo XL, Peugeot Rifter Opel Combo og Fiat Doblo (kun lang version)"},"content":{"rendered":"<p>Citroen Berlingo XL, Peugeot Rifter Opel Combo og Fiat Doblo er popul\u00e6re varebiler med h\u00f8jt tag til campingombygning. Det originale bagagerumsbund er meget bl\u00f8dt, hvilket betyder, at gulvbekl\u00e6dningen presses kraftigt sammen og kan blive beskadiget, n\u00e5r man l\u00e6sser tunge genstande.<\/p>\n<p>Vores gulvplade passer perfekt til inds\u00e6ttelse i bagagerumsbunden og har udsk\u00e6ringer til surrings\u00f8jerne. Hvis det er n\u00f8dvendigt, kan den skrues fast i de originale fastg\u00f8relsesgevind i stedet for \u00f8jerne og dermed bruges som fastg\u00f8relse til inventar.<\/p>\n<p>Grundmaterialet er altid en meget stabil 12 mm birkemultiplexplade. Den 12 mm sortlakerede version har en glat overflade. Den naturlige version er helt ubehandlet og kan tilpasses eller bekl\u00e6des med forskellige materialer. Den 12 mm serigrafiske version er r\u00f8dbrun og har en skridsikker overflade, som f.eks. bruges til trailere.<\/p>","protected":false},"excerpt":{"rendered":"<p><span style=\"color: #dca54a;\"><strong>\u2714<\/strong> <\/span> Sikrer et h\u00e5rdt l\u00e6ssegulv<br \/>\n<span style=\"color: #dca54a;\"><strong>\u2714<\/strong> <\/span> Beskytter kuffertens originale t\u00e6ppe<br \/>\n<span style=\"color: #dca54a;\"><strong>\u2714<\/strong> <\/span> med \u00e5bninger til lastsikrings\u00f8jerne<br \/>\n<span style=\"color: #dca54a;\"><strong>\u2714<\/strong> <\/span> f.eks. til brug med CampingBoxe<\/p>","protected":false},"featured_media":9764,"template":"","meta":{"_acf_changed":false,"iawp_total_views":672},"product_brand":[],"product_cat":[57,55],"product_tag":[],"class_list":{"0":"post-9753","1":"product","2":"type-product","3":"status-publish","4":"has-post-thumbnail","6":"product_cat-hochdachkombi","7":"product_cat-zubehoer","8":"product_shipping_class-spedition-l","10":"first","11":"instock","12":"taxable","13":"shipping-taxable","14":"purchasable","15":"product-type-variable"},"acf":[],"_links":{"self":[{"href":"https:\/\/vanfittery.de\/da\/wp-json\/wp\/v2\/product\/9753","targetHints":{"allow":["GET"]}}],"collection":[{"href":"https:\/\/vanfittery.de\/da\/wp-json\/wp\/v2\/product"}],"about":[{"href":"https:\/\/vanfittery.de\/da\/wp-json\/wp\/v2\/types\/product"}],"version-history":[{"count":1,"href":"https:\/\/vanfittery.de\/da\/wp-json\/wp\/v2\/product\/9753\/revisions"}],"predecessor-version":[{"id":13860,"href":"https:\/\/vanfittery.de\/da\/wp-json\/wp\/v2\/product\/9753\/revisions\/13860"}],"wp:featuredmedia":[{"embeddable":true,"href":"https:\/\/vanfittery.de\/da\/wp-json\/wp\/v2\/media\/9764"}],"wp:attachment":[{"href":"https:\/\/vanfittery.de\/da\/wp-json\/wp\/v2\/media?parent=9753"}],"wp:term":[{"taxonomy":"product_brand","embeddable":true,"href":"https:\/\/vanfittery.de\/da\/wp-json\/wp\/v2\/product_brand?post=9753"},{"taxonomy":"product_cat","embeddable":true,"href":"https:\/\/vanfittery.de\/da\/wp-json\/wp\/v2\/product_cat?post=9753"},{"taxonomy":"product_tag","embeddable":true,"href":"https:\/\/vanfittery.de\/da\/wp-json\/wp\/v2\/product_tag?post=9753"}],"curies":[{"name":"wp","href":"https:\/\/api.w.org\/{rel}","templated":true}]}}