{"id":1528,"date":"2025-01-06T15:39:07","date_gmt":"2025-01-06T14:39:07","guid":{"rendered":"https:\/\/vanfittery.de\/zahlungsweisen\/"},"modified":"2026-02-17T19:56:53","modified_gmt":"2026-02-17T18:56:53","slug":"payment-methods","status":"publish","type":"page","link":"https:\/\/vanfittery.de\/en\/zahlungsweisen\/","title":{"rendered":"Payment methods"},"content":{"rendered":"<h1 class=\"wp-block-heading\">Payment methods<\/h1>\n\n\n\n<p><strong>Payment methods<\/strong><\/p>\n\n\n\n<p>We offer the following payment methods. Simply choose the payment method that suits you best. The shipping costs are partly dependent on the selected payment method. The prices listed in the respective offers are final prices. They include all price components, including any applicable taxes such as VAT. Only in the case of cross-border deliveries may further taxes (e.g. in the case of an intra-Community purchase) and\/or duties (e.g. customs duties) be payable by you in individual cases, but not to the seller, but to the customs or tax authorities responsible there. The delivery and shipping costs incurred are not included in the purchase price; they can be called up via the \u201eShipping costs\u201c page, are shown separately during the ordering process and are to be borne by you in addition.<\/p>\n\n\n\n<!--<p><em>Nachnahme<\/em><br>Bitte halten Sie den Rechnungsbetrag bereit; der Zusteller kassiert bei Lieferung in bar (keine Schecks). Bei Nachnahme fallen zus\u00e4tzlich 6,50 EUR Nachnahmegeb\u00fchren an, die direkt an den Paketzusteller zu entrichten sind.<\/p>-->\n\n\n\n<!--<p><em>Lastschrift<\/em><br>Wir ziehen den Rechnungsbetrag Ihrer Bestellung von Ihrem hinterlegten Bankkonto nach der get\u00e4tigten Bestellung ein.<\/p>-->\n\n\n\n<!--<p><em>Auf Rechnung<\/em><br>Einfach bestellen und erst im Anschluss bezahlen.<\/p>-->\n\n\n\n<!--<p><em>Kreditkarte<\/em><br>Zahlen Sie ganz einfach per Kreditkarte.<\/p>-->\n\n\n\n<p><em><strong>PayPal<\/strong><\/em><\/p>\n\n\n\n<p>Pay even faster and more securely with your PayPal account.<\/p>\n\n\n\n<p><em><strong>Credit card (card)<\/strong><\/em><\/p>\n\n\n\n<p>Pay conveniently by credit card. We accept Visa, Mastercard, American Express and Discover. Your credit card account will be debited when you finalise your order.<\/p>\n\n\n\n<p><em><strong>Apple Pay &amp; Google Pay<\/strong><\/em><\/p>\n\n\n\n<p>Pay particularly quickly directly via your smartphone or linked account with Apple Pay or Google Pay.<\/p>\n\n\n\n<p><em><strong>Klarna<\/strong><\/em><\/p>\n\n\n\n<p>Use Klarna's flexible payment options for your purchase.<\/p>\n\n\n\n<p><em><strong>Trustly<\/strong><\/em><\/p>\n\n\n\n<p>Pay securely and directly via your online banking without leaving the website.<\/p>\n\n\n\n<p><em><strong>Prepayment<\/strong><\/em><\/p>\n\n\n\n<p>Please transfer the total amount of your order to our account:<\/p>\n\n\n\n<p>Account holder: CzoppikEngineering GmbH<br>IBAN: DE12 7436 2663 0005 2349 21<\/p>\n\n\n\n<!--<p><em>Barzahlung<\/em><br>Bestellen Sie online und holen Sie Ihre Bestellung bei uns im Laden einfach ab:<br>Demoshop, Demostra\u00dfe 13<br>12345 Musterstadt, Deutschland<br>Mo \u2013 Fr 8:30 \u2013 13:00, 14:30 \u2013 18:00<br>Sa 9:00 \u2013 13:00<\/p>-->","protected":false},"excerpt":{"rendered":"<p>Zahlungsweisen Zahlungsarten Wir bieten Ihnen folgende Zahlungsarten an. Suchen Sie sich einfach die f\u00fcr Sie optimale Zahlart aus. Die Versandkosten sind teilweise abh\u00e4ngig von der gew\u00e4hlten Zahlungsart. Die in den jeweiligen Angeboten angef\u00fchrten Preise stellen Endpreise dar. Sie beinhalten alle Preisbestandteile, einschlie\u00dflich etwaig anfallender Steuern wie Mehrwertsteuer. Nur bei grenz\u00fcberschreitender Lieferung k\u00f6nnen im Einzelfall weitere [&hellip;]<\/p>\n","protected":false},"author":5,"featured_media":0,"parent":0,"menu_order":0,"comment_status":"closed","ping_status":"closed","template":"","meta":{"_acf_changed":false,"iawp_total_views":192,"footnotes":""},"class_list":["post-1528","page","type-page","status-publish","hentry"],"acf":[],"_links":{"self":[{"href":"https:\/\/vanfittery.de\/en\/wp-json\/wp\/v2\/pages\/1528","targetHints":{"allow":["GET"]}}],"collection":[{"href":"https:\/\/vanfittery.de\/en\/wp-json\/wp\/v2\/pages"}],"about":[{"href":"https:\/\/vanfittery.de\/en\/wp-json\/wp\/v2\/types\/page"}],"author":[{"embeddable":true,"href":"https:\/\/vanfittery.de\/en\/wp-json\/wp\/v2\/users\/5"}],"replies":[{"embeddable":true,"href":"https:\/\/vanfittery.de\/en\/wp-json\/wp\/v2\/comments?post=1528"}],"version-history":[{"count":0,"href":"https:\/\/vanfittery.de\/en\/wp-json\/wp\/v2\/pages\/1528\/revisions"}],"wp:attachment":[{"href":"https:\/\/vanfittery.de\/en\/wp-json\/wp\/v2\/media?parent=1528"}],"curies":[{"name":"wp","href":"https:\/\/api.w.org\/{rel}","templated":true}]}}