{"id":1903,"date":"2025-01-13T14:20:56","date_gmt":"2025-01-13T13:20:56","guid":{"rendered":"https:\/\/vanfittery.de\/?post_type=product&#038;p=1903"},"modified":"2026-03-17T11:24:44","modified_gmt":"2026-03-17T10:24:44","slug":"headliner-for-vw-t5-t6-transporter","status":"publish","type":"product","link":"https:\/\/vanfittery.de\/en\/produkt\/dachhimmel-fuer-vw-t5-t6-transporter\/","title":{"rendered":"Headliner for VW T5\/T6 Transporter"},"content":{"rendered":"<h2>High-quality headliner with LED spotlights &amp; touch dimmer<\/h2>\n<p>Our headliner banishes the dull van feeling from your VW T5 or T6. The energy-saving LED spotlights bathe the interior in a cosy, warm light.<\/p>\n<p>The grey panelling is simply replaced by oiled real wood panelling. The\u00a0<b>Slatted design makes the room appear larger<\/b>\u00a0and the warm wood turns the cargo area into a cosy living space.<\/p>\n<p><img fetchpriority=\"high\" decoding=\"async\" class=\"alignnone wp-image-1980 size-medium\" src=\"https:\/\/vanfittery.de\/wp-content\/uploads\/2025\/01\/KR-Laengsnuten-klar-geoelt-1-300x300.jpg\" alt=\"\" width=\"300\" height=\"300\" srcset=\"https:\/\/vanfittery.de\/wp-content\/uploads\/2025\/01\/KR-Laengsnuten-klar-geoelt-1-300x300.jpg 300w, https:\/\/vanfittery.de\/wp-content\/uploads\/2025\/01\/KR-Laengsnuten-klar-geoelt-1-100x100.jpg 100w, https:\/\/vanfittery.de\/wp-content\/uploads\/2025\/01\/KR-Laengsnuten-klar-geoelt-1-800x800.jpg 800w, https:\/\/vanfittery.de\/wp-content\/uploads\/2025\/01\/KR-Laengsnuten-klar-geoelt-1-1024x1024.jpg 1024w, https:\/\/vanfittery.de\/wp-content\/uploads\/2025\/01\/KR-Laengsnuten-klar-geoelt-1-150x150.jpg 150w, https:\/\/vanfittery.de\/wp-content\/uploads\/2025\/01\/KR-Laengsnuten-klar-geoelt-1-768x768.jpg 768w, https:\/\/vanfittery.de\/wp-content\/uploads\/2025\/01\/KR-Laengsnuten-klar-geoelt-1.jpg 1200w\" sizes=\"(max-width: 300px) 100vw, 300px\" \/><\/p>\n<p>The\u00a0<strong>Lighting<\/strong>\u00a0can be accessed via a\u00a0<strong>Touch dimmer for infinitely variable brightness adjustment<\/strong>\u00a0from candlelight to stadium lighting!<\/p>\n<p>The longer clips included in the scope of delivery are used to attach the headlining to the existing mounting holes just like the original - no drilling required! Alternatively, the headlining can also be fastened almost invisibly using rivet nuts and screws - please specify this in the comments field in the shopping basket if you wish!<\/p>\n<p>Want a different design? Send us a message and we'll be happy to see what's possible!<\/p>\n<p>Scope of delivery: one-piece headliner for VW T5, T6 and T6.1 made of real wood, oiled, lighting, wired ready for connection incl. longer clips<\/p>","protected":false},"excerpt":{"rendered":"<p>Hochwertiger Dachhimmel mit LED-Spots &amp; Touchdimmer Unser Dachhimmel vertreibt das schn\u00f6de Transporter-Feeling aus deinem VW T5 bzw. T6. Die stromsparenden LED-Spots h\u00fcllen den Innenraum in ein gem\u00fctlich warmes Licht. Die grauen Verkleidungen werden einfach durch die ge\u00f6lte Echtholzverkleidung ersetzt. Das\u00a0Lamellendesign l\u00e4sst den Raum optisch gr\u00f6\u00dfer wirken\u00a0und das warme Holz macht aus dem Laderaum einen muckeligen [&hellip;]<\/p>\n","protected":false},"featured_media":1982,"template":"","meta":{"_acf_changed":false,"iawp_total_views":2920},"product_brand":[],"product_cat":[58,55],"product_tag":[],"class_list":{"0":"post-1903","1":"product","2":"type-product","3":"status-publish","4":"has-post-thumbnail","6":"product_cat-kleintransporter","7":"product_cat-zubehoer","8":"product_shipping_class-spedition-l","10":"first","11":"instock","12":"taxable","13":"shipping-taxable","14":"purchasable","15":"product-type-variable"},"acf":[],"_links":{"self":[{"href":"https:\/\/vanfittery.de\/en\/wp-json\/wp\/v2\/product\/1903","targetHints":{"allow":["GET"]}}],"collection":[{"href":"https:\/\/vanfittery.de\/en\/wp-json\/wp\/v2\/product"}],"about":[{"href":"https:\/\/vanfittery.de\/en\/wp-json\/wp\/v2\/types\/product"}],"version-history":[{"count":1,"href":"https:\/\/vanfittery.de\/en\/wp-json\/wp\/v2\/product\/1903\/revisions"}],"predecessor-version":[{"id":13906,"href":"https:\/\/vanfittery.de\/en\/wp-json\/wp\/v2\/product\/1903\/revisions\/13906"}],"wp:featuredmedia":[{"embeddable":true,"href":"https:\/\/vanfittery.de\/en\/wp-json\/wp\/v2\/media\/1982"}],"wp:attachment":[{"href":"https:\/\/vanfittery.de\/en\/wp-json\/wp\/v2\/media?parent=1903"}],"wp:term":[{"taxonomy":"product_brand","embeddable":true,"href":"https:\/\/vanfittery.de\/en\/wp-json\/wp\/v2\/product_brand?post=1903"},{"taxonomy":"product_cat","embeddable":true,"href":"https:\/\/vanfittery.de\/en\/wp-json\/wp\/v2\/product_cat?post=1903"},{"taxonomy":"product_tag","embeddable":true,"href":"https:\/\/vanfittery.de\/en\/wp-json\/wp\/v2\/product_tag?post=1903"}],"curies":[{"name":"wp","href":"https:\/\/api.w.org\/{rel}","templated":true}]}}