{"id":11557,"date":"2025-10-02T13:53:08","date_gmt":"2025-10-02T11:53:08","guid":{"rendered":"https:\/\/vanfittery.de\/?page_id=11557"},"modified":"2026-02-04T16:51:42","modified_gmt":"2026-02-04T15:51:42","slug":"conceptos-espaciales","status":"publish","type":"page","link":"https:\/\/vanfittery.de\/es\/raumkonzepte\/","title":{"rendered":"Conceptos de sala"},"content":{"rendered":"<div data-elementor-type=\"wp-page\" data-elementor-id=\"11557\" class=\"elementor elementor-11557\" data-elementor-post-type=\"page\">\n\t\t\t\t<div class=\"elementor-element elementor-element-8e79f7d gp e-flex e-con-boxed e-con e-parent\" data-id=\"8e79f7d\" data-element_type=\"container\" data-e-type=\"container\" data-settings=\"{&quot;background_background&quot;:&quot;classic&quot;}\">\n\t\t\t\t\t<div class=\"e-con-inner\">\n\t\t\t\t<div class=\"elementor-element elementor-element-3dab2d9 elementor-widget elementor-widget-heading\" data-id=\"3dab2d9\" data-element_type=\"widget\" data-e-type=\"widget\" data-widget_type=\"heading.default\">\n\t\t\t\t<div class=\"elementor-widget-container\">\n\t\t\t\t\t<h1 class=\"elementor-heading-title elementor-size-default\">Conceptos de espacio seg\u00fan el tipo de veh\u00edculo<\/h1>\t\t\t\t<\/div>\n\t\t\t\t<\/div>\n\t\t\t\t\t<\/div>\n\t\t\t\t<\/div>\n\t\t<div class=\"elementor-element elementor-element-f3db645 e-flex e-con-boxed e-con e-parent\" data-id=\"f3db645\" data-element_type=\"container\" data-e-type=\"container\" data-settings=\"{&quot;background_background&quot;:&quot;classic&quot;}\">\n\t\t\t\t\t<div class=\"e-con-inner\">\n\t\t\t\t<div class=\"elementor-element elementor-element-d4bb740 elementor-widget elementor-widget-text-editor\" data-id=\"d4bb740\" data-element_type=\"widget\" data-e-type=\"widget\" data-widget_type=\"text-editor.default\">\n\t\t\t\t<div class=\"elementor-widget-container\">\n\t\t\t\t\t\t\t\t\t<p><strong>Seleccione aqu\u00ed su tipo de veh\u00edculo para ver los conceptos de habit\u00e1culo adecuados.<\/strong><\/p>\t\t\t\t\t\t\t\t<\/div>\n\t\t\t\t<\/div>\n\t\t<div class=\"elementor-element elementor-element-400d38c e-grid e-con-full sektion-fzt e-con e-child\" data-id=\"400d38c\" data-element_type=\"container\" data-e-type=\"container\">\n\t\t\t\t<div class=\"elementor-element elementor-element-fe0f153 box-fzt no-shadow elementor-position-top elementor-widget elementor-widget-image-box\" data-id=\"fe0f153\" data-element_type=\"widget\" data-e-type=\"widget\" data-widget_type=\"image-box.default\">\n\t\t\t\t<div class=\"elementor-widget-container\">\n\t\t\t\t\t<div class=\"elementor-image-box-wrapper\"><figure class=\"elementor-image-box-img\"><a href=\"https:\/\/vanfittery.de\/es\/raumkonzepte\/hochdachkombis-kr\/\" tabindex=\"-1\"><img fetchpriority=\"high\" decoding=\"async\" width=\"384\" height=\"160\" src=\"https:\/\/vanfittery.de\/wp-content\/uploads\/2024\/12\/Hochdachkombi-KR-Grafik.png\" class=\"attachment-full size-full wp-image-1062\" alt=\"Familiar de techo alto y batalla corta\" srcset=\"https:\/\/vanfittery.de\/wp-content\/uploads\/2024\/12\/Hochdachkombi-KR-Grafik.png 384w, https:\/\/vanfittery.de\/wp-content\/uploads\/2024\/12\/Hochdachkombi-KR-Grafik-300x125.png 300w\" sizes=\"(max-width: 384px) 100vw, 384px\" \/><\/a><\/figure><div class=\"elementor-image-box-content\"><p class=\"elementor-image-box-title\"><a href=\"https:\/\/vanfittery.de\/es\/raumkonzepte\/hochdachkombis-kr\/\">Familiar de techo alto (KR)<\/a><\/p><p class=\"elementor-image-box-description\">Batalla corta (por ejemplo, VW Caddy)<\/p><\/div><\/div>\t\t\t\t<\/div>\n\t\t\t\t<\/div>\n\t\t\t\t<div class=\"elementor-element elementor-element-7ddc018 box-fzt no-shadow elementor-position-top elementor-widget elementor-widget-image-box\" data-id=\"7ddc018\" data-element_type=\"widget\" data-e-type=\"widget\" data-widget_type=\"image-box.default\">\n\t\t\t\t<div class=\"elementor-widget-container\">\n\t\t\t\t\t<div class=\"elementor-image-box-wrapper\"><figure class=\"elementor-image-box-img\"><a href=\"https:\/\/vanfittery.de\/es\/raumkonzepte\/hochdachkombis-lr\/\" hochdachkombis-lr=\"test\" tabindex=\"-1\"><img decoding=\"async\" width=\"384\" height=\"160\" src=\"https:\/\/vanfittery.de\/wp-content\/uploads\/2024\/12\/Hochdachkombi-LR-Grafik.png\" class=\"attachment-full size-full wp-image-1063\" alt=\"Familiar de techo alto y batalla larga\" srcset=\"https:\/\/vanfittery.de\/wp-content\/uploads\/2024\/12\/Hochdachkombi-LR-Grafik.png 384w, https:\/\/vanfittery.de\/wp-content\/uploads\/2024\/12\/Hochdachkombi-LR-Grafik-300x125.png 300w\" sizes=\"(max-width: 384px) 100vw, 384px\" \/><\/a><\/figure><div class=\"elementor-image-box-content\"><p class=\"elementor-image-box-title\"><a href=\"https:\/\/vanfittery.de\/es\/raumkonzepte\/hochdachkombis-lr\/\" hochdachkombis-lr=\"test\">Familiar de techo alto (LR)<\/a><\/p><p class=\"elementor-image-box-description\">Larga distancia entre ejes (por ejemplo, VW Caddy Maxi)<\/p><\/div><\/div>\t\t\t\t<\/div>\n\t\t\t\t<\/div>\n\t\t\t\t<div class=\"elementor-element elementor-element-0270130 box-fzt no-shadow elementor-position-top elementor-widget elementor-widget-image-box\" data-id=\"0270130\" data-element_type=\"widget\" data-e-type=\"widget\" data-widget_type=\"image-box.default\">\n\t\t\t\t<div class=\"elementor-widget-container\">\n\t\t\t\t\t<div class=\"elementor-image-box-wrapper\"><figure class=\"elementor-image-box-img\"><a href=\"https:\/\/vanfittery.de\/es\/raumkonzepte\/kleintransporter\/\" tabindex=\"-1\"><img decoding=\"async\" width=\"384\" height=\"160\" src=\"https:\/\/vanfittery.de\/wp-content\/uploads\/2024\/12\/Kleintransporter-Grafik.png\" class=\"attachment-full size-full wp-image-1064\" alt=\"Furgonetas\" srcset=\"https:\/\/vanfittery.de\/wp-content\/uploads\/2024\/12\/Kleintransporter-Grafik.png 384w, https:\/\/vanfittery.de\/wp-content\/uploads\/2024\/12\/Kleintransporter-Grafik-300x125.png 300w\" sizes=\"(max-width: 384px) 100vw, 384px\" \/><\/a><\/figure><div class=\"elementor-image-box-content\"><p class=\"elementor-image-box-title\"><a href=\"https:\/\/vanfittery.de\/es\/raumkonzepte\/kleintransporter\/\">Furgonetas<\/a><\/p><p class=\"elementor-image-box-description\">(por ejemplo, Ford Tourneo)<\/p><\/div><\/div>\t\t\t\t<\/div>\n\t\t\t\t<\/div>\n\t\t\t\t<div class=\"elementor-element elementor-element-290b4ea box-fzt no-shadow elementor-position-top elementor-widget elementor-widget-image-box\" data-id=\"290b4ea\" data-element_type=\"widget\" data-e-type=\"widget\" data-widget_type=\"image-box.default\">\n\t\t\t\t<div class=\"elementor-widget-container\">\n\t\t\t\t\t<div class=\"elementor-image-box-wrapper\"><figure class=\"elementor-image-box-img\"><a href=\"https:\/\/vanfittery.de\/es\/raumkonzepte\/grossraumtransporter\/\" tabindex=\"-1\"><img loading=\"lazy\" decoding=\"async\" width=\"384\" height=\"160\" src=\"https:\/\/vanfittery.de\/wp-content\/uploads\/2024\/12\/Grossraumtransporter-Grafik.png\" class=\"attachment-full size-full wp-image-1061\" alt=\"Transportador de gran capacidad\" srcset=\"https:\/\/vanfittery.de\/wp-content\/uploads\/2024\/12\/Grossraumtransporter-Grafik.png 384w, https:\/\/vanfittery.de\/wp-content\/uploads\/2024\/12\/Grossraumtransporter-Grafik-300x125.png 300w\" sizes=\"(max-width: 384px) 100vw, 384px\" \/><\/a><\/figure><div class=\"elementor-image-box-content\"><p class=\"elementor-image-box-title\"><a href=\"https:\/\/vanfittery.de\/es\/raumkonzepte\/grossraumtransporter\/\">Transportador de gran capacidad<\/a><\/p><p class=\"elementor-image-box-description\">(por ejemplo, MAN TGE)<\/p><\/div><\/div>\t\t\t\t<\/div>\n\t\t\t\t<\/div>\n\t\t\t\t<\/div>\n\t\t\t\t<div class=\"elementor-element elementor-element-0622946 elementor-widget elementor-widget-text-editor\" data-id=\"0622946\" data-element_type=\"widget\" data-e-type=\"widget\" data-widget_type=\"text-editor.default\">\n\t\t\t\t<div class=\"elementor-widget-container\">\n\t\t\t\t\t\t\t\t\t<p>\u00bfNo est\u00e1 seguro de qu\u00e9 tipo de veh\u00edculo le conviene? Aqu\u00ed encontrar\u00e1 nuestra <a href=\"\/es\/resumen-de-los-tipos-de-vehiculos\/\" target=\"_blank\" rel=\"noopener\">Vista general del veh\u00edculo<\/a>.<\/p>\t\t\t\t\t\t\t\t<\/div>\n\t\t\t\t<\/div>\n\t\t\t\t\t<\/div>\n\t\t\t\t<\/div>\n\t\t<div class=\"elementor-element elementor-element-f2cf09a sgp e-flex e-con-boxed e-con e-parent\" data-id=\"f2cf09a\" data-element_type=\"container\" data-e-type=\"container\">\n\t\t\t\t\t<div class=\"e-con-inner\">\n\t\t<div class=\"elementor-element elementor-element-28fe932 e-con-full sw e-flex e-con e-child\" data-id=\"28fe932\" data-element_type=\"container\" data-e-type=\"container\">\n\t\t\t\t<div class=\"elementor-element elementor-element-654aff7 elementor-widget elementor-widget-heading\" data-id=\"654aff7\" data-element_type=\"widget\" data-e-type=\"widget\" data-widget_type=\"heading.default\">\n\t\t\t\t<div class=\"elementor-widget-container\">\n\t\t\t\t\t<h2 class=\"elementor-heading-title elementor-size-default\">Nuestro concepto: una nueva visi\u00f3n de las transformaciones de autocaravanas\n<\/h2>\t\t\t\t<\/div>\n\t\t\t\t<\/div>\n\t\t\t\t<div class=\"elementor-element elementor-element-da3b792 elementor-widget elementor-widget-text-editor\" data-id=\"da3b792\" data-element_type=\"widget\" data-e-type=\"widget\" data-widget_type=\"text-editor.default\">\n\t\t\t\t<div class=\"elementor-widget-container\">\n\t\t\t\t\t\t\t\t\t<p>Las transformaciones convencionales de caravanas suelen ser caras, pesadas y duraderas. El concepto VANFITTERY ofrece una alternativa flexible: nuestras soluciones modulares de acampada se adaptan a varios tipos de veh\u00edculos. Por ejemplo, hay m\u00f3dulos para furgonetas de techo alto, ya sean VW Caddy o Fiat Doblo. En lugar de una extensi\u00f3n fija, recibir\u00e1 m\u00f3dulos prefabricados que se ajustan a su medida. <strong data-start=\"514\" data-end=\"525\">Instalaci\u00f3n<\/strong> adaptarse exactamente a su veh\u00edculo.<\/p>\t\t\t\t\t\t\t\t<\/div>\n\t\t\t\t<\/div>\n\t\t\t\t<div class=\"elementor-element elementor-element-9e15ba4 elementor-widget elementor-widget-text-editor\" data-id=\"9e15ba4\" data-element_type=\"widget\" data-e-type=\"widget\" data-widget_type=\"text-editor.default\">\n\t\t\t\t<div class=\"elementor-widget-container\">\n\t\t\t\t\t\t\t\t\t<p data-start=\"572\" data-end=\"985\">Al igual que en IKEA, puedes montar tu instalaci\u00f3n de forma flexible a partir de m\u00f3dulos para dormir, de cocina y de almacenamiento. Lo mejor: los m\u00f3dulos se fijan f\u00e1cilmente con correas tensoras. <strong data-start=\"741\" data-end=\"772\">Sin tornillos, sin taladrar<\/strong>. Esto le permite convertir su veh\u00edculo en una autocaravana en s\u00f3lo unos minutos y volver a convertirlo con la misma rapidez. Perfecto para quien utiliza su furgoneta a diario y quiere salir de aventura el fin de semana.<\/p><p data-start=\"987\" data-end=\"1220\">Gracias a su construcci\u00f3n ligera y consistente, su veh\u00edculo sigue siendo eficiente y maniobrable. Puede configurar sus m\u00f3dulos individualmente en nuestra tienda y realizar su proyecto de bricolaje junto con nuestros accesorios, para disfrutar de la m\u00e1xima libertad en la transformaci\u00f3n de su autocaravana.<\/p>\t\t\t\t\t\t\t\t<\/div>\n\t\t\t\t<\/div>\n\t\t\t\t<div class=\"elementor-element elementor-element-fe0a517 elementor--v-position-bottom smt elementor--h-position-center elementor-arrows-position-inside elementor-pagination-position-inside elementor-widget elementor-widget-slides\" data-id=\"fe0a517\" data-element_type=\"widget\" data-e-type=\"widget\" data-settings=\"{&quot;navigation&quot;:&quot;both&quot;,&quot;infinite&quot;:&quot;yes&quot;,&quot;transition&quot;:&quot;slide&quot;,&quot;transition_speed&quot;:500}\" data-widget_type=\"slides.default\">\n\t\t\t\t<div class=\"elementor-widget-container\">\n\t\t\t\t\t\t\t\t\t<div class=\"elementor-swiper\">\n\t\t\t\t\t<div class=\"elementor-slides-wrapper elementor-main-swiper swiper\" role=\"region\" aria-roledescription=\"carousel\" aria-label=\"Deslizador\" dir=\"ltr\" data-animation=\"fadeInDown\">\n\t\t\t\t<div class=\"swiper-wrapper elementor-slides\">\n\t\t\t\t\t\t\t\t\t\t<div class=\"elementor-repeater-item-1a7e671 swiper-slide\" role=\"group\" aria-roledescription=\"slide\"><div class=\"swiper-slide-bg\" role=\"img\" aria-label=\"Una persona sonriente se sienta a la puerta abierta de una autocaravana y disfruta de la naturaleza.\"><\/div><div class=\"elementor-background-overlay\"><\/div><div class=\"swiper-slide-inner\" ><div class=\"swiper-slide-contents\"><\/div><\/div><\/div><div class=\"elementor-repeater-item-6abc6b4 swiper-slide\" role=\"group\" aria-roledescription=\"slide\"><div class=\"swiper-slide-bg\" role=\"img\" aria-label=\"El interior de un veh\u00edculo de camping con un sistema para dormir y espacio para guardar muebles de camping, as\u00ed como una bicicleta en el veh\u00edculo.\"><\/div><div class=\"elementor-background-overlay\"><\/div><div class=\"swiper-slide-inner\" ><div class=\"swiper-slide-contents\"><\/div><\/div><\/div><div class=\"elementor-repeater-item-03b3d13 swiper-slide\" role=\"group\" aria-roledescription=\"slide\"><div class=\"swiper-slide-bg\" role=\"img\" aria-label=\"Moderna cocina de camping en el interior de una furgoneta con encimera de madera, espacio de almacenamiento y vista de un lago al fondo.\"><\/div><div class=\"elementor-background-overlay\"><\/div><div class=\"swiper-slide-inner\" ><div class=\"swiper-slide-contents\"><\/div><\/div><\/div><div class=\"elementor-repeater-item-47e44b0 swiper-slide\" role=\"group\" aria-roledescription=\"slide\"><div class=\"swiper-slide-bg\" role=\"img\" aria-label=\"Un veh\u00edculo de camping con un m\u00f3dulo de cocina desplegable y un sistema para dormir en el interior, ideal para aventuras al aire libre.\"><\/div><div class=\"elementor-background-overlay\"><\/div><div class=\"swiper-slide-inner\" ><div class=\"swiper-slide-contents\"><\/div><\/div><\/div>\t\t\t\t<\/div>\n\t\t\t\t\t\t\t\t\t\t\t\t\t\t\t<div class=\"elementor-swiper-button elementor-swiper-button-prev\" role=\"button\" tabindex=\"0\" aria-label=\"Diapositivas anteriores\">\n\t\t\t\t\t\t\t<svg aria-hidden=\"true\" class=\"e-font-icon-svg e-eicon-chevron-left\" viewbox=\"0 0 1000 1000\" xmlns=\"http:\/\/www.w3.org\/2000\/svg\"><path d=\"M646 125C629 125 613 133 604 142L308 442C296 454 292 471 292 487 292 504 296 521 308 533L604 854C617 867 629 875 646 875 663 875 679 871 692 858 704 846 713 829 713 812 713 796 708 779 692 767L438 487 692 225C700 217 708 204 708 187 708 171 704 154 692 142 675 129 663 125 646 125Z\"><\/path><\/svg>\t\t\t\t\t\t<\/div>\n\t\t\t\t\t\t<div class=\"elementor-swiper-button elementor-swiper-button-next\" role=\"button\" tabindex=\"0\" aria-label=\"Diapositiva siguiente\">\n\t\t\t\t\t\t\t<svg aria-hidden=\"true\" class=\"e-font-icon-svg e-eicon-chevron-right\" viewbox=\"0 0 1000 1000\" xmlns=\"http:\/\/www.w3.org\/2000\/svg\"><path d=\"M696 533C708 521 713 504 713 487 713 471 708 454 696 446L400 146C388 133 375 125 354 125 338 125 325 129 313 142 300 154 292 171 292 187 292 204 296 221 308 233L563 492 304 771C292 783 288 800 288 817 288 833 296 850 308 863 321 871 338 875 354 875 371 875 388 867 400 854L696 533Z\"><\/path><\/svg>\t\t\t\t\t\t<\/div>\n\t\t\t\t\t\t\t\t\t\t\t\t\t\t\t\t<div class=\"swiper-pagination\"><\/div>\n\t\t\t\t\t\t\t\t\t\t\t\t<\/div>\n\t\t\t\t<\/div>\n\t\t\t\t\t\t\t\t<\/div>\n\t\t\t\t<\/div>\n\t\t\t\t<\/div>\n\t\t\t\t\t<\/div>\n\t\t\t\t<\/div>\n\t\t\t\t<\/div>","protected":false},"excerpt":{"rendered":"<p>Raumkonzepte nach Fahrzeugtyp W\u00e4hle hier deinen Fahrzeugtyp aus, um passende Raumkonzepte\u200b anzuzeigen. Hochdachkombi (KR) Kurzer Radstand (z.\u00a0B. VW Caddy) Hochdachkombi (LR) Langer Radstand (z.\u00a0B. VW Caddy Maxi) Kleintransporter (z.\u00a0B. Ford Tourneo) Gro\u00dfraum&shy;transporter (z. B. MAN TGE) Nicht sicher, welcher Fahrzeugtyp der richtige ist? Hier findest du unsere Fahrzeug-\u00dcbersicht. Unser Konzept: Camperausbau neu gedacht Herk\u00f6mmliche Camperausbauten [&hellip;]<\/p>\n","protected":false},"author":5,"featured_media":0,"parent":0,"menu_order":0,"comment_status":"closed","ping_status":"closed","template":"","meta":{"_acf_changed":false,"iawp_total_views":5997,"footnotes":""},"class_list":["post-11557","page","type-page","status-publish","hentry"],"acf":[],"_links":{"self":[{"href":"https:\/\/vanfittery.de\/es\/wp-json\/wp\/v2\/pages\/11557","targetHints":{"allow":["GET"]}}],"collection":[{"href":"https:\/\/vanfittery.de\/es\/wp-json\/wp\/v2\/pages"}],"about":[{"href":"https:\/\/vanfittery.de\/es\/wp-json\/wp\/v2\/types\/page"}],"author":[{"embeddable":true,"href":"https:\/\/vanfittery.de\/es\/wp-json\/wp\/v2\/users\/5"}],"replies":[{"embeddable":true,"href":"https:\/\/vanfittery.de\/es\/wp-json\/wp\/v2\/comments?post=11557"}],"version-history":[{"count":0,"href":"https:\/\/vanfittery.de\/es\/wp-json\/wp\/v2\/pages\/11557\/revisions"}],"wp:attachment":[{"href":"https:\/\/vanfittery.de\/es\/wp-json\/wp\/v2\/media?parent=11557"}],"curies":[{"name":"wp","href":"https:\/\/api.w.org\/{rel}","templated":true}]}}