{"id":1523,"date":"2025-01-06T15:39:07","date_gmt":"2025-01-06T14:39:07","guid":{"rendered":"https:\/\/vanfittery.de\/impressum\/"},"modified":"2026-01-23T16:49:25","modified_gmt":"2026-01-23T15:49:25","slug":"imprimir","status":"publish","type":"page","link":"https:\/\/vanfittery.de\/es\/impressum\/","title":{"rendered":"Pie de imprenta"},"content":{"rendered":"<h1 class=\"wp-block-heading\">Pie de imprenta<\/h1>\n\n\n\n<p>VANFITTERY - CzoppikEngineering GmbH<br>Calle principal 40<br>84103 Postau<\/p>\n\n\n\n<p>Direcci\u00f3n: Tobias Czoppik<\/p>\n\n\n\n<p>Tel\u00e9fono: +49 (0) 1512 \/ 412 42 96<br>Direcci\u00f3n de correo electr\u00f3nico: info@vanfittery.de<\/p>\n\n\n\n<p>Juzgado de registro y n\u00famero de registro: Juzgado municipal de Landshut: HRB 14444<\/p>\n\n\n\n<p>N\u00famero de identificaci\u00f3n fiscal: DE 369 567 330<\/p>\n\n\n\n<p>Responsable del contenido: Tobias Czoppik, direcci\u00f3n arriba indicada.<\/p>\n\n\n\n<p>No estamos dispuestos ni obligados a participar en procedimientos de resoluci\u00f3n de litigios ante una junta arbitral de consumo.<\/p>","protected":false},"excerpt":{"rendered":"<p>Pie de imprenta VANFITTERY - CzoppikEngineering GmbHHauptstra\u00dfe 4084103 Postau Direcci\u00f3n: Tobias Czoppik N\u00famero de tel\u00e9fono: +49 (0) 1512 \/ 412 42 96Direcci\u00f3n de correo electr\u00f3nico: info@vanfittery.de Juzgado de registro y n\u00famero de registro: Landshut Juzgado local: HRB 14444 N\u00famero de identificaci\u00f3n a efectos del IVA: DE 369 567 330 Responsable del contenido: Tobias Czoppik, direcci\u00f3n arriba indicada. No estamos dispuestos ni obligados a participar en un procedimiento de resoluci\u00f3n de litigios ante una junta arbitral de consumo.<\/p>","protected":false},"author":5,"featured_media":0,"parent":0,"menu_order":0,"comment_status":"closed","ping_status":"closed","template":"","meta":{"_acf_changed":false,"iawp_total_views":947,"footnotes":""},"class_list":["post-1523","page","type-page","status-publish","hentry"],"acf":[],"_links":{"self":[{"href":"https:\/\/vanfittery.de\/es\/wp-json\/wp\/v2\/pages\/1523","targetHints":{"allow":["GET"]}}],"collection":[{"href":"https:\/\/vanfittery.de\/es\/wp-json\/wp\/v2\/pages"}],"about":[{"href":"https:\/\/vanfittery.de\/es\/wp-json\/wp\/v2\/types\/page"}],"author":[{"embeddable":true,"href":"https:\/\/vanfittery.de\/es\/wp-json\/wp\/v2\/users\/5"}],"replies":[{"embeddable":true,"href":"https:\/\/vanfittery.de\/es\/wp-json\/wp\/v2\/comments?post=1523"}],"version-history":[{"count":0,"href":"https:\/\/vanfittery.de\/es\/wp-json\/wp\/v2\/pages\/1523\/revisions"}],"wp:attachment":[{"href":"https:\/\/vanfittery.de\/es\/wp-json\/wp\/v2\/media?parent=1523"}],"curies":[{"name":"wp","href":"https:\/\/api.w.org\/{rel}","templated":true}]}}