{"id":1528,"date":"2025-01-06T15:39:07","date_gmt":"2025-01-06T14:39:07","guid":{"rendered":"https:\/\/vanfittery.de\/zahlungsweisen\/"},"modified":"2026-02-17T19:56:53","modified_gmt":"2026-02-17T18:56:53","slug":"formas-de-pago","status":"publish","type":"page","link":"https:\/\/vanfittery.de\/es\/zahlungsweisen\/","title":{"rendered":"Formas de pago"},"content":{"rendered":"<h1 class=\"wp-block-heading\">Formas de pago<\/h1>\n\n\n\n<p><strong>Formas de pago<\/strong><\/p>\n\n\n\n<p>Ofrecemos los siguientes m\u00e9todos de pago. S\u00f3lo tiene que elegir el m\u00e9todo de pago que m\u00e1s le convenga. Los gastos de env\u00edo dependen en parte de la forma de pago seleccionada. Los precios indicados en las respectivas ofertas son precios finales. Incluyen todos los componentes del precio, incluidos los impuestos aplicables, como el IVA. S\u00f3lo en el caso de entregas transfronterizas podr\u00e1 usted tener que abonar otros impuestos (por ejemplo, en el caso de una compra intracomunitaria) y\/o derechos (por ejemplo, derechos de aduana) en casos concretos, pero no al vendedor, sino a las autoridades aduaneras o fiscales all\u00ed competentes. Los gastos de env\u00edo y entrega no est\u00e1n incluidos en el precio de compra; pueden consultarse en la p\u00e1gina \u201eGastos de env\u00edo\u201c, se muestran por separado durante el proceso de pedido y correr\u00e1n a su cargo.<\/p>\n\n\n\n<!--<p><em>Nachnahme<\/em><br>Bitte halten Sie den Rechnungsbetrag bereit; der Zusteller kassiert bei Lieferung in bar (keine Schecks). Bei Nachnahme fallen zus\u00e4tzlich 6,50 EUR Nachnahmegeb\u00fchren an, die direkt an den Paketzusteller zu entrichten sind.<\/p>-->\n\n\n\n<!--<p><em>Lastschrift<\/em><br>Wir ziehen den Rechnungsbetrag Ihrer Bestellung von Ihrem hinterlegten Bankkonto nach der get\u00e4tigten Bestellung ein.<\/p>-->\n\n\n\n<!--<p><em>Auf Rechnung<\/em><br>Einfach bestellen und erst im Anschluss bezahlen.<\/p>-->\n\n\n\n<!--<p><em>Kreditkarte<\/em><br>Zahlen Sie ganz einfach per Kreditkarte.<\/p>-->\n\n\n\n<p><em><strong>PayPal<\/strong><\/em><\/p>\n\n\n\n<p>Pague de forma a\u00fan m\u00e1s r\u00e1pida y segura con su cuenta PayPal.<\/p>\n\n\n\n<p><em><strong>Tarjeta de cr\u00e9dito (tarjeta)<\/strong><\/em><\/p>\n\n\n\n<p>Pague c\u00f3modamente con tarjeta de cr\u00e9dito. Aceptamos Visa, Mastercard, American Express y Discover. El importe se cargar\u00e1 en la cuenta de su tarjeta de cr\u00e9dito al finalizar el pedido.<\/p>\n\n\n\n<p><em><strong>Apple Pay y Google Pay<\/strong><\/em><\/p>\n\n\n\n<p>Paga con especial rapidez directamente a trav\u00e9s de tu smartphone o cuenta vinculada con Apple Pay o Google Pay.<\/p>\n\n\n\n<p><em><strong>Klarna<\/strong><\/em><\/p>\n\n\n\n<p>Utilice las opciones de pago flexibles de Klarna para su compra.<\/p>\n\n\n\n<p><em><strong>Conf\u00ede en<\/strong><\/em><\/p>\n\n\n\n<p>Pague de forma segura y directa a trav\u00e9s de su banca en l\u00ednea sin salir del sitio web.<\/p>\n\n\n\n<p><em><strong>Pago anticipado<\/strong><\/em><\/p>\n\n\n\n<p>Por favor, transfiera el importe total de su pedido a nuestra cuenta:<\/p>\n\n\n\n<p>Titular de la cuenta: CzoppikEngineering GmbH<br>IBAN: DE12 7436 2663 0005 2349 21<\/p>\n\n\n\n<!--<p><em>Barzahlung<\/em><br>Bestellen Sie online und holen Sie Ihre Bestellung bei uns im Laden einfach ab:<br>Demoshop, Demostra\u00dfe 13<br>12345 Musterstadt, Deutschland<br>Mo \u2013 Fr 8:30 \u2013 13:00, 14:30 \u2013 18:00<br>Sa 9:00 \u2013 13:00<\/p>-->","protected":false},"excerpt":{"rendered":"<p>Zahlungsweisen Zahlungsarten Wir bieten Ihnen folgende Zahlungsarten an. Suchen Sie sich einfach die f\u00fcr Sie optimale Zahlart aus. Die Versandkosten sind teilweise abh\u00e4ngig von der gew\u00e4hlten Zahlungsart. Die in den jeweiligen Angeboten angef\u00fchrten Preise stellen Endpreise dar. Sie beinhalten alle Preisbestandteile, einschlie\u00dflich etwaig anfallender Steuern wie Mehrwertsteuer. Nur bei grenz\u00fcberschreitender Lieferung k\u00f6nnen im Einzelfall weitere [&hellip;]<\/p>\n","protected":false},"author":5,"featured_media":0,"parent":0,"menu_order":0,"comment_status":"closed","ping_status":"closed","template":"","meta":{"_acf_changed":false,"iawp_total_views":206,"footnotes":""},"class_list":["post-1528","page","type-page","status-publish","hentry"],"acf":[],"_links":{"self":[{"href":"https:\/\/vanfittery.de\/es\/wp-json\/wp\/v2\/pages\/1528","targetHints":{"allow":["GET"]}}],"collection":[{"href":"https:\/\/vanfittery.de\/es\/wp-json\/wp\/v2\/pages"}],"about":[{"href":"https:\/\/vanfittery.de\/es\/wp-json\/wp\/v2\/types\/page"}],"author":[{"embeddable":true,"href":"https:\/\/vanfittery.de\/es\/wp-json\/wp\/v2\/users\/5"}],"replies":[{"embeddable":true,"href":"https:\/\/vanfittery.de\/es\/wp-json\/wp\/v2\/comments?post=1528"}],"version-history":[{"count":0,"href":"https:\/\/vanfittery.de\/es\/wp-json\/wp\/v2\/pages\/1528\/revisions"}],"wp:attachment":[{"href":"https:\/\/vanfittery.de\/es\/wp-json\/wp\/v2\/media?parent=1528"}],"curies":[{"name":"wp","href":"https:\/\/api.w.org\/{rel}","templated":true}]}}