{"id":880,"date":"2024-12-16T11:15:04","date_gmt":"2024-12-16T10:15:04","guid":{"rendered":"https:\/\/vanfittery.de\/warenkorb\/"},"modified":"2026-02-03T18:32:02","modified_gmt":"2026-02-03T17:32:02","slug":"cesta-de-la-compra","status":"publish","type":"page","link":"https:\/\/vanfittery.de\/es\/warenkorb\/","title":{"rendered":"Cesta de la compra"},"content":{"rendered":"<div data-elementor-type=\"wp-page\" data-elementor-id=\"880\" class=\"elementor elementor-880\" data-elementor-post-type=\"page\">\n\t\t\t\t<div class=\"elementor-element elementor-element-a082341 sgp e-flex e-con-boxed e-con e-parent\" data-id=\"a082341\" data-element_type=\"container\" data-e-type=\"container\">\n\t\t\t\t\t<div class=\"e-con-inner\">\n\t\t<div class=\"elementor-element elementor-element-dab6da0 e-con-full e-flex e-con e-child\" data-id=\"dab6da0\" data-element_type=\"container\" data-e-type=\"container\">\n\t\t\t\t<div class=\"elementor-element elementor-element-fc8ddb4 elementor-widget elementor-widget-heading\" data-id=\"fc8ddb4\" data-element_type=\"widget\" data-e-type=\"widget\" data-widget_type=\"heading.default\">\n\t\t\t\t<div class=\"elementor-widget-container\">\n\t\t\t\t\t<h1 class=\"elementor-heading-title elementor-size-default\">Su cesta de la compra<\/h1>\t\t\t\t<\/div>\n\t\t\t\t<\/div>\n\t\t\t\t<\/div>\n\t\t<div class=\"elementor-element elementor-element-a083f8f e-con-full e-flex e-con e-child\" data-id=\"a083f8f\" data-element_type=\"container\" data-e-type=\"container\">\n\t\t\t\t<div class=\"elementor-element elementor-element-381ec50 elementor-alert-info elementor-widget elementor-widget-alert\" data-id=\"381ec50\" data-element_type=\"widget\" data-e-type=\"widget\" data-widget_type=\"alert.default\">\n\t\t\t\t<div class=\"elementor-widget-container\">\n\t\t\t\t\t\t\t<div class=\"elementor-alert\" role=\"alert\">\n\n\t\t\t\t\t\t<span class=\"elementor-alert-title\">Unas palabras francas sobre nuestros gastos de env\u00edo<\/span>\n\t\t\t\n\t\t\t\t\t\t<span class=\"elementor-alert-description\">Con nosotros no hay costes ocultos. Nos hemos opuesto deliberadamente al modelo de a\u00f1adir invisiblemente los gastos de env\u00edo a los precios de los productos para anunciarnos con \u201eenv\u00edo gratuito\u201c. La log\u00edstica es un servicio que consume recursos, econ\u00f3mica y ecol\u00f3gicamente. As\u00ed lo creemos: Este trabajo debe ser visible y aceptado.\n\nLa diferencia decisiva: a diferencia de muchos fabricantes, no enviamos nuestros m\u00f3dulos como un kit para su automontaje. Su m\u00f3dulo llega a la acera de su casa completamente montado y con la calidad comprobada por un transportista. Esto nos permite ofrecerle la m\u00e1xima calidad y comodidad. Aunque cuesta un poco m\u00e1s que un paquete est\u00e1ndar, le ahorra tiempo y nervios. Usted desembala, instala y todo encaja.<\/span>\n\t\t\t\n\t\t\t\t\t\t<button type=\"button\" class=\"elementor-alert-dismiss\" aria-label=\"Descartar esta alerta.\">\n\t\t\t\t\t\t\t\t\t<span aria-hidden=\"true\">\u00d7<\/span>\n\t\t\t\t\t\t\t<\/button>\n\t\t\t\n\t\t<\/div>\n\t\t\t\t\t\t<\/div>\n\t\t\t\t<\/div>\n\t\t\t\t<\/div>\n\t\t\t\t\t<\/div>\n\t\t\t\t<\/div>\n\t\t\t\t<\/div>","protected":false},"excerpt":{"rendered":"<p>Dein Warenkorb Artikel entfernen Vorschaubild Produkt Preis Anzahl Zwischensumme &times; Fahrzeug Filz dehnbar (ab 1 m\u00b2) Lieferzeit: ca. 2-3 Werktage 13,90&nbsp;&euro; Fahrzeug Filz dehnbar (ab 1 m\u00b2) Menge 13,90&nbsp;&euro;Inkl. 2,22&nbsp;&euro; MwSt. (19%) Hier erf\u00e4hrst du mehr zu den Versandkosten, Zahlungsweisen und unserer Widerrufsbelehrung. Gutscheincode anwenden \u00dcbersicht Zwischensumme 13,90&nbsp;&euro; Versand Versandkostenpauschale (DE): 8,90&nbsp;&euro;Inkl. 1,42&nbsp;&euro; MwSt. (19%) [&hellip;]<\/p>\n","protected":false},"author":5,"featured_media":0,"parent":0,"menu_order":0,"comment_status":"closed","ping_status":"closed","template":"","meta":{"_acf_changed":false,"iawp_total_views":3938,"footnotes":""},"class_list":["post-880","page","type-page","status-publish","hentry"],"acf":[],"_links":{"self":[{"href":"https:\/\/vanfittery.de\/es\/wp-json\/wp\/v2\/pages\/880","targetHints":{"allow":["GET"]}}],"collection":[{"href":"https:\/\/vanfittery.de\/es\/wp-json\/wp\/v2\/pages"}],"about":[{"href":"https:\/\/vanfittery.de\/es\/wp-json\/wp\/v2\/types\/page"}],"author":[{"embeddable":true,"href":"https:\/\/vanfittery.de\/es\/wp-json\/wp\/v2\/users\/5"}],"replies":[{"embeddable":true,"href":"https:\/\/vanfittery.de\/es\/wp-json\/wp\/v2\/comments?post=880"}],"version-history":[{"count":0,"href":"https:\/\/vanfittery.de\/es\/wp-json\/wp\/v2\/pages\/880\/revisions"}],"wp:attachment":[{"href":"https:\/\/vanfittery.de\/es\/wp-json\/wp\/v2\/media?parent=880"}],"curies":[{"name":"wp","href":"https:\/\/api.w.org\/{rel}","templated":true}]}}