{"id":14373,"date":"2026-04-10T15:02:10","date_gmt":"2026-04-10T13:02:10","guid":{"rendered":"https:\/\/vanfittery.de\/?post_type=product&#038;p=14373"},"modified":"2026-04-10T15:02:10","modified_gmt":"2026-04-10T13:02:10","slug":"transportador-de-gran-capacidad-2","status":"publish","type":"product","link":"https:\/\/vanfittery.de\/es\/produkt\/haengeschrank-grossraumtransporter\/","title":{"rendered":"Armario superior para furgonetas grandes"},"content":{"rendered":"<h2>Armario mural modular para autocaravanas: m\u00e1xima organizaci\u00f3n para su furgoneta grande<\/h2>\n<p>Cree un valioso espacio de almacenamiento en su autocaravana. Nuestro armario mural modular se ha desarrollado especialmente para la transformaci\u00f3n de furgonetas grandes. Gracias a su dise\u00f1o atemporal y a su robusta construcci\u00f3n, se adapta perfectamente a cualquier dise\u00f1o interior, ya sea encima de la cocina o de la zona de descanso.<\/p>\n<p>Esta taquilla no est\u00e1 dise\u00f1ada para un veh\u00edculo espec\u00edfico. Por ello, se puede utilizar en cualquier modelo de furgoneta (Sprinter, Ducato, Crafter, etc.). Se monta mediante una tira de fijaci\u00f3n en el techo y en la pared trasera. El sistema puede ampliarse a voluntad: pueden atornillarse y combinarse tantos armarios como se desee.<\/p>\n<p><strong>Atenci\u00f3n: Es necesario personalizarlo.<\/strong><br \/>\nPuede tener que adaptarse a su propio veh\u00edculo (ya que cada pared de veh\u00edculo tiene una curvatura diferente).<\/p>\n<p><strong>Dimensiones:<br \/>\n<\/strong>Longitud aprox. 60 cm<br \/>\nProfundidad aprox. 34 cm<br \/>\nAltura aprox. 38 cm<\/p>\n<p><strong>Entrega y alcance del env\u00edo:<br \/>\n<\/strong>El precio se aplica a una unidad de pared. Las fotos del producto muestran dos unidades de pared atornilladas.<br \/>\nEl mueble alto se suministra totalmente montado. El volumen de suministro incluye un juego de paneles finales (para los extremos de la fila de armarios).<br \/>\nSe incluye material de fijaci\u00f3n para montar las molduras en el veh\u00edculo (tornillos\/remaches). <span style=\"text-decoration: underline;\">No incluido en el volumen de suministro<\/span> (a seleccionar individualmente en funci\u00f3n del estado de la pared).<\/p>","protected":false},"excerpt":{"rendered":"<p><strong><span style=\"color: #dca54a;\">\u2714<\/span> Modular y ampliable: <\/strong>Los armarios pueden atornillarse sin juntas<br \/>\n<strong><span style=\"color: #dca54a;\">\u2714<\/span> Amortiguador de presi\u00f3n de gas: <\/strong>La solapa se abre suavemente y se mantiene levantada de forma segura<br \/>\n<strong><span style=\"color: #dca54a;\">\u2714<\/span> Cierre seguro: <\/strong>Cierre a presi\u00f3n con asa empotrada<br \/>\n<strong><span style=\"color: #dca54a;\">\u2714<\/span> Utilizaci\u00f3n flexible: <\/strong>Estante central extra\u00edble<\/p>","protected":false},"featured_media":14372,"template":"","meta":{"_acf_changed":false,"iawp_total_views":5},"product_brand":[],"product_cat":[59,55],"product_tag":[],"class_list":{"0":"post-14373","1":"product","2":"type-product","3":"status-publish","4":"has-post-thumbnail","6":"product_cat-grossraumtransporter","7":"product_cat-zubehoer","8":"product_shipping_class-paketversand-xl","10":"first","11":"instock","12":"taxable","13":"shipping-taxable","14":"purchasable","15":"product-type-variable"},"acf":[],"_links":{"self":[{"href":"https:\/\/vanfittery.de\/es\/wp-json\/wp\/v2\/product\/14373","targetHints":{"allow":["GET"]}}],"collection":[{"href":"https:\/\/vanfittery.de\/es\/wp-json\/wp\/v2\/product"}],"about":[{"href":"https:\/\/vanfittery.de\/es\/wp-json\/wp\/v2\/types\/product"}],"version-history":[{"count":10,"href":"https:\/\/vanfittery.de\/es\/wp-json\/wp\/v2\/product\/14373\/revisions"}],"predecessor-version":[{"id":14415,"href":"https:\/\/vanfittery.de\/es\/wp-json\/wp\/v2\/product\/14373\/revisions\/14415"}],"wp:featuredmedia":[{"embeddable":true,"href":"https:\/\/vanfittery.de\/es\/wp-json\/wp\/v2\/media\/14372"}],"wp:attachment":[{"href":"https:\/\/vanfittery.de\/es\/wp-json\/wp\/v2\/media?parent=14373"}],"wp:term":[{"taxonomy":"product_brand","embeddable":true,"href":"https:\/\/vanfittery.de\/es\/wp-json\/wp\/v2\/product_brand?post=14373"},{"taxonomy":"product_cat","embeddable":true,"href":"https:\/\/vanfittery.de\/es\/wp-json\/wp\/v2\/product_cat?post=14373"},{"taxonomy":"product_tag","embeddable":true,"href":"https:\/\/vanfittery.de\/es\/wp-json\/wp\/v2\/product_tag?post=14373"}],"curies":[{"name":"wp","href":"https:\/\/api.w.org\/{rel}","templated":true}]}}