{"id":1903,"date":"2025-01-13T14:20:56","date_gmt":"2025-01-13T13:20:56","guid":{"rendered":"https:\/\/vanfittery.de\/?post_type=product&#038;p=1903"},"modified":"2026-03-17T11:24:44","modified_gmt":"2026-03-17T10:24:44","slug":"techo-interior-para-vw-t5-t6-transporter","status":"publish","type":"product","link":"https:\/\/vanfittery.de\/es\/produkt\/dachhimmel-fuer-vw-t5-t6-transporter\/","title":{"rendered":"Techo interior para VW T5\/T6 Transporter"},"content":{"rendered":"<h2>Techo de alta calidad con focos LED y atenuador t\u00e1ctil<\/h2>\n<p>Nuestro techo interior elimina la sensaci\u00f3n de furgoneta apagada de su VW T5 o T6. Los focos LED de bajo consumo ba\u00f1an el interior con una luz c\u00e1lida y acogedora.<\/p>\n<p>El revestimiento gris se sustituye simplemente por revestimiento de madera aut\u00e9ntica aceitada. El sitio\u00a0<b>El dise\u00f1o de lamas hace que la habitaci\u00f3n parezca m\u00e1s grande<\/b>\u00a0y la c\u00e1lida madera convierte la zona de carga en un acogedor espacio vital.<\/p>\n<p><img fetchpriority=\"high\" decoding=\"async\" class=\"alignnone wp-image-1980 size-medium\" src=\"https:\/\/vanfittery.de\/wp-content\/uploads\/2025\/01\/KR-Laengsnuten-klar-geoelt-1-300x300.jpg\" alt=\"\" width=\"300\" height=\"300\" srcset=\"https:\/\/vanfittery.de\/wp-content\/uploads\/2025\/01\/KR-Laengsnuten-klar-geoelt-1-300x300.jpg 300w, https:\/\/vanfittery.de\/wp-content\/uploads\/2025\/01\/KR-Laengsnuten-klar-geoelt-1-100x100.jpg 100w, https:\/\/vanfittery.de\/wp-content\/uploads\/2025\/01\/KR-Laengsnuten-klar-geoelt-1-800x800.jpg 800w, https:\/\/vanfittery.de\/wp-content\/uploads\/2025\/01\/KR-Laengsnuten-klar-geoelt-1-1024x1024.jpg 1024w, https:\/\/vanfittery.de\/wp-content\/uploads\/2025\/01\/KR-Laengsnuten-klar-geoelt-1-150x150.jpg 150w, https:\/\/vanfittery.de\/wp-content\/uploads\/2025\/01\/KR-Laengsnuten-klar-geoelt-1-768x768.jpg 768w, https:\/\/vanfittery.de\/wp-content\/uploads\/2025\/01\/KR-Laengsnuten-klar-geoelt-1.jpg 1200w\" sizes=\"(max-width: 300px) 100vw, 300px\" \/><\/p>\n<p>En\u00a0<strong>Iluminaci\u00f3n<\/strong>\u00a0se puede acceder a trav\u00e9s de un\u00a0<strong>Regulador t\u00e1ctil para ajustar la luminosidad de forma continua<\/strong>\u00a0de la luz de las velas a la iluminaci\u00f3n de los estadios<\/p>\n<p>Los clips m\u00e1s largos incluidos en el volumen de suministro se utilizan para fijar el techo interior a los orificios de montaje existentes igual que el original, \u00a1sin necesidad de taladrar! Como alternativa, el revestimiento del techo tambi\u00e9n se puede fijar de forma casi invisible con tuercas remachables y tornillos; si lo desea, ind\u00edquelo en el campo de comentarios de la cesta de la compra.<\/p>\n<p>\u00bfDesea un dise\u00f1o diferente? Env\u00edenos un mensaje y estaremos encantados de ver qu\u00e9 es posible.<\/p>\n<p>Volumen de suministro: revestimiento de techo de una pieza para VW T5, T6 y T6.1 de madera aut\u00e9ntica, aceitado, iluminaci\u00f3n, cableado listo para la conexi\u00f3n incl. clips m\u00e1s largos<\/p>","protected":false},"excerpt":{"rendered":"<p>Hochwertiger Dachhimmel mit LED-Spots &amp; Touchdimmer Unser Dachhimmel vertreibt das schn\u00f6de Transporter-Feeling aus deinem VW T5 bzw. T6. Die stromsparenden LED-Spots h\u00fcllen den Innenraum in ein gem\u00fctlich warmes Licht. Die grauen Verkleidungen werden einfach durch die ge\u00f6lte Echtholzverkleidung ersetzt. Das\u00a0Lamellendesign l\u00e4sst den Raum optisch gr\u00f6\u00dfer wirken\u00a0und das warme Holz macht aus dem Laderaum einen muckeligen [&hellip;]<\/p>\n","protected":false},"featured_media":1982,"template":"","meta":{"_acf_changed":false,"iawp_total_views":2970},"product_brand":[],"product_cat":[58,55],"product_tag":[],"class_list":{"0":"post-1903","1":"product","2":"type-product","3":"status-publish","4":"has-post-thumbnail","6":"product_cat-kleintransporter","7":"product_cat-zubehoer","8":"product_shipping_class-spedition-l","10":"first","11":"instock","12":"taxable","13":"shipping-taxable","14":"purchasable","15":"product-type-variable"},"acf":[],"_links":{"self":[{"href":"https:\/\/vanfittery.de\/es\/wp-json\/wp\/v2\/product\/1903","targetHints":{"allow":["GET"]}}],"collection":[{"href":"https:\/\/vanfittery.de\/es\/wp-json\/wp\/v2\/product"}],"about":[{"href":"https:\/\/vanfittery.de\/es\/wp-json\/wp\/v2\/types\/product"}],"version-history":[{"count":1,"href":"https:\/\/vanfittery.de\/es\/wp-json\/wp\/v2\/product\/1903\/revisions"}],"predecessor-version":[{"id":13906,"href":"https:\/\/vanfittery.de\/es\/wp-json\/wp\/v2\/product\/1903\/revisions\/13906"}],"wp:featuredmedia":[{"embeddable":true,"href":"https:\/\/vanfittery.de\/es\/wp-json\/wp\/v2\/media\/1982"}],"wp:attachment":[{"href":"https:\/\/vanfittery.de\/es\/wp-json\/wp\/v2\/media?parent=1903"}],"wp:term":[{"taxonomy":"product_brand","embeddable":true,"href":"https:\/\/vanfittery.de\/es\/wp-json\/wp\/v2\/product_brand?post=1903"},{"taxonomy":"product_cat","embeddable":true,"href":"https:\/\/vanfittery.de\/es\/wp-json\/wp\/v2\/product_cat?post=1903"},{"taxonomy":"product_tag","embeddable":true,"href":"https:\/\/vanfittery.de\/es\/wp-json\/wp\/v2\/product_tag?post=1903"}],"curies":[{"name":"wp","href":"https:\/\/api.w.org\/{rel}","templated":true}]}}