{"id":1992,"date":"2025-01-14T14:47:49","date_gmt":"2025-01-14T13:47:49","guid":{"rendered":"https:\/\/vanfittery.de\/?post_type=product&#038;p=1992"},"modified":"2026-03-17T11:24:25","modified_gmt":"2026-03-17T10:24:25","slug":"techo-vw-caddy-incl-iluminacion","status":"publish","type":"product","link":"https:\/\/vanfittery.de\/es\/produkt\/designhimmel-vw-caddy-inkl-beleuchtung\/","title":{"rendered":"Techo de dise\u00f1o VW Caddy incl. iluminaci\u00f3n"},"content":{"rendered":"<h2>\u00a1Convierte tu VW Caddy en una acogedora MicroCamper!<\/h2>\n<p>Nuestro techo interior de dise\u00f1o convierte tu VW Caddy en una acogedora MicroCamper, \u00a1cada una \u00fanica!<\/p>\n<p>El tejadillo de madera aut\u00e9ntica se fresa con CNC y se acaba en\u00a0<strong>6 pasos refinados a mano<\/strong>. El engrasado se realiza con aceite para juguetes infantiles apto para alimentos, por lo que el espacio vital permanece libre de sustancias nocivas.<\/p>\n<p>Lo har\u00e1\u00a0<strong>simplemente sustituido por el revestimiento original<\/strong>Retire los clips del revestimiento original y vuelva a colocar nuestro revestimiento de techo de una sola pieza utilizando los clips m\u00e1s largos suministrados - \u00a1listo! No es necesario taladrar la carrocer\u00eda.<\/p>\n<p>En<strong>\u00a0Iluminaci\u00f3n integrada<\/strong>\u00a0se puede ajustar el brillo con el regulador t\u00e1ctil\u00a0<strong>De la luz de las velas a la de los estadios <\/strong>se puede ajustar. Una pulsaci\u00f3n corta: encendido\/apagado de la iluminaci\u00f3n, una pulsaci\u00f3n larga: El brillo se aclara u oscurece de forma continua. El cable puede conectarse simplemente al cable de la luz trasera existente o, por ejemplo, al encendedor de 12 V.<\/p>\n<p>El toldo est\u00e1 fabricado en una sola pieza de contrachapado fino de 6,5 mm. Esto lo hace ligero y no produce chirridos como las tablas machihembradas que se suelen utilizar.<\/p>\n<p>Adecuado para<\/p>\n<ul>\n<li>VW Caddy furgoneta (todos)<\/li>\n<li>VW Caddy familiar (denominaciones de los modelos: 2K, Caddy Life, Trendline<\/li>\n<li>No apto para veh\u00edculos con techo moldeado<\/li>\n<li>No apto para Caddy MAXI<\/li>\n<\/ul>\n<p>Si tiene alguna pregunta, env\u00edenos un correo electr\u00f3nico con una foto del interior de su veh\u00edculo.<\/p>","protected":false},"excerpt":{"rendered":"<p><strong><span style=\"color: #dca54a;\">\u2714<\/span> Madera aut\u00e9ntica fresada con CNC y acabada a mano<br \/>\n<\/strong>Todos los techos se fresan mediante CNC y se acaban a mano.<\/p>\n<p><strong><span style=\"color: #dca54a;\">\u2714<\/span> Montaje sencillo<br \/>\n<\/strong>Sustituye al revestimiento original sin taladrar.<\/p>\n<p><strong><span style=\"color: #dca54a;\">\u2714<\/span> Iluminaci\u00f3n LED integrada con regulador t\u00e1ctil<br \/>\n<\/strong>El brillo se puede ajustar sin escalonamientos.<\/p>\n<p><strong><span style=\"color: #dca54a;\">\u2714<\/span> Ligero y silencioso<br \/>\n<\/strong>Sin chirridos molestos como con las tablas machihembradas.<\/p>","protected":false},"featured_media":1965,"template":"","meta":{"_acf_changed":false,"iawp_total_views":847},"product_brand":[],"product_cat":[57,55],"product_tag":[],"class_list":{"0":"post-1992","1":"product","2":"type-product","3":"status-publish","4":"has-post-thumbnail","6":"product_cat-hochdachkombi","7":"product_cat-zubehoer","8":"product_shipping_class-spedition-l","10":"first","11":"instock","12":"taxable","13":"shipping-taxable","14":"purchasable","15":"product-type-simple"},"acf":[],"_links":{"self":[{"href":"https:\/\/vanfittery.de\/es\/wp-json\/wp\/v2\/product\/1992","targetHints":{"allow":["GET"]}}],"collection":[{"href":"https:\/\/vanfittery.de\/es\/wp-json\/wp\/v2\/product"}],"about":[{"href":"https:\/\/vanfittery.de\/es\/wp-json\/wp\/v2\/types\/product"}],"version-history":[{"count":1,"href":"https:\/\/vanfittery.de\/es\/wp-json\/wp\/v2\/product\/1992\/revisions"}],"predecessor-version":[{"id":13905,"href":"https:\/\/vanfittery.de\/es\/wp-json\/wp\/v2\/product\/1992\/revisions\/13905"}],"wp:featuredmedia":[{"embeddable":true,"href":"https:\/\/vanfittery.de\/es\/wp-json\/wp\/v2\/media\/1965"}],"wp:attachment":[{"href":"https:\/\/vanfittery.de\/es\/wp-json\/wp\/v2\/media?parent=1992"}],"wp:term":[{"taxonomy":"product_brand","embeddable":true,"href":"https:\/\/vanfittery.de\/es\/wp-json\/wp\/v2\/product_brand?post=1992"},{"taxonomy":"product_cat","embeddable":true,"href":"https:\/\/vanfittery.de\/es\/wp-json\/wp\/v2\/product_cat?post=1992"},{"taxonomy":"product_tag","embeddable":true,"href":"https:\/\/vanfittery.de\/es\/wp-json\/wp\/v2\/product_tag?post=1992"}],"curies":[{"name":"wp","href":"https:\/\/api.w.org\/{rel}","templated":true}]}}