{"id":2017,"date":"2025-01-14T15:10:16","date_gmt":"2025-01-14T14:10:16","guid":{"rendered":"https:\/\/vanfittery.de\/?post_type=product&#038;p=2017"},"modified":"2026-03-17T11:24:21","modified_gmt":"2026-03-17T10:24:21","slug":"marco-de-montaje-adaptador-de-montaje-altavoz-t5-t6-transportador-trasero","status":"publish","type":"product","link":"https:\/\/vanfittery.de\/es\/produkt\/einbaurahmen-einbauadapter-lautsprecher-t5-t6-transporter-hinten\/","title":{"rendered":"Adaptador de instalaci\u00f3n altavoz T5 \/ T6 Transporter"},"content":{"rendered":"<h2>Posici\u00f3n \u00f3ptima de los altavoces para un sonido perfecto en el T5\/T6<\/h2>\n<p>Cualquiera a quien le guste el buen sonido en su veh\u00edculo conoce el problema del Transporter T5 o T6: pr\u00e1cticamente no hay una posici\u00f3n de instalaci\u00f3n adecuada para los altavoces traseros. Si se instalan en el port\u00f3n trasero, quedan demasiado bajos y apenas hay profundidad de montaje. Si los instala en el revestimiento lateral, puede conseguir una instalaci\u00f3n estable con mucho esfuerzo, pero entonces los altavoces suenan en una direcci\u00f3n muy desfavorable. El resultado es cualquier cosa menos \u201chi-fi\u201d.<\/p>\n<p>Nuestros adaptadores de montaje para el Transporter T5 \/ T6 solucionan el problema: dise\u00f1ados en CAD, se adaptan perfectamente a los contornos del veh\u00edculo y\u00a0<strong>Alineado exactamente a la altura del o\u00eddo en el habit\u00e1culo<\/strong>!<\/p>\n<p>Los adaptadores est\u00e1n disponibles para altavoces de 13 cm y 16,5 cm y se atornillan tres veces al cuerpo o se pegan con adhesivo para parabrisas si es necesario.<\/p>\n<h3>Dimensiones 13 cm<\/h3>\n<p>Di\u00e1metro exterior: 150 mm<\/p>\n<p>Di\u00e1metro de la abertura de instalaci\u00f3n: 116 mm<\/p>\n<p>Longitud: 145 mm<\/p>\n<p>Di\u00e1metro del tornillo de fijaci\u00f3n: 134 mm<\/p>\n<h3>Dimensiones 16,5 cm<\/h3>\n<p>Di\u00e1metro exterior: 167 mm<\/p>\n<p>Di\u00e1metro de la abertura de instalaci\u00f3n: 145 mm<\/p>\n<p>Longitud: 180 mm<\/p>\n<p>Di\u00e1metro del tornillo de fijaci\u00f3n: 157 mm<\/p>\n<p>&nbsp;<\/p>\n<p><strong>Volumen de suministro:<\/strong> 1 juego (izquierda y derecha) de adaptadores de montaje para el montante D del VW T5 \/ T6 Transporter. Piezas impresas en 3D hechas de PETG. La superficie puede tener peque\u00f1as imperfecciones t\u00edpicas de la impresi\u00f3n 3D.<\/p>\n<p>Tenga en cuenta que el plazo de entrega es de aprox. 1-2 semanas, dependiendo de la capacidad de utilizaci\u00f3n actual de las impresoras 3D. El tiempo de impresi\u00f3n de un juego es de unas 32 horas.<\/p>","protected":false},"excerpt":{"rendered":"<p><strong><span style=\"color: #dca54a;\">\u2714<\/span>\u00a0 Posicionamiento perfecto<\/strong><br \/>\nAdaptador de altavoz para el VW T5 \/ T6, \u00f3ptimamente alineado a la altura del o\u00eddo (adecuado para altavoces de 13 cm y 16,5 cm).<\/p>\n<p><strong><span style=\"color: #dca54a;\">\u2714<\/span>\u00a0 Ajuste preciso y estable<br \/>\n<\/strong>Dise\u00f1o CAD, adaptaci\u00f3n precisa a los contornos del veh\u00edculo, f\u00e1cil instalaci\u00f3n con tornillos o adhesivo para parabrisas.<\/p>","protected":false},"featured_media":2025,"template":"","meta":{"_acf_changed":false,"iawp_total_views":1344},"product_brand":[],"product_cat":[58,55],"product_tag":[],"class_list":{"0":"post-2017","1":"product","2":"type-product","3":"status-publish","4":"has-post-thumbnail","6":"product_cat-kleintransporter","7":"product_cat-zubehoer","8":"product_shipping_class-paketversand","10":"first","11":"instock","12":"taxable","13":"shipping-taxable","14":"purchasable","15":"product-type-variable"},"acf":[],"_links":{"self":[{"href":"https:\/\/vanfittery.de\/es\/wp-json\/wp\/v2\/product\/2017","targetHints":{"allow":["GET"]}}],"collection":[{"href":"https:\/\/vanfittery.de\/es\/wp-json\/wp\/v2\/product"}],"about":[{"href":"https:\/\/vanfittery.de\/es\/wp-json\/wp\/v2\/types\/product"}],"version-history":[{"count":1,"href":"https:\/\/vanfittery.de\/es\/wp-json\/wp\/v2\/product\/2017\/revisions"}],"predecessor-version":[{"id":13903,"href":"https:\/\/vanfittery.de\/es\/wp-json\/wp\/v2\/product\/2017\/revisions\/13903"}],"wp:featuredmedia":[{"embeddable":true,"href":"https:\/\/vanfittery.de\/es\/wp-json\/wp\/v2\/media\/2025"}],"wp:attachment":[{"href":"https:\/\/vanfittery.de\/es\/wp-json\/wp\/v2\/media?parent=2017"}],"wp:term":[{"taxonomy":"product_brand","embeddable":true,"href":"https:\/\/vanfittery.de\/es\/wp-json\/wp\/v2\/product_brand?post=2017"},{"taxonomy":"product_cat","embeddable":true,"href":"https:\/\/vanfittery.de\/es\/wp-json\/wp\/v2\/product_cat?post=2017"},{"taxonomy":"product_tag","embeddable":true,"href":"https:\/\/vanfittery.de\/es\/wp-json\/wp\/v2\/product_tag?post=2017"}],"curies":[{"name":"wp","href":"https:\/\/api.w.org\/{rel}","templated":true}]}}