{"id":8817,"date":"2025-03-31T10:41:45","date_gmt":"2025-03-31T08:41:45","guid":{"rendered":"https:\/\/vanfittery.de\/?post_type=product&#038;p=8817"},"modified":"2026-03-17T11:21:11","modified_gmt":"2026-03-17T10:21:11","slug":"panel-de-suelo-peugeot-traveller-l2-opel-zafira-live-renault-traffic-toyota-proace-verso-citroen-spacetourer","status":"publish","type":"product","link":"https:\/\/vanfittery.de\/es\/produkt\/bodenplatte-peugeot-traveller-l2-opel-zafira-live-renault-traffic-toyota-proace-verso-citroen-spacetourer\/","title":{"rendered":"Panel de suelo Peugeot Traveller L2, Opel Zafira Live, Renault Traffic, Toyota ProAce Verso, Citroen Spacetourer"},"content":{"rendered":"<p>Nuestro panel de suelo para veh\u00edculos del Grupo PSA consta de 2 partes.<\/p>\n<p>En <strong>Panel de relleno<\/strong> iguala el suelo irregular y<strong> pone la alfombra original a la misma altura que los ra\u00edles<\/strong>. Esto permite colocar los m\u00f3dulos en una superficie plana y seguir utilizando el sistema de ra\u00edles original. Consta de un tablero m\u00faltiplex de abedul de 12 mm de grosor.<\/p>\n<p><a href=\"https:\/\/vanfittery.de\/wp-content\/uploads\/2025\/03\/Fuellplatte-1.jpg\"><img fetchpriority=\"high\" decoding=\"async\" class=\"aligncenter wp-image-8821 size-medium\" src=\"https:\/\/vanfittery.de\/wp-content\/uploads\/2025\/03\/Fuellplatte-1-225x300.jpg\" alt=\"\" width=\"225\" height=\"300\" srcset=\"https:\/\/vanfittery.de\/wp-content\/uploads\/2025\/03\/Fuellplatte-1-225x300.jpg 225w, https:\/\/vanfittery.de\/wp-content\/uploads\/2025\/03\/Fuellplatte-1-768x1024.jpg 768w, https:\/\/vanfittery.de\/wp-content\/uploads\/2025\/03\/Fuellplatte-1-1152x1536.jpg 1152w, https:\/\/vanfittery.de\/wp-content\/uploads\/2025\/03\/Fuellplatte-1-800x1067.jpg 800w, https:\/\/vanfittery.de\/wp-content\/uploads\/2025\/03\/Fuellplatte-1.jpg 1156w\" sizes=\"(max-width: 225px) 100vw, 225px\" \/><\/a><\/p>\n<p>Atenci\u00f3n: debido a los largos y estrechos listones de madera entre los ra\u00edles y el revestimiento, es posible que el panel de relleno no quede 100% plano sobre el suelo o que la distancia al ra\u00edl exterior no sea 100% constante - esto no es posible de otro modo debido al principio.<\/p>\n<p>&nbsp;<\/p>\n<p>En <strong>Tapa<\/strong> se encuentra por encima de los ra\u00edles y convierte as\u00ed el compartimento de carga en un <strong>Superficie completamente cerrada y plana<\/strong>. Consta de un tablero multiplex de abedul de 9 mm de grosor.<\/p>\n<p>&nbsp;<\/p>\n<p><a href=\"https:\/\/vanfittery.de\/wp-content\/uploads\/2025\/03\/Deckplatte-1-scaled.jpg\"><img decoding=\"async\" class=\"aligncenter wp-image-8820 size-medium\" src=\"https:\/\/vanfittery.de\/wp-content\/uploads\/2025\/03\/Deckplatte-1-225x300.jpg\" alt=\"\" width=\"225\" height=\"300\" srcset=\"https:\/\/vanfittery.de\/wp-content\/uploads\/2025\/03\/Deckplatte-1-225x300.jpg 225w, https:\/\/vanfittery.de\/wp-content\/uploads\/2025\/03\/Deckplatte-1-768x1024.jpg 768w, https:\/\/vanfittery.de\/wp-content\/uploads\/2025\/03\/Deckplatte-1-1152x1536.jpg 1152w, https:\/\/vanfittery.de\/wp-content\/uploads\/2025\/03\/Deckplatte-1-1536x2048.jpg 1536w, https:\/\/vanfittery.de\/wp-content\/uploads\/2025\/03\/Deckplatte-1-800x1067.jpg 800w, https:\/\/vanfittery.de\/wp-content\/uploads\/2025\/03\/Deckplatte-1-scaled.jpg 1920w\" sizes=\"(max-width: 225px) 100vw, 225px\" \/><\/a><\/p>\n<p>Ambos paneles pueden atornillarse para formar una sola unidad.<\/p>\n<p>Como la placa del suelo no est\u00e1 atornillada al veh\u00edculo, recomendamos fijar los m\u00f3dulos a los ra\u00edles originales del asiento utilizando adaptadores\/tuercas estriadas.<\/p>","protected":false},"excerpt":{"rendered":"<p>Unsere Bodenplatte f\u00fcr Fahrzeuge des PSA Konzerns besteht aus 2 Teilen. Die F\u00fcllplatte gleicht den unebenen Boden aus und bringt den originalen Teppichboden mit den Schienen auf eine H\u00f6he. Damit k\u00f6nnen Module auf eine ebene Fl\u00e4che gestellt werden und gleichzeitig das originale Schienensystem weiter verwendet werden. Sie besteht aus einer 12mm starken Birken-Multiplexplatte. Bitte beachte: [&hellip;]<\/p>\n","protected":false},"featured_media":8820,"template":"","meta":{"_acf_changed":false,"iawp_total_views":852},"product_brand":[],"product_cat":[58,55],"product_tag":[],"class_list":{"0":"post-8817","1":"product","2":"type-product","3":"status-publish","4":"has-post-thumbnail","6":"product_cat-kleintransporter","7":"product_cat-zubehoer","8":"product_shipping_class-spedition-l","10":"first","11":"instock","12":"taxable","13":"shipping-taxable","14":"purchasable","15":"product-type-variable"},"acf":[],"_links":{"self":[{"href":"https:\/\/vanfittery.de\/es\/wp-json\/wp\/v2\/product\/8817","targetHints":{"allow":["GET"]}}],"collection":[{"href":"https:\/\/vanfittery.de\/es\/wp-json\/wp\/v2\/product"}],"about":[{"href":"https:\/\/vanfittery.de\/es\/wp-json\/wp\/v2\/types\/product"}],"version-history":[{"count":1,"href":"https:\/\/vanfittery.de\/es\/wp-json\/wp\/v2\/product\/8817\/revisions"}],"predecessor-version":[{"id":13867,"href":"https:\/\/vanfittery.de\/es\/wp-json\/wp\/v2\/product\/8817\/revisions\/13867"}],"wp:featuredmedia":[{"embeddable":true,"href":"https:\/\/vanfittery.de\/es\/wp-json\/wp\/v2\/media\/8820"}],"wp:attachment":[{"href":"https:\/\/vanfittery.de\/es\/wp-json\/wp\/v2\/media?parent=8817"}],"wp:term":[{"taxonomy":"product_brand","embeddable":true,"href":"https:\/\/vanfittery.de\/es\/wp-json\/wp\/v2\/product_brand?post=8817"},{"taxonomy":"product_cat","embeddable":true,"href":"https:\/\/vanfittery.de\/es\/wp-json\/wp\/v2\/product_cat?post=8817"},{"taxonomy":"product_tag","embeddable":true,"href":"https:\/\/vanfittery.de\/es\/wp-json\/wp\/v2\/product_tag?post=8817"}],"curies":[{"name":"wp","href":"https:\/\/api.w.org\/{rel}","templated":true}]}}