{"id":8994,"date":"2025-05-29T19:41:04","date_gmt":"2025-05-29T17:41:04","guid":{"rendered":"https:\/\/vanfittery.de\/?post_type=product&#038;p=8994"},"modified":"2026-04-14T22:31:42","modified_gmt":"2026-04-14T20:31:42","slug":"mesa-de-bambu-para-eurobox-60x40cm","status":"publish","type":"product","link":"https:\/\/vanfittery.de\/es\/produkt\/bambus-tisch-fuer-eurobox-60x40cm\/","title":{"rendered":"Mesa de bamb\u00fa para Eurobox 60x40cm"},"content":{"rendered":"<div data-elementor-type=\"product-post\" data-elementor-id=\"8994\" class=\"elementor elementor-8994\" data-elementor-post-type=\"product\">\n\t\t\t\t<div class=\"elementor-element elementor-element-6e5fa72b e-flex e-con-boxed e-con e-parent\" data-id=\"6e5fa72b\" data-element_type=\"container\" data-e-type=\"container\">\n\t\t\t\t\t<div class=\"e-con-inner\">\n\t\t\t\t<div class=\"elementor-element elementor-element-790031d1 elementor-widget elementor-widget-text-editor\" data-id=\"790031d1\" data-element_type=\"widget\" data-e-type=\"widget\" data-widget_type=\"text-editor.default\">\n\t\t\t\t<div class=\"elementor-widget-container\">\n\t\t\t\t\t\t\t\t\t<h2>\u00a1El todoterreno para la EuroBox!<\/h2><p>A menudo son <strong>los peque\u00f1os artilugios<\/strong> que marcan la diferencia al acampar.<\/p><p>Puede utilizarse como tapa de una EuroBox junto con otras Eurobox <strong>Se utiliza como asiento o mesa<\/strong> convertirse. Con un movimiento de barrido <strong>todos los pies desplegados al mismo tiempo<\/strong> \u00a1y la tapa se convierte en una mesa robusta!<\/p><p><strong>Ya sea como peque\u00f1a mesa de aperitivos, como primera mesa para los m\u00e1s peque\u00f1os o como mesa auxiliar para la cocina de gas o la barbacoa...<\/strong><\/p>\t\t\t\t\t\t\t\t<\/div>\n\t\t\t\t<\/div>\n\t\t\t\t<div class=\"elementor-element elementor-element-319dab6 elementor-widget__width-initial elementor-arrows-position-inside elementor-pagination-position-outside elementor-widget elementor-widget-image-carousel\" data-id=\"319dab6\" data-element_type=\"widget\" data-e-type=\"widget\" data-settings=\"{&quot;slides_to_show&quot;:&quot;1&quot;,&quot;navigation&quot;:&quot;both&quot;,&quot;autoplay&quot;:&quot;yes&quot;,&quot;pause_on_hover&quot;:&quot;yes&quot;,&quot;pause_on_interaction&quot;:&quot;yes&quot;,&quot;autoplay_speed&quot;:5000,&quot;infinite&quot;:&quot;yes&quot;,&quot;effect&quot;:&quot;slide&quot;,&quot;speed&quot;:500}\" data-widget_type=\"image-carousel.default\">\n\t\t\t\t<div class=\"elementor-widget-container\">\n\t\t\t\t\t\t\t<div class=\"elementor-image-carousel-wrapper swiper\" role=\"region\" aria-roledescription=\"carousel\" aria-label=\"Carrusel de im\u00e1genes\" dir=\"ltr\">\n\t\t\t<div class=\"elementor-image-carousel swiper-wrapper\" aria-live=\"off\">\n\t\t\t\t\t\t\t\t<div class=\"swiper-slide\" role=\"group\" aria-roledescription=\"slide\" aria-label=\"1 en 5\"><a data-elementor-open-lightbox=\"yes\" data-elementor-lightbox-slideshow=\"319dab6\" data-e-action-hash=\"#elementor-action%3Aaction%3Dlightbox%26settings%3DeyJpZCI6OTAwNywidXJsIjoiaHR0cHM6XC9cL3ZhbmZpdHRlcnkuZGVcL3dwLWNvbnRlbnRcL3VwbG9hZHNcLzIwMjVcLzA1XC9UaXNjaC1mdWVyLUV1cm9Cb3gtNjB4NDAtU3RhbmRBbG9uZS1zY2FsZWQuanBnIiwic2xpZGVzaG93IjoiMzE5ZGFiNiJ9\" href=\"https:\/\/vanfittery.de\/wp-content\/uploads\/2025\/05\/Tisch-fuer-EuroBox-60x40-StandAlone-scaled.jpg\"><figure class=\"swiper-slide-inner\"><img decoding=\"async\" class=\"swiper-slide-image\" src=\"https:\/\/vanfittery.de\/wp-content\/uploads\/2025\/05\/Tisch-fuer-EuroBox-60x40-StandAlone-scaled.jpg\" alt=\"Mesa para EuroBox 60x40cm\" \/><figcaption class=\"elementor-image-carousel-caption\">La tapa es de bamb\u00fa de 16 mm y tiene un acabado aceitado apto para alimentos<\/figcaption><\/figure><\/a><\/div><div class=\"swiper-slide\" role=\"group\" aria-roledescription=\"slide\" aria-label=\"2 en 5\"><a data-elementor-open-lightbox=\"yes\" data-elementor-lightbox-slideshow=\"319dab6\" data-e-action-hash=\"#elementor-action%3Aaction%3Dlightbox%26settings%3DeyJpZCI6OTAwMCwidXJsIjoiaHR0cHM6XC9cL3ZhbmZpdHRlcnkuZGVcL3dwLWNvbnRlbnRcL3VwbG9hZHNcLzIwMjVcLzA1XC9UaXNjaC1mdWVyLUV1cm9ib3gtNjB4NDAtYXVmLUV1cm9ib3gtNjB4NDAtMS1zY2FsZWQuanBnIiwic2xpZGVzaG93IjoiMzE5ZGFiNiJ9\" href=\"https:\/\/vanfittery.de\/wp-content\/uploads\/2025\/05\/Tisch-fuer-Eurobox-60x40-auf-Eurobox-60x40-1-scaled.jpg\"><figure class=\"swiper-slide-inner\"><img decoding=\"async\" class=\"swiper-slide-image\" src=\"https:\/\/vanfittery.de\/wp-content\/uploads\/2025\/05\/Tisch-fuer-Eurobox-60x40-auf-Eurobox-60x40-1-scaled.jpg\" alt=\"Mesa para EuroBox 60x40cm con tapa\" \/><figcaption class=\"elementor-image-carousel-caption\">Cuatro pasadores de goma centran la mesa en las Eurobox convencionales...<\/figcaption><\/figure><\/a><\/div><div class=\"swiper-slide\" role=\"group\" aria-roledescription=\"slide\" aria-label=\"3 en 5\"><a data-elementor-open-lightbox=\"yes\" data-elementor-lightbox-slideshow=\"319dab6\" data-e-action-hash=\"#elementor-action%3Aaction%3Dlightbox%26settings%3DeyJpZCI6ODk5OSwidXJsIjoiaHR0cHM6XC9cL3ZhbmZpdHRlcnkuZGVcL3dwLWNvbnRlbnRcL3VwbG9hZHNcLzIwMjVcLzA1XC9UaXNjaC1mdWVyLUV1cm9Cb3gtNjB4NDAtYmVpbS1XZWdoZWJlbi1zY2FsZWQuanBnIiwic2xpZGVzaG93IjoiMzE5ZGFiNiJ9\" href=\"https:\/\/vanfittery.de\/wp-content\/uploads\/2025\/05\/Tisch-fuer-EuroBox-60x40-beim-Wegheben-scaled.jpg\"><figure class=\"swiper-slide-inner\"><img decoding=\"async\" class=\"swiper-slide-image\" src=\"https:\/\/vanfittery.de\/wp-content\/uploads\/2025\/05\/Tisch-fuer-EuroBox-60x40-beim-Wegheben-scaled.jpg\" alt=\"Mesa para EuroBox 60x40cm con tapa\" \/><figcaption class=\"elementor-image-carousel-caption\">... y aseg\u00farese de que no pueda deslizarse sobre la caja.<\/figcaption><\/figure><\/a><\/div><div class=\"swiper-slide\" role=\"group\" aria-roledescription=\"slide\" aria-label=\"4 en 5\"><a data-elementor-open-lightbox=\"yes\" data-elementor-lightbox-slideshow=\"319dab6\" data-e-action-hash=\"#elementor-action%3Aaction%3Dlightbox%26settings%3DeyJpZCI6ODk5OCwidXJsIjoiaHR0cHM6XC9cL3ZhbmZpdHRlcnkuZGVcL3dwLWNvbnRlbnRcL3VwbG9hZHNcLzIwMjVcLzA1XC9UaXNjaC1mdWVyLUV1cm9Cb3gtNjB4NDAtYWxzLUtpbmRlcnRpc2NoLXNjYWxlZC5qcGciLCJzbGlkZXNob3ciOiIzMTlkYWI2In0%3D\" href=\"https:\/\/vanfittery.de\/wp-content\/uploads\/2025\/05\/Tisch-fuer-EuroBox-60x40-als-Kindertisch-scaled.jpg\"><figure class=\"swiper-slide-inner\"><img decoding=\"async\" class=\"swiper-slide-image\" src=\"https:\/\/vanfittery.de\/wp-content\/uploads\/2025\/05\/Tisch-fuer-EuroBox-60x40-als-Kindertisch-scaled.jpg\" alt=\"Mesa para EuroBox 60x40cm en acci\u00f3n\" \/><figcaption class=\"elementor-image-carousel-caption\">La mesa para todos los aficionados y exploradores<\/figcaption><\/figure><\/a><\/div><div class=\"swiper-slide\" role=\"group\" aria-roledescription=\"slide\" aria-label=\"5 de 5\"><a data-elementor-open-lightbox=\"yes\" data-elementor-lightbox-slideshow=\"319dab6\" data-e-action-hash=\"#elementor-action%3Aaction%3Dlightbox%26settings%3DeyJpZCI6OTAwMSwidXJsIjoiaHR0cHM6XC9cL3ZhbmZpdHRlcnkuZGVcL3dwLWNvbnRlbnRcL3VwbG9hZHNcLzIwMjVcLzA1XC9UaXNjaC1mdWVyLUV1cm9Cb3gtNjB4NDAtaW0tRWluc2F0ei5qcGciLCJzbGlkZXNob3ciOiIzMTlkYWI2In0%3D\" href=\"https:\/\/vanfittery.de\/wp-content\/uploads\/2025\/05\/Tisch-fuer-EuroBox-60x40-im-Einsatz.jpg\"><figure class=\"swiper-slide-inner\"><img decoding=\"async\" class=\"swiper-slide-image\" src=\"https:\/\/vanfittery.de\/wp-content\/uploads\/2025\/05\/Tisch-fuer-EuroBox-60x40-im-Einsatz.jpg\" alt=\"Mesa para EuroBox 60x40cm\" \/><figcaption class=\"elementor-image-carousel-caption\">Dif\u00edcilmente podr\u00eda ser m\u00e1s fr\u00edo \ud83d\ude42 .<\/figcaption><\/figure><\/a><\/div>\t\t\t<\/div>\n\t\t\t\t\t\t\t\t\t\t\t\t<div class=\"elementor-swiper-button elementor-swiper-button-prev\" role=\"button\" tabindex=\"0\">\n\t\t\t\t\t\t<svg aria-hidden=\"true\" class=\"e-font-icon-svg e-eicon-chevron-left\" viewbox=\"0 0 1000 1000\" xmlns=\"http:\/\/www.w3.org\/2000\/svg\"><path d=\"M646 125C629 125 613 133 604 142L308 442C296 454 292 471 292 487 292 504 296 521 308 533L604 854C617 867 629 875 646 875 663 875 679 871 692 858 704 846 713 829 713 812 713 796 708 779 692 767L438 487 692 225C700 217 708 204 708 187 708 171 704 154 692 142 675 129 663 125 646 125Z\"><\/path><\/svg>\t\t\t\t\t<\/div>\n\t\t\t\t\t<div class=\"elementor-swiper-button elementor-swiper-button-next\" role=\"button\" tabindex=\"0\">\n\t\t\t\t\t\t<svg aria-hidden=\"true\" class=\"e-font-icon-svg e-eicon-chevron-right\" viewbox=\"0 0 1000 1000\" xmlns=\"http:\/\/www.w3.org\/2000\/svg\"><path d=\"M696 533C708 521 713 504 713 487 713 471 708 454 696 446L400 146C388 133 375 125 354 125 338 125 325 129 313 142 300 154 292 171 292 187 292 204 296 221 308 233L563 492 304 771C292 783 288 800 288 817 288 833 296 850 308 863 321 871 338 875 354 875 371 875 388 867 400 854L696 533Z\"><\/path><\/svg>\t\t\t\t\t<\/div>\n\t\t\t\t\n\t\t\t\t\t\t\t\t\t<div class=\"swiper-pagination\"><\/div>\n\t\t\t\t\t\t\t\t\t<\/div>\n\t\t\t\t\t\t<\/div>\n\t\t\t\t<\/div>\n\t\t\t\t<div class=\"elementor-element elementor-element-fcb1e6e elementor-widget elementor-widget-text-editor\" data-id=\"fcb1e6e\" data-element_type=\"widget\" data-e-type=\"widget\" data-widget_type=\"text-editor.default\">\n\t\t\t\t<div class=\"elementor-widget-container\">\n\t\t\t\t\t\t\t\t\t<p>Adecuado para EuroBoxes convencionales de 60x40cm. Altura con los pies desplegados: 44cm. Cuatro pies de goma en las esquinas centran la mesa en el Eurobox. Capacidad de carga m\u00e1x. 40kg<\/p>\t\t\t\t\t\t\t\t<\/div>\n\t\t\t\t<\/div>\n\t\t\t\t\t<\/div>\n\t\t\t\t<\/div>\n\t\t\t\t<\/div>","protected":false},"excerpt":{"rendered":"<p><span style=\"color: #dca54a;\"><strong>\u2714<\/strong> <\/span>Multifuncional: tapa y mesa robusta en uno<br \/>\n<span style=\"color: #dca54a;\"><strong>\u2714<\/strong> <\/span>Se pliega y despliega en segundos<br \/>\n<span style=\"color: #dca54a;\"><strong>\u2714<\/strong> <\/span>Robusto y elegante fabricado en bamb\u00fa<br \/>\n<span style=\"color: #dca54a;\"><strong>\u2714<\/strong> <\/span>Sujeci\u00f3n estable en Euroboxes est\u00e1ndar (60 x 40 cm)<\/p>","protected":false},"featured_media":8997,"template":"","meta":{"_acf_changed":false,"iawp_total_views":664},"product_brand":[],"product_cat":[55],"product_tag":[],"class_list":{"0":"post-8994","1":"product","2":"type-product","3":"status-publish","4":"has-post-thumbnail","6":"product_cat-zubehoer","7":"product_shipping_class-paketversand","9":"first","10":"instock","11":"taxable","12":"shipping-taxable","13":"purchasable","14":"product-type-simple"},"acf":[],"_links":{"self":[{"href":"https:\/\/vanfittery.de\/es\/wp-json\/wp\/v2\/product\/8994","targetHints":{"allow":["GET"]}}],"collection":[{"href":"https:\/\/vanfittery.de\/es\/wp-json\/wp\/v2\/product"}],"about":[{"href":"https:\/\/vanfittery.de\/es\/wp-json\/wp\/v2\/types\/product"}],"version-history":[{"count":1,"href":"https:\/\/vanfittery.de\/es\/wp-json\/wp\/v2\/product\/8994\/revisions"}],"predecessor-version":[{"id":13866,"href":"https:\/\/vanfittery.de\/es\/wp-json\/wp\/v2\/product\/8994\/revisions\/13866"}],"wp:featuredmedia":[{"embeddable":true,"href":"https:\/\/vanfittery.de\/es\/wp-json\/wp\/v2\/media\/8997"}],"wp:attachment":[{"href":"https:\/\/vanfittery.de\/es\/wp-json\/wp\/v2\/media?parent=8994"}],"wp:term":[{"taxonomy":"product_brand","embeddable":true,"href":"https:\/\/vanfittery.de\/es\/wp-json\/wp\/v2\/product_brand?post=8994"},{"taxonomy":"product_cat","embeddable":true,"href":"https:\/\/vanfittery.de\/es\/wp-json\/wp\/v2\/product_cat?post=8994"},{"taxonomy":"product_tag","embeddable":true,"href":"https:\/\/vanfittery.de\/es\/wp-json\/wp\/v2\/product_tag?post=8994"}],"curies":[{"name":"wp","href":"https:\/\/api.w.org\/{rel}","templated":true}]}}