{"id":9547,"date":"2025-07-09T13:18:48","date_gmt":"2025-07-09T11:18:48","guid":{"rendered":"https:\/\/vanfittery.de\/?post_type=product&#038;p=9547"},"modified":"2026-03-17T11:20:38","modified_gmt":"2026-03-17T10:20:38","slug":"placa-base-vw-id-buzz-gtx-lwb","status":"publish","type":"product","link":"https:\/\/vanfittery.de\/es\/produkt\/bodenplatte-vw-id-buzz-gtx-lwb\/","title":{"rendered":"Panel de suelo VW ID Buzz GTX LWB"},"content":{"rendered":"<p>El VW ID Buzz es cada vez m\u00e1s popular como furgoneta camper.<\/p>\n<p>El veh\u00edculo no tiene un suelo de carga nivelado en su estado original. Los anclajes de los asientos y el escal\u00f3n en el suelo hacia el habit\u00e1culo hacen casi imposible colocar una CampingBox.<\/p>\n<p>Nuestro suelo de carga nivela cualquier desnivel y llega hasta los asientos traseros. La diferencia de altura en el suelo se nivela mediante grandes superficies de apoyo. En caso necesario, el panel del suelo se puede asegurar contra deslizamiento mediante dos tornillos en las roscas del Multiflexboard.<\/p>\n<p>Gracias al grosor del material de 12 mm y al material de base de contrachapado de abedul, el tablero es muy estable.<\/p>\n<p>La versi\u00f3n con revestimiento negro de 12 mm tiene una superficie lisa y puede cubrirse con una alfombrilla antideslizante si es necesario; la versi\u00f3n serigrafiada de 12 mm es de color marr\u00f3n rojizo y tiene una superficie antideslizante, como la que se utiliza en los remolques, por ejemplo.<\/p>\n<p>Especialmente para el ID Buzz (GTX) LWB en la versi\u00f3n de coche - \u00a1no apto para el Cargo!<\/p>","protected":false},"excerpt":{"rendered":"<p><span style=\"color: #dca54a;\"><strong>\u2714<\/strong> <\/span> Crea una superficie de carga nivelada<br \/>\n<span style=\"color: #dca54a;\"><strong>\u2714<\/strong> <\/span> Protege el suelo original del maletero<br \/>\n<span style=\"color: #dca54a;\"><strong>\u2714<\/strong> <\/span> Se fija a las roscas originales con 2 tornillos<br \/>\n<span style=\"color: #dca54a;\"><strong>\u2714<\/strong> <\/span> por ejemplo, para su uso con CampingBoxes<\/p>","protected":false},"featured_media":9552,"template":"","meta":{"_acf_changed":false,"iawp_total_views":889},"product_brand":[],"product_cat":[58,55],"product_tag":[],"class_list":{"0":"post-9547","1":"product","2":"type-product","3":"status-publish","4":"has-post-thumbnail","6":"product_cat-kleintransporter","7":"product_cat-zubehoer","8":"product_shipping_class-spedition-l","10":"first","11":"instock","12":"taxable","13":"shipping-taxable","14":"purchasable","15":"product-type-variable"},"acf":[],"_links":{"self":[{"href":"https:\/\/vanfittery.de\/es\/wp-json\/wp\/v2\/product\/9547","targetHints":{"allow":["GET"]}}],"collection":[{"href":"https:\/\/vanfittery.de\/es\/wp-json\/wp\/v2\/product"}],"about":[{"href":"https:\/\/vanfittery.de\/es\/wp-json\/wp\/v2\/types\/product"}],"version-history":[{"count":1,"href":"https:\/\/vanfittery.de\/es\/wp-json\/wp\/v2\/product\/9547\/revisions"}],"predecessor-version":[{"id":13861,"href":"https:\/\/vanfittery.de\/es\/wp-json\/wp\/v2\/product\/9547\/revisions\/13861"}],"wp:featuredmedia":[{"embeddable":true,"href":"https:\/\/vanfittery.de\/es\/wp-json\/wp\/v2\/media\/9552"}],"wp:attachment":[{"href":"https:\/\/vanfittery.de\/es\/wp-json\/wp\/v2\/media?parent=9547"}],"wp:term":[{"taxonomy":"product_brand","embeddable":true,"href":"https:\/\/vanfittery.de\/es\/wp-json\/wp\/v2\/product_brand?post=9547"},{"taxonomy":"product_cat","embeddable":true,"href":"https:\/\/vanfittery.de\/es\/wp-json\/wp\/v2\/product_cat?post=9547"},{"taxonomy":"product_tag","embeddable":true,"href":"https:\/\/vanfittery.de\/es\/wp-json\/wp\/v2\/product_tag?post=9547"}],"curies":[{"name":"wp","href":"https:\/\/api.w.org\/{rel}","templated":true}]}}