{"id":9753,"date":"2025-07-15T12:28:39","date_gmt":"2025-07-15T10:28:39","guid":{"rendered":"https:\/\/vanfittery.de\/?post_type=product&#038;p=9753"},"modified":"2026-03-17T11:20:28","modified_gmt":"2026-03-17T10:20:28","slug":"placa-base-solo-para-citroen-berlingo-xl-peugeot-rifter-opel-combo-y-fiat-doblo-version-larga","status":"publish","type":"product","link":"https:\/\/vanfittery.de\/es\/produkt\/bodenplatte-fuer-citroen-berlingo-xl-peugeot-rifter-opel-combo-und-fiat-doblo-nur-langversion\/","title":{"rendered":"Panel de suelo para Citroen Berlingo XL, Peugeot Rifter Opel Combo y Fiat Doblo (s\u00f3lo versi\u00f3n larga)"},"content":{"rendered":"<p>El Citroen Berlingo XL, el Peugeot Rifter Opel Combo y el Fiat Doblo son furgonetas de techo alto muy populares para las transformaciones de camping. El suelo original del maletero es muy blando, lo que significa que el revestimiento del suelo se comprime mucho y puede da\u00f1arse al cargar objetos pesados.<\/p>\n<p>Nuestra placa de suelo se adapta perfectamente al suelo del maletero y dispone de recortes para las argollas de amarre. En caso necesario, puede atornillarse a las roscas de fijaci\u00f3n originales en lugar de a los ojales y utilizarse as\u00ed como fijaci\u00f3n para accesorios.<\/p>\n<p>El material de base es siempre un tablero m\u00faltiplex de abedul de 12 mm muy estable. La versi\u00f3n con revestimiento negro de 12 mm tiene una superficie lisa. La versi\u00f3n natural est\u00e1 totalmente sin tratar y puede personalizarse o recubrirse con diversos materiales. La versi\u00f3n serigrafiada de 12 mm es de color marr\u00f3n rojizo y tiene una superficie antideslizante, que se utiliza, por ejemplo, para remolques.<\/p>","protected":false},"excerpt":{"rendered":"<p><span style=\"color: #dca54a;\"><strong>\u2714<\/strong> <\/span> Garantiza un suelo de carga duro<br \/>\n<span style=\"color: #dca54a;\"><strong>\u2714<\/strong> <\/span> Protege la moqueta original de la maleta<br \/>\n<span style=\"color: #dca54a;\"><strong>\u2714<\/strong> <\/span> con aberturas para los ojales de sujeci\u00f3n de la carga<br \/>\n<span style=\"color: #dca54a;\"><strong>\u2714<\/strong> <\/span> por ejemplo, para su uso con CampingBoxes<\/p>","protected":false},"featured_media":9764,"template":"","meta":{"_acf_changed":false,"iawp_total_views":653},"product_brand":[],"product_cat":[57,55],"product_tag":[],"class_list":{"0":"post-9753","1":"product","2":"type-product","3":"status-publish","4":"has-post-thumbnail","6":"product_cat-hochdachkombi","7":"product_cat-zubehoer","8":"product_shipping_class-spedition-l","10":"first","11":"instock","12":"taxable","13":"shipping-taxable","14":"purchasable","15":"product-type-variable"},"acf":[],"_links":{"self":[{"href":"https:\/\/vanfittery.de\/es\/wp-json\/wp\/v2\/product\/9753","targetHints":{"allow":["GET"]}}],"collection":[{"href":"https:\/\/vanfittery.de\/es\/wp-json\/wp\/v2\/product"}],"about":[{"href":"https:\/\/vanfittery.de\/es\/wp-json\/wp\/v2\/types\/product"}],"version-history":[{"count":1,"href":"https:\/\/vanfittery.de\/es\/wp-json\/wp\/v2\/product\/9753\/revisions"}],"predecessor-version":[{"id":13860,"href":"https:\/\/vanfittery.de\/es\/wp-json\/wp\/v2\/product\/9753\/revisions\/13860"}],"wp:featuredmedia":[{"embeddable":true,"href":"https:\/\/vanfittery.de\/es\/wp-json\/wp\/v2\/media\/9764"}],"wp:attachment":[{"href":"https:\/\/vanfittery.de\/es\/wp-json\/wp\/v2\/media?parent=9753"}],"wp:term":[{"taxonomy":"product_brand","embeddable":true,"href":"https:\/\/vanfittery.de\/es\/wp-json\/wp\/v2\/product_brand?post=9753"},{"taxonomy":"product_cat","embeddable":true,"href":"https:\/\/vanfittery.de\/es\/wp-json\/wp\/v2\/product_cat?post=9753"},{"taxonomy":"product_tag","embeddable":true,"href":"https:\/\/vanfittery.de\/es\/wp-json\/wp\/v2\/product_tag?post=9753"}],"curies":[{"name":"wp","href":"https:\/\/api.w.org\/{rel}","templated":true}]}}