{"id":11557,"date":"2025-10-02T13:53:08","date_gmt":"2025-10-02T11:53:08","guid":{"rendered":"https:\/\/vanfittery.de\/?page_id=11557"},"modified":"2026-02-04T16:51:42","modified_gmt":"2026-02-04T15:51:42","slug":"concepts-despace","status":"publish","type":"page","link":"https:\/\/vanfittery.de\/fr\/raumkonzepte\/","title":{"rendered":"Concepts d'espace"},"content":{"rendered":"<div data-elementor-type=\"wp-page\" data-elementor-id=\"11557\" class=\"elementor elementor-11557\" data-elementor-post-type=\"page\">\n\t\t\t\t<div class=\"elementor-element elementor-element-8e79f7d gp e-flex e-con-boxed e-con e-parent\" data-id=\"8e79f7d\" data-element_type=\"container\" data-e-type=\"container\" data-settings=\"{&quot;background_background&quot;:&quot;classic&quot;}\">\n\t\t\t\t\t<div class=\"e-con-inner\">\n\t\t\t\t<div class=\"elementor-element elementor-element-3dab2d9 elementor-widget elementor-widget-heading\" data-id=\"3dab2d9\" data-element_type=\"widget\" data-e-type=\"widget\" data-widget_type=\"heading.default\">\n\t\t\t\t<div class=\"elementor-widget-container\">\n\t\t\t\t\t<h1 class=\"elementor-heading-title elementor-size-default\">Concepts d'espace par type de v\u00e9hicule<\/h1>\t\t\t\t<\/div>\n\t\t\t\t<\/div>\n\t\t\t\t\t<\/div>\n\t\t\t\t<\/div>\n\t\t<div class=\"elementor-element elementor-element-f3db645 e-flex e-con-boxed e-con e-parent\" data-id=\"f3db645\" data-element_type=\"container\" data-e-type=\"container\" data-settings=\"{&quot;background_background&quot;:&quot;classic&quot;}\">\n\t\t\t\t\t<div class=\"e-con-inner\">\n\t\t\t\t<div class=\"elementor-element elementor-element-d4bb740 elementor-widget elementor-widget-text-editor\" data-id=\"d4bb740\" data-element_type=\"widget\" data-e-type=\"widget\" data-widget_type=\"text-editor.default\">\n\t\t\t\t<div class=\"elementor-widget-container\">\n\t\t\t\t\t\t\t\t\t<p><strong>S\u00e9lectionne ici ton type de v\u00e9hicule pour afficher les concepts d'espace adapt\u00e9s.<\/strong><\/p>\t\t\t\t\t\t\t\t<\/div>\n\t\t\t\t<\/div>\n\t\t<div class=\"elementor-element elementor-element-400d38c e-grid e-con-full sektion-fzt e-con e-child\" data-id=\"400d38c\" data-element_type=\"container\" data-e-type=\"container\">\n\t\t\t\t<div class=\"elementor-element elementor-element-fe0f153 box-fzt no-shadow elementor-position-top elementor-widget elementor-widget-image-box\" data-id=\"fe0f153\" data-element_type=\"widget\" data-e-type=\"widget\" data-widget_type=\"image-box.default\">\n\t\t\t\t<div class=\"elementor-widget-container\">\n\t\t\t\t\t<div class=\"elementor-image-box-wrapper\"><figure class=\"elementor-image-box-img\"><a href=\"https:\/\/vanfittery.de\/fr\/raumkonzepte\/hochdachkombis-kr\/\" tabindex=\"-1\"><img fetchpriority=\"high\" decoding=\"async\" width=\"384\" height=\"160\" src=\"https:\/\/vanfittery.de\/wp-content\/uploads\/2024\/12\/Hochdachkombi-KR-Grafik.png\" class=\"attachment-full size-full wp-image-1062\" alt=\"Combi \u00e0 toit sur\u00e9lev\u00e9 empattement court\" srcset=\"https:\/\/vanfittery.de\/wp-content\/uploads\/2024\/12\/Hochdachkombi-KR-Grafik.png 384w, https:\/\/vanfittery.de\/wp-content\/uploads\/2024\/12\/Hochdachkombi-KR-Grafik-300x125.png 300w\" sizes=\"(max-width: 384px) 100vw, 384px\" \/><\/a><\/figure><div class=\"elementor-image-box-content\"><p class=\"elementor-image-box-title\"><a href=\"https:\/\/vanfittery.de\/fr\/raumkonzepte\/hochdachkombis-kr\/\">Combi \u00e0 toit sur\u00e9lev\u00e9 (KR)<\/a><\/p><p class=\"elementor-image-box-description\">Empattement court (p. ex. VW Caddy)<\/p><\/div><\/div>\t\t\t\t<\/div>\n\t\t\t\t<\/div>\n\t\t\t\t<div class=\"elementor-element elementor-element-7ddc018 box-fzt no-shadow elementor-position-top elementor-widget elementor-widget-image-box\" data-id=\"7ddc018\" data-element_type=\"widget\" data-e-type=\"widget\" data-widget_type=\"image-box.default\">\n\t\t\t\t<div class=\"elementor-widget-container\">\n\t\t\t\t\t<div class=\"elementor-image-box-wrapper\"><figure class=\"elementor-image-box-img\"><a href=\"https:\/\/vanfittery.de\/fr\/raumkonzepte\/hochdachkombis-lr\/\" hochdachkombis-lr=\"test\" tabindex=\"-1\"><img decoding=\"async\" width=\"384\" height=\"160\" src=\"https:\/\/vanfittery.de\/wp-content\/uploads\/2024\/12\/Hochdachkombi-LR-Grafik.png\" class=\"attachment-full size-full wp-image-1063\" alt=\"Combi \u00e0 toit sur\u00e9lev\u00e9 empattement long\" srcset=\"https:\/\/vanfittery.de\/wp-content\/uploads\/2024\/12\/Hochdachkombi-LR-Grafik.png 384w, https:\/\/vanfittery.de\/wp-content\/uploads\/2024\/12\/Hochdachkombi-LR-Grafik-300x125.png 300w\" sizes=\"(max-width: 384px) 100vw, 384px\" \/><\/a><\/figure><div class=\"elementor-image-box-content\"><p class=\"elementor-image-box-title\"><a href=\"https:\/\/vanfittery.de\/fr\/raumkonzepte\/hochdachkombis-lr\/\" hochdachkombis-lr=\"test\">Combi \u00e0 toit sur\u00e9lev\u00e9 (LR)<\/a><\/p><p class=\"elementor-image-box-description\">Empattement long (p. ex. VW Caddy Maxi)<\/p><\/div><\/div>\t\t\t\t<\/div>\n\t\t\t\t<\/div>\n\t\t\t\t<div class=\"elementor-element elementor-element-0270130 box-fzt no-shadow elementor-position-top elementor-widget elementor-widget-image-box\" data-id=\"0270130\" data-element_type=\"widget\" data-e-type=\"widget\" data-widget_type=\"image-box.default\">\n\t\t\t\t<div class=\"elementor-widget-container\">\n\t\t\t\t\t<div class=\"elementor-image-box-wrapper\"><figure class=\"elementor-image-box-img\"><a href=\"https:\/\/vanfittery.de\/fr\/raumkonzepte\/kleintransporter\/\" tabindex=\"-1\"><img decoding=\"async\" width=\"384\" height=\"160\" src=\"https:\/\/vanfittery.de\/wp-content\/uploads\/2024\/12\/Kleintransporter-Grafik.png\" class=\"attachment-full size-full wp-image-1064\" alt=\"Camionnette\" srcset=\"https:\/\/vanfittery.de\/wp-content\/uploads\/2024\/12\/Kleintransporter-Grafik.png 384w, https:\/\/vanfittery.de\/wp-content\/uploads\/2024\/12\/Kleintransporter-Grafik-300x125.png 300w\" sizes=\"(max-width: 384px) 100vw, 384px\" \/><\/a><\/figure><div class=\"elementor-image-box-content\"><p class=\"elementor-image-box-title\"><a href=\"https:\/\/vanfittery.de\/fr\/raumkonzepte\/kleintransporter\/\">Camionnette<\/a><\/p><p class=\"elementor-image-box-description\">(p. ex. Ford Tourneo)<\/p><\/div><\/div>\t\t\t\t<\/div>\n\t\t\t\t<\/div>\n\t\t\t\t<div class=\"elementor-element elementor-element-290b4ea box-fzt no-shadow elementor-position-top elementor-widget elementor-widget-image-box\" data-id=\"290b4ea\" data-element_type=\"widget\" data-e-type=\"widget\" data-widget_type=\"image-box.default\">\n\t\t\t\t<div class=\"elementor-widget-container\">\n\t\t\t\t\t<div class=\"elementor-image-box-wrapper\"><figure class=\"elementor-image-box-img\"><a href=\"https:\/\/vanfittery.de\/fr\/raumkonzepte\/grossraumtransporter\/\" tabindex=\"-1\"><img loading=\"lazy\" decoding=\"async\" width=\"384\" height=\"160\" src=\"https:\/\/vanfittery.de\/wp-content\/uploads\/2024\/12\/Grossraumtransporter-Grafik.png\" class=\"attachment-full size-full wp-image-1061\" alt=\"Fourgon grand volume\" srcset=\"https:\/\/vanfittery.de\/wp-content\/uploads\/2024\/12\/Grossraumtransporter-Grafik.png 384w, https:\/\/vanfittery.de\/wp-content\/uploads\/2024\/12\/Grossraumtransporter-Grafik-300x125.png 300w\" sizes=\"(max-width: 384px) 100vw, 384px\" \/><\/a><\/figure><div class=\"elementor-image-box-content\"><p class=\"elementor-image-box-title\"><a href=\"https:\/\/vanfittery.de\/fr\/raumkonzepte\/grossraumtransporter\/\">Fourgon grand volume<\/a><\/p><p class=\"elementor-image-box-description\">(p. ex. MAN TGE)<\/p><\/div><\/div>\t\t\t\t<\/div>\n\t\t\t\t<\/div>\n\t\t\t\t<\/div>\n\t\t\t\t<div class=\"elementor-element elementor-element-0622946 elementor-widget elementor-widget-text-editor\" data-id=\"0622946\" data-element_type=\"widget\" data-e-type=\"widget\" data-widget_type=\"text-editor.default\">\n\t\t\t\t<div class=\"elementor-widget-container\">\n\t\t\t\t\t\t\t\t\t<p>Tu n'es pas s\u00fbr de savoir quel type de v\u00e9hicule est le bon ? Tu trouveras ici nos <a href=\"\/fr\/apercu-des-types-de-vehicules\/\" target=\"_blank\" rel=\"noopener\">Aper\u00e7u des v\u00e9hicules<\/a>.<\/p>\t\t\t\t\t\t\t\t<\/div>\n\t\t\t\t<\/div>\n\t\t\t\t\t<\/div>\n\t\t\t\t<\/div>\n\t\t<div class=\"elementor-element elementor-element-f2cf09a sgp e-flex e-con-boxed e-con e-parent\" data-id=\"f2cf09a\" data-element_type=\"container\" data-e-type=\"container\">\n\t\t\t\t\t<div class=\"e-con-inner\">\n\t\t<div class=\"elementor-element elementor-element-28fe932 e-con-full sw e-flex e-con e-child\" data-id=\"28fe932\" data-element_type=\"container\" data-e-type=\"container\">\n\t\t\t\t<div class=\"elementor-element elementor-element-654aff7 elementor-widget elementor-widget-heading\" data-id=\"654aff7\" data-element_type=\"widget\" data-e-type=\"widget\" data-widget_type=\"heading.default\">\n\t\t\t\t<div class=\"elementor-widget-container\">\n\t\t\t\t\t<h2 class=\"elementor-heading-title elementor-size-default\">Notre concept : l'am\u00e9nagement de camping-cars repens\u00e9\n<\/h2>\t\t\t\t<\/div>\n\t\t\t\t<\/div>\n\t\t\t\t<div class=\"elementor-element elementor-element-da3b792 elementor-widget elementor-widget-text-editor\" data-id=\"da3b792\" data-element_type=\"widget\" data-e-type=\"widget\" data-widget_type=\"text-editor.default\">\n\t\t\t\t<div class=\"elementor-widget-container\">\n\t\t\t\t\t\t\t\t\t<p>Les am\u00e9nagements de camping-cars traditionnels sont souvent chers, lourds et durables. Le concept VANFITTERY offre une alternative flexible : nos solutions de camping modulaires s'adaptent \u00e0 diff\u00e9rents types de v\u00e9hicules. Il existe par exemple des modules pour les combis \u00e0 toit sur\u00e9lev\u00e9 - qu'il s'agisse de la VW Caddy ou de la Fiat Doblo. Au lieu d'un am\u00e9nagement fixe, tu re\u00e7ois des modules pr\u00e9fabriqu\u00e9s qui sont \u00e9quip\u00e9s d'un <strong data-start=\"514\" data-end=\"525\">Raccord<\/strong> \u00eatre adapt\u00e9 exactement \u00e0 ton v\u00e9hicule.<\/p>\t\t\t\t\t\t\t\t<\/div>\n\t\t\t\t<\/div>\n\t\t\t\t<div class=\"elementor-element elementor-element-9e15ba4 elementor-widget elementor-widget-text-editor\" data-id=\"9e15ba4\" data-element_type=\"widget\" data-e-type=\"widget\" data-widget_type=\"text-editor.default\">\n\t\t\t\t<div class=\"elementor-widget-container\">\n\t\t\t\t\t\t\t\t\t<p data-start=\"572\" data-end=\"985\">Comme chez IKEA, tu peux composer ton installation de mani\u00e8re flexible avec des modules de chambre \u00e0 coucher, de cuisine et de rangement. Le clou : les modules sont tout simplement fix\u00e9s avec des sangles de serrage - <strong data-start=\"741\" data-end=\"772\">sans vis, sans per\u00e7age<\/strong>. Tu peux ainsi transformer ton v\u00e9hicule en camping-car en quelques minutes et le d\u00e9monter tout aussi rapidement. Parfait pour tous ceux qui utilisent leur van au quotidien et qui veulent partir \u00e0 l'aventure le week-end.<\/p><p data-start=\"987\" data-end=\"1220\">Gr\u00e2ce \u00e0 une construction l\u00e9g\u00e8re cons\u00e9quente, ton v\u00e9hicule reste efficace et maniable. Dans notre boutique, tu peux configurer tes modules individuellement et, avec nos accessoires, r\u00e9aliser ton projet DIY - pour un maximum de libert\u00e9 dans l'am\u00e9nagement de ton camping-car.<\/p>\t\t\t\t\t\t\t\t<\/div>\n\t\t\t\t<\/div>\n\t\t\t\t<div class=\"elementor-element elementor-element-fe0a517 elementor--v-position-bottom smt elementor--h-position-center elementor-arrows-position-inside elementor-pagination-position-inside elementor-widget elementor-widget-slides\" data-id=\"fe0a517\" data-element_type=\"widget\" data-e-type=\"widget\" data-settings=\"{&quot;navigation&quot;:&quot;both&quot;,&quot;infinite&quot;:&quot;yes&quot;,&quot;transition&quot;:&quot;slide&quot;,&quot;transition_speed&quot;:500}\" data-widget_type=\"slides.default\">\n\t\t\t\t<div class=\"elementor-widget-container\">\n\t\t\t\t\t\t\t\t\t<div class=\"elementor-swiper\">\n\t\t\t\t\t<div class=\"elementor-slides-wrapper elementor-main-swiper swiper\" role=\"region\" aria-roledescription=\"carousel\" aria-label=\"Slider\" dir=\"ltr\" data-animation=\"fadeInDown\">\n\t\t\t\t<div class=\"swiper-wrapper elementor-slides\">\n\t\t\t\t\t\t\t\t\t\t<div class=\"elementor-repeater-item-1a7e671 swiper-slide\" role=\"group\" aria-roledescription=\"slide\"><div class=\"swiper-slide-bg\" role=\"img\" aria-label=\"Une personne souriante est assise \u00e0 la porte ouverte d&#039;un v\u00e9hicule de camping et profite de la nature.\"><\/div><div class=\"elementor-background-overlay\"><\/div><div class=\"swiper-slide-inner\" ><div class=\"swiper-slide-contents\"><\/div><\/div><\/div><div class=\"elementor-repeater-item-6abc6b4 swiper-slide\" role=\"group\" aria-roledescription=\"slide\"><div class=\"swiper-slide-bg\" role=\"img\" aria-label=\"L&#039;int\u00e9rieur d&#039;un v\u00e9hicule de camping avec un syst\u00e8me de couchage et un espace de rangement pour les meubles de camping ainsi qu&#039;un v\u00e9lo dans le v\u00e9hicule.\"><\/div><div class=\"elementor-background-overlay\"><\/div><div class=\"swiper-slide-inner\" ><div class=\"swiper-slide-contents\"><\/div><\/div><\/div><div class=\"elementor-repeater-item-03b3d13 swiper-slide\" role=\"group\" aria-roledescription=\"slide\"><div class=\"swiper-slide-bg\" role=\"img\" aria-label=\"Cuisine de camping moderne \u00e0 l&#039;int\u00e9rieur d&#039;une camionnette avec plan de travail en bois, espace de rangement et vue sur un lac en arri\u00e8re-plan.\"><\/div><div class=\"elementor-background-overlay\"><\/div><div class=\"swiper-slide-inner\" ><div class=\"swiper-slide-contents\"><\/div><\/div><\/div><div class=\"elementor-repeater-item-47e44b0 swiper-slide\" role=\"group\" aria-roledescription=\"slide\"><div class=\"swiper-slide-bg\" role=\"img\" aria-label=\"Un v\u00e9hicule de camping avec un module de cuisine d\u00e9ploy\u00e9 et un syst\u00e8me de couchage \u00e0 l&#039;int\u00e9rieur, id\u00e9al pour les aventures en plein air.\"><\/div><div class=\"elementor-background-overlay\"><\/div><div class=\"swiper-slide-inner\" ><div class=\"swiper-slide-contents\"><\/div><\/div><\/div>\t\t\t\t<\/div>\n\t\t\t\t\t\t\t\t\t\t\t\t\t\t\t<div class=\"elementor-swiper-button elementor-swiper-button-prev\" role=\"button\" tabindex=\"0\" aria-label=\"Diapositive pr\u00e9c\u00e9dente\">\n\t\t\t\t\t\t\t<svg aria-hidden=\"true\" class=\"e-font-icon-svg e-eicon-chevron-left\" viewbox=\"0 0 1000 1000\" xmlns=\"http:\/\/www.w3.org\/2000\/svg\"><path d=\"M646 125C629 125 613 133 604 142L308 442C296 454 292 471 292 487 292 504 296 521 308 533L604 854C617 867 629 875 646 875 663 875 679 871 692 858 704 846 713 829 713 812 713 796 708 779 692 767L438 487 692 225C700 217 708 204 708 187 708 171 704 154 692 142 675 129 663 125 646 125Z\"><\/path><\/svg>\t\t\t\t\t\t<\/div>\n\t\t\t\t\t\t<div class=\"elementor-swiper-button elementor-swiper-button-next\" role=\"button\" tabindex=\"0\" aria-label=\"Diapositive suivante\">\n\t\t\t\t\t\t\t<svg aria-hidden=\"true\" class=\"e-font-icon-svg e-eicon-chevron-right\" viewbox=\"0 0 1000 1000\" xmlns=\"http:\/\/www.w3.org\/2000\/svg\"><path d=\"M696 533C708 521 713 504 713 487 713 471 708 454 696 446L400 146C388 133 375 125 354 125 338 125 325 129 313 142 300 154 292 171 292 187 292 204 296 221 308 233L563 492 304 771C292 783 288 800 288 817 288 833 296 850 308 863 321 871 338 875 354 875 371 875 388 867 400 854L696 533Z\"><\/path><\/svg>\t\t\t\t\t\t<\/div>\n\t\t\t\t\t\t\t\t\t\t\t\t\t\t\t\t<div class=\"swiper-pagination\"><\/div>\n\t\t\t\t\t\t\t\t\t\t\t\t<\/div>\n\t\t\t\t<\/div>\n\t\t\t\t\t\t\t\t<\/div>\n\t\t\t\t<\/div>\n\t\t\t\t<\/div>\n\t\t\t\t\t<\/div>\n\t\t\t\t<\/div>\n\t\t\t\t<\/div>","protected":false},"excerpt":{"rendered":"<p>Raumkonzepte nach Fahrzeugtyp W\u00e4hle hier deinen Fahrzeugtyp aus, um passende Raumkonzepte\u200b anzuzeigen. Hochdachkombi (KR) Kurzer Radstand (z.\u00a0B. VW Caddy) Hochdachkombi (LR) Langer Radstand (z.\u00a0B. VW Caddy Maxi) Kleintransporter (z.\u00a0B. Ford Tourneo) Gro\u00dfraum&shy;transporter (z. B. MAN TGE) Nicht sicher, welcher Fahrzeugtyp der richtige ist? Hier findest du unsere Fahrzeug-\u00dcbersicht. Unser Konzept: Camperausbau neu gedacht Herk\u00f6mmliche Camperausbauten [&hellip;]<\/p>\n","protected":false},"author":5,"featured_media":0,"parent":0,"menu_order":0,"comment_status":"closed","ping_status":"closed","template":"","meta":{"_acf_changed":false,"iawp_total_views":6098,"footnotes":""},"class_list":["post-11557","page","type-page","status-publish","hentry"],"acf":[],"_links":{"self":[{"href":"https:\/\/vanfittery.de\/fr\/wp-json\/wp\/v2\/pages\/11557","targetHints":{"allow":["GET"]}}],"collection":[{"href":"https:\/\/vanfittery.de\/fr\/wp-json\/wp\/v2\/pages"}],"about":[{"href":"https:\/\/vanfittery.de\/fr\/wp-json\/wp\/v2\/types\/page"}],"author":[{"embeddable":true,"href":"https:\/\/vanfittery.de\/fr\/wp-json\/wp\/v2\/users\/5"}],"replies":[{"embeddable":true,"href":"https:\/\/vanfittery.de\/fr\/wp-json\/wp\/v2\/comments?post=11557"}],"version-history":[{"count":0,"href":"https:\/\/vanfittery.de\/fr\/wp-json\/wp\/v2\/pages\/11557\/revisions"}],"wp:attachment":[{"href":"https:\/\/vanfittery.de\/fr\/wp-json\/wp\/v2\/media?parent=11557"}],"curies":[{"name":"wp","href":"https:\/\/api.w.org\/{rel}","templated":true}]}}