{"id":1523,"date":"2025-01-06T15:39:07","date_gmt":"2025-01-06T14:39:07","guid":{"rendered":"https:\/\/vanfittery.de\/impressum\/"},"modified":"2026-01-23T16:49:25","modified_gmt":"2026-01-23T15:49:25","slug":"mentions-legales","status":"publish","type":"page","link":"https:\/\/vanfittery.de\/fr\/impressum\/","title":{"rendered":"Mentions l\u00e9gales"},"content":{"rendered":"<h1 class=\"wp-block-heading\">Mentions l\u00e9gales<\/h1>\n\n\n\n<p>VANFITTERY - CzoppikEngineering GmbH<br>Rue principale 40<br>84103 Postau<\/p>\n\n\n\n<p>Direction : Tobias Czoppik<\/p>\n\n\n\n<p>Num\u00e9ro de t\u00e9l\u00e9phone : +49 (0) 1512 \/ 412 42 96<br>Adresse \u00e9lectronique : info@vanfittery.de<\/p>\n\n\n\n<p>Tribunal d'enregistrement &amp; num\u00e9ro d'enregistrement : Tribunal d'instance de Landshut : HRB 14444<\/p>\n\n\n\n<p>Num\u00e9ro d'identification de la taxe sur le chiffre d'affaires : DE 369 567 330<\/p>\n\n\n\n<p>Responsable du contenu : Tobias Czoppik, adresse comme ci-dessus.<\/p>\n\n\n\n<p>Nous ne sommes pas pr\u00eats \u00e0 participer \u00e0 une proc\u00e9dure de r\u00e8glement des litiges devant un organisme de conciliation des consommateurs et n'y sommes pas oblig\u00e9s.<\/p>","protected":false},"excerpt":{"rendered":"<p>Mentions l\u00e9gales VANFITTERY - CzoppikEngineering GmbHHauptstra\u00dfe 4084103 Postau Direction : Tobias Czoppik Num\u00e9ro de t\u00e9l\u00e9phone : +49 (0) 1512 \/ 412 42 96Adresse e-mail : info@vanfittery.de Tribunal d'enregistrement &amp; num\u00e9ro d'enregistrement : Tribunal d'instance de Landshut : HRB 14444 Num\u00e9ro d'identification TVA : DE 369 567 330 Responsable du contenu : Tobias Czoppik, adresse comme ci-dessus. Nous ne sommes pas pr\u00eats \u00e0 participer \u00e0 une proc\u00e9dure de r\u00e8glement des litiges devant un organisme de conciliation des consommateurs et n'y sommes pas oblig\u00e9s.<\/p>","protected":false},"author":5,"featured_media":0,"parent":0,"menu_order":0,"comment_status":"closed","ping_status":"closed","template":"","meta":{"_acf_changed":false,"iawp_total_views":885,"footnotes":""},"class_list":["post-1523","page","type-page","status-publish","hentry"],"acf":[],"_links":{"self":[{"href":"https:\/\/vanfittery.de\/fr\/wp-json\/wp\/v2\/pages\/1523","targetHints":{"allow":["GET"]}}],"collection":[{"href":"https:\/\/vanfittery.de\/fr\/wp-json\/wp\/v2\/pages"}],"about":[{"href":"https:\/\/vanfittery.de\/fr\/wp-json\/wp\/v2\/types\/page"}],"author":[{"embeddable":true,"href":"https:\/\/vanfittery.de\/fr\/wp-json\/wp\/v2\/users\/5"}],"replies":[{"embeddable":true,"href":"https:\/\/vanfittery.de\/fr\/wp-json\/wp\/v2\/comments?post=1523"}],"version-history":[{"count":0,"href":"https:\/\/vanfittery.de\/fr\/wp-json\/wp\/v2\/pages\/1523\/revisions"}],"wp:attachment":[{"href":"https:\/\/vanfittery.de\/fr\/wp-json\/wp\/v2\/media?parent=1523"}],"curies":[{"name":"wp","href":"https:\/\/api.w.org\/{rel}","templated":true}]}}