{"id":1525,"date":"2025-01-06T15:39:07","date_gmt":"2025-01-06T14:39:07","guid":{"rendered":"https:\/\/vanfittery.de\/widerruf\/"},"modified":"2026-01-23T16:49:26","modified_gmt":"2026-01-23T15:49:26","slug":"politique-dannulation","status":"publish","type":"page","link":"https:\/\/vanfittery.de\/fr\/widerruf\/","title":{"rendered":"R\u00e9vocation"},"content":{"rendered":"<h1 class=\"wp-block-heading\">R\u00e9vocation<\/h1>\n\n\n\n<p><strong>Information des consommateurs sur le droit de r\u00e9tractation pour un contrat dans lequel les biens sont livr\u00e9s en une seule fois<\/strong><\/p>\n\n\n\n<p><em>Information sur le droit de r\u00e9tractation<\/em><br>Le consommateur est toute personne physique qui conclut un acte juridique \u00e0 des fins qui, pour l'essentiel, ne peuvent \u00eatre imput\u00e9es ni \u00e0 son activit\u00e9 commerciale ni \u00e0 son activit\u00e9 professionnelle ind\u00e9pendante.<\/p>\n\n\n\n<p><em>Droit de r\u00e9tractation<\/em><br>Vous avez le droit de vous r\u00e9tracter du pr\u00e9sent contrat sans donner de motif dans un d\u00e9lai de quatorze jours. Le d\u00e9lai de r\u00e9tractation est de quatorze jours \u00e0 compter de la date \u00e0 laquelle vous, ou un tiers autre que le transporteur et d\u00e9sign\u00e9 par vous, avez pris possession des marchandises. Pour exercer votre droit de r\u00e9tractation, vous devez nous informer (VANFITTERY - CzoppikEngineering GmbH, Tobias Czoppik, Hauptstra\u00dfe 40, 84103 Postau, t\u00e9l\u00e9phone : +49 (0) 1512 \/ 412 42 96, e-mail : info@vanfittery.de) de votre d\u00e9cision de vous r\u00e9tracter du pr\u00e9sent contrat au moyen d'une d\u00e9claration d\u00e9nu\u00e9e d'ambigu\u00eft\u00e9 (par exemple, une lettre envoy\u00e9e par la poste ou un e-mail). Vous pouvez utiliser \u00e0 cet effet le mod\u00e8le de formulaire de r\u00e9tractation ci-joint, qui n'est toutefois pas obligatoire. Pour que le d\u00e9lai de r\u00e9tractation soit respect\u00e9, il suffit que vous envoyiez la communication relative \u00e0 l'exercice du droit de r\u00e9tractation avant l'expiration du d\u00e9lai de r\u00e9tractation.<\/p>\n\n\n\n<p><em>Cons\u00e9quences de la r\u00e9vocation<\/em><br>En cas de r\u00e9tractation du pr\u00e9sent contrat, nous vous rembourserons tous les paiements re\u00e7us de vous, y compris les frais de livraison (\u00e0 l'exception des frais suppl\u00e9mentaires d\u00e9coulant du fait que vous avez choisi un mode de livraison autre que le mode moins co\u00fbteux de livraison standard propos\u00e9 par nous), sans retard excessif et au plus tard quatorze jours \u00e0 compter de la date \u00e0 laquelle nous aurons \u00e9t\u00e9 inform\u00e9s de votre d\u00e9cision de r\u00e9tractation du pr\u00e9sent contrat. Pour ce remboursement, nous utilisons le m\u00eame moyen de paiement que celui que vous avez utilis\u00e9 pour la transaction initiale, \u00e0 moins qu'il n'en ait \u00e9t\u00e9 express\u00e9ment convenu autrement avec vous ; en aucun cas, des frais ne vous seront factur\u00e9s pour ce remboursement. Nous pouvons refuser le remboursement jusqu'\u00e0 ce que nous ayons r\u00e9cup\u00e9r\u00e9 les marchandises ou jusqu'\u00e0 ce que vous ayez fourni la preuve que vous avez renvoy\u00e9 les marchandises, la date retenue \u00e9tant celle du premier de ces faits. Vous devez nous renvoyer ou nous remettre les biens sans retard excessif et, en tout \u00e9tat de cause, au plus tard quatorze jours \u00e0 compter du jour o\u00f9 vous nous informez de votre d\u00e9cision de r\u00e9tractation du pr\u00e9sent contrat. Le d\u00e9lai est respect\u00e9 si vous renvoyez les biens avant l'expiration du d\u00e9lai de quatorze jours.<br>Les frais directs de renvoi des marchandises sont \u00e0 votre charge.<br>Vous n'\u00eates tenu d'assumer la responsabilit\u00e9 d'une \u00e9ventuelle d\u00e9pr\u00e9ciation des biens que si cette d\u00e9pr\u00e9ciation est due \u00e0 une manipulation des biens qui n'est pas n\u00e9cessaire pour en v\u00e9rifier la nature, les caract\u00e9ristiques et le fonctionnement.<\/p>\n\n\n\n<p><em>Mod\u00e8le de formulaire de r\u00e9tractation<\/em><br>(Si vous souhaitez vous r\u00e9tracter, veuillez remplir et renvoyer ce formulaire).<br>- A VANFITTERY - CzoppikEngineering GmbH, Tobias Czoppik, Hauptstra\u00dfe 40, 84103 Postau, e-mail : info@vanfittery.de :<br>- Par la pr\u00e9sente, je\/nous (*) r\u00e9voque(ons) le contrat que j'ai\/nous avons (*) conclu pour l'achat des marchandises suivantes (*)\/la fourniture du service suivant (*)<br>- Command\u00e9 le (*)\/re\u00e7u le (*)<br>- Nom du\/des consommateur(s)<br>- Adresse du\/des consommateur(s)<br>- Signature du\/des consommateur(s) (uniquement en cas de communication sur papier)<br>- Date<br>-------------<br>(*) Biffer la mention inutile.<\/p>\n\n\n\n<p><em>Exclusion ou extinction pr\u00e9matur\u00e9e du droit de r\u00e9tractation<\/em><br>Le droit de r\u00e9tractation n'existe pas pour les contrats<br>pour la livraison de marchandises qui ne sont pas pr\u00e9fabriqu\u00e9es et pour la fabrication desquelles le choix ou la d\u00e9termination individuels du consommateur sont d\u00e9terminants ou qui sont clairement adapt\u00e9es aux besoins personnels du consommateur ;<br>pour la livraison de marchandises susceptibles de se d\u00e9t\u00e9riorer rapidement ou dont la date de p\u00e9remption serait rapidement d\u00e9pass\u00e9e ;<br>pour la livraison de boissons alcoolis\u00e9es dont le prix a \u00e9t\u00e9 convenu lors de la conclusion du contrat, mais qui peuvent \u00eatre livr\u00e9es au plus t\u00f4t 30 jours apr\u00e8s la conclusion du contrat et dont la valeur actuelle d\u00e9pend de fluctuations du march\u00e9 sur lesquelles l'entrepreneur n'a aucune influence ;<br>pour la fourniture de journaux, de p\u00e9riodiques ou de magazines, \u00e0 l'exception des contrats d'abonnement.<br>Le droit de r\u00e9tractation expire de mani\u00e8re anticip\u00e9e pour les contrats<br>pour la livraison de marchandises scell\u00e9es qui ne peuvent \u00eatre retourn\u00e9es pour des raisons de protection de la sant\u00e9 ou d'hygi\u00e8ne, si leur sceau a \u00e9t\u00e9 retir\u00e9 apr\u00e8s la livraison ;<br>\u00e0 la livraison de marchandises si, apr\u00e8s la livraison, celles-ci ont \u00e9t\u00e9 m\u00e9lang\u00e9es de mani\u00e8re indissociable avec d'autres marchandises en raison de leur nature ;<br>pour la fourniture d'enregistrements audio ou vid\u00e9o ou de logiciels informatiques dans un emballage scell\u00e9, si le sceau a \u00e9t\u00e9 retir\u00e9 apr\u00e8s la livraison.<\/p>\n\n\n\n<p><strong>Information des consommateurs sur le droit de r\u00e9tractation pour un contrat portant sur plusieurs biens que le consommateur a command\u00e9s dans le cadre d'une commande unique et qui sont livr\u00e9s s\u00e9par\u00e9ment<\/strong><\/p>\n\n\n\n<p><em>Information sur le droit de r\u00e9tractation<\/em><br>Le consommateur est toute personne physique qui conclut un acte juridique \u00e0 des fins qui, pour l'essentiel, ne peuvent \u00eatre imput\u00e9es ni \u00e0 son activit\u00e9 commerciale ni \u00e0 son activit\u00e9 professionnelle ind\u00e9pendante.<\/p>\n\n\n\n<p><em>Droit de r\u00e9tractation<\/em><br>Vous avez le droit de vous r\u00e9tracter du pr\u00e9sent contrat sans donner de motif dans un d\u00e9lai de quatorze jours. Le d\u00e9lai de r\u00e9tractation est de quatorze jours \u00e0 compter de la date \u00e0 laquelle vous, ou un tiers autre que le transporteur et d\u00e9sign\u00e9 par vous, avez pris possession de la derni\u00e8re marchandise. Pour exercer votre droit de r\u00e9tractation, vous devez nous informer (VANFITTERY - CzoppikEngineering GmbH, Tobias Czoppik, Hauptstra\u00dfe 40, 84103 Postau, t\u00e9l\u00e9phone : +49 (0) 1512 \/ 412 42 96, e-mail : info@vanfittery.de) de votre d\u00e9cision de r\u00e9tractation du pr\u00e9sent contrat au moyen d'une d\u00e9claration d\u00e9nu\u00e9e d'ambigu\u00eft\u00e9 (par exemple, lettre envoy\u00e9e par la poste ou e-mail). Pour ce faire, vous pouvez utiliser le mod\u00e8le de formulaire de r\u00e9tractation ci-joint, qui n'est toutefois pas obligatoire. Pour que le d\u00e9lai de r\u00e9tractation soit respect\u00e9, il suffit que vous envoyiez la communication relative \u00e0 l'exercice du droit de r\u00e9tractation avant l'expiration du d\u00e9lai de r\u00e9tractation.<\/p>\n\n\n\n<p><em>Cons\u00e9quences de la r\u00e9vocation<\/em><br>En cas de r\u00e9tractation du pr\u00e9sent contrat, nous vous rembourserons tous les paiements re\u00e7us de vous, y compris les frais de livraison (\u00e0 l'exception des frais suppl\u00e9mentaires d\u00e9coulant du fait que vous avez choisi un mode de livraison autre que le mode moins co\u00fbteux de livraison standard propos\u00e9 par nous), sans retard excessif et au plus tard quatorze jours \u00e0 compter de la date \u00e0 laquelle nous aurons \u00e9t\u00e9 inform\u00e9s de votre d\u00e9cision de r\u00e9tractation du pr\u00e9sent contrat. Pour ce remboursement, nous utilisons le m\u00eame moyen de paiement que celui que vous avez utilis\u00e9 pour la transaction initiale, \u00e0 moins qu'il n'en ait \u00e9t\u00e9 express\u00e9ment convenu autrement avec vous ; en aucun cas, des frais ne vous seront factur\u00e9s pour ce remboursement. Nous pouvons refuser le remboursement jusqu'\u00e0 ce que nous ayons r\u00e9cup\u00e9r\u00e9 les marchandises ou jusqu'\u00e0 ce que vous ayez fourni la preuve que vous avez renvoy\u00e9 les marchandises, la date retenue \u00e9tant celle du premier de ces faits. Vous devez nous renvoyer ou nous remettre les biens sans retard excessif et, en tout \u00e9tat de cause, au plus tard quatorze jours \u00e0 compter du jour o\u00f9 vous nous informez de votre d\u00e9cision de r\u00e9tractation du pr\u00e9sent contrat. Le d\u00e9lai est respect\u00e9 si vous renvoyez les biens avant l'expiration du d\u00e9lai de quatorze jours.<br>Les frais directs de renvoi des marchandises sont \u00e0 votre charge.<br>Vous n'\u00eates tenu d'assumer la responsabilit\u00e9 d'une \u00e9ventuelle d\u00e9pr\u00e9ciation des biens que si cette d\u00e9pr\u00e9ciation est due \u00e0 une manipulation des biens qui n'est pas n\u00e9cessaire pour en v\u00e9rifier la nature, les caract\u00e9ristiques et le fonctionnement.<\/p>\n\n\n\n<p><em>Mod\u00e8le de formulaire de r\u00e9tractation<\/em><br>(Si vous souhaitez vous r\u00e9tracter, veuillez remplir et renvoyer ce formulaire).<br>- A VANFITTERY - CzoppikEngineering GmbH, Tobias Czoppik, Hauptstra\u00dfe 40, 84103 Postau, e-mail : info@vanfittery.de :<br>- Par la pr\u00e9sente, je\/nous (*) r\u00e9voque(ons) le contrat que j'ai\/nous avons (*) conclu pour l'achat des marchandises suivantes (*)\/la fourniture du service suivant (*)<br>- Command\u00e9 le (*)\/re\u00e7u le (*)<br>- Nom du\/des consommateur(s)<br>- Adresse du\/des consommateur(s)<br>- Signature du\/des consommateur(s) (uniquement en cas de communication sur papier)<br>- Date<br>-------------<br>(*) Biffer la mention inutile.<\/p>\n\n\n\n<p><em>Exclusion ou extinction pr\u00e9matur\u00e9e du droit de r\u00e9tractation<br>Le droit de r\u00e9tractation n'existe pas pour les contrats<\/em><br>pour la livraison de marchandises qui ne sont pas pr\u00e9fabriqu\u00e9es et pour la fabrication desquelles le choix ou la d\u00e9termination individuels du consommateur sont d\u00e9terminants ou qui sont clairement adapt\u00e9es aux besoins personnels du consommateur ;<br>pour la livraison de marchandises susceptibles de se d\u00e9t\u00e9riorer rapidement ou dont la date de p\u00e9remption serait rapidement d\u00e9pass\u00e9e ;<br>pour la livraison de boissons alcoolis\u00e9es dont le prix a \u00e9t\u00e9 convenu lors de la conclusion du contrat, mais qui peuvent \u00eatre livr\u00e9es au plus t\u00f4t 30 jours apr\u00e8s la conclusion du contrat et dont la valeur actuelle d\u00e9pend de fluctuations du march\u00e9 sur lesquelles l'entrepreneur n'a aucune influence ;<br>pour la fourniture de journaux, de p\u00e9riodiques ou de magazines, \u00e0 l'exception des contrats d'abonnement.<br>Le droit de r\u00e9tractation expire de mani\u00e8re anticip\u00e9e pour les contrats<br>pour la livraison de marchandises scell\u00e9es qui ne peuvent \u00eatre retourn\u00e9es pour des raisons de protection de la sant\u00e9 ou d'hygi\u00e8ne, si leur sceau a \u00e9t\u00e9 retir\u00e9 apr\u00e8s la livraison ;<br>\u00e0 la livraison de marchandises si, apr\u00e8s la livraison, celles-ci ont \u00e9t\u00e9 m\u00e9lang\u00e9es de mani\u00e8re indissociable avec d'autres marchandises en raison de leur nature ;<br>pour la fourniture d'enregistrements audio ou vid\u00e9o ou de logiciels informatiques dans un emballage scell\u00e9, si le sceau a \u00e9t\u00e9 retir\u00e9 apr\u00e8s la livraison.<\/p>\n\n\n\n<p><strong>Information des consommateurs sur le droit de r\u00e9tractation pour un contrat portant sur la livraison d'un bien en plusieurs fois ou en plusieurs morceaux<\/strong><\/p>\n\n\n\n<p><em>Information sur le droit de r\u00e9tractation<\/em><br>Le consommateur est toute personne physique qui conclut un acte juridique \u00e0 des fins qui, pour l'essentiel, ne peuvent \u00eatre imput\u00e9es ni \u00e0 son activit\u00e9 commerciale ni \u00e0 son activit\u00e9 professionnelle ind\u00e9pendante.<\/p>\n\n\n\n<p><em>Droit de r\u00e9tractation<\/em><br>Vous avez le droit de vous r\u00e9tracter du pr\u00e9sent contrat sans donner de motif dans un d\u00e9lai de quatorze jours. Le d\u00e9lai de r\u00e9tractation est de quatorze jours \u00e0 compter du jour o\u00f9 vous-m\u00eame ou un tiers d\u00e9sign\u00e9 par vous, qui n'est pas le transporteur, avez pris possession du dernier envoi partiel ou de la derni\u00e8re pi\u00e8ce. Pour exercer votre droit de r\u00e9tractation, vous devez nous informer (VANFITTERY - CzoppikEngineering GmbH, Tobias Czoppik, Hauptstra\u00dfe 40, 84103 Postau, t\u00e9l\u00e9phone : +49 (0) 1512 \/ 412 42 96, e-mail : info@vanfittery.de) de votre d\u00e9cision de r\u00e9tractation du pr\u00e9sent contrat au moyen d'une d\u00e9claration d\u00e9nu\u00e9e d'ambigu\u00eft\u00e9 (par exemple, une lettre envoy\u00e9e par la poste ou un e-mail). Pour ce faire, vous pouvez utiliser le mod\u00e8le de formulaire de r\u00e9tractation ci-joint, qui n'est toutefois pas obligatoire. Pour que le d\u00e9lai de r\u00e9tractation soit respect\u00e9, il suffit que vous envoyiez la communication relative \u00e0 l'exercice du droit de r\u00e9tractation avant l'expiration du d\u00e9lai de r\u00e9tractation.<\/p>\n\n\n\n<p><em>Cons\u00e9quences de la r\u00e9vocation<\/em><br>En cas de r\u00e9tractation du pr\u00e9sent contrat, nous vous rembourserons tous les paiements re\u00e7us de vous, y compris les frais de livraison (\u00e0 l'exception des frais suppl\u00e9mentaires d\u00e9coulant du fait que vous avez choisi un mode de livraison autre que le mode moins co\u00fbteux de livraison standard propos\u00e9 par nous), sans retard excessif et au plus tard quatorze jours \u00e0 compter de la date \u00e0 laquelle nous aurons \u00e9t\u00e9 inform\u00e9s de votre d\u00e9cision de r\u00e9tractation du pr\u00e9sent contrat. Pour ce remboursement, nous utilisons le m\u00eame moyen de paiement que celui que vous avez utilis\u00e9 pour la transaction initiale, \u00e0 moins qu'il n'en ait \u00e9t\u00e9 express\u00e9ment convenu autrement avec vous ; en aucun cas, des frais ne vous seront factur\u00e9s pour ce remboursement. Nous pouvons refuser le remboursement jusqu'\u00e0 ce que nous ayons r\u00e9cup\u00e9r\u00e9 les marchandises ou jusqu'\u00e0 ce que vous ayez fourni la preuve que vous avez renvoy\u00e9 les marchandises, la date retenue \u00e9tant celle du premier de ces faits. Vous devez nous renvoyer ou nous remettre les biens sans retard excessif et, en tout \u00e9tat de cause, au plus tard quatorze jours \u00e0 compter du jour o\u00f9 vous nous informez de votre d\u00e9cision de r\u00e9tractation du pr\u00e9sent contrat. Le d\u00e9lai est respect\u00e9 si vous renvoyez les biens avant l'expiration du d\u00e9lai de quatorze jours.<br>Les frais directs de renvoi des marchandises sont \u00e0 votre charge.<br>Vous n'\u00eates tenu d'assumer la responsabilit\u00e9 d'une \u00e9ventuelle d\u00e9pr\u00e9ciation des biens que si cette d\u00e9pr\u00e9ciation est due \u00e0 une manipulation des biens qui n'est pas n\u00e9cessaire pour en v\u00e9rifier la nature, les caract\u00e9ristiques et le fonctionnement.<\/p>\n\n\n\n<p><em>Mod\u00e8le de formulaire de r\u00e9tractation<\/em><br>(Si vous souhaitez vous r\u00e9tracter, veuillez remplir et renvoyer ce formulaire).<br>- A VANFITTERY - CzoppikEngineering GmbH, Tobias Czoppik, Hauptstra\u00dfe 40, 84103 Postau, e-mail : info@vanfittery.de :<br>- Par la pr\u00e9sente, je\/nous (*) r\u00e9voque(ons) le contrat que j'ai\/nous avons (*) conclu pour l'achat des marchandises suivantes (*)\/la fourniture du service suivant (*)<br>- Command\u00e9 le (*)\/re\u00e7u le (*)<br>- Nom du\/des consommateur(s)<br>- Adresse du\/des consommateur(s)<br>- Signature du\/des consommateur(s) (uniquement en cas de communication sur papier)<br>- Date<br>-------------<br>(*) Biffer la mention inutile.<\/p>\n\n\n\n<p><em>Exclusion ou extinction pr\u00e9matur\u00e9e du droit de r\u00e9tractation<br>Le droit de r\u00e9tractation n'existe pas pour les contrats<\/em><br>pour la livraison de marchandises qui ne sont pas pr\u00e9fabriqu\u00e9es et pour la fabrication desquelles le choix ou la d\u00e9termination individuels du consommateur sont d\u00e9terminants ou qui sont clairement adapt\u00e9es aux besoins personnels du consommateur ;<br>pour la livraison de marchandises susceptibles de se d\u00e9t\u00e9riorer rapidement ou dont la date de p\u00e9remption serait rapidement d\u00e9pass\u00e9e ;<br>pour la livraison de boissons alcoolis\u00e9es dont le prix a \u00e9t\u00e9 convenu lors de la conclusion du contrat, mais qui peuvent \u00eatre livr\u00e9es au plus t\u00f4t 30 jours apr\u00e8s la conclusion du contrat et dont la valeur actuelle d\u00e9pend de fluctuations du march\u00e9 sur lesquelles l'entrepreneur n'a aucune influence ;<br>pour la fourniture de journaux, de p\u00e9riodiques ou de magazines, \u00e0 l'exception des contrats d'abonnement.<br>Le droit de r\u00e9tractation expire de mani\u00e8re anticip\u00e9e pour les contrats<br>pour la livraison de marchandises scell\u00e9es qui ne peuvent \u00eatre retourn\u00e9es pour des raisons de protection de la sant\u00e9 ou d'hygi\u00e8ne, si leur sceau a \u00e9t\u00e9 retir\u00e9 apr\u00e8s la livraison ;<br>\u00e0 la livraison de marchandises si, apr\u00e8s la livraison, celles-ci ont \u00e9t\u00e9 m\u00e9lang\u00e9es de mani\u00e8re indissociable avec d'autres marchandises en raison de leur nature ;<br>pour la fourniture d'enregistrements audio ou vid\u00e9o ou de logiciels informatiques dans un emballage scell\u00e9, si le sceau a \u00e9t\u00e9 retir\u00e9 apr\u00e8s la livraison ;<\/p>\n\n\n\n<p><strong>Information des consommateurs sur le droit de r\u00e9tractation pour un contrat de fourniture r\u00e9guli\u00e8re de biens pendant une p\u00e9riode d\u00e9termin\u00e9e<\/strong><\/p>\n\n\n\n<p><em>Information sur le droit de r\u00e9tractation<\/em><br>Le consommateur est toute personne physique qui conclut un acte juridique \u00e0 des fins qui, pour l'essentiel, ne peuvent \u00eatre imput\u00e9es ni \u00e0 son activit\u00e9 commerciale ni \u00e0 son activit\u00e9 professionnelle ind\u00e9pendante.<\/p>\n\n\n\n<p><em>Droit de r\u00e9tractation<\/em><br>Vous avez le droit de vous r\u00e9tracter du pr\u00e9sent contrat sans donner de motif dans un d\u00e9lai de quatorze jours. Le d\u00e9lai de r\u00e9tractation est de quatorze jours \u00e0 compter de la date \u00e0 laquelle vous, ou un tiers autre que le transporteur et d\u00e9sign\u00e9 par vous, avez pris possession de la premi\u00e8re marchandise. Pour exercer votre droit de r\u00e9tractation, vous devez nous informer (VANFITTERY - CzoppikEngineering GmbH, Tobias Czoppik, Hauptstra\u00dfe 40, 84103 Postau, t\u00e9l\u00e9phone : +49 (0) 1512 \/ 412 42 96, e-mail : info@vanfittery.de) de votre d\u00e9cision de r\u00e9tractation du pr\u00e9sent contrat au moyen d'une d\u00e9claration d\u00e9nu\u00e9e d'ambigu\u00eft\u00e9 (par exemple, lettre envoy\u00e9e par la poste ou e-mail). Pour ce faire, vous pouvez utiliser le mod\u00e8le de formulaire de r\u00e9tractation ci-joint, qui n'est toutefois pas obligatoire. Pour que le d\u00e9lai de r\u00e9tractation soit respect\u00e9, il suffit que vous envoyiez la communication relative \u00e0 l'exercice du droit de r\u00e9tractation avant l'expiration du d\u00e9lai de r\u00e9tractation.<\/p>\n\n\n\n<p><em>Cons\u00e9quences de la r\u00e9vocation<\/em><br>En cas de r\u00e9tractation du pr\u00e9sent contrat, nous vous rembourserons tous les paiements re\u00e7us de vous, y compris les frais de livraison (\u00e0 l'exception des frais suppl\u00e9mentaires d\u00e9coulant du fait que vous avez choisi un mode de livraison autre que le mode moins co\u00fbteux de livraison standard propos\u00e9 par nous), sans retard excessif et au plus tard quatorze jours \u00e0 compter de la date \u00e0 laquelle nous aurons \u00e9t\u00e9 inform\u00e9s de votre d\u00e9cision de r\u00e9tractation du pr\u00e9sent contrat. Pour ce remboursement, nous utilisons le m\u00eame moyen de paiement que celui que vous avez utilis\u00e9 pour la transaction initiale, \u00e0 moins qu'il n'en ait \u00e9t\u00e9 express\u00e9ment convenu autrement avec vous ; en aucun cas, des frais ne vous seront factur\u00e9s pour ce remboursement. Nous pouvons refuser le remboursement jusqu'\u00e0 ce que nous ayons r\u00e9cup\u00e9r\u00e9 les marchandises ou jusqu'\u00e0 ce que vous ayez fourni la preuve que vous avez renvoy\u00e9 les marchandises, la date retenue \u00e9tant celle du premier de ces faits. Vous devez nous renvoyer ou nous remettre les biens sans retard excessif et, en tout \u00e9tat de cause, au plus tard quatorze jours \u00e0 compter du jour o\u00f9 vous nous informez de votre d\u00e9cision de r\u00e9tractation du pr\u00e9sent contrat. Le d\u00e9lai est respect\u00e9 si vous renvoyez les biens avant l'expiration du d\u00e9lai de quatorze jours.<br>Les frais directs de renvoi des marchandises sont \u00e0 votre charge.<br>Vous n'\u00eates tenu d'assumer la responsabilit\u00e9 d'une \u00e9ventuelle d\u00e9pr\u00e9ciation des biens que si cette d\u00e9pr\u00e9ciation est due \u00e0 une manipulation des biens qui n'est pas n\u00e9cessaire pour en v\u00e9rifier la nature, les caract\u00e9ristiques et le fonctionnement.<\/p>\n\n\n\n<p><em>Mod\u00e8le de formulaire de r\u00e9tractation<\/em><br>(Si vous souhaitez vous r\u00e9tracter, veuillez remplir et renvoyer ce formulaire).<br>- A VANFITTERY - CzoppikEngineering GmbH, Tobias Czoppik, Hauptstra\u00dfe 40, 84103 Postau, e-mail : info@vanfittery.de :<br>- Par la pr\u00e9sente, je\/nous (*) r\u00e9voque(ons) le contrat que j'ai\/nous avons (*) conclu pour l'achat des marchandises suivantes (*)\/la fourniture du service suivant (*)<br>- Command\u00e9 le (*)\/re\u00e7u le (*)<br>- Nom du\/des consommateur(s)<br>- Adresse du\/des consommateur(s)<br>- Signature du\/des consommateur(s) (uniquement en cas de communication sur papier)<br>- Date<br>-------------<br>(*) Biffer la mention inutile<\/p>\n\n\n\n<p><em>Exclusion ou extinction pr\u00e9matur\u00e9e du droit de r\u00e9tractation<br>Le droit de r\u00e9tractation n'existe pas pour les contrats<\/em><br>pour la livraison de marchandises qui ne sont pas pr\u00e9fabriqu\u00e9es et pour la fabrication desquelles le choix ou la d\u00e9termination individuels du consommateur sont d\u00e9terminants ou qui sont clairement adapt\u00e9es aux besoins personnels du consommateur ;<br>pour la livraison de marchandises susceptibles de se d\u00e9t\u00e9riorer rapidement ou dont la date de p\u00e9remption serait rapidement d\u00e9pass\u00e9e ;<br>pour la livraison de boissons alcoolis\u00e9es dont le prix a \u00e9t\u00e9 convenu lors de la conclusion du contrat, mais qui peuvent \u00eatre livr\u00e9es au plus t\u00f4t 30 jours apr\u00e8s la conclusion du contrat et dont la valeur actuelle d\u00e9pend de fluctuations du march\u00e9 sur lesquelles l'entrepreneur n'a aucune influence ;<br>pour la fourniture de journaux, de p\u00e9riodiques ou de magazines, \u00e0 l'exception des contrats d'abonnement.<br>Le droit de r\u00e9tractation expire de mani\u00e8re anticip\u00e9e pour les contrats<br>pour la livraison de marchandises scell\u00e9es qui ne peuvent \u00eatre retourn\u00e9es pour des raisons de protection de la sant\u00e9 ou d'hygi\u00e8ne, si leur sceau a \u00e9t\u00e9 retir\u00e9 apr\u00e8s la livraison ;<br>\u00e0 la livraison de marchandises si, apr\u00e8s la livraison, celles-ci ont \u00e9t\u00e9 m\u00e9lang\u00e9es de mani\u00e8re indissociable avec d'autres marchandises en raison de leur nature ;<br>pour la fourniture d'enregistrements audio ou vid\u00e9o ou de logiciels informatiques dans un emballage scell\u00e9, si le sceau a \u00e9t\u00e9 retir\u00e9 apr\u00e8s la livraison.<\/p>","protected":false},"excerpt":{"rendered":"<p>Widerruf Widerrufsbelehrung f\u00fcr Verbraucher f\u00fcr einen Vertrag, bei dem die Waren in einer einheitlichen Lieferung geliefert werden WiderrufsbelehrungVerbraucher ist jede nat\u00fcrliche Person, die ein Rechtsgesch\u00e4ft zu Zwecken abschlie\u00dft, die \u00fcberwiegend weder ihrer gewerblichen noch ihrer selbst\u00e4ndigen beruflichen T\u00e4tigkeit zugerechnet werden k\u00f6nnen. WiderrufsrechtSie haben das Recht, binnen vierzehn Tagen ohne Angabe von Gr\u00fcnden diesen Vertrag zu [&hellip;]<\/p>\n","protected":false},"author":5,"featured_media":0,"parent":0,"menu_order":0,"comment_status":"closed","ping_status":"closed","template":"","meta":{"_acf_changed":false,"iawp_total_views":124,"footnotes":""},"class_list":["post-1525","page","type-page","status-publish","hentry"],"acf":[],"_links":{"self":[{"href":"https:\/\/vanfittery.de\/fr\/wp-json\/wp\/v2\/pages\/1525","targetHints":{"allow":["GET"]}}],"collection":[{"href":"https:\/\/vanfittery.de\/fr\/wp-json\/wp\/v2\/pages"}],"about":[{"href":"https:\/\/vanfittery.de\/fr\/wp-json\/wp\/v2\/types\/page"}],"author":[{"embeddable":true,"href":"https:\/\/vanfittery.de\/fr\/wp-json\/wp\/v2\/users\/5"}],"replies":[{"embeddable":true,"href":"https:\/\/vanfittery.de\/fr\/wp-json\/wp\/v2\/comments?post=1525"}],"version-history":[{"count":0,"href":"https:\/\/vanfittery.de\/fr\/wp-json\/wp\/v2\/pages\/1525\/revisions"}],"wp:attachment":[{"href":"https:\/\/vanfittery.de\/fr\/wp-json\/wp\/v2\/media?parent=1525"}],"curies":[{"name":"wp","href":"https:\/\/api.w.org\/{rel}","templated":true}]}}