{"id":3429,"date":"2025-01-27T18:23:22","date_gmt":"2025-01-27T17:23:22","guid":{"rendered":"https:\/\/vanfittery.de\/?page_id=3429"},"modified":"2026-02-03T17:08:54","modified_gmt":"2026-02-03T16:08:54","slug":"telechargements","status":"publish","type":"page","link":"https:\/\/vanfittery.de\/fr\/downloads\/","title":{"rendered":"T\u00e9l\u00e9chargements"},"content":{"rendered":"<div data-elementor-type=\"wp-page\" data-elementor-id=\"3429\" class=\"elementor elementor-3429\" data-elementor-post-type=\"page\">\n\t\t\t\t<div class=\"elementor-element elementor-element-0e702b3 ghs sgp e-flex e-con-boxed e-con e-parent\" data-id=\"0e702b3\" data-element_type=\"container\" data-e-type=\"container\">\n\t\t\t\t\t<div class=\"e-con-inner\">\n\t\t\t\t<div class=\"elementor-element elementor-element-1204aaf elementor-widget elementor-widget-heading\" data-id=\"1204aaf\" data-element_type=\"widget\" data-e-type=\"widget\" data-widget_type=\"heading.default\">\n\t\t\t\t<div class=\"elementor-widget-container\">\n\t\t\t\t\t<h1 class=\"elementor-heading-title elementor-size-default\">T\u00e9l\u00e9chargements<\/h1>\t\t\t\t<\/div>\n\t\t\t\t<\/div>\n\t\t\t\t\t<\/div>\n\t\t\t\t<\/div>\n\t\t<div class=\"elementor-element elementor-element-b4d1686 sgp e-flex e-con-boxed e-con e-parent\" data-id=\"b4d1686\" data-element_type=\"container\" data-e-type=\"container\">\n\t\t\t\t\t<div class=\"e-con-inner\">\n\t\t<div class=\"elementor-element elementor-element-a31baab e-grid e-con-full e-con e-child\" data-id=\"a31baab\" data-element_type=\"container\" data-e-type=\"container\">\n\t\t<div class=\"elementor-element elementor-element-4451297 e-con-full gs gb gpa e-flex e-con e-child\" data-id=\"4451297\" data-element_type=\"container\" data-e-type=\"container\">\n\t\t\t\t<div class=\"elementor-element elementor-element-2b8bfab elementor-widget elementor-widget-heading\" data-id=\"2b8bfab\" data-element_type=\"widget\" data-e-type=\"widget\" data-widget_type=\"heading.default\">\n\t\t\t\t<div class=\"elementor-widget-container\">\n\t\t\t\t\t<h3 class=\"elementor-heading-title elementor-size-default\">Instructions de montage amortisseur de hayon<\/h3>\t\t\t\t<\/div>\n\t\t\t\t<\/div>\n\t\t\t\t<div class=\"elementor-element elementor-element-436c4b7 elementor-widget elementor-widget-text-editor\" data-id=\"436c4b7\" data-element_type=\"widget\" data-e-type=\"widget\" data-widget_type=\"text-editor.default\">\n\t\t\t\t<div class=\"elementor-widget-container\">\n\t\t\t\t\t\t\t\t\t<p>Les instructions de montage \u00e9tape par \u00e9tape pour nos amortisseurs de hayon renforc\u00e9s sur le Caddy VW.<\/p>\t\t\t\t\t\t\t\t<\/div>\n\t\t\t\t<\/div>\n\t\t\t\t<div class=\"elementor-element elementor-element-0702697 elementor-align-justify elementor-widget elementor-widget-button\" data-id=\"0702697\" data-element_type=\"widget\" data-e-type=\"widget\" data-widget_type=\"button.default\">\n\t\t\t\t<div class=\"elementor-widget-container\">\n\t\t\t\t\t\t\t\t\t<div class=\"elementor-button-wrapper\">\n\t\t\t\t\t<a class=\"elementor-button elementor-button-link elementor-size-sm\" href=\"https:\/\/vanfittery.de\/wp-content\/uploads\/2025\/06\/Einbauanleitung-Heckklappendaempfer-V4.pdf\" target=\"_blank\">\n\t\t\t\t\t\t<span class=\"elementor-button-content-wrapper\">\n\t\t\t\t\t\t\t\t\t<span class=\"elementor-button-text\">T\u00e9l\u00e9charger maintenant<\/span>\n\t\t\t\t\t<\/span>\n\t\t\t\t\t<\/a>\n\t\t\t\t<\/div>\n\t\t\t\t\t\t\t\t<\/div>\n\t\t\t\t<\/div>\n\t\t\t\t<\/div>\n\t\t<div class=\"elementor-element elementor-element-4e136ca e-con-full gs gb gpa e-flex e-con e-child\" data-id=\"4e136ca\" data-element_type=\"container\" data-e-type=\"container\">\n\t\t\t\t<div class=\"elementor-element elementor-element-7cfa9b4 elementor-widget elementor-widget-heading\" data-id=\"7cfa9b4\" data-element_type=\"widget\" data-e-type=\"widget\" data-widget_type=\"heading.default\">\n\t\t\t\t<div class=\"elementor-widget-container\">\n\t\t\t\t\t<h3 class=\"elementor-heading-title elementor-size-default\">Instructions de montage lit Van<\/h3>\t\t\t\t<\/div>\n\t\t\t\t<\/div>\n\t\t\t\t<div class=\"elementor-element elementor-element-844a4c0 elementor-widget elementor-widget-text-editor\" data-id=\"844a4c0\" data-element_type=\"widget\" data-e-type=\"widget\" data-widget_type=\"text-editor.default\">\n\t\t\t\t<div class=\"elementor-widget-container\">\n\t\t\t\t\t\t\t\t\t<p>En cas de besoin, veuillez <a href=\"\/fr\/contact\/\" target=\"_blank\" rel=\"noopener\">contacter<\/a>.<\/p>\t\t\t\t\t\t\t\t<\/div>\n\t\t\t\t<\/div>\n\t\t\t\t<\/div>\n\t\t<div class=\"elementor-element elementor-element-a3c5b66 e-con-full gs gb gpa e-flex e-con e-child\" data-id=\"a3c5b66\" data-element_type=\"container\" data-e-type=\"container\">\n\t\t\t\t<div class=\"elementor-element elementor-element-1e82bbb elementor-widget elementor-widget-heading\" data-id=\"1e82bbb\" data-element_type=\"widget\" data-e-type=\"widget\" data-widget_type=\"heading.default\">\n\t\t\t\t<div class=\"elementor-widget-container\">\n\t\t\t\t\t<h3 class=\"elementor-heading-title elementor-size-default\">Aide au montage Console tournante<\/h3>\t\t\t\t<\/div>\n\t\t\t\t<\/div>\n\t\t\t\t<div class=\"elementor-element elementor-element-c57243f elementor-widget elementor-widget-text-editor\" data-id=\"c57243f\" data-element_type=\"widget\" data-e-type=\"widget\" data-widget_type=\"text-editor.default\">\n\t\t\t\t<div class=\"elementor-widget-container\">\n\t\t\t\t\t\t\t\t\t<p>En cas de besoin, veuillez <a href=\"\/fr\/contact\/\" target=\"_blank\" rel=\"noopener\">contacter<\/a>.<\/p>\t\t\t\t\t\t\t\t<\/div>\n\t\t\t\t<\/div>\n\t\t\t\t<\/div>\n\t\t<div class=\"elementor-element elementor-element-b44efbb e-con-full gs gb gpa e-flex e-con e-child\" data-id=\"b44efbb\" data-element_type=\"container\" data-e-type=\"container\">\n\t\t\t\t<div class=\"elementor-element elementor-element-67eac91 elementor-widget elementor-widget-heading\" data-id=\"67eac91\" data-element_type=\"widget\" data-e-type=\"widget\" data-widget_type=\"heading.default\">\n\t\t\t\t<div class=\"elementor-widget-container\">\n\t\t\t\t\t<h3 class=\"elementor-heading-title elementor-size-default\">Instructions de montage Campingbox<\/h3>\t\t\t\t<\/div>\n\t\t\t\t<\/div>\n\t\t\t\t<div class=\"elementor-element elementor-element-2087033 elementor-widget elementor-widget-text-editor\" data-id=\"2087033\" data-element_type=\"widget\" data-e-type=\"widget\" data-widget_type=\"text-editor.default\">\n\t\t\t\t<div class=\"elementor-widget-container\">\n\t\t\t\t\t\t\t\t\t<p>En cas de besoin, veuillez <a href=\"\/fr\/contact\/\" target=\"_blank\" rel=\"noopener\">contacter<\/a>.<\/p>\t\t\t\t\t\t\t\t<\/div>\n\t\t\t\t<\/div>\n\t\t\t\t<\/div>\n\t\t\t\t<\/div>\n\t\t\t\t\t<\/div>\n\t\t\t\t<\/div>\n\t\t\t\t<\/div>","protected":false},"excerpt":{"rendered":"<p>T\u00e9l\u00e9chargements Instructions de montage Amortisseurs de hayon arri\u00e8re Les instructions de montage \u00e9tape par \u00e9tape pour nos amortisseurs de hayon arri\u00e8re renforc\u00e9s sur le Caddy VW. T\u00e9l\u00e9charger maintenant Instructions de montage lit van En cas de besoin, veuillez contacter. Aide au montage Console rotative En cas de besoin, veuillez contacter. Instructions de montage Campingbox En cas de besoin, veuillez contacter.<\/p>","protected":false},"author":5,"featured_media":0,"parent":0,"menu_order":0,"comment_status":"closed","ping_status":"closed","template":"","meta":{"_acf_changed":false,"iawp_total_views":907,"footnotes":""},"class_list":["post-3429","page","type-page","status-publish","hentry"],"acf":[],"_links":{"self":[{"href":"https:\/\/vanfittery.de\/fr\/wp-json\/wp\/v2\/pages\/3429","targetHints":{"allow":["GET"]}}],"collection":[{"href":"https:\/\/vanfittery.de\/fr\/wp-json\/wp\/v2\/pages"}],"about":[{"href":"https:\/\/vanfittery.de\/fr\/wp-json\/wp\/v2\/types\/page"}],"author":[{"embeddable":true,"href":"https:\/\/vanfittery.de\/fr\/wp-json\/wp\/v2\/users\/5"}],"replies":[{"embeddable":true,"href":"https:\/\/vanfittery.de\/fr\/wp-json\/wp\/v2\/comments?post=3429"}],"version-history":[{"count":0,"href":"https:\/\/vanfittery.de\/fr\/wp-json\/wp\/v2\/pages\/3429\/revisions"}],"wp:attachment":[{"href":"https:\/\/vanfittery.de\/fr\/wp-json\/wp\/v2\/media?parent=3429"}],"curies":[{"name":"wp","href":"https:\/\/api.w.org\/{rel}","templated":true}]}}