{"id":880,"date":"2024-12-16T11:15:04","date_gmt":"2024-12-16T10:15:04","guid":{"rendered":"https:\/\/vanfittery.de\/warenkorb\/"},"modified":"2026-02-03T18:32:02","modified_gmt":"2026-02-03T17:32:02","slug":"panier-dachat","status":"publish","type":"page","link":"https:\/\/vanfittery.de\/fr\/warenkorb\/","title":{"rendered":"Panier d'achat"},"content":{"rendered":"<div data-elementor-type=\"wp-page\" data-elementor-id=\"880\" class=\"elementor elementor-880\" data-elementor-post-type=\"page\">\n\t\t\t\t<div class=\"elementor-element elementor-element-a082341 sgp e-flex e-con-boxed e-con e-parent\" data-id=\"a082341\" data-element_type=\"container\" data-e-type=\"container\">\n\t\t\t\t\t<div class=\"e-con-inner\">\n\t\t<div class=\"elementor-element elementor-element-dab6da0 e-con-full e-flex e-con e-child\" data-id=\"dab6da0\" data-element_type=\"container\" data-e-type=\"container\">\n\t\t\t\t<div class=\"elementor-element elementor-element-fc8ddb4 elementor-widget elementor-widget-heading\" data-id=\"fc8ddb4\" data-element_type=\"widget\" data-e-type=\"widget\" data-widget_type=\"heading.default\">\n\t\t\t\t<div class=\"elementor-widget-container\">\n\t\t\t\t\t<h1 class=\"elementor-heading-title elementor-size-default\">Ton panier d'achat<\/h1>\t\t\t\t<\/div>\n\t\t\t\t<\/div>\n\t\t\t\t<\/div>\n\t\t<div class=\"elementor-element elementor-element-a083f8f e-con-full e-flex e-con e-child\" data-id=\"a083f8f\" data-element_type=\"container\" data-e-type=\"container\">\n\t\t\t\t<div class=\"elementor-element elementor-element-381ec50 elementor-alert-info elementor-widget elementor-widget-alert\" data-id=\"381ec50\" data-element_type=\"widget\" data-e-type=\"widget\" data-widget_type=\"alert.default\">\n\t\t\t\t<div class=\"elementor-widget-container\">\n\t\t\t\t\t\t\t<div class=\"elementor-alert\" role=\"alert\">\n\n\t\t\t\t\t\t<span class=\"elementor-alert-title\">Un mot franc sur nos frais de port<\/span>\n\t\t\t\n\t\t\t\t\t\t<span class=\"elementor-alert-description\">Chez nous, il n'y a pas de frais cach\u00e9s. Nous avons d\u00e9lib\u00e9r\u00e9ment choisi de ne pas suivre le mod\u00e8le qui consiste \u00e0 ajouter de mani\u00e8re invisible les frais d'exp\u00e9dition au prix des produits afin de faire de la publicit\u00e9 pour la \u201elivraison gratuite\u201c. La logistique est un service qui consomme des ressources - \u00e9conomiquement et \u00e9cologiquement. Nous pensons qu'il faut le faire : Ce travail devrait \u00eatre visible et accept\u00e9.\n\nLa diff\u00e9rence d\u00e9cisive : contrairement \u00e0 de nombreux fabricants, nous n'envoyons pas nos modules sous forme de kit \u00e0 monter soi-m\u00eame. Ton module est livr\u00e9 enti\u00e8rement mont\u00e9 et de qualit\u00e9 contr\u00f4l\u00e9e par une entreprise de transport jusqu'\u00e0 ton bord de trottoir. Nous te garantissons ainsi un maximum de qualit\u00e9 et de confort. Cela co\u00fbte certes un peu plus cher qu'un paquet standard, mais cela te permet d'\u00e9conomiser du temps et de l'\u00e9nergie. Tu d\u00e9balles, tu montes - et tout est parfait.<\/span>\n\t\t\t\n\t\t\t\t\t\t<button type=\"button\" class=\"elementor-alert-dismiss\" aria-label=\"Ignorer cette alerte.\">\n\t\t\t\t\t\t\t\t\t<span aria-hidden=\"true\">\u00d7<\/span>\n\t\t\t\t\t\t\t<\/button>\n\t\t\t\n\t\t<\/div>\n\t\t\t\t\t\t<\/div>\n\t\t\t\t<\/div>\n\t\t\t\t<\/div>\n\t\t\t\t\t<\/div>\n\t\t\t\t<\/div>\n\t\t\t\t<\/div>","protected":false},"excerpt":{"rendered":"<p>Dein Warenkorb Artikel entfernen Vorschaubild Produkt Preis Anzahl Zwischensumme &times; Fahrzeug Filz dehnbar (ab 1 m\u00b2) Lieferzeit: ca. 2-3 Werktage 13,90&nbsp;&euro; Fahrzeug Filz dehnbar (ab 1 m\u00b2) Menge 13,90&nbsp;&euro;Inkl. 2,22&nbsp;&euro; MwSt. (19%) Hier erf\u00e4hrst du mehr zu den Versandkosten, Zahlungsweisen und unserer Widerrufsbelehrung. Gutscheincode anwenden \u00dcbersicht Zwischensumme 13,90&nbsp;&euro; Versand Versandkostenpauschale (DE): 8,90&nbsp;&euro;Inkl. 1,42&nbsp;&euro; MwSt. (19%) [&hellip;]<\/p>\n","protected":false},"author":5,"featured_media":0,"parent":0,"menu_order":0,"comment_status":"closed","ping_status":"closed","template":"","meta":{"_acf_changed":false,"iawp_total_views":3938,"footnotes":""},"class_list":["post-880","page","type-page","status-publish","hentry"],"acf":[],"_links":{"self":[{"href":"https:\/\/vanfittery.de\/fr\/wp-json\/wp\/v2\/pages\/880","targetHints":{"allow":["GET"]}}],"collection":[{"href":"https:\/\/vanfittery.de\/fr\/wp-json\/wp\/v2\/pages"}],"about":[{"href":"https:\/\/vanfittery.de\/fr\/wp-json\/wp\/v2\/types\/page"}],"author":[{"embeddable":true,"href":"https:\/\/vanfittery.de\/fr\/wp-json\/wp\/v2\/users\/5"}],"replies":[{"embeddable":true,"href":"https:\/\/vanfittery.de\/fr\/wp-json\/wp\/v2\/comments?post=880"}],"version-history":[{"count":0,"href":"https:\/\/vanfittery.de\/fr\/wp-json\/wp\/v2\/pages\/880\/revisions"}],"wp:attachment":[{"href":"https:\/\/vanfittery.de\/fr\/wp-json\/wp\/v2\/media?parent=880"}],"curies":[{"name":"wp","href":"https:\/\/api.w.org\/{rel}","templated":true}]}}