{"id":14373,"date":"2026-04-10T15:02:10","date_gmt":"2026-04-10T13:02:10","guid":{"rendered":"https:\/\/vanfittery.de\/?post_type=product&#038;p=14373"},"modified":"2026-04-10T15:02:10","modified_gmt":"2026-04-10T13:02:10","slug":"armoire-a-hanger-grand-volume","status":"publish","type":"product","link":"https:\/\/vanfittery.de\/fr\/produkt\/haengeschrank-grossraumtransporter\/","title":{"rendered":"Armoire suspendue pour fourgon de grande capacit\u00e9"},"content":{"rendered":"<h2>Armoire suspendue modulaire pour camping-cars - Un maximum d'ordre pour ton fourgon grand volume<\/h2>\n<p>Cr\u00e9e un espace de rangement pr\u00e9cieux dans ton camping-car ! Notre armoire suspendue modulaire a \u00e9t\u00e9 sp\u00e9cialement con\u00e7ue pour l'am\u00e9nagement des camping-cars de grande capacit\u00e9. Gr\u00e2ce \u00e0 son design intemporel et \u00e0 sa construction robuste, il s'int\u00e8gre parfaitement dans n'importe quel am\u00e9nagement int\u00e9rieur, que ce soit au-dessus du coin cuisine ou de la chambre \u00e0 coucher.<\/p>\n<p>Cette armoire n'est pas con\u00e7ue sp\u00e9cifiquement pour un v\u00e9hicule. Cela en fait une armoire polyvalente pour diff\u00e9rents mod\u00e8les de camionnettes (p. ex. Sprinter, Ducato, Crafter). Le montage s'effectue \u00e0 l'aide d'une baguette de fixation au plafond et d'une autre sur la paroi arri\u00e8re. Le syst\u00e8me est extensible \u00e0 volont\u00e9 : il est possible de visser et de combiner autant d'armoires que l'on souhaite.<\/p>\n<p><strong>Veuillez noter que : Adaptation individuelle n\u00e9cessaire !<\/strong><br \/>\nDoit \u00e9ventuellement \u00eatre adapt\u00e9 \u00e0 son propre v\u00e9hicule (car chaque paroi de v\u00e9hicule a une courbure diff\u00e9rente).<\/p>\n<p><strong>Dimensions :<br \/>\n<\/strong>longueur environ 60 cm<br \/>\nprofondeur d'environ 34 cm<br \/>\nhauteur d'environ 38 cm<\/p>\n<p><strong>Livraison et \u00e9tendue de l'envoi :<br \/>\n<\/strong>Le prix est valable pour une armoire murale. Les photos des produits montrent deux armoires suspendues viss\u00e9es ensemble.<br \/>\nL'armoire suspendue est livr\u00e9e enti\u00e8rement mont\u00e9e. Un jeu de caches de finition est compris dans la livraison (pour les extr\u00e9mit\u00e9s de la rang\u00e9e d'armoires).<br \/>\nLe mat\u00e9riel de fixation pour le montage des baguettes c\u00f4t\u00e9 v\u00e9hicule (vis\/rivets) est <span style=\"text-decoration: underline;\">non inclus dans la livraison<\/span> (\u00e0 choisir individuellement en fonction de la nature du mur).<\/p>","protected":false},"excerpt":{"rendered":"<p><strong><span style=\"color: #dca54a;\">\u2714<\/span> Modulaire &amp; extensible : <\/strong>Les armoires peuvent \u00eatre viss\u00e9es ensemble sans soudure<br \/>\n<strong><span style=\"color: #dca54a;\">\u2714<\/span> Amortisseurs \u00e0 gaz : <\/strong>Le rabat s'ouvre en douceur et reste bien en place<br \/>\n<strong><span style=\"color: #dca54a;\">\u2714<\/span> Fermeture s\u00fbre : <\/strong>fermeture \u00e0 ressort avec poign\u00e9e encastr\u00e9e<br \/>\n<strong><span style=\"color: #dca54a;\">\u2714<\/span> Utilisation flexible : <\/strong>Le fond central peut \u00eatre retir\u00e9<\/p>","protected":false},"featured_media":14372,"template":"","meta":{"_acf_changed":false,"iawp_total_views":5},"product_brand":[],"product_cat":[59,55],"product_tag":[],"class_list":{"0":"post-14373","1":"product","2":"type-product","3":"status-publish","4":"has-post-thumbnail","6":"product_cat-grossraumtransporter","7":"product_cat-zubehoer","8":"product_shipping_class-paketversand-xl","10":"first","11":"instock","12":"taxable","13":"shipping-taxable","14":"purchasable","15":"product-type-variable"},"acf":[],"_links":{"self":[{"href":"https:\/\/vanfittery.de\/fr\/wp-json\/wp\/v2\/product\/14373","targetHints":{"allow":["GET"]}}],"collection":[{"href":"https:\/\/vanfittery.de\/fr\/wp-json\/wp\/v2\/product"}],"about":[{"href":"https:\/\/vanfittery.de\/fr\/wp-json\/wp\/v2\/types\/product"}],"version-history":[{"count":10,"href":"https:\/\/vanfittery.de\/fr\/wp-json\/wp\/v2\/product\/14373\/revisions"}],"predecessor-version":[{"id":14415,"href":"https:\/\/vanfittery.de\/fr\/wp-json\/wp\/v2\/product\/14373\/revisions\/14415"}],"wp:featuredmedia":[{"embeddable":true,"href":"https:\/\/vanfittery.de\/fr\/wp-json\/wp\/v2\/media\/14372"}],"wp:attachment":[{"href":"https:\/\/vanfittery.de\/fr\/wp-json\/wp\/v2\/media?parent=14373"}],"wp:term":[{"taxonomy":"product_brand","embeddable":true,"href":"https:\/\/vanfittery.de\/fr\/wp-json\/wp\/v2\/product_brand?post=14373"},{"taxonomy":"product_cat","embeddable":true,"href":"https:\/\/vanfittery.de\/fr\/wp-json\/wp\/v2\/product_cat?post=14373"},{"taxonomy":"product_tag","embeddable":true,"href":"https:\/\/vanfittery.de\/fr\/wp-json\/wp\/v2\/product_tag?post=14373"}],"curies":[{"name":"wp","href":"https:\/\/api.w.org\/{rel}","templated":true}]}}