{"id":1845,"date":"2025-01-10T10:38:46","date_gmt":"2025-01-10T09:38:46","guid":{"rendered":"https:\/\/vanfittery.de\/?post_type=product&#038;p=1845"},"modified":"2026-03-17T11:24:52","modified_gmt":"2026-03-17T10:24:52","slug":"plaque-de-fond-pour-dacia-dokker","status":"publish","type":"product","link":"https:\/\/vanfittery.de\/fr\/produkt\/bodenplatte-fuer-dacia-dokker\/","title":{"rendered":"Plaque de sol pour Dacia Dokker"},"content":{"rendered":"<p>Notre plaque de sol pour le Dacia Dokker\u00a0<strong>renforce le plancher d'origine du v\u00e9hicule<\/strong>\u00a0et fait de celui-ci un\u00a0<strong>surface plane<\/strong>. Cela permet\u00a0<strong>Am\u00e9nagements de camping simplement viss\u00e9s \u00e0 la plaque de fond<\/strong>\u00a0\u00eatre utilis\u00e9. Elle est viss\u00e9e sur les filets des anneaux d'arrimage d'origine.<\/p>\n<p>La plaque de fond arri\u00e8re peut rester en place m\u00eame si la banquette arri\u00e8re est install\u00e9e.<\/p>\n<p>La plaque de plancher avant est en deux parties et est install\u00e9e \u00e0 la place de la banquette arri\u00e8re d'origine. Elle est viss\u00e9e aux points de fixation de la banquette arri\u00e8re. Gr\u00e2ce \u00e0 la\u00a0<strong>La plaque de fond est extr\u00eamement stable gr\u00e2ce \u00e0 ses appuis sur la carrosserie.\u00a0<\/strong>Les panneaux sont reli\u00e9s au centre par une baguette en saillie.<\/p>\n<p>Disponible en bouleau multiplex 12 mm (BB) \u00e0 personnaliser ou en bouleau multiplex avec un rev\u00eatement en r\u00e9sine ph\u00e9nolique robuste (\u201cpanneau s\u00e9rigraphi\u00e9\u201d).<\/p>","protected":false},"excerpt":{"rendered":"<p>Notre plaque de sol pour le Dacia Dokker\u00a0<strong>renforce le plancher d'origine du v\u00e9hicule<\/strong>\u00a0et fait de celui-ci un\u00a0<strong>surface plane<\/strong>.<\/p>","protected":false},"featured_media":1841,"template":"","meta":{"_acf_changed":false,"iawp_total_views":1020},"product_brand":[],"product_cat":[57,55],"product_tag":[],"class_list":{"0":"post-1845","1":"product","2":"type-product","3":"status-publish","4":"has-post-thumbnail","6":"product_cat-hochdachkombi","7":"product_cat-zubehoer","8":"product_shipping_class-spedition-l","10":"first","11":"instock","12":"taxable","13":"shipping-taxable","14":"purchasable","15":"product-type-variable"},"acf":[],"_links":{"self":[{"href":"https:\/\/vanfittery.de\/fr\/wp-json\/wp\/v2\/product\/1845","targetHints":{"allow":["GET"]}}],"collection":[{"href":"https:\/\/vanfittery.de\/fr\/wp-json\/wp\/v2\/product"}],"about":[{"href":"https:\/\/vanfittery.de\/fr\/wp-json\/wp\/v2\/types\/product"}],"version-history":[{"count":1,"href":"https:\/\/vanfittery.de\/fr\/wp-json\/wp\/v2\/product\/1845\/revisions"}],"predecessor-version":[{"id":13907,"href":"https:\/\/vanfittery.de\/fr\/wp-json\/wp\/v2\/product\/1845\/revisions\/13907"}],"wp:featuredmedia":[{"embeddable":true,"href":"https:\/\/vanfittery.de\/fr\/wp-json\/wp\/v2\/media\/1841"}],"wp:attachment":[{"href":"https:\/\/vanfittery.de\/fr\/wp-json\/wp\/v2\/media?parent=1845"}],"wp:term":[{"taxonomy":"product_brand","embeddable":true,"href":"https:\/\/vanfittery.de\/fr\/wp-json\/wp\/v2\/product_brand?post=1845"},{"taxonomy":"product_cat","embeddable":true,"href":"https:\/\/vanfittery.de\/fr\/wp-json\/wp\/v2\/product_cat?post=1845"},{"taxonomy":"product_tag","embeddable":true,"href":"https:\/\/vanfittery.de\/fr\/wp-json\/wp\/v2\/product_tag?post=1845"}],"curies":[{"name":"wp","href":"https:\/\/api.w.org\/{rel}","templated":true}]}}