{"id":3373,"date":"2025-01-25T16:35:39","date_gmt":"2025-01-25T15:35:39","guid":{"rendered":"https:\/\/vanfittery.de\/?post_type=product&#038;p=3373"},"modified":"2026-04-30T07:47:10","modified_gmt":"2026-04-30T05:47:10","slug":"table-bambou-pour-eurobox-40-x-30cm","status":"publish","type":"product","link":"https:\/\/vanfittery.de\/fr\/produkt\/bambustisch-fuer-eurobox-40-x-30cm\/","title":{"rendered":"Table en bambou pour EuroBox 40 x 30cm"},"content":{"rendered":"","protected":false},"excerpt":{"rendered":"<p><strong><span style=\"color: #dca54a;\">\u2714<\/span> <\/strong>Couvercle pour EuroBox 40 \u00d7 30 cm, qui se transforme en table en l'ouvrant<br \/>\n<strong><span style=\"color: #dca54a;\">\u2714<\/span>\u00a0 <\/strong>dimensions repli\u00e9es env. 40 \u00d7 30 \u00d7 4 cm, d\u00e9ploy\u00e9es env. 40 \u00d7 60 \u00d7 2 cm<br \/>\n<strong><span style=\"color: #dca54a;\">\u2714<\/span>\u00a0 <\/strong>Mat\u00e9riau : bambou huil\u00e9 de qualit\u00e9 alimentaire<\/p>\n<p><em><strong>Remarque : actuellement non disponible.<\/strong><\/em><\/p>","protected":false},"featured_media":3368,"template":"","meta":{"_acf_changed":false,"iawp_total_views":772},"product_brand":[],"product_cat":[55],"product_tag":[],"class_list":{"0":"post-3373","1":"product","2":"type-product","3":"status-publish","4":"has-post-thumbnail","6":"product_cat-zubehoer","7":"product_shipping_class-paketversand","9":"first","10":"outofstock","11":"taxable","12":"shipping-taxable","13":"purchasable","14":"product-type-simple"},"acf":[],"_links":{"self":[{"href":"https:\/\/vanfittery.de\/fr\/wp-json\/wp\/v2\/product\/3373","targetHints":{"allow":["GET"]}}],"collection":[{"href":"https:\/\/vanfittery.de\/fr\/wp-json\/wp\/v2\/product"}],"about":[{"href":"https:\/\/vanfittery.de\/fr\/wp-json\/wp\/v2\/types\/product"}],"version-history":[{"count":3,"href":"https:\/\/vanfittery.de\/fr\/wp-json\/wp\/v2\/product\/3373\/revisions"}],"predecessor-version":[{"id":14535,"href":"https:\/\/vanfittery.de\/fr\/wp-json\/wp\/v2\/product\/3373\/revisions\/14535"}],"wp:featuredmedia":[{"embeddable":true,"href":"https:\/\/vanfittery.de\/fr\/wp-json\/wp\/v2\/media\/3368"}],"wp:attachment":[{"href":"https:\/\/vanfittery.de\/fr\/wp-json\/wp\/v2\/media?parent=3373"}],"wp:term":[{"taxonomy":"product_brand","embeddable":true,"href":"https:\/\/vanfittery.de\/fr\/wp-json\/wp\/v2\/product_brand?post=3373"},{"taxonomy":"product_cat","embeddable":true,"href":"https:\/\/vanfittery.de\/fr\/wp-json\/wp\/v2\/product_cat?post=3373"},{"taxonomy":"product_tag","embeddable":true,"href":"https:\/\/vanfittery.de\/fr\/wp-json\/wp\/v2\/product_tag?post=3373"}],"curies":[{"name":"wp","href":"https:\/\/api.w.org\/{rel}","templated":true}]}}