{"id":3377,"date":"2025-01-25T16:38:59","date_gmt":"2025-01-25T15:38:59","guid":{"rendered":"https:\/\/vanfittery.de\/?post_type=product&#038;p=3377"},"modified":"2026-04-30T07:47:35","modified_gmt":"2026-04-30T05:47:35","slug":"eurobox-groupe-de-tables-groupe-de-repas","status":"publish","type":"product","link":"https:\/\/vanfittery.de\/fr\/produkt\/eurobox-tischgruppe-essgruppe\/","title":{"rendered":"EuroBox Ensemble de table \/ salle \u00e0 manger"},"content":{"rendered":"<p><strong>Dimensions :<br \/>\n<\/strong><a href=\"\/fr\/produit\/eurobox-40-x-30-x-32cm\/\">EuroBox<\/a> env. 40 \u00d7 30 \u00d7 32 cm<br \/>\n<a href=\"\/fr\/produit\/couvercle-en-bambou-pour-eurobox-40x30cm\/\">Couvercle en bambou<\/a> environ 40 \u00d7 30 cm<br \/>\n<a href=\"\/fr\/produit\/table-bambou-pour-eurobox-40-x-30cm\/\">Table en bambou<\/a> repli\u00e9 : env. 40 \u00d7 30 cm, d\u00e9pli\u00e9 : env. 40 \u00d7 60 \u00d7 2 cm<\/p>","protected":false},"excerpt":{"rendered":"<p><strong><span style=\"color: #dca54a;\">\u2714<\/span>\u00a0 <\/strong>Transforme les EuroBox classiques en un petit groupe de tables<br \/>\n<strong><span style=\"color: #dca54a;\">\u2714<\/span>\u00a0 <\/strong>Mat\u00e9riau table et couvercle : bambou, huil\u00e9 pour usage alimentaire<br \/>\n<strong><span style=\"color: #dca54a;\">\u2714<\/span>\u00a0 <\/strong>Contenu de la livraison : 4x EuroBox, 2x couvercles en bambou, 1x table en bambou<\/p>\n<p><em><strong>Remarque : actuellement non disponible.<\/strong><\/em><\/p>","protected":false},"featured_media":3367,"template":"","meta":{"_acf_changed":false,"iawp_total_views":505},"product_brand":[],"product_cat":[55],"product_tag":[],"class_list":{"0":"post-3377","1":"product","2":"type-product","3":"status-publish","4":"has-post-thumbnail","6":"product_cat-zubehoer","7":"product_shipping_class-paketversand","9":"first","10":"outofstock","11":"taxable","12":"shipping-taxable","13":"purchasable","14":"product-type-simple"},"acf":[],"_links":{"self":[{"href":"https:\/\/vanfittery.de\/fr\/wp-json\/wp\/v2\/product\/3377","targetHints":{"allow":["GET"]}}],"collection":[{"href":"https:\/\/vanfittery.de\/fr\/wp-json\/wp\/v2\/product"}],"about":[{"href":"https:\/\/vanfittery.de\/fr\/wp-json\/wp\/v2\/types\/product"}],"version-history":[{"count":3,"href":"https:\/\/vanfittery.de\/fr\/wp-json\/wp\/v2\/product\/3377\/revisions"}],"predecessor-version":[{"id":14536,"href":"https:\/\/vanfittery.de\/fr\/wp-json\/wp\/v2\/product\/3377\/revisions\/14536"}],"wp:featuredmedia":[{"embeddable":true,"href":"https:\/\/vanfittery.de\/fr\/wp-json\/wp\/v2\/media\/3367"}],"wp:attachment":[{"href":"https:\/\/vanfittery.de\/fr\/wp-json\/wp\/v2\/media?parent=3377"}],"wp:term":[{"taxonomy":"product_brand","embeddable":true,"href":"https:\/\/vanfittery.de\/fr\/wp-json\/wp\/v2\/product_brand?post=3377"},{"taxonomy":"product_cat","embeddable":true,"href":"https:\/\/vanfittery.de\/fr\/wp-json\/wp\/v2\/product_cat?post=3377"},{"taxonomy":"product_tag","embeddable":true,"href":"https:\/\/vanfittery.de\/fr\/wp-json\/wp\/v2\/product_tag?post=3377"}],"curies":[{"name":"wp","href":"https:\/\/api.w.org\/{rel}","templated":true}]}}