{"id":6646,"date":"2025-02-10T13:18:24","date_gmt":"2025-02-10T12:18:24","guid":{"rendered":"https:\/\/vanfittery.de\/?post_type=product&#038;p=6646"},"modified":"2026-03-17T11:21:58","modified_gmt":"2026-03-17T10:21:58","slug":"feutre-vehicule-extensible","status":"publish","type":"product","link":"https:\/\/vanfittery.de\/fr\/produkt\/fahrzeug-filz-dehnbar\/","title":{"rendered":"Feutre pour v\u00e9hicule extensible (\u00e0 partir de 1 m\u00b2)"},"content":{"rendered":"<h2>Flexible, robuste, \u00e9prouv\u00e9 - Le feutre parfait pour ton am\u00e9nagement !<\/h2>\n<p>Ce n'est plus un secret pour personne : feutrer rend\u00a0<strong>t\u00f4le nue agr\u00e9able \u00e0 vivre, r\u00e9duit le niveau sonore \u00e0 l'int\u00e9rieur et isole<\/strong>\u00a0un peu contre la chaleur ou le rayonnement froid.<\/p>\n<p>M\u00eame si certains fournisseurs pr\u00e9tendent que leur feutre est tr\u00e8s sp\u00e9cial : \u201esp\u00e9cialement\u201c con\u00e7u pour l'am\u00e9nagement des fourgons, portant le nom d'un fanatique et bien s\u00fbr disponible uniquement en exclusivit\u00e9,... il s'agit toujours de feutre et non de feuilles d'or.<\/p>\n<p>Nous utilisons de la feutrine d'un fournisseur europ\u00e9en qui <strong>d'apr\u00e8s notre exp\u00e9rience, ils sont excellents<\/strong>\u00a0agr\u00e9able au toucher et qui s'est av\u00e9r\u00e9 robuste. Nous avons\u00a0<strong>de nombreux v\u00e9hicules en sont d\u00e9j\u00e0 \u00e9quip\u00e9s<\/strong>\u00a0et nous l'achetons en rouleaux. Vous pouvez l'acheter chez nous en quantit\u00e9s usuelles pour un prix raisonnable.<\/p>\n<p>Le feutre se laisse\u00a0<strong>il suffit de tirer ou d'\u00e9tirer dans toutes les directions<\/strong>, Les amateurs obtiennent ainsi rapidement des r\u00e9sultats appr\u00e9ciables, mais il faut tout de m\u00eame \u00eatre un peu habile de ses mains. Le feutre se travaille de pr\u00e9f\u00e9rence avec de la colle en spray, \u00e9galement disponible chez nous.<\/p>\n<p>Une face est un peu plus moelleuse, l'autre un peu plus lisse. Les deux faces peuvent \u00eatre utilis\u00e9es comme face visible.<\/p>\n<p>couleur : anthracite<br \/>\nLargeur du rouleau : 2m, ce qui signifie que 1 m\u00e8tre carr\u00e9 correspond \u00e0 0,5 x 2m, 2 m\u00e8tres carr\u00e9s \u00e0 1 x 2m, etc.<\/p>\n<p>Lors de la commande, veuillez indiquer la quantit\u00e9 souhait\u00e9e <strong>en m\u00e8tres carr\u00e9s<\/strong> indiquer.<\/p>","protected":false},"excerpt":{"rendered":"<p>11,90 \u20ac par 1 m\u00b2 de surface<\/p>\n<p><strong><span style=\"color: #dca54a;\">\u2714<\/span><\/strong> Le feutre rend la t\u00f4le nue plus confortable<strong><br \/>\n<span style=\"color: #dca54a;\">\u2714<\/span> <\/strong>R\u00e9duit le niveau sonore \u00e0 l'int\u00e9rieur<strong><br \/>\n<span style=\"color: #dca54a;\">\u2714<\/span><\/strong> isole l\u00e9g\u00e8rement de la chaleur ou du rayonnement froid<strong><br \/>\n<span style=\"color: #dca54a;\">\u2714<\/span> <\/strong>un c\u00f4t\u00e9 est un peu plus moelleux, l'autre un peu plus lisse<strong><br \/>\n<\/strong><\/p>","protected":false},"featured_media":6655,"template":"","meta":{"_acf_changed":false,"iawp_total_views":1046},"product_brand":[],"product_cat":[57,58,55],"product_tag":[],"class_list":{"0":"post-6646","1":"product","2":"type-product","3":"status-publish","4":"has-post-thumbnail","6":"product_cat-hochdachkombi","7":"product_cat-kleintransporter","8":"product_cat-zubehoer","9":"product_shipping_class-paketversand","11":"first","12":"instock","13":"taxable","14":"shipping-taxable","15":"purchasable","16":"product-type-simple"},"acf":[],"_links":{"self":[{"href":"https:\/\/vanfittery.de\/fr\/wp-json\/wp\/v2\/product\/6646","targetHints":{"allow":["GET"]}}],"collection":[{"href":"https:\/\/vanfittery.de\/fr\/wp-json\/wp\/v2\/product"}],"about":[{"href":"https:\/\/vanfittery.de\/fr\/wp-json\/wp\/v2\/types\/product"}],"version-history":[{"count":1,"href":"https:\/\/vanfittery.de\/fr\/wp-json\/wp\/v2\/product\/6646\/revisions"}],"predecessor-version":[{"id":13875,"href":"https:\/\/vanfittery.de\/fr\/wp-json\/wp\/v2\/product\/6646\/revisions\/13875"}],"wp:featuredmedia":[{"embeddable":true,"href":"https:\/\/vanfittery.de\/fr\/wp-json\/wp\/v2\/media\/6655"}],"wp:attachment":[{"href":"https:\/\/vanfittery.de\/fr\/wp-json\/wp\/v2\/media?parent=6646"}],"wp:term":[{"taxonomy":"product_brand","embeddable":true,"href":"https:\/\/vanfittery.de\/fr\/wp-json\/wp\/v2\/product_brand?post=6646"},{"taxonomy":"product_cat","embeddable":true,"href":"https:\/\/vanfittery.de\/fr\/wp-json\/wp\/v2\/product_cat?post=6646"},{"taxonomy":"product_tag","embeddable":true,"href":"https:\/\/vanfittery.de\/fr\/wp-json\/wp\/v2\/product_tag?post=6646"}],"curies":[{"name":"wp","href":"https:\/\/api.w.org\/{rel}","templated":true}]}}